{"id":1378,"date":"2024-01-04T09:02:44","date_gmt":"2024-01-04T06:02:44","guid":{"rendered":"https:\/\/royalfen.com\/?page_id=1378"},"modified":"2024-06-13T15:40:47","modified_gmt":"2024-06-13T12:40:47","slug":"sertifikalarimiz","status":"publish","type":"page","link":"https:\/\/royalfen.com\/tr\/sertifikalarimiz\/","title":{"rendered":"Sertifikalar\u0131m\u0131z"},"content":{"rendered":"<div class=\"wpb-content-wrapper\"><section  class=\"content-section\" ><div class=\"vc_row wpb_row vc_row-fluid\"><div class=\"wpb_column vc_column_container vc_col-sm-12\"><div class=\"vc_column-inner\"><div class=\"wpb_wrapper\"><div class=\"section-title  wow bounceInUp\"  style='color:#212529;' >\n\t\n\t\n\t\n\t\n\t \t<figure> <img decoding=\"async\" src=\"https:\/\/royalfen.com\/wp-content\/themes\/seodo\/images\/section-title-shape.png\" alt=\"Image\"> <\/figure>\n\t\t\n    \t\n\t   <p>ISO 9001:2015, ISO 14001:2015 ve ISO 45001:2018 sertifikalar\u0131, uluslararas\u0131 standartlara uygun olarak kalite, \u00e7evre, i\u015f sa\u011fl\u0131\u011f\u0131 ve g\u00fcvenli\u011fi y\u00f6netim sistemleri kuran ve uygulayan kurulu\u015flara verilen belgelerdir. Bu sertifikalar, kurulu\u015fumuzun m\u00fc\u015fteri beklentilerini kar\u015f\u0131lad\u0131\u011f\u0131n\u0131, \u00e7evreye duyarl\u0131 oldu\u011funu ve \u00e7al\u0131\u015fanlar\u0131n\u0131n sa\u011fl\u0131k ve g\u00fcvenli\u011fini \u00f6nemsedi\u011fini g\u00f6sterir.<\/p>\n  <\/div>\n\n<div class=\"vc-zigzag-wrapper wpb_animate_when_almost_visible wpb_bounceInUp bounceInUp vc-zigzag-align-center\"><div class=\"vc-zigzag-inner\" style=\"width: 100%;min-height: 10px;background: 0 repeat-x url(&#039;data:image\/svg+xml;utf-8,%3C%3Fxml%20version%3D%221.0%22%20encoding%3D%22utf-8%22%3F%3E%3C%21DOCTYPE%20svg%20PUBLIC%20%22-%2F%2FW3C%2F%2FDTD%20SVG%201.1%2F%2FEN%22%20%22http%3A%2F%2Fwww.w3.org%2FGraphics%2FSVG%2F1.1%2FDTD%2Fsvg11.dtd%22%3E%3Csvg%20width%3D%2210px%22%20height%3D%228px%22%20viewBox%3D%220%200%2018%2015%22%20version%3D%221.1%22%20xmlns%3D%22http%3A%2F%2Fwww.w3.org%2F2000%2Fsvg%22%20xmlns%3Axlink%3D%22http%3A%2F%2Fwww.w3.org%2F1999%2Fxlink%22%3E%3Cpolygon%20id%3D%22Combined-Shape%22%20fill%3D%22%236dab3c%22%20points%3D%228.98762301%200%200%209.12771969%200%2014.519983%209%205.40479869%2018%2014.519983%2018%209.12771969%22%3E%3C%2Fpolygon%3E%3C%2Fsvg%3E&#039;);\"><\/div><\/div><\/div><\/div><\/div><\/div><\/section><section  class=\"content-section\" ><div class=\"vc_row wpb_row vc_row-fluid\"><div class=\"wpb_column vc_column_container vc_col-sm-4\"><div class=\"vc_column-inner\"><div class=\"wpb_wrapper\"><figure class=\"image wow bounceInUp\" >\n    <img decoding=\"async\" src=\"https:\/\/royalfen.com\/wp-content\/uploads\/2023\/12\/ISO-9001-2015-scaled.jpg\" alt=\"\">\n  <\/figure>\n<\/div><\/div><\/div><div class=\"wpb_column vc_column_container vc_col-sm-4\"><div class=\"vc_column-inner\"><div class=\"wpb_wrapper\"><figure class=\"image wow bounceInUp\" >\n    <img decoding=\"async\" src=\"https:\/\/royalfen.com\/wp-content\/uploads\/2023\/12\/ISO-14001-2015-scaled.jpg\" alt=\"\">\n  <\/figure>\n<\/div><\/div><\/div><div class=\"wpb_column vc_column_container vc_col-sm-4\"><div class=\"vc_column-inner\"><div class=\"wpb_wrapper\"><figure class=\"image wow bounceInUp\" >\n    <img decoding=\"async\" src=\"https:\/\/royalfen.com\/wp-content\/uploads\/2024\/06\/ISO-45001-2018-2-scaled.jpg\" alt=\"\">\n  <\/figure>\n<\/div><\/div><\/div><\/div><\/section>\n<\/div>","protected":false},"excerpt":{"rendered":"ISO 9001:2015, ISO 14001:2015 ve ISO 45001:2018 sertifikalar\u0131, uluslararas\u0131 standartlara uygun olarak kalite, \u00e7evre, i\u015f sa\u011fl\u0131\u011f\u0131 ve g\u00fcvenli\u011fi y\u00f6netim sistemleri kuran ve uygulayan kurulu\u015flara verilen belgelerdir. Bu sertifikalar, kurulu\u015fumuzun m\u00fc\u015fteri beklentilerini kar\u015f\u0131lad\u0131\u011f\u0131n\u0131, \u00e7evreye duyarl\u0131 oldu\u011funu ve \u00e7al\u0131\u015fanlar\u0131n\u0131n sa\u011fl\u0131k ve g\u00fcvenli\u011fini \u00f6nemsedi\u011fini g\u00f6sterir.","protected":false},"author":2,"featured_media":0,"parent":0,"menu_order":0,"comment_status":"closed","ping_status":"closed","template":"","meta":{"footnotes":""},"class_list":["post-1378","page","type-page","status-publish","hentry"],"_links":{"self":[{"href":"https:\/\/royalfen.com\/tr\/wp-json\/wp\/v2\/pages\/1378","targetHints":{"allow":["GET"]}}],"collection":[{"href":"https:\/\/royalfen.com\/tr\/wp-json\/wp\/v2\/pages"}],"about":[{"href":"https:\/\/royalfen.com\/tr\/wp-json\/wp\/v2\/types\/page"}],"author":[{"embeddable":true,"href":"https:\/\/royalfen.com\/tr\/wp-json\/wp\/v2\/users\/2"}],"replies":[{"embeddable":true,"href":"https:\/\/royalfen.com\/tr\/wp-json\/wp\/v2\/comments?post=1378"}],"version-history":[{"count":17,"href":"https:\/\/royalfen.com\/tr\/wp-json\/wp\/v2\/pages\/1378\/revisions"}],"predecessor-version":[{"id":1757,"href":"https:\/\/royalfen.com\/tr\/wp-json\/wp\/v2\/pages\/1378\/revisions\/1757"}],"wp:attachment":[{"href":"https:\/\/royalfen.com\/tr\/wp-json\/wp\/v2\/media?parent=1378"}],"curies":[{"name":"wp","href":"https:\/\/api.w.org\/{rel}","templated":true}]}}