{"id":1543,"date":"2024-02-05T09:42:36","date_gmt":"2024-02-05T06:42:36","guid":{"rendered":"https:\/\/royalfen.com\/?page_id=1543"},"modified":"2025-12-25T11:41:17","modified_gmt":"2025-12-25T08:41:17","slug":"ozbekistan","status":"publish","type":"page","link":"https:\/\/royalfen.com\/tr\/ozbekistan\/","title":{"rendered":"\u00d6zbekistan"},"content":{"rendered":"<div class=\"wpb-content-wrapper\"><section  class=\"content-section\" ><div class=\"vc_row wpb_row vc_row-fluid\"><div class=\"wpb_column vc_column_container vc_col-sm-12\"><div class=\"vc_column-inner\"><div class=\"wpb_wrapper\"><div class=\"section-title  wow bounceInUp\"  style='color:#212529;' >\n\t\n\t\n\t\n\t\n\t \t<figure> <img decoding=\"async\" src=\"https:\/\/royalfen.com\/wp-content\/themes\/seodo\/images\/section-title-shape.png\" alt=\"Image\"> <\/figure>\n\t\t\n      <h2>\u00d6ZBEK\u0130STAN RUHSATLI \u00dcR\u00dcNLER\u0130M\u0130Z<\/h2>\n  \t\n\t <\/div>\n<div class=\"vc_separator wpb_content_element vc_separator_align_center vc_sep_width_100 vc_sep_shadow vc_sep_border_width_4 vc_sep_pos_align_center vc_separator_no_text vc_sep_color_green wpb_content_element  wpb_content_element\" ><span class=\"vc_sep_holder vc_sep_holder_l\"><span class=\"vc_sep_line\"><\/span><\/span><span class=\"vc_sep_holder vc_sep_holder_r\"><span class=\"vc_sep_line\"><\/span><\/span>\n<\/div><\/div><\/div><\/div><\/div><\/section><section  class=\"content-section\" ><div class=\"vc_row wpb_row vc_row-fluid\"><div class=\"wpb_column vc_column_container vc_col-sm-12\"><div class=\"vc_column-inner\"><div class=\"wpb_wrapper\"><div class=\"vc_btn3-container vc_btn3-center vc_do_btn\" ><a class=\"vc_general vc_btn3 vc_btn3-size-md vc_btn3-shape-rounded vc_btn3-style-3d vc_btn3-color-warning\" href=\"https:\/\/online.fliphtml5.com\/vytln\/wswo\/\" title=\"https:\/\/online.fliphtml5.com\/vytln\/wswo\/\" target=\"_blank\">Raqamli mahsulot katalogi uchun bosing<\/a><\/div><\/div><\/div><\/div><\/div><\/section><section  class=\"content-section\" ><div class=\"vc_row wpb_row vc_row-fluid\"><div class=\"wpb_column vc_column_container vc_col-sm-12\"><div class=\"vc_column-inner\"><div class=\"wpb_wrapper\"><div class=\"section-title  wow bounceInUp\"  style='color:#212529;' >\n\t\n\t\n\t\n\t\n\t \t\n      <h2>Akarisitler<\/h2>\n  \t\n\t <\/div>\n<div class=\"vc_separator wpb_content_element vc_separator_align_center vc_sep_width_100 vc_sep_shadow vc_sep_pos_align_center vc_separator_no_text vc_sep_color_green wpb_content_element  wpb_content_element\" ><span class=\"vc_sep_holder vc_sep_holder_l\"><span class=\"vc_sep_line\"><\/span><\/span><span class=\"vc_sep_holder vc_sep_holder_r\"><span class=\"vc_sep_line\"><\/span><\/span>\n<\/div><div class=\"woocommerce columns-1 \"><ul class=\"products columns-1\">\n<li class=\"product type-product post-1288 status-publish first instock product_cat-akarisitlermollusitler product_cat-azerbaycan product_cat-azerbaycan-akarisit product_cat-kirgizistan product_cat-kirgizistan-akarisit product_cat-ozbekistan product_cat-ozbekistan-akarisit product_cat-turkmenistan product_cat-turkmenistan-akarisit has-post-thumbnail shipping-taxable product-type-simple\">\n\t<a href=\"https:\/\/royalfen.com\/tr\/urun\/royzole-sc\/\" class=\"woocommerce-LoopProduct-link woocommerce-loop-product__link\"><img fetchpriority=\"high\" decoding=\"async\" width=\"300\" height=\"300\" src=\"https:\/\/royalfen.com\/wp-content\/uploads\/2024\/01\/royzole-1L--300x300.png\" class=\"attachment-woocommerce_thumbnail size-woocommerce_thumbnail\" alt=\"ROYZOLE SC\" srcset=\"https:\/\/royalfen.com\/wp-content\/uploads\/2024\/01\/royzole-1L--300x300.png 300w, https:\/\/royalfen.com\/wp-content\/uploads\/2024\/01\/royzole-1L--150x150.png 150w, https:\/\/royalfen.com\/wp-content\/uploads\/2024\/01\/royzole-1L--768x768.png 768w, https:\/\/royalfen.com\/wp-content\/uploads\/2024\/01\/royzole-1L--12x12.png 12w, https:\/\/royalfen.com\/wp-content\/uploads\/2024\/01\/royzole-1L--600x600.png 600w, https:\/\/royalfen.com\/wp-content\/uploads\/2024\/01\/royzole-1L--100x100.png 100w, https:\/\/royalfen.com\/wp-content\/uploads\/2024\/01\/royzole-1L-.png 1000w\" sizes=\"(max-width: 300px) 100vw, 300px\" \/><h2 class=\"woocommerce-loop-product__title\">ROYZOLE SC<\/h2>\n<\/a><a href=\"https:\/\/royalfen.com\/tr\/urun\/royzole-sc\/\" aria-describedby=\"woocommerce_loop_add_to_cart_link_describedby_1288\" data-quantity=\"1\" class=\"button product_type_simple\" data-product_id=\"1288\" data-product_sku=\"\" aria-label=\"&ldquo;ROYZOLE SC&rdquo; hakk\u0131nda daha fazla bilgi edinin\" rel=\"nofollow\" data-success_message=\"\">Devam\u0131n\u0131 oku<\/a>\t<span id=\"woocommerce_loop_add_to_cart_link_describedby_1288\" class=\"screen-reader-text\">\n\t\t\t<\/span>\n<\/li>\n<\/ul>\n<\/div><div class=\"section-title  wow bounceInUp\"  style='color:#212529;' >\n\t\n\t\n\t\n\t\n\t \t\n      <h2>\u0130nsektisitler<\/h2>\n  \t\n\t <\/div>\n<div class=\"vc_separator wpb_content_element vc_separator_align_center vc_sep_width_100 vc_sep_shadow vc_sep_pos_align_center vc_separator_no_text vc_sep_color_green wpb_content_element  wpb_content_element\" ><span class=\"vc_sep_holder vc_sep_holder_l\"><span class=\"vc_sep_line\"><\/span><\/span><span class=\"vc_sep_holder vc_sep_holder_r\"><span class=\"vc_sep_line\"><\/span><\/span>\n<\/div><div class=\"woocommerce columns-4 \"><ul class=\"products columns-4\">\n<li class=\"product type-product post-507 status-publish first instock product_cat-azerbaycan product_cat-azerbaycan-insektisit product_cat-insektisitler product_cat-ozbekistan product_cat-ozbekistan-insektisit product_cat-turkiye product_cat-turkiye-insektisit product_cat-turkmenistan product_cat-turkmenistan-insektisit has-post-thumbnail shipping-taxable product-type-simple\">\n\t<a href=\"https:\/\/royalfen.com\/tr\/urun\/forcop-20-sp\/\" class=\"woocommerce-LoopProduct-link woocommerce-loop-product__link\"><img decoding=\"async\" width=\"300\" height=\"300\" src=\"https:\/\/royalfen.com\/wp-content\/uploads\/2021\/10\/forcop-1KG-300x300.png\" class=\"attachment-woocommerce_thumbnail size-woocommerce_thumbnail\" alt=\"FORCOP 20 SP\" srcset=\"https:\/\/royalfen.com\/wp-content\/uploads\/2021\/10\/forcop-1KG-300x300.png 300w, https:\/\/royalfen.com\/wp-content\/uploads\/2021\/10\/forcop-1KG-1024x1024.png 1024w, https:\/\/royalfen.com\/wp-content\/uploads\/2021\/10\/forcop-1KG-150x150.png 150w, https:\/\/royalfen.com\/wp-content\/uploads\/2021\/10\/forcop-1KG-768x768.png 768w, https:\/\/royalfen.com\/wp-content\/uploads\/2021\/10\/forcop-1KG-1536x1536.png 1536w, https:\/\/royalfen.com\/wp-content\/uploads\/2021\/10\/forcop-1KG-12x12.png 12w, https:\/\/royalfen.com\/wp-content\/uploads\/2021\/10\/forcop-1KG-600x600.png 600w, https:\/\/royalfen.com\/wp-content\/uploads\/2021\/10\/forcop-1KG-100x100.png 100w, https:\/\/royalfen.com\/wp-content\/uploads\/2021\/10\/forcop-1KG.png 2000w\" sizes=\"(max-width: 300px) 100vw, 300px\" \/><h2 class=\"woocommerce-loop-product__title\">FORCOP 20 SP<\/h2>\n<\/a><a href=\"https:\/\/royalfen.com\/tr\/urun\/forcop-20-sp\/\" aria-describedby=\"woocommerce_loop_add_to_cart_link_describedby_507\" data-quantity=\"1\" class=\"button product_type_simple\" data-product_id=\"507\" data-product_sku=\"\" aria-label=\"&ldquo;FORCOP 20 SP&rdquo; hakk\u0131nda daha fazla bilgi edinin\" rel=\"nofollow\" data-success_message=\"\">Devam\u0131n\u0131 oku<\/a>\t<span id=\"woocommerce_loop_add_to_cart_link_describedby_507\" class=\"screen-reader-text\">\n\t\t\t<\/span>\n<\/li>\n<li class=\"product type-product post-515 status-publish instock product_cat-azerbaycan product_cat-azerbaycan-insektisit product_cat-insektisitler product_cat-kirgizistan product_cat-kirgizistan-insektisit product_cat-ozbekistan product_cat-ozbekistan-insektisit product_cat-turkiye product_cat-turkiye-insektisit product_cat-turkmenistan product_cat-turkmenistan-insektisit has-post-thumbnail shipping-taxable product-type-simple\">\n\t<a href=\"https:\/\/royalfen.com\/tr\/urun\/pirana-5-sg\/\" class=\"woocommerce-LoopProduct-link woocommerce-loop-product__link\"><img decoding=\"async\" width=\"300\" height=\"300\" src=\"https:\/\/royalfen.com\/wp-content\/uploads\/2021\/10\/pirana-1KG-300x300.png\" class=\"attachment-woocommerce_thumbnail size-woocommerce_thumbnail\" alt=\"P\u0130RANA 5 SG\" srcset=\"https:\/\/royalfen.com\/wp-content\/uploads\/2021\/10\/pirana-1KG-300x300.png 300w, https:\/\/royalfen.com\/wp-content\/uploads\/2021\/10\/pirana-1KG-1024x1024.png 1024w, https:\/\/royalfen.com\/wp-content\/uploads\/2021\/10\/pirana-1KG-150x150.png 150w, https:\/\/royalfen.com\/wp-content\/uploads\/2021\/10\/pirana-1KG-768x768.png 768w, https:\/\/royalfen.com\/wp-content\/uploads\/2021\/10\/pirana-1KG-1536x1536.png 1536w, https:\/\/royalfen.com\/wp-content\/uploads\/2021\/10\/pirana-1KG-12x12.png 12w, https:\/\/royalfen.com\/wp-content\/uploads\/2021\/10\/pirana-1KG-600x600.png 600w, https:\/\/royalfen.com\/wp-content\/uploads\/2021\/10\/pirana-1KG-100x100.png 100w, https:\/\/royalfen.com\/wp-content\/uploads\/2021\/10\/pirana-1KG.png 2000w\" sizes=\"(max-width: 300px) 100vw, 300px\" \/><h2 class=\"woocommerce-loop-product__title\">P\u0130RANA 5 SG<\/h2>\n<\/a><a href=\"https:\/\/royalfen.com\/tr\/urun\/pirana-5-sg\/\" aria-describedby=\"woocommerce_loop_add_to_cart_link_describedby_515\" data-quantity=\"1\" class=\"button product_type_simple\" data-product_id=\"515\" data-product_sku=\"\" aria-label=\"&ldquo;P\u0130RANA 5 SG&rdquo; hakk\u0131nda daha fazla bilgi edinin\" rel=\"nofollow\" data-success_message=\"\">Devam\u0131n\u0131 oku<\/a>\t<span id=\"woocommerce_loop_add_to_cart_link_describedby_515\" class=\"screen-reader-text\">\n\t\t\t<\/span>\n<\/li>\n<li class=\"product type-product post-1274 status-publish instock product_cat-azerbaycan product_cat-azerbaycan-insektisit product_cat-insektisitler product_cat-ozbekistan product_cat-ozbekistan-insektisit product_cat-turkmenistan product_cat-turkmenistan-insektisit has-post-thumbnail shipping-taxable product-type-simple\">\n\t<a href=\"https:\/\/royalfen.com\/tr\/urun\/remcor-wg\/\" class=\"woocommerce-LoopProduct-link woocommerce-loop-product__link\"><img loading=\"lazy\" decoding=\"async\" width=\"300\" height=\"300\" src=\"https:\/\/royalfen.com\/wp-content\/uploads\/2024\/01\/remcor-500-gr-300x300.png\" class=\"attachment-woocommerce_thumbnail size-woocommerce_thumbnail\" alt=\"REMCOR WDG\" srcset=\"https:\/\/royalfen.com\/wp-content\/uploads\/2024\/01\/remcor-500-gr-300x300.png 300w, https:\/\/royalfen.com\/wp-content\/uploads\/2024\/01\/remcor-500-gr-150x150.png 150w, https:\/\/royalfen.com\/wp-content\/uploads\/2024\/01\/remcor-500-gr-768x768.png 768w, https:\/\/royalfen.com\/wp-content\/uploads\/2024\/01\/remcor-500-gr-12x12.png 12w, https:\/\/royalfen.com\/wp-content\/uploads\/2024\/01\/remcor-500-gr-600x600.png 600w, https:\/\/royalfen.com\/wp-content\/uploads\/2024\/01\/remcor-500-gr-100x100.png 100w, https:\/\/royalfen.com\/wp-content\/uploads\/2024\/01\/remcor-500-gr.png 1000w\" sizes=\"(max-width: 300px) 100vw, 300px\" \/><h2 class=\"woocommerce-loop-product__title\">REMCOR WDG<\/h2>\n<\/a><a href=\"https:\/\/royalfen.com\/tr\/urun\/remcor-wg\/\" aria-describedby=\"woocommerce_loop_add_to_cart_link_describedby_1274\" data-quantity=\"1\" class=\"button product_type_simple\" data-product_id=\"1274\" data-product_sku=\"\" aria-label=\"&ldquo;REMCOR WDG&rdquo; hakk\u0131nda daha fazla bilgi edinin\" rel=\"nofollow\" data-success_message=\"\">Devam\u0131n\u0131 oku<\/a>\t<span id=\"woocommerce_loop_add_to_cart_link_describedby_1274\" class=\"screen-reader-text\">\n\t\t\t<\/span>\n<\/li>\n<li class=\"product type-product post-1284 status-publish last instock product_cat-insektisitler product_cat-ozbekistan product_cat-ozbekistan-insektisit has-post-thumbnail shipping-taxable product-type-simple\">\n\t<a href=\"https:\/\/royalfen.com\/tr\/urun\/roymethrin-25-ec\/\" class=\"woocommerce-LoopProduct-link woocommerce-loop-product__link\"><img loading=\"lazy\" decoding=\"async\" width=\"300\" height=\"300\" src=\"https:\/\/royalfen.com\/wp-content\/uploads\/2024\/01\/roymethrin-1L-300x300.png\" class=\"attachment-woocommerce_thumbnail size-woocommerce_thumbnail\" alt=\"ROYMETHR\u0130N 25 EC\" srcset=\"https:\/\/royalfen.com\/wp-content\/uploads\/2024\/01\/roymethrin-1L-300x300.png 300w, https:\/\/royalfen.com\/wp-content\/uploads\/2024\/01\/roymethrin-1L-150x150.png 150w, https:\/\/royalfen.com\/wp-content\/uploads\/2024\/01\/roymethrin-1L-768x768.png 768w, https:\/\/royalfen.com\/wp-content\/uploads\/2024\/01\/roymethrin-1L-12x12.png 12w, https:\/\/royalfen.com\/wp-content\/uploads\/2024\/01\/roymethrin-1L-600x600.png 600w, https:\/\/royalfen.com\/wp-content\/uploads\/2024\/01\/roymethrin-1L-100x100.png 100w, https:\/\/royalfen.com\/wp-content\/uploads\/2024\/01\/roymethrin-1L.png 1000w\" sizes=\"(max-width: 300px) 100vw, 300px\" \/><h2 class=\"woocommerce-loop-product__title\">ROYMETHR\u0130N 25 EC<\/h2>\n<\/a><a href=\"https:\/\/royalfen.com\/tr\/urun\/roymethrin-25-ec\/\" aria-describedby=\"woocommerce_loop_add_to_cart_link_describedby_1284\" data-quantity=\"1\" class=\"button product_type_simple\" data-product_id=\"1284\" data-product_sku=\"\" aria-label=\"&ldquo;ROYMETHR\u0130N 25 EC&rdquo; hakk\u0131nda daha fazla bilgi edinin\" rel=\"nofollow\" data-success_message=\"\">Devam\u0131n\u0131 oku<\/a>\t<span id=\"woocommerce_loop_add_to_cart_link_describedby_1284\" class=\"screen-reader-text\">\n\t\t\t<\/span>\n<\/li>\n<li class=\"product type-product post-522 status-publish first instock product_cat-azerbaycan product_cat-azerbaycan-insektisit product_cat-insektisitler product_cat-kirgizistan product_cat-kirgizistan-insektisit product_cat-ozbekistan product_cat-ozbekistan-insektisit product_cat-turkmenistan product_cat-turkmenistan-insektisit has-post-thumbnail shipping-taxable product-type-simple\">\n\t<a href=\"https:\/\/royalfen.com\/tr\/urun\/tepplan-wg\/\" class=\"woocommerce-LoopProduct-link woocommerce-loop-product__link\"><img loading=\"lazy\" decoding=\"async\" width=\"300\" height=\"300\" src=\"https:\/\/royalfen.com\/wp-content\/uploads\/2021\/10\/tepplan-500-gr-300x300.png\" class=\"attachment-woocommerce_thumbnail size-woocommerce_thumbnail\" alt=\"TEPPLAN WG\" srcset=\"https:\/\/royalfen.com\/wp-content\/uploads\/2021\/10\/tepplan-500-gr-300x300.png 300w, https:\/\/royalfen.com\/wp-content\/uploads\/2021\/10\/tepplan-500-gr-150x150.png 150w, https:\/\/royalfen.com\/wp-content\/uploads\/2021\/10\/tepplan-500-gr-768x768.png 768w, https:\/\/royalfen.com\/wp-content\/uploads\/2021\/10\/tepplan-500-gr-12x12.png 12w, https:\/\/royalfen.com\/wp-content\/uploads\/2021\/10\/tepplan-500-gr-600x600.png 600w, https:\/\/royalfen.com\/wp-content\/uploads\/2021\/10\/tepplan-500-gr-100x100.png 100w, https:\/\/royalfen.com\/wp-content\/uploads\/2021\/10\/tepplan-500-gr.png 1000w\" sizes=\"(max-width: 300px) 100vw, 300px\" \/><h2 class=\"woocommerce-loop-product__title\">TEPPLAN WG<\/h2>\n<\/a><a href=\"https:\/\/royalfen.com\/tr\/urun\/tepplan-wg\/\" aria-describedby=\"woocommerce_loop_add_to_cart_link_describedby_522\" data-quantity=\"1\" class=\"button product_type_simple\" data-product_id=\"522\" data-product_sku=\"\" aria-label=\"&ldquo;TEPPLAN WG&rdquo; hakk\u0131nda daha fazla bilgi edinin\" rel=\"nofollow\" data-success_message=\"\">Devam\u0131n\u0131 oku<\/a>\t<span id=\"woocommerce_loop_add_to_cart_link_describedby_522\" class=\"screen-reader-text\">\n\t\t\t<\/span>\n<\/li>\n<\/ul>\n<\/div><div class=\"section-title  wow bounceInUp\"  style='color:#212529;' >\n\t\n\t\n\t\n\t\n\t \t\n      <h2>Herbisitler<\/h2>\n  \t\n\t <\/div>\n<div class=\"vc_separator wpb_content_element vc_separator_align_center vc_sep_width_100 vc_sep_shadow vc_sep_pos_align_center vc_separator_no_text vc_sep_color_green wpb_content_element  wpb_content_element\" ><span class=\"vc_sep_holder vc_sep_holder_l\"><span class=\"vc_sep_line\"><\/span><\/span><span class=\"vc_sep_holder vc_sep_holder_r\"><span class=\"vc_sep_line\"><\/span><\/span>\n<\/div><div class=\"woocommerce columns-3 \"><ul class=\"products columns-3\">\n<li class=\"product type-product post-1062 status-publish first instock product_cat-herbisitler product_cat-ozbekistan product_cat-ozbekistan-herbisit product_cat-turkiye product_cat-turkiye-herbisit product_cat-turkmenistan product_cat-turkmenistan-herbisit has-post-thumbnail shipping-taxable product-type-simple\">\n\t<a href=\"https:\/\/royalfen.com\/tr\/urun\/melodim\/\" class=\"woocommerce-LoopProduct-link woocommerce-loop-product__link\"><img loading=\"lazy\" decoding=\"async\" width=\"300\" height=\"300\" src=\"https:\/\/royalfen.com\/wp-content\/uploads\/2023\/12\/melodim-1L-300x300.png\" class=\"attachment-woocommerce_thumbnail size-woocommerce_thumbnail\" alt=\"MELOD\u0130M\" srcset=\"https:\/\/royalfen.com\/wp-content\/uploads\/2023\/12\/melodim-1L-300x300.png 300w, https:\/\/royalfen.com\/wp-content\/uploads\/2023\/12\/melodim-1L-150x150.png 150w, https:\/\/royalfen.com\/wp-content\/uploads\/2023\/12\/melodim-1L-768x768.png 768w, https:\/\/royalfen.com\/wp-content\/uploads\/2023\/12\/melodim-1L-12x12.png 12w, https:\/\/royalfen.com\/wp-content\/uploads\/2023\/12\/melodim-1L-600x600.png 600w, https:\/\/royalfen.com\/wp-content\/uploads\/2023\/12\/melodim-1L-100x100.png 100w, https:\/\/royalfen.com\/wp-content\/uploads\/2023\/12\/melodim-1L.png 1000w\" sizes=\"(max-width: 300px) 100vw, 300px\" \/><h2 class=\"woocommerce-loop-product__title\">MELOD\u0130M<\/h2>\n<\/a><a href=\"https:\/\/royalfen.com\/tr\/urun\/melodim\/\" aria-describedby=\"woocommerce_loop_add_to_cart_link_describedby_1062\" data-quantity=\"1\" class=\"button product_type_simple\" data-product_id=\"1062\" data-product_sku=\"\" aria-label=\"&ldquo;MELOD\u0130M&rdquo; hakk\u0131nda daha fazla bilgi edinin\" rel=\"nofollow\" data-success_message=\"\">Devam\u0131n\u0131 oku<\/a>\t<span id=\"woocommerce_loop_add_to_cart_link_describedby_1062\" class=\"screen-reader-text\">\n\t\t\t<\/span>\n<\/li>\n<li class=\"product type-product post-1073 status-publish instock product_cat-azerbaycan product_cat-azerbaycan-herbisit product_cat-herbisitler product_cat-ozbekistan product_cat-ozbekistan-herbisit product_cat-turkiye product_cat-turkiye-herbisit product_cat-turkmenistan product_cat-turkmenistan-herbisit has-post-thumbnail shipping-taxable product-type-simple\">\n\t<a href=\"https:\/\/royalfen.com\/tr\/urun\/royfuron-od\/\" class=\"woocommerce-LoopProduct-link woocommerce-loop-product__link\"><img loading=\"lazy\" decoding=\"async\" width=\"300\" height=\"300\" src=\"https:\/\/royalfen.com\/wp-content\/uploads\/2023\/12\/royfuron-1-L-300x300.png\" class=\"attachment-woocommerce_thumbnail size-woocommerce_thumbnail\" alt=\"ROYFURON OD\" srcset=\"https:\/\/royalfen.com\/wp-content\/uploads\/2023\/12\/royfuron-1-L-300x300.png 300w, https:\/\/royalfen.com\/wp-content\/uploads\/2023\/12\/royfuron-1-L-150x150.png 150w, https:\/\/royalfen.com\/wp-content\/uploads\/2023\/12\/royfuron-1-L-768x768.png 768w, https:\/\/royalfen.com\/wp-content\/uploads\/2023\/12\/royfuron-1-L-12x12.png 12w, https:\/\/royalfen.com\/wp-content\/uploads\/2023\/12\/royfuron-1-L-600x600.png 600w, https:\/\/royalfen.com\/wp-content\/uploads\/2023\/12\/royfuron-1-L-100x100.png 100w, https:\/\/royalfen.com\/wp-content\/uploads\/2023\/12\/royfuron-1-L.png 1000w\" sizes=\"(max-width: 300px) 100vw, 300px\" \/><h2 class=\"woocommerce-loop-product__title\">ROYFURON OD<\/h2>\n<\/a><a href=\"https:\/\/royalfen.com\/tr\/urun\/royfuron-od\/\" aria-describedby=\"woocommerce_loop_add_to_cart_link_describedby_1073\" data-quantity=\"1\" class=\"button product_type_simple\" data-product_id=\"1073\" data-product_sku=\"\" aria-label=\"&ldquo;ROYFURON OD&rdquo; hakk\u0131nda daha fazla bilgi edinin\" rel=\"nofollow\" data-success_message=\"\">Devam\u0131n\u0131 oku<\/a>\t<span id=\"woocommerce_loop_add_to_cart_link_describedby_1073\" class=\"screen-reader-text\">\n\t\t\t<\/span>\n<\/li>\n<li class=\"product type-product post-1280 status-publish last instock product_cat-herbisitler product_cat-ozbekistan product_cat-ozbekistan-herbisit has-post-thumbnail shipping-taxable product-type-simple\">\n\t<a href=\"https:\/\/royalfen.com\/tr\/urun\/roylantis-od\/\" class=\"woocommerce-LoopProduct-link woocommerce-loop-product__link\"><img loading=\"lazy\" decoding=\"async\" width=\"300\" height=\"300\" src=\"https:\/\/royalfen.com\/wp-content\/uploads\/2024\/01\/roylantis-1L-300x300.png\" class=\"attachment-woocommerce_thumbnail size-woocommerce_thumbnail\" alt=\"ROYLANT\u0130S OD\" srcset=\"https:\/\/royalfen.com\/wp-content\/uploads\/2024\/01\/roylantis-1L-300x300.png 300w, https:\/\/royalfen.com\/wp-content\/uploads\/2024\/01\/roylantis-1L-150x150.png 150w, https:\/\/royalfen.com\/wp-content\/uploads\/2024\/01\/roylantis-1L-768x768.png 768w, https:\/\/royalfen.com\/wp-content\/uploads\/2024\/01\/roylantis-1L-12x12.png 12w, https:\/\/royalfen.com\/wp-content\/uploads\/2024\/01\/roylantis-1L-600x600.png 600w, https:\/\/royalfen.com\/wp-content\/uploads\/2024\/01\/roylantis-1L-100x100.png 100w, https:\/\/royalfen.com\/wp-content\/uploads\/2024\/01\/roylantis-1L.png 1000w\" sizes=\"(max-width: 300px) 100vw, 300px\" \/><h2 class=\"woocommerce-loop-product__title\">ROYLANT\u0130S OD<\/h2>\n<\/a><a href=\"https:\/\/royalfen.com\/tr\/urun\/roylantis-od\/\" aria-describedby=\"woocommerce_loop_add_to_cart_link_describedby_1280\" data-quantity=\"1\" class=\"button product_type_simple\" data-product_id=\"1280\" data-product_sku=\"\" aria-label=\"&ldquo;ROYLANT\u0130S OD&rdquo; hakk\u0131nda daha fazla bilgi edinin\" rel=\"nofollow\" data-success_message=\"\">Devam\u0131n\u0131 oku<\/a>\t<span id=\"woocommerce_loop_add_to_cart_link_describedby_1280\" class=\"screen-reader-text\">\n\t\t\t<\/span>\n<\/li>\n<\/ul>\n<\/div><div class=\"section-title  wow bounceInUp\"  style='color:#212529;' >\n\t\n\t\n\t\n\t\n\t \t<figure> <img decoding=\"async\" src=\"https:\/\/royalfen.com\/wp-content\/themes\/seodo\/images\/section-title-shape.png\" alt=\"Image\"> <\/figure>\n\t\t\n      <h2>Fungisitler<\/h2>\n  \t\n\t <\/div>\n<div class=\"vc_separator wpb_content_element vc_separator_align_center vc_sep_width_100 vc_sep_shadow vc_sep_pos_align_center vc_separator_no_text vc_sep_color_green wpb_content_element  wpb_content_element\" ><span class=\"vc_sep_holder vc_sep_holder_l\"><span class=\"vc_sep_line\"><\/span><\/span><span class=\"vc_sep_holder vc_sep_holder_r\"><span class=\"vc_sep_line\"><\/span><\/span>\n<\/div><div class=\"woocommerce columns-1 \"><ul class=\"products columns-1\">\n<li class=\"product type-product post-517 status-publish first instock product_cat-azerbaycan product_cat-azerbaycan-fungisit product_cat-fungusitler product_cat-kirgizistan product_cat-kirgizistan-fungisit product_cat-ozbekistan product_cat-ozbekistan-fungisit product_cat-turkiye product_cat-turkiye-fungisit product_cat-turkmenistan product_cat-turkmenistan-fungisit has-post-thumbnail shipping-taxable product-type-simple\">\n\t<a href=\"https:\/\/royalfen.com\/tr\/urun\/roytazon\/\" class=\"woocommerce-LoopProduct-link woocommerce-loop-product__link\"><img loading=\"lazy\" decoding=\"async\" width=\"300\" height=\"300\" src=\"https:\/\/royalfen.com\/wp-content\/uploads\/2021\/10\/roytazone-1L-300x300.png\" class=\"attachment-woocommerce_thumbnail size-woocommerce_thumbnail\" alt=\"ROYTAZONE 320 SC\" srcset=\"https:\/\/royalfen.com\/wp-content\/uploads\/2021\/10\/roytazone-1L-300x300.png 300w, https:\/\/royalfen.com\/wp-content\/uploads\/2021\/10\/roytazone-1L-150x150.png 150w, https:\/\/royalfen.com\/wp-content\/uploads\/2021\/10\/roytazone-1L-768x768.png 768w, https:\/\/royalfen.com\/wp-content\/uploads\/2021\/10\/roytazone-1L-12x12.png 12w, https:\/\/royalfen.com\/wp-content\/uploads\/2021\/10\/roytazone-1L-600x600.png 600w, https:\/\/royalfen.com\/wp-content\/uploads\/2021\/10\/roytazone-1L-100x100.png 100w, https:\/\/royalfen.com\/wp-content\/uploads\/2021\/10\/roytazone-1L.png 1000w\" sizes=\"(max-width: 300px) 100vw, 300px\" \/><h2 class=\"woocommerce-loop-product__title\">ROYTAZONE 320 SC<\/h2>\n<\/a><a href=\"https:\/\/royalfen.com\/tr\/urun\/roytazon\/\" aria-describedby=\"woocommerce_loop_add_to_cart_link_describedby_517\" data-quantity=\"1\" class=\"button product_type_simple\" data-product_id=\"517\" data-product_sku=\"\" aria-label=\"&ldquo;ROYTAZONE 320 SC&rdquo; hakk\u0131nda daha fazla bilgi edinin\" rel=\"nofollow\" data-success_message=\"\">Devam\u0131n\u0131 oku<\/a>\t<span id=\"woocommerce_loop_add_to_cart_link_describedby_517\" class=\"screen-reader-text\">\n\t\t\t<\/span>\n<\/li>\n<\/ul>\n<\/div><\/div><\/div><\/div><\/div><\/section>\n<\/div>","protected":false},"excerpt":{"rendered":"\u00d6ZBEK\u0130STAN RUHSATLI \u00dcR\u00dcNLER\u0130M\u0130Z Raqamli mahsulot katalogi uchun bosing Akarisitler ROYZOLE SC Devam\u0131n\u0131 oku \u0130nsektisitler FORCOP 20 SP Devam\u0131n\u0131 oku P\u0130RANA 5 SG Devam\u0131n\u0131 oku REMCOR WDG Devam\u0131n\u0131 oku ROYMETHR\u0130N 25 EC Devam\u0131n\u0131 oku TEPPLAN WG Devam\u0131n\u0131 oku Herbisitler MELOD\u0130M Devam\u0131n\u0131 oku ROYFURON OD Devam\u0131n\u0131 oku ROYLANT\u0130S OD Devam\u0131n\u0131 oku Fungisitler ROYTAZONE 320 SC Devam\u0131n\u0131 oku","protected":false},"author":2,"featured_media":0,"parent":0,"menu_order":0,"comment_status":"closed","ping_status":"closed","template":"","meta":{"footnotes":""},"class_list":["post-1543","page","type-page","status-publish","hentry"],"_links":{"self":[{"href":"https:\/\/royalfen.com\/tr\/wp-json\/wp\/v2\/pages\/1543","targetHints":{"allow":["GET"]}}],"collection":[{"href":"https:\/\/royalfen.com\/tr\/wp-json\/wp\/v2\/pages"}],"about":[{"href":"https:\/\/royalfen.com\/tr\/wp-json\/wp\/v2\/types\/page"}],"author":[{"embeddable":true,"href":"https:\/\/royalfen.com\/tr\/wp-json\/wp\/v2\/users\/2"}],"replies":[{"embeddable":true,"href":"https:\/\/royalfen.com\/tr\/wp-json\/wp\/v2\/comments?post=1543"}],"version-history":[{"count":5,"href":"https:\/\/royalfen.com\/tr\/wp-json\/wp\/v2\/pages\/1543\/revisions"}],"predecessor-version":[{"id":2535,"href":"https:\/\/royalfen.com\/tr\/wp-json\/wp\/v2\/pages\/1543\/revisions\/2535"}],"wp:attachment":[{"href":"https:\/\/royalfen.com\/tr\/wp-json\/wp\/v2\/media?parent=1543"}],"curies":[{"name":"wp","href":"https:\/\/api.w.org\/{rel}","templated":true}]}}