{"id":1624,"date":"2024-04-22T09:19:47","date_gmt":"2024-04-22T06:19:47","guid":{"rendered":"https:\/\/royalfen.com\/?page_id=1624"},"modified":"2025-11-18T11:59:30","modified_gmt":"2025-11-18T08:59:30","slug":"duyurular","status":"publish","type":"page","link":"https:\/\/royalfen.com\/tr\/duyurular\/","title":{"rendered":"Duyurular"},"content":{"rendered":"<div class=\"wpb-content-wrapper\"><section  class=\"content-section\" ><div class=\"vc_row wpb_row vc_row-fluid\"><div class=\"wpb_column vc_column_container vc_col-sm-4\"><div class=\"vc_column-inner\"><div class=\"wpb_wrapper\"><div class=\"image-caption-box \" >\n  <figure> <img decoding=\"async\" src=\"https:\/\/royalfen.com\/wp-content\/uploads\/2025\/05\/caspian-2025-S.jpg\" alt=\"18. Azerbaycan Uluslararas\u0131 Caspian Tar\u0131m Fuar\u0131...\"> <\/figure>\n  <div class=\"content\"> <small>13-16 May\u0131sta Bak\u00fc&#039; deyiz<\/small>\n    <h5><a href=\"https:\/\/royalfen.com\/caspian-tarim-fuari-2025\/\">18. Azerbaycan Uluslararas\u0131 Caspian Tar\u0131m Fuar\u0131...<\/a><\/h5>\n    <p><\/p>\n  <\/div>\n<\/div>\n<div class=\"image-caption-box \" >\n  <figure> <img decoding=\"async\" src=\"https:\/\/royalfen.com\/wp-content\/uploads\/2025\/11\/ODUL.jpg\" alt=\"OSB\u00dcK OSB Y\u0131ld\u0131zlar\u0131 2025 Ara\u015ft\u0131rmas\u0131...\"> <\/figure>\n  <div class=\"content\"> <small>\u0130stihdam\u0131 Destekliyoruz<\/small>\n    <h5><a href=\"https:\/\/royalfen.com\/osbuk-osb-yildizlari-2025-arastirmasi\/\">OSB\u00dcK OSB Y\u0131ld\u0131zlar\u0131 2025 Ara\u015ft\u0131rmas\u0131...<\/a><\/h5>\n    <p><\/p>\n  <\/div>\n<\/div>\n<\/div><\/div><\/div><div class=\"wpb_column vc_column_container vc_col-sm-4\"><div class=\"vc_column-inner\"><div class=\"wpb_wrapper\"><div class=\"image-caption-box \" >\n  <figure> <img decoding=\"async\" src=\"https:\/\/royalfen.com\/wp-content\/uploads\/2024\/11\/growtech-fuar-duyuru-2-1.jpg\" alt=\"Growtech 2024 Tar\u0131m Fuar\u0131\"> <\/figure>\n  <div class=\"content\"> <small>20-23 Kas\u0131m&#039;da Antalya&#039;da Bulu\u015fal\u0131m<\/small>\n    <h5><a href=\"https:\/\/royalfen.com\/growtech-2024\/\">Growtech 2024 Tar\u0131m Fuar\u0131<\/a><\/h5>\n    <p><\/p>\n  <\/div>\n<\/div>\n<\/div><\/div><\/div><div class=\"wpb_column vc_column_container vc_col-sm-4\"><div class=\"vc_column-inner\"><div class=\"wpb_wrapper\"><div class=\"image-caption-box \" >\n  <figure> <img decoding=\"async\" src=\"https:\/\/royalfen.com\/wp-content\/uploads\/2024\/05\/caspian-fuar-SSS.jpg\" alt=\"17. Azerbaycan Uluslararas\u0131 Caspian Tar\u0131m Fuar\u0131...\"> <\/figure>\n  <div class=\"content\"> <small>15-17 May\u0131sta Bak\u00fc&#039; de Bulu\u015fal\u0131m<\/small>\n    <h5><a href=\"https:\/\/royalfen.com\/caspian-tarim-fuari\/\">17. Azerbaycan Uluslararas\u0131 Caspian Tar\u0131m Fuar\u0131...<\/a><\/h5>\n    <p><\/p>\n  <\/div>\n<\/div>\n<\/div><\/div><\/div><\/div><\/section><section  class=\"content-section\" ><div class=\"vc_row wpb_row vc_row-fluid\"><div class=\"wpb_column vc_column_container vc_col-sm-4\"><div class=\"vc_column-inner\"><div class=\"wpb_wrapper\"><\/div><\/div><\/div><\/div><\/section>\n<\/div>","protected":false},"excerpt":{"rendered":"13-16 May\u0131sta Bak\u00fc&#039; deyiz 18. Azerbaycan Uluslararas\u0131 Caspian Tar\u0131m Fuar\u0131... \u0130stihdam\u0131 Destekliyoruz OSB\u00dcK OSB Y\u0131ld\u0131zlar\u0131 2025 Ara\u015ft\u0131rmas\u0131... 20-23 Kas\u0131m&#039;da Antalya&#039;da Bulu\u015fal\u0131m Growtech 2024 Tar\u0131m Fuar\u0131 15-17 May\u0131sta Bak\u00fc&#039; de Bulu\u015fal\u0131m 17. Azerbaycan Uluslararas\u0131 Caspian Tar\u0131m Fuar\u0131...","protected":false},"author":2,"featured_media":0,"parent":0,"menu_order":0,"comment_status":"closed","ping_status":"closed","template":"","meta":{"footnotes":""},"class_list":["post-1624","page","type-page","status-publish","hentry"],"_links":{"self":[{"href":"https:\/\/royalfen.com\/tr\/wp-json\/wp\/v2\/pages\/1624","targetHints":{"allow":["GET"]}}],"collection":[{"href":"https:\/\/royalfen.com\/tr\/wp-json\/wp\/v2\/pages"}],"about":[{"href":"https:\/\/royalfen.com\/tr\/wp-json\/wp\/v2\/types\/page"}],"author":[{"embeddable":true,"href":"https:\/\/royalfen.com\/tr\/wp-json\/wp\/v2\/users\/2"}],"replies":[{"embeddable":true,"href":"https:\/\/royalfen.com\/tr\/wp-json\/wp\/v2\/comments?post=1624"}],"version-history":[{"count":67,"href":"https:\/\/royalfen.com\/tr\/wp-json\/wp\/v2\/pages\/1624\/revisions"}],"predecessor-version":[{"id":2514,"href":"https:\/\/royalfen.com\/tr\/wp-json\/wp\/v2\/pages\/1624\/revisions\/2514"}],"wp:attachment":[{"href":"https:\/\/royalfen.com\/tr\/wp-json\/wp\/v2\/media?parent=1624"}],"curies":[{"name":"wp","href":"https:\/\/api.w.org\/{rel}","templated":true}]}}