{"id":24,"date":"2020-10-27T05:05:27","date_gmt":"2020-10-27T05:05:27","guid":{"rendered":"http:\/\/seodo.themezinho.net\/?page_id=24"},"modified":"2024-12-12T08:46:42","modified_gmt":"2024-12-12T05:46:42","slug":"hakkimizda","status":"publish","type":"page","link":"https:\/\/royalfen.com\/tr\/hakkimizda\/","title":{"rendered":"Hakk\u0131m\u0131zda"},"content":{"rendered":"<div class=\"wpb-content-wrapper\"><section  class=\"content-section no-spacing\" ><div class=\"container\"><div class=\"vc_row wpb_row vc_row-fluid vc_custom_1603886300690\"><div class=\"wpb_column vc_column_container vc_col-sm-12\"><div class=\"vc_column-inner\"><div class=\"wpb_wrapper\"><div class=\"vc_row wpb_row vc_inner vc_row-fluid\"><div class=\"wpb_column vc_column_container vc_col-sm-12\"><div class=\"vc_column-inner\"><div class=\"wpb_wrapper\"><div class=\"section-title  text-left  wow bounceInUp\"  style='color:#212529;' >\n\t\n\t\n\t\n\t\n\t \t<figure> <img decoding=\"async\" src=\"https:\/\/royalfen.com\/wp-content\/themes\/seodo\/images\/section-title-shape.png\" alt=\"Image\"> <\/figure>\n\t\t\n    <h6> Biz Kimiz? <\/h6>\n      <h2>Royal-Fen<\/h2>\n  \t\n\t <\/div>\n<\/div><\/div><\/div><\/div><div class=\"vc_row wpb_row vc_inner vc_row-fluid vc_row-o-content-middle vc_row-flex\"><div class=\"wpb_column vc_column_container vc_col-sm-12 vc_col-md-6\"><div class=\"vc_column-inner\"><div class=\"wpb_wrapper\">\n\n\n\n<div class=\"side-content left wow bounceInLeft\" >\n  \t<p>\u015eirketimiz faaliyet alan\u0131 Bitki Koruma \u00dcr\u00fcnleri ve Bitki Besleme \u00dcr\u00fcnleri \u00fcretim, ithalat, ihracat ayr\u0131ca toptan sat\u0131\u015f yamak \u00fczere 2011 y\u0131l\u0131nda Adana merkezli olarak kurulmu\u015ftur. Bug\u00fcn yeni f\u0131rsatlara do\u011fru yelken a\u00e7an gen\u00e7 ve dinamik ekibimizle T\u00fcrk tar\u0131m\u0131n\u0131n bir payda\u015f\u0131 olmaktan gurur duyuyoruz.<\/p>\n<p>Gerek iklim de\u011fi\u015fikli\u011fi gerek artan g\u0131da \u00fcr\u00fcnleri talepleri tar\u0131msal \u00fcretimde verimlili\u011fin \u00f6nemini daha da artt\u0131rm\u0131\u015ft\u0131r. B\u00fct\u00fcn bunlar\u0131n s\u00fcrd\u00fcr\u00fclebilir bir tar\u0131msal \u00fcretim modeline ihtiya\u00e7 oldu\u011funa inanan ve bu konuda \u00fczerine d\u00fc\u015fen g\u00f6revi yerine getiren \u00e7al\u0131\u015fanlar\u0131m\u0131z ve i\u015f ortaklar\u0131m\u0131z mevcuttur.<\/p>\n<p>G\u00fcn\u00fcm\u00fcz tar\u0131msal \u00fcretimde teknolojinin yeri her ge\u00e7en g\u00fcn daha fazla hissedilmektedir. Bitki koruma \u00fcr\u00fcnlerinin kullan\u0131m\u0131nda otonom teknolojiler, drone uygulamalar\u0131, uzaktan alg\u0131lama ile tarlalar\u0131n geli\u015fimi, hastal\u0131k ve zararl\u0131 durumlar\u0131n\u0131n tespiti, hava durumunu anl\u0131k olarak bildiren sens\u00f6r kullan\u0131mlar\u0131 giderek artmaktad\u0131r. Royal-Fen olarak, tar\u0131msal teknolojilerin kullan\u0131m\u0131 ve \u00fcreticilerimizin bu teknolojileri eri\u015fimi kolayla\u015ft\u0131rmak i\u00e7in projelerimiz ve uygulamalar\u0131m\u0131z devam edecektir.<\/p>\n      <\/div>\n<\/div><\/div><\/div><div class=\"wpb_column vc_column_container vc_col-sm-12 vc_col-md-6\"><div class=\"vc_column-inner\"><div class=\"wpb_wrapper\"><figure class=\"side-image wow bounceInRight\" > <img decoding=\"async\" src=\"https:\/\/royalfen.com\/wp-content\/uploads\/2020\/10\/side-slide01.jpg\" alt=\"Image\">\n\n\t\t<div class=\"big-note-box\">\n\t\t\t<h6>\"Milletimiz \u00e7ok b\u00fcy\u00fck elemler, ma\u011fl\u00fbbiyetler, facialar g\u00f6rm\u00fc\u015ft\u00fcr. B\u00fct\u00fcn olanlardan sonra yine bu topraklarda bulunuyorsa bunun temel sebebi \u015fundand\u0131r: \"\u00c7\u00fcnk\u00fc T\u00fcrk \u00e7ift\u00e7isi bir eliyle k\u0131l\u0131c\u0131n\u0131 kullan\u0131rken, di\u011fer elindeki sapanla topraktan ayr\u0131lmad\u0131. E\u011fer milletimizin b\u00fcy\u00fck ekseriyeti \u00e7ift\u00e7i olmasayd\u0131 biz bug\u00fcn d\u00fcnya y\u00fcz\u00fcnde bulunamayacakt\u0131k.\"<\/h6>\n<p><em>Mustafa Kemal ATAT\u00dcRK<\/em><\/p>\n\t\t<\/div>\n  \t\n\t\t\n\t\n<\/figure>\n<\/div><\/div><\/div><\/div><div class=\"vc_separator wpb_content_element vc_separator_align_center vc_sep_width_100 vc_sep_border_width_3 vc_sep_pos_align_center vc_separator_no_text vc_sep_color_grey wpb_content_element  wpb_content_element\" ><span class=\"vc_sep_holder vc_sep_holder_l\"><span class=\"vc_sep_line\"><\/span><\/span><span class=\"vc_sep_holder vc_sep_holder_r\"><span class=\"vc_sep_line\"><\/span><\/span>\n<\/div><div class=\"vc_row wpb_row vc_inner vc_row-fluid\"><div class=\"wpb_column vc_column_container vc_col-sm-12\"><div class=\"vc_column-inner\"><div class=\"wpb_wrapper\"><div class=\"section-title  wow bounceInUp\"  style='color:#212529;' >\n\t\n\t\n\t\n\t\n\t \t<figure> <img decoding=\"async\" src=\"https:\/\/royalfen.com\/wp-content\/themes\/seodo\/images\/section-title-shape.png\" alt=\"Image\"> <\/figure>\n\t\t\n      <h2>Royal-Fen Olarak Hedeflerimiz<\/h2>\n  \t\n\t <\/div>\n<\/div><\/div><\/div><\/div><\/div><\/div><\/div><\/div><\/div><\/section><section  class=\"content-section bottom-white-space\" style=\"background-color: #fbf7f4;\"><div class=\"container\"><div class=\"vc_row wpb_row vc_row-fluid vc_custom_1634209535413 vc_row-o-equal-height vc_row-flex\"><div class=\"wpb_column vc_column_container vc_col-sm-12\"><div class=\"vc_column-inner\"><div class=\"wpb_wrapper\"><div class=\"vc_row wpb_row vc_inner vc_row-fluid\"><div class=\"wpb_column vc_column_container vc_col-sm-6\"><div class=\"vc_column-inner\"><div class=\"wpb_wrapper\">\n\t<div class=\"wpb_text_column wpb_content_element\" >\n\t\t<div class=\"wpb_wrapper\">\n\t\t\t<p><strong>Sekt\u00f6rde \u00d6nc\u00fc ve Tercih Edilen Marka Olmak<\/strong><\/p>\n\n\t\t<\/div>\n\t<\/div>\n<div class=\"vc_separator wpb_content_element vc_separator_align_center vc_sep_width_100 vc_sep_border_width_3 vc_sep_pos_align_center vc_separator_no_text vc_sep_color_grey wpb_content_element  wpb_content_element\" ><span class=\"vc_sep_holder vc_sep_holder_l\"><span class=\"vc_sep_line\"><\/span><\/span><span class=\"vc_sep_holder vc_sep_holder_r\"><span class=\"vc_sep_line\"><\/span><\/span>\n<\/div>\n\t<div class=\"wpb_text_column wpb_content_element\" >\n\t\t<div class=\"wpb_wrapper\">\n\t\t\t<p><strong>Ticari Yakla\u015f\u0131mda G\u00fcvenilir ve \u0130nan\u0131l\u0131r Olmak<\/strong><\/p>\n\n\t\t<\/div>\n\t<\/div>\n<div class=\"vc_separator wpb_content_element vc_separator_align_center vc_sep_width_100 vc_sep_border_width_3 vc_sep_pos_align_center vc_separator_no_text vc_sep_color_grey wpb_content_element  wpb_content_element\" ><span class=\"vc_sep_holder vc_sep_holder_l\"><span class=\"vc_sep_line\"><\/span><\/span><span class=\"vc_sep_holder vc_sep_holder_r\"><span class=\"vc_sep_line\"><\/span><\/span>\n<\/div>\n\t<div class=\"wpb_text_column wpb_content_element\" >\n\t\t<div class=\"wpb_wrapper\">\n\t\t\t<p><strong>Yenilik\u00e7i, De\u011fi\u015fime A\u00e7\u0131k, G\u00fc\u00e7l\u00fc Markalara Sahip Olmak<\/strong><\/p>\n\n\t\t<\/div>\n\t<\/div>\n<div class=\"vc_separator wpb_content_element vc_separator_align_center vc_sep_width_100 vc_sep_border_width_3 vc_sep_pos_align_center vc_separator_no_text vc_sep_color_grey wpb_content_element  wpb_content_element\" ><span class=\"vc_sep_holder vc_sep_holder_l\"><span class=\"vc_sep_line\"><\/span><\/span><span class=\"vc_sep_holder vc_sep_holder_r\"><span class=\"vc_sep_line\"><\/span><\/span>\n<\/div>\n\t<div class=\"wpb_text_column wpb_content_element\" >\n\t\t<div class=\"wpb_wrapper\">\n\t\t\t<p><strong>Her Zaman \u015eeffaf, A\u00e7\u0131k ve D\u00fcr\u00fcst Olmak<\/strong><\/p>\n\n\t\t<\/div>\n\t<\/div>\n<div class=\"vc_separator wpb_content_element vc_separator_align_center vc_sep_width_100 vc_sep_border_width_3 vc_sep_pos_align_center vc_separator_no_text vc_sep_color_grey wpb_content_element  wpb_content_element\" ><span class=\"vc_sep_holder vc_sep_holder_l\"><span class=\"vc_sep_line\"><\/span><\/span><span class=\"vc_sep_holder vc_sep_holder_r\"><span class=\"vc_sep_line\"><\/span><\/span>\n<\/div>\n\t<div class=\"wpb_text_column wpb_content_element\" >\n\t\t<div class=\"wpb_wrapper\">\n\t\t\t<p><strong>Her Konuda Payla\u015f\u0131mc\u0131, S\u00fcrekli ve Kal\u0131c\u0131 Olmak<\/strong><\/p>\n\n\t\t<\/div>\n\t<\/div>\n<div class=\"vc_separator wpb_content_element vc_separator_align_center vc_sep_width_100 vc_sep_border_width_3 vc_sep_pos_align_center vc_separator_no_text vc_sep_color_grey wpb_content_element  wpb_content_element\" ><span class=\"vc_sep_holder vc_sep_holder_l\"><span class=\"vc_sep_line\"><\/span><\/span><span class=\"vc_sep_holder vc_sep_holder_r\"><span class=\"vc_sep_line\"><\/span><\/span>\n<\/div>\n\t<div class=\"wpb_text_column wpb_content_element\" >\n\t\t<div class=\"wpb_wrapper\">\n\t\t\t<p><strong>\u00dcretti\u011fi \u00dcr\u00fcnlerde Kaliteyi \u00d6n Planda Tutmak ve Buna Odaklanmak<\/strong><\/p>\n\n\t\t<\/div>\n\t<\/div>\n<div class=\"vc_separator wpb_content_element vc_separator_align_center vc_sep_width_100 vc_sep_border_width_3 vc_sep_pos_align_center vc_separator_no_text vc_sep_color_grey wpb_content_element  wpb_content_element\" ><span class=\"vc_sep_holder vc_sep_holder_l\"><span class=\"vc_sep_line\"><\/span><\/span><span class=\"vc_sep_holder vc_sep_holder_r\"><span class=\"vc_sep_line\"><\/span><\/span>\n<\/div><\/div><\/div><\/div><div class=\"wpb_column vc_column_container vc_col-sm-6\"><div class=\"vc_column-inner\"><div class=\"wpb_wrapper\">\n\t<div class=\"wpb_text_column wpb_content_element\" >\n\t\t<div class=\"wpb_wrapper\">\n\t\t\t<p><strong>\u0130lkeli, Sistemli ve Yeterince Kuralc\u0131 Olmak<\/strong><\/p>\n\n\t\t<\/div>\n\t<\/div>\n<div class=\"vc_separator wpb_content_element vc_separator_align_center vc_sep_width_100 vc_sep_border_width_3 vc_sep_pos_align_center vc_separator_no_text vc_sep_color_grey wpb_content_element  wpb_content_element\" ><span class=\"vc_sep_holder vc_sep_holder_l\"><span class=\"vc_sep_line\"><\/span><\/span><span class=\"vc_sep_holder vc_sep_holder_r\"><span class=\"vc_sep_line\"><\/span><\/span>\n<\/div>\n\t<div class=\"wpb_text_column wpb_content_element\" >\n\t\t<div class=\"wpb_wrapper\">\n\t\t\t<p><strong>Etik Kurallara Uymak ve Rekabette D\u00fczeyli Olmak<\/strong><\/p>\n\n\t\t<\/div>\n\t<\/div>\n<div class=\"vc_separator wpb_content_element vc_separator_align_center vc_sep_width_100 vc_sep_border_width_3 vc_sep_pos_align_center vc_separator_no_text vc_sep_color_grey wpb_content_element  wpb_content_element\" ><span class=\"vc_sep_holder vc_sep_holder_l\"><span class=\"vc_sep_line\"><\/span><\/span><span class=\"vc_sep_holder vc_sep_holder_r\"><span class=\"vc_sep_line\"><\/span><\/span>\n<\/div>\n\t<div class=\"wpb_text_column wpb_content_element\" >\n\t\t<div class=\"wpb_wrapper\">\n\t\t\t<p><strong>\u00dcr\u00fcn Yelpazesini S\u00fcrekli Geli\u015ftirmek ve Fark Yaratmak<\/strong><\/p>\n\n\t\t<\/div>\n\t<\/div>\n<div class=\"vc_separator wpb_content_element vc_separator_align_center vc_sep_width_100 vc_sep_border_width_3 vc_sep_pos_align_center vc_separator_no_text vc_sep_color_grey wpb_content_element  wpb_content_element\" ><span class=\"vc_sep_holder vc_sep_holder_l\"><span class=\"vc_sep_line\"><\/span><\/span><span class=\"vc_sep_holder vc_sep_holder_r\"><span class=\"vc_sep_line\"><\/span><\/span>\n<\/div>\n\t<div class=\"wpb_text_column wpb_content_element\" >\n\t\t<div class=\"wpb_wrapper\">\n\t\t\t<p><strong>\u00c7\u00f6z\u00fcm \u00dcreten Firma Olmak<\/strong><\/p>\n\n\t\t<\/div>\n\t<\/div>\n<div class=\"vc_separator wpb_content_element vc_separator_align_center vc_sep_width_100 vc_sep_border_width_3 vc_sep_pos_align_center vc_separator_no_text vc_sep_color_grey wpb_content_element  wpb_content_element\" ><span class=\"vc_sep_holder vc_sep_holder_l\"><span class=\"vc_sep_line\"><\/span><\/span><span class=\"vc_sep_holder vc_sep_holder_r\"><span class=\"vc_sep_line\"><\/span><\/span>\n<\/div>\n\t<div class=\"wpb_text_column wpb_content_element\" >\n\t\t<div class=\"wpb_wrapper\">\n\t\t\t<p><strong>\u0130\u015f Ortaklar\u0131m\u0131zla A\u00e7\u0131k, Yap\u0131c\u0131 \u0130leti\u015fim \u0130\u00e7inde Olmak<\/strong><\/p>\n\n\t\t<\/div>\n\t<\/div>\n<div class=\"vc_separator wpb_content_element vc_separator_align_center vc_sep_width_100 vc_sep_border_width_3 vc_sep_pos_align_center vc_separator_no_text vc_sep_color_grey wpb_content_element  wpb_content_element\" ><span class=\"vc_sep_holder vc_sep_holder_l\"><span class=\"vc_sep_line\"><\/span><\/span><span class=\"vc_sep_holder vc_sep_holder_r\"><span class=\"vc_sep_line\"><\/span><\/span>\n<\/div>\n\t<div class=\"wpb_text_column wpb_content_element\" >\n\t\t<div class=\"wpb_wrapper\">\n\t\t\t<p><strong>\u0130\u015f Ortaklar\u0131m\u0131z ve \u00c7al\u0131\u015fanlar\u0131m\u0131zla Sayg\u0131 ve Sevgi Temelinde Bulu\u015fmak<\/strong><\/p>\n\n\t\t<\/div>\n\t<\/div>\n<div class=\"vc_separator wpb_content_element vc_separator_align_center vc_sep_width_100 vc_sep_border_width_3 vc_sep_pos_align_center vc_separator_no_text vc_sep_color_grey wpb_content_element  wpb_content_element\" ><span class=\"vc_sep_holder vc_sep_holder_l\"><span class=\"vc_sep_line\"><\/span><\/span><span class=\"vc_sep_holder vc_sep_holder_r\"><span class=\"vc_sep_line\"><\/span><\/span>\n<\/div><\/div><\/div><\/div><\/div><\/div><\/div><\/div><\/div><\/div><\/section><section  class=\"content-section\" ><div class=\"container\"><div class=\"vc_row wpb_row vc_row-fluid\"><div class=\"wpb_column vc_column_container vc_col-sm-1\/5\"><div class=\"vc_column-inner\"><div class=\"wpb_wrapper\"><div class=\"counter-box \" >\n    <span class=\"odometer\" data-count=\"18\" data-status=\"yes\">0<\/span>\n      <h6> \u0130NSEKT\u0130S\u0130TLER <\/h6>\n    <figure> <img decoding=\"async\" src=\"https:\/\/royalfen.com\/wp-content\/uploads\/2020\/10\/counter-icon.png\" alt=\"\u0130NSEKT\u0130S\u0130TLER\"> <\/figure>\n<\/div>\n<\/div><\/div><\/div><div class=\"wpb_column vc_column_container vc_col-sm-1\/5\"><div class=\"vc_column-inner\"><div class=\"wpb_wrapper\"><div class=\"counter-box \" >\n    <span class=\"odometer\" data-count=\"15\" data-status=\"yes\">0<\/span>\n      <h6> FUNGUS\u0130TLER <\/h6>\n    <figure> <img decoding=\"async\" src=\"https:\/\/royalfen.com\/wp-content\/uploads\/2020\/10\/counter-icon.png\" alt=\"FUNGUS\u0130TLER\"> <\/figure>\n<\/div>\n<\/div><\/div><\/div><div class=\"wpb_column vc_column_container vc_col-sm-1\/5\"><div class=\"vc_column-inner\"><div class=\"wpb_wrapper\"><div class=\"counter-box \" >\n    <span class=\"odometer\" data-count=\"23\" data-status=\"yes\">0<\/span>\n      <h6> HERB\u0130S\u0130TLER <\/h6>\n    <figure> <img decoding=\"async\" src=\"https:\/\/royalfen.com\/wp-content\/uploads\/2020\/10\/counter-icon.png\" alt=\"HERB\u0130S\u0130TLER\"> <\/figure>\n<\/div>\n<\/div><\/div><\/div><div class=\"wpb_column vc_column_container vc_col-sm-1\/5\"><div class=\"vc_column-inner\"><div class=\"wpb_wrapper\"><div class=\"counter-box \" >\n    <span class=\"odometer\" data-count=\"8\" data-status=\"yes\">0<\/span>\n      <h6> AKAR\u0130S\u0130TLER <\/h6>\n    <figure> <img decoding=\"async\" src=\"https:\/\/royalfen.com\/wp-content\/uploads\/2020\/10\/counter-icon.png\" alt=\"AKAR\u0130S\u0130TLER\"> <\/figure>\n<\/div>\n<\/div><\/div><\/div><div class=\"wpb_column vc_column_container vc_col-sm-1\/5\"><div class=\"vc_column-inner\"><div class=\"wpb_wrapper\"><div class=\"counter-box \" >\n    <span class=\"odometer\" data-count=\"6\" data-status=\"yes\">0<\/span>\n      <h6> BGD ve D\u0130\u011eERLER\u0130 <\/h6>\n    <figure> <img decoding=\"async\" src=\"https:\/\/royalfen.com\/wp-content\/uploads\/2020\/10\/counter-icon.png\" alt=\"BGD ve D\u0130\u011eERLER\u0130\"> <\/figure>\n<\/div>\n<\/div><\/div><\/div><\/div><\/div><\/section><section  class=\"content-section\" ><div class=\"vc_row wpb_row vc_row-fluid\"><div class=\"wpb_column vc_column_container vc_col-sm-12\"><div class=\"vc_column-inner\"><div class=\"wpb_wrapper\"><div class=\"vc_empty_space\"   style=\"height: 24px\"><span class=\"vc_empty_space_inner\"><\/span><\/div><\/div><\/div><\/div><\/div><\/section>\n<\/div>","protected":false},"excerpt":{"rendered":"Biz Kimiz? Royal-Fen \u015eirketimiz faaliyet alan\u0131 Bitki Koruma \u00dcr\u00fcnleri ve Bitki Besleme \u00dcr\u00fcnleri \u00fcretim, ithalat, ihracat ayr\u0131ca toptan sat\u0131\u015f yamak \u00fczere 2011 y\u0131l\u0131nda Adana merkezli olarak kurulmu\u015ftur. Bug\u00fcn yeni f\u0131rsatlara do\u011fru yelken a\u00e7an gen\u00e7 ve dinamik ekibimizle T\u00fcrk tar\u0131m\u0131n\u0131n bir payda\u015f\u0131 olmaktan gurur duyuyoruz. Gerek iklim de\u011fi\u015fikli\u011fi gerek artan g\u0131da \u00fcr\u00fcnleri talepleri tar\u0131msal \u00fcretimde verimlili\u011fin [...]","protected":false},"author":1,"featured_media":0,"parent":0,"menu_order":0,"comment_status":"closed","ping_status":"closed","template":"page-builder.php","meta":{"footnotes":""},"class_list":["post-24","page","type-page","status-publish","hentry"],"_links":{"self":[{"href":"https:\/\/royalfen.com\/tr\/wp-json\/wp\/v2\/pages\/24","targetHints":{"allow":["GET"]}}],"collection":[{"href":"https:\/\/royalfen.com\/tr\/wp-json\/wp\/v2\/pages"}],"about":[{"href":"https:\/\/royalfen.com\/tr\/wp-json\/wp\/v2\/types\/page"}],"author":[{"embeddable":true,"href":"https:\/\/royalfen.com\/tr\/wp-json\/wp\/v2\/users\/1"}],"replies":[{"embeddable":true,"href":"https:\/\/royalfen.com\/tr\/wp-json\/wp\/v2\/comments?post=24"}],"version-history":[{"count":82,"href":"https:\/\/royalfen.com\/tr\/wp-json\/wp\/v2\/pages\/24\/revisions"}],"predecessor-version":[{"id":2193,"href":"https:\/\/royalfen.com\/tr\/wp-json\/wp\/v2\/pages\/24\/revisions\/2193"}],"wp:attachment":[{"href":"https:\/\/royalfen.com\/tr\/wp-json\/wp\/v2\/media?parent=24"}],"curies":[{"name":"wp","href":"https:\/\/api.w.org\/{rel}","templated":true}]}}