{"id":26,"date":"2020-10-27T05:05:37","date_gmt":"2020-10-27T05:05:37","guid":{"rendered":"http:\/\/seodo.themezinho.net\/?page_id=26"},"modified":"2026-01-30T10:49:29","modified_gmt":"2026-01-30T07:49:29","slug":"iletisim","status":"publish","type":"page","link":"https:\/\/royalfen.com\/tr\/iletisim\/","title":{"rendered":"\u0130leti\u015fim"},"content":{"rendered":"<div class=\"wpb-content-wrapper\"><section  class=\"content-section\" ><div class=\"container\"><div class=\"vc_row wpb_row vc_row-fluid\"><div class=\"wpb_column vc_column_container vc_col-sm-12\"><div class=\"vc_column-inner\"><div class=\"wpb_wrapper\"><div class=\"section-title  \"  style='color:#212529;' >\n\t\n\t\n\t\n\t\n\t \t<figure> <img decoding=\"async\" src=\"https:\/\/royalfen.com\/wp-content\/themes\/seodo\/images\/section-title-shape.png\" alt=\"Image\"> <\/figure>\n\t\t\n      <h2>Sat\u0131n Alma Sorumlumuz<\/h2>\n  \t\n\t <\/div>\n<div style='color:;' class=\"text-box \" > <h5 style=\"text-align: left;\"><span style=\"color: #008000; font-family: gotham;\">Tayfur YALDIR<\/span><\/h5>\n<hr \/>\n<h6 style=\"text-align: left;\">Tel:\u00a0 <span style=\"color: #99cc00;\">0555 892 11 15\u00a0 &amp;\u00a0 0537 310 35 25<\/span><\/h6>\n<h6 style=\"text-align: left;\">E-mail:\u00a0<span style=\"color: #99cc00;\"><a style=\"color: #99cc00;\" href=\"mailto:tayfur.yaldir@royalfen.com\"> tayfur.yaldir@royalfen.com<\/a><\/span><\/h6>\n <\/div>\n\n<div class=\"vc-zigzag-wrapper vc-zigzag-align-center\"><div class=\"vc-zigzag-inner\" style=\"width: 100%;min-height: 10px;background: 0 repeat-x url(&#039;data:image\/svg+xml;utf-8,%3C%3Fxml%20version%3D%221.0%22%20encoding%3D%22utf-8%22%3F%3E%3C%21DOCTYPE%20svg%20PUBLIC%20%22-%2F%2FW3C%2F%2FDTD%20SVG%201.1%2F%2FEN%22%20%22http%3A%2F%2Fwww.w3.org%2FGraphics%2FSVG%2F1.1%2FDTD%2Fsvg11.dtd%22%3E%3Csvg%20width%3D%2210px%22%20height%3D%228px%22%20viewBox%3D%220%200%2018%2015%22%20version%3D%221.1%22%20xmlns%3D%22http%3A%2F%2Fwww.w3.org%2F2000%2Fsvg%22%20xmlns%3Axlink%3D%22http%3A%2F%2Fwww.w3.org%2F1999%2Fxlink%22%3E%3Cpolygon%20id%3D%22Combined-Shape%22%20fill%3D%22%236dab3c%22%20points%3D%228.98762301%200%200%209.12771969%200%2014.519983%209%205.40479869%2018%2014.519983%2018%209.12771969%22%3E%3C%2Fpolygon%3E%3C%2Fsvg%3E&#039;);\"><\/div><\/div><div class=\"section-title  \"  style='color:#212529;' >\n\t\n\t\n\t\n\t\n\t \t<figure> <img decoding=\"async\" src=\"https:\/\/royalfen.com\/wp-content\/themes\/seodo\/images\/section-title-shape.png\" alt=\"Image\"> <\/figure>\n\t\t\n      <h2>\u00c7ukurova B\u00f6lgesi Sat\u0131\u015f Temsilcimiz<\/h2>\n  \t\n\t <\/div>\n<div style='color:;' class=\"text-box \" > <h5 style=\"text-align: left;\"><span style=\"color: #008000; font-family: gotham;\">Halil \u0130brahim AKKE\u015e<\/span><\/h5>\n<hr \/>\n<h6 style=\"text-align: left;\">Tel:\u00a0 <span style=\"color: #99cc00;\">0542 696 97 28<\/span><\/h6>\n<h6 style=\"text-align: left;\">E-mail:\u00a0<span style=\"color: #99cc00;\"><a style=\"color: #99cc00;\" href=\"mailto:halil.akkes@royalfen.com\"> halil.akkes@royalfen.com<\/a><\/span><\/h6>\n <\/div>\n\n<div class=\"vc-zigzag-wrapper vc-zigzag-align-center\"><div class=\"vc-zigzag-inner\" style=\"width: 100%;min-height: 10px;background: 0 repeat-x url(&#039;data:image\/svg+xml;utf-8,%3C%3Fxml%20version%3D%221.0%22%20encoding%3D%22utf-8%22%3F%3E%3C%21DOCTYPE%20svg%20PUBLIC%20%22-%2F%2FW3C%2F%2FDTD%20SVG%201.1%2F%2FEN%22%20%22http%3A%2F%2Fwww.w3.org%2FGraphics%2FSVG%2F1.1%2FDTD%2Fsvg11.dtd%22%3E%3Csvg%20width%3D%2210px%22%20height%3D%228px%22%20viewBox%3D%220%200%2018%2015%22%20version%3D%221.1%22%20xmlns%3D%22http%3A%2F%2Fwww.w3.org%2F2000%2Fsvg%22%20xmlns%3Axlink%3D%22http%3A%2F%2Fwww.w3.org%2F1999%2Fxlink%22%3E%3Cpolygon%20id%3D%22Combined-Shape%22%20fill%3D%22%236dab3c%22%20points%3D%228.98762301%200%200%209.12771969%200%2014.519983%209%205.40479869%2018%2014.519983%2018%209.12771969%22%3E%3C%2Fpolygon%3E%3C%2Fsvg%3E&#039;);\"><\/div><\/div><div class=\"section-title  \"  style='color:#212529;' >\n\t\n\t\n\t\n\t\n\t \t<figure> <img decoding=\"async\" src=\"https:\/\/royalfen.com\/wp-content\/themes\/seodo\/images\/section-title-shape.png\" alt=\"Image\"> <\/figure>\n\t\t\n    <h6> \u0130stek, dilek ve \u015fikayetleriniz i\u00e7in l\u00fctfen a\u015fa\u011f\u0131daki ileti\u015fim formunu doldurunuz. <\/h6>\n    \t\n\t <\/div>\n<div class=\"vc_row wpb_row vc_inner vc_row-fluid\"><div class=\"wpb_column vc_column_container vc_col-sm-12 vc_col-md-6\"><div class=\"vc_column-inner\"><div class=\"wpb_wrapper\">\n<div class=\"wpcf7 no-js\" id=\"wpcf7-f204-o1\" lang=\"en-US\" dir=\"ltr\" data-wpcf7-id=\"204\">\n<div class=\"screen-reader-response\"><p role=\"status\" aria-live=\"polite\" aria-atomic=\"true\"><\/p> <ul><\/ul><\/div>\n<form action=\"\/tr\/wp-json\/wp\/v2\/pages\/26#wpcf7-f204-o1\" method=\"post\" class=\"wpcf7-form init\" aria-label=\"Contact form\" novalidate=\"novalidate\" data-status=\"init\">\n<fieldset class=\"hidden-fields-container\"><input type=\"hidden\" name=\"_wpcf7\" value=\"204\" \/><input type=\"hidden\" name=\"_wpcf7_version\" value=\"6.1.5\" \/><input type=\"hidden\" name=\"_wpcf7_locale\" value=\"en_US\" \/><input type=\"hidden\" name=\"_wpcf7_unit_tag\" value=\"wpcf7-f204-o1\" \/><input type=\"hidden\" name=\"_wpcf7_container_post\" value=\"0\" \/><input type=\"hidden\" name=\"_wpcf7_posted_data_hash\" value=\"\" \/>\n<\/fieldset>\n<div class=\"contact-form\">\n\t<div class=\"form-group\">\n\t\t<p><input type=\"text\" placeholder=\"Ad\u0131n\u0131z\" \/>\n\t\t<\/p>\n\t<\/div>\n\t<div class=\"form-group\">\n\t\t<p><input type=\"text\" placeholder=\"Mail Adresiniz\" \/>\n\t\t<\/p>\n\t<\/div>\n\t<div class=\"form-group\">\n\t\t<p><input type=\"text\" placeholder=\"Konu\" \/>\n\t\t<\/p>\n\t<\/div>\n\t<div class=\"form-group\">\n\t\t<p><textarea placeholder=\"Mesaj\u0131n\u0131z\"><\/textarea>\n\t\t<\/p>\n\t<\/div>\n\t<div class=\"form-group\">\n\t\t<p><input type=\"submit\" value=\"MESAJ G\u00d6NDER\" \/>\n\t\t<\/p>\n\t<\/div>\n<\/div><p style=\"display: none !important;\" class=\"akismet-fields-container\" data-prefix=\"_wpcf7_ak_\"><label>&#916;<textarea name=\"_wpcf7_ak_hp_textarea\" cols=\"45\" rows=\"8\" maxlength=\"100\"><\/textarea><\/label><input type=\"hidden\" id=\"ak_js_1\" name=\"_wpcf7_ak_js\" value=\"92\"\/><script>document.getElementById( \"ak_js_1\" ).setAttribute( \"value\", ( new Date() ).getTime() );<\/script><\/p><div class=\"wpcf7-response-output\" aria-hidden=\"true\"><\/div>\n<\/form>\n<\/div>\n<\/div><\/div><\/div><div class=\"wpb_column vc_column_container vc_col-sm-12 vc_col-md-6\"><div class=\"vc_column-inner\"><div class=\"wpb_wrapper\"><div class=\"contact-box \" >\n  <figure><img decoding=\"async\" src=\"https:\/\/royalfen.com\/wp-content\/uploads\/2020\/10\/contact-icon01.png\" alt=\"contact-icon01\"> <\/figure>\n  <div class=\"content\">\n    <h6>Telefon<\/h6>\n    <p>+90 530 243 74 03<\/p>\n  <\/div>\n<\/div>\n<div class=\"contact-box \" >\n  <figure><img decoding=\"async\" src=\"https:\/\/royalfen.com\/wp-content\/uploads\/2020\/10\/contact-icon02.png\" alt=\"contact-icon02\"> <\/figure>\n  <div class=\"content\">\n    <h6>E-mail<\/h6>\n    <p>cs@royalfen.com<\/p>\n  <\/div>\n<\/div>\n<div class=\"contact-box \" >\n  <figure><img decoding=\"async\" src=\"https:\/\/royalfen.com\/wp-content\/uploads\/2020\/10\/contact-icon03.png\" alt=\"contact-icon03\"> <\/figure>\n  <div class=\"content\">\n    <h6>Merkez Ofis<\/h6>\n    <p>\u00c7\u0131narl\u0131 Mahallesi 61027 Sk. Sunar Nuri \u00c7omu \u0130\u015f Merkezi B Blok No:16 \/106 Seyhan ADANA<\/p>\n  <\/div>\n<\/div>\n<\/div><\/div><\/div><\/div><\/div><\/div><\/div><\/div><\/div><\/section><section  class=\"content-section no-spacing\" ><div class=\"vc_row wpb_row vc_row-fluid vc_custom_1603818230001\"><div class=\"wpb_column vc_column_container vc_col-sm-12\"><div class=\"vc_column-inner vc_custom_1603865812052\"><div class=\"wpb_wrapper\">            <div class=\"google-maps \" >\n\t\t\t\t\n\t\t\t\n                <iframe src=\"https:\/\/www.google.com\/maps\/embed?pb=!1m18!1m12!1m3!1d3186.665416888099!2d35.318826115295295!3d36.993918879909074!2m3!1f0!2f0!3f0!3m2!1i1024!2i768!4f13.1!3m3!1m2!1s0x15288f4330902d3b%3A0x75aac7a9429eccc3!2zw4dvbXUgxLDFnyB2ZSBBbMSxxZ92ZXJpxZ8gTWVya2V6aQ!5e0!3m2!1str!2str!4v1638948900465!5m2!1str!2str\" width=\"100%\" height=\"520px\" frameborder=\"0\" allowfullscreen><\/iframe>\n            <\/div>\n\n\t\t\t<\/div><\/div><\/div><\/div><\/section><section  class=\"content-section\" ><div class=\"vc_row wpb_row vc_row-fluid\"><div class=\"wpb_column vc_column_container vc_col-sm-6\"><div class=\"vc_column-inner\"><div class=\"wpb_wrapper\"><div class=\"contact-box \" >\n  <figure><img decoding=\"async\" src=\"https:\/\/royalfen.com\/wp-content\/uploads\/2020\/10\/contact-icon03.png\" alt=\"contact-icon03\"> <\/figure>\n  <div class=\"content\">\n    <h6>B\u00f6lge M\u00fcd\u00fcrl\u00fc\u011f\u00fc<\/h6>\n    <p>\u00c7\u0131narl\u0131 Mahallesi 61027 Sk. Sunar Nuri \u00c7omu \u0130\u015f Merkezi B Blok No:16 \/106 Seyhan ADANA<\/p>\n  <\/div>\n<\/div>\n<\/div><\/div><\/div><div class=\"wpb_column vc_column_container vc_col-sm-6\"><div class=\"vc_column-inner\"><div class=\"wpb_wrapper\"><div class=\"contact-box \" >\n  <figure><img decoding=\"async\" src=\"https:\/\/royalfen.com\/wp-content\/uploads\/2020\/10\/contact-icon03.png\" alt=\"contact-icon03\"> <\/figure>\n  <div class=\"content\">\n    <h6>Fabrika Genel M\u00fcd\u00fcrl\u00fck<\/h6>\n    <p>Ni\u011fde Bor Karma ve Deri \u0130htisas Osb 17. Nolu yol No:3 Bor\/Ni\u011fde<\/p>\n  <\/div>\n<\/div>\n<\/div><\/div><\/div><\/div><\/section>\n<\/div>","protected":false},"excerpt":{"rendered":"Sat\u0131n Alma Sorumlumuz Tayfur YALDIR Tel:\u00a0 0555 892 11 15\u00a0 &amp;\u00a0 0537 310 35 25 E-mail:\u00a0 tayfur.yaldir@royalfen.com \u00c7ukurova B\u00f6lgesi Sat\u0131\u015f Temsilcimiz Halil \u0130brahim AKKE\u015e Tel:\u00a0 0542 696 97 28 E-mail:\u00a0 halil.akkes@royalfen.com \u0130stek, dilek ve \u015fikayetleriniz i\u00e7in l\u00fctfen a\u015fa\u011f\u0131daki ileti\u015fim formunu doldurunuz. &#916; Telefon +90 530 243 74 03 E-mail cs@royalfen.com Merkez Ofis \u00c7\u0131narl\u0131 Mahallesi 61027 [...]","protected":false},"author":1,"featured_media":0,"parent":0,"menu_order":0,"comment_status":"closed","ping_status":"closed","template":"page-builder.php","meta":{"footnotes":""},"class_list":["post-26","page","type-page","status-publish","hentry"],"_links":{"self":[{"href":"https:\/\/royalfen.com\/tr\/wp-json\/wp\/v2\/pages\/26","targetHints":{"allow":["GET"]}}],"collection":[{"href":"https:\/\/royalfen.com\/tr\/wp-json\/wp\/v2\/pages"}],"about":[{"href":"https:\/\/royalfen.com\/tr\/wp-json\/wp\/v2\/types\/page"}],"author":[{"embeddable":true,"href":"https:\/\/royalfen.com\/tr\/wp-json\/wp\/v2\/users\/1"}],"replies":[{"embeddable":true,"href":"https:\/\/royalfen.com\/tr\/wp-json\/wp\/v2\/comments?post=26"}],"version-history":[{"count":44,"href":"https:\/\/royalfen.com\/tr\/wp-json\/wp\/v2\/pages\/26\/revisions"}],"predecessor-version":[{"id":2551,"href":"https:\/\/royalfen.com\/tr\/wp-json\/wp\/v2\/pages\/26\/revisions\/2551"}],"wp:attachment":[{"href":"https:\/\/royalfen.com\/tr\/wp-json\/wp\/v2\/media?parent=26"}],"curies":[{"name":"wp","href":"https:\/\/api.w.org\/{rel}","templated":true}]}}