{"id":9,"date":"2020-10-27T05:02:39","date_gmt":"2020-10-27T05:02:39","guid":{"rendered":"http:\/\/seodo.themezinho.net\/?page_id=9"},"modified":"2025-01-24T11:31:44","modified_gmt":"2025-01-24T08:31:44","slug":"what-we-offer","status":"publish","type":"page","link":"https:\/\/royalfen.com\/tr\/","title":{"rendered":"Home"},"content":{"rendered":"<div class=\"wpb-content-wrapper\"><section  class=\"content-section no-spacing\" ><div class=\"vc_row wpb_row vc_row-fluid vc_custom_1603778328251\"><div class=\"wpb_column vc_column_container vc_col-sm-12\"><div class=\"vc_column-inner vc_custom_1603778320534\"><div class=\"wpb_wrapper\"><header class=\"header\">\n  <div class=\"main-slider\">\n    <div class=\"swiper-wrapper\">\n            <div class=\"swiper-slide\">\n        <div class=\"slide-image\" data-background=\"https:\/\/royalfen.com\/wp-content\/uploads\/2020\/10\/slide01.jpg\"><\/div>\n        <!-- end slider-image -->\n        <div class=\"slide-inner\">\n          <h1>\n            ROYAL-FEN          <\/h1>\n          <p>\n            ROYAL-FEN, \u00e7ift\u00e7imize her alanda destek olmaya devam ediyor.          <\/p>\n                    <a href=\"\/hakkimizda\"> DAHA FAZLASINI KE\u015eFET<\/a>\n                  <\/div>\n        <!-- end slide-inner --> \n      <\/div>\n      <!-- end swiper-slide -->\n            <div class=\"swiper-slide\">\n        <div class=\"slide-image\" data-background=\"https:\/\/royalfen.com\/wp-content\/uploads\/2020\/10\/slide02.jpg\"><\/div>\n        <!-- end slider-image -->\n        <div class=\"slide-inner\">\n          <h1>\n            \u0130NSEKT\u0130S\u0130TLER          <\/h1>\n          <p>\n            K\u0130M KORKAR KURTTAN!          <\/p>\n                    <a href=\"\/urunlerimiz\"> \u00dcR\u00dcNLER\u0130 \u0130NCELE<\/a>\n                  <\/div>\n        <!-- end slide-inner --> \n      <\/div>\n      <!-- end swiper-slide -->\n            <div class=\"swiper-slide\">\n        <div class=\"slide-image\" data-background=\"https:\/\/royalfen.com\/wp-content\/uploads\/2020\/10\/slide03.jpg\"><\/div>\n        <!-- end slider-image -->\n        <div class=\"slide-inner\">\n          <h1>\n            FUNGUS\u0130TLER          <\/h1>\n          <p>\n            MANTARSIZ SA\u011eLIKLI \u00dcR\u00dcNLER!          <\/p>\n                    <a href=\"\/urunlerimiz\"> \u00dcR\u00dcNLER\u0130 \u0130NCELE<\/a>\n                  <\/div>\n        <!-- end slide-inner --> \n      <\/div>\n      <!-- end swiper-slide -->\n            <div class=\"swiper-slide\">\n        <div class=\"slide-image\" data-background=\"https:\/\/royalfen.com\/wp-content\/uploads\/2020\/10\/highlight02.jpg\"><\/div>\n        <!-- end slider-image -->\n        <div class=\"slide-inner\">\n          <h1>\n            HERB\u0130S\u0130TLER          <\/h1>\n          <p>\n            YABANCI OTLARA GE\u00c7\u0130T YOK!          <\/p>\n                    <a href=\"\/urunlerimiz\"> \u00dcR\u00dcNLER\u0130 \u0130NCELE<\/a>\n                  <\/div>\n        <!-- end slide-inner --> \n      <\/div>\n      <!-- end swiper-slide -->\n          <\/div>\n    <!-- end swiper-wrapper -->\n    <div class=\"button-prev\"><i class=\"lni lni-chevron-left\"><\/i><\/div>\n    <!-- end button-prev -->\n    <div class=\"button-next\"><i class=\"lni lni-chevron-right\"><\/i><\/div>\n    <!-- end button-next -->\n    <div class=\"swiper-pagination\"><\/div>\n    <!-- end swiper-pagination -->\n\t  \n   \n      <\/div>\n  <!-- end main-slider --> \n  \n<\/header>\n<\/div><\/div><\/div><\/div><\/section><section  class=\"content-section\" ><div class=\"vc_row wpb_row vc_row-fluid\"><div class=\"wpb_column vc_column_container vc_col-sm-4\"><div class=\"vc_column-inner\"><div class=\"wpb_wrapper\"><\/div><\/div><\/div><div class=\"wpb_column vc_column_container vc_col-sm-4\"><div class=\"vc_column-inner\"><div class=\"wpb_wrapper\">\n\n\n\n<div class=\"side-content left wow bounceInUp\" >\n  \t<h2 style=\"text-align: left;\"><span style=\"font-size: 12pt;\">\u00dcr\u00fcn ismi, aktif madde veya form\u00fclasyon arat\u0131n&#8230;<\/span><\/h2>\n      <\/div>\n<div  class=\"vc_wp_search wpb_content_element Arama\"><div class=\"widget widget_search\"><form role=\"search\" method=\"get\" class=\"search-form\" action=\"https:\/\/royalfen.com\/tr\/\">\n\t\t\t\t<label>\n\t\t\t\t\t<span class=\"screen-reader-text\">Arama:<\/span>\n\t\t\t\t\t<input type=\"search\" class=\"search-field\" placeholder=\"Ara &hellip;\" value=\"\" name=\"s\" data-swplive=\"true\" data-swpengine=\"default\" data-swpconfig=\"default\" \/>\n\t\t\t\t<\/label>\n\t\t\t\t<input type=\"submit\" class=\"search-submit\" value=\"Ara\" \/>\n\t\t\t<\/form><\/div><\/div><\/div><\/div><\/div><div class=\"wpb_column vc_column_container vc_col-sm-4\"><div class=\"vc_column-inner\"><div class=\"wpb_wrapper\"><\/div><\/div><\/div><\/div><\/section><section  class=\"content-section no-spacing\" ><div class=\"container\"><div class=\"vc_row wpb_row vc_row-fluid vc_custom_1603961915955 vc_row-o-content-middle vc_row-flex\"><div class=\"wpb_column vc_column_container vc_col-sm-12 vc_col-md-6\"><div class=\"vc_column-inner\"><div class=\"wpb_wrapper\">\n\n\n\n<div class=\"side-content left wow bounceInLeft\" >\n  \t<h2>ROYAL-FEN<\/h2>\n<h6>Royal-Fen, geni\u015f \u00fcr\u00fcn yelpazesi ile \u00e7ift\u00e7imize her alanda destek olmaya devam ediyor&#8230;<\/h6>\n<p>2011 y\u0131l\u0131nda \u00c7ukurova&#8217;n\u0131n kalbi Adana&#8217;da kurulan Royal-Fen; tar\u0131m ilac\u0131, bitki besleme \u00fcr\u00fcnleri ve bitki geli\u015fim d\u00fczenleyicileri form\u00fclasyonunda faaliyet g\u00f6stermektedir. Yurt \u00e7ap\u0131ndaki geni\u015f sat\u0131\u015f a\u011f\u0131 b\u00fcy\u00fcmeye devam etmektedir.<\/p>\n      <a href=\"\/hakkimizda\" class=\"custom-button\">DAHA FAZLASINI KE\u015eFET<\/a>\n    <\/div>\n<\/div><\/div><\/div><div class=\"wpb_column vc_column_container vc_col-sm-12 vc_col-md-6\"><div class=\"vc_column-inner\"><div class=\"wpb_wrapper\"><div class=\"side-slider wow bounceInRight\" >\n\t<div class=\"slider\">\n  <div class=\"swiper-wrapper\">\n            <div class=\"swiper-slide\"> <img decoding=\"async\" src=\"https:\/\/royalfen.com\/wp-content\/uploads\/2020\/10\/side-slide01.jpg\" alt=\"Image\"> <\/div>\n                <div class=\"swiper-slide\"> <img decoding=\"async\" src=\"https:\/\/royalfen.com\/wp-content\/uploads\/2020\/10\/side-slide02.jpg\" alt=\"Image\"> <\/div>\n                <div class=\"swiper-slide\"> <img decoding=\"async\" src=\"https:\/\/royalfen.com\/wp-content\/uploads\/2020\/10\/side-slide03.jpg\" alt=\"Image\"> <\/div>\n          <\/div>\n  <!-- end swiper-wrapper -->\n  <div class=\"swiper-pagination\"><\/div>\n  <!-- end swiper-pagination --> \n\t\n\t\t \t\t<div class=\"note-box\">\n  S\u00fcrekli ve Kaliteli \u00dcr\u00fcnler\t\t<\/div>\n  \t\t\n       \n\t\t<\/div>\n\t<!-- end slider -->\n<\/div>\n<!-- end side-slider -->\n\n<\/div><\/div><\/div><\/div><\/div><\/section><section  class=\"content-section\" ><div class=\"container\"><div class=\"vc_row wpb_row vc_row-fluid vc_row-o-content-bottom vc_row-flex\"><div class=\"wpb_column vc_column_container vc_col-sm-4\"><div class=\"vc_column-inner\"><div class=\"wpb_wrapper\"><div class=\"image-content-box wow bounceInUp\" >\n    <h5>Misyonumuz<\/h5>\n    <figure><a href=\"\/hakkimizda\"> <img decoding=\"async\" src=\"https:\/\/royalfen.com\/wp-content\/uploads\/2020\/10\/image-box01.jpg\" alt=\"image-box01\"><\/a> <\/figure>\n    <p>M\u00fc\u015fterilerimize s\u00fcrekli ve kaliteli \u00fcr\u00fcn verebilmek amac\u0131yla \u00e7\u0131kt\u0131\u011f\u0131m\u0131z bu yolda g\u00fcn\u00fcm\u00fcz\u00fcn de\u011fi\u015fen \u015fartlar\u0131nda s\u00fcrekli kendimizi geli\u015ftirerek, pazardaki yenilikleri ve gereklerini benimseyerek \u00e7al\u0131\u015fmalar\u0131m\u0131z\u0131 s\u00fcrd\u00fcr\u00fcyoruz.<\/p>\n  <\/div>\n<\/div><\/div><\/div><div class=\"wpb_column vc_column_container vc_col-sm-4\"><div class=\"vc_column-inner\"><div class=\"wpb_wrapper\"><div class=\"image-content-box wow bounceInUp\" >\n    <h5>\u00c7evre Dostu<\/h5>\n    <figure><a href=\"\/hakkimizda\"> <img decoding=\"async\" src=\"https:\/\/royalfen.com\/wp-content\/uploads\/2020\/10\/image-box02.jpg\" alt=\"image-box02\"><\/a> <\/figure>\n    <p>D\u00fcnyam\u0131z\u0131 daha ya\u015fan\u0131labilir k\u0131lmak i\u00e7in \u00fczerimize d\u00fc\u015fen sorumlulukar\u0131 yerine getirerek, \u00fcz\u00fcnlerimizde geri d\u00f6n\u00fc\u015f\u00fcm\u00fc m\u00fcmk\u00fcn malzemeler tercih ediyoruz.<\/p>\n  <\/div>\n<\/div><\/div><\/div><div class=\"wpb_column vc_column_container vc_col-sm-4\"><div class=\"vc_column-inner\"><div class=\"wpb_wrapper\"><div class=\"image-content-box wow bounceInUp\" >\n    <h5>Sat\u0131\u015f A\u011f\u0131<\/h5>\n    <figure><a href=\"\/hakkimizda\"> <img decoding=\"async\" src=\"https:\/\/royalfen.com\/wp-content\/uploads\/2020\/10\/image-box03.jpg\" alt=\"image-box03\"><\/a> <\/figure>\n    <p>Yurt \u00e7ap\u0131nda yayg\u0131n sat\u0131\u015f a\u011f\u0131m\u0131zla \u00fcreticilerimize h\u0131zl\u0131 ve g\u00fcvenli bir \u015fekilde ula\u015f\u0131yoruz.<\/p>\n  <\/div>\n<\/div><\/div><\/div><\/div><\/div><\/section><section  class=\"content-section bg-image no-spacing\" style=\"background: url(https:\/\/royalfen.com\/wp-content\/uploads\/2020\/10\/section-image01.jpg) center no-repeat; \"><div class=\"container\"><div class=\"vc_row wpb_row vc_row-fluid vc_custom_1603784920571\"><div class=\"wpb_column vc_column_container vc_col-sm-12\"><div class=\"vc_column-inner\"><div class=\"wpb_wrapper\"><div class=\"vc_row wpb_row vc_inner vc_row-fluid\"><div class=\"wpb_column vc_column_container vc_col-sm-9 vc_col-md-6\"><div class=\"vc_column-inner\"><div class=\"wpb_wrapper\"><div class=\"services-list-box wow bounceInUp\" >\n    <h5> NELER YAPIYORUZ ? <\/h5>\n      <h2>\u00dcr\u00fcnlerimiz<\/h2>\n    <ul>\n            <li>\n      <figure> <img decoding=\"async\" src=\"https:\/\/royalfen.com\/wp-content\/uploads\/2020\/10\/icon05.png\" alt=\"\u0130nsektisitler\"><\/figure>\n      <div class=\"content\">\n                <h6>\u0130nsektisitler<\/h6>\n                        <p>B\u00f6ceklerle m\u00fccadelede kullan\u0131lan insektisitler, k\u00fclt\u00fcr bitkilerinde s\u0131kl\u0131kla g\u00f6r\u00fclen zararl\u0131lara kar\u015f\u0131 etkin m\u00fccadele sa\u011flayan ila\u00e7lar, ekinlerin hastalanmas\u0131, hastal\u0131klar\u0131n yay\u0131lmas\u0131 i\u00e7in \u00f6nleyici ila\u00e7lard\u0131r.<\/p>\n              <\/div>\n      <!-- end content --> \n    <\/li>\n                <li>\n      <figure> <img decoding=\"async\" src=\"https:\/\/royalfen.com\/wp-content\/uploads\/2020\/10\/icon09.png\" alt=\"Fungusitler\"><\/figure>\n      <div class=\"content\">\n                <h6>Fungusitler<\/h6>\n                        <p>Mantarlar\u0131, mantar sporlar\u0131n\u0131 ya da mantar enfeksiyonlar\u0131n\u0131 \u00f6ld\u00fcrmek, b\u00fcy\u00fcmesini engellemek ad\u0131na kullan\u0131lan mantar ila\u00e7lar\u0131d\u0131r.<\/p>\n              <\/div>\n      <!-- end content --> \n    <\/li>\n                <li>\n      <figure> <img decoding=\"async\" src=\"https:\/\/royalfen.com\/wp-content\/uploads\/2020\/10\/icon01.png\" alt=\"Herbisitler\"><\/figure>\n      <div class=\"content\">\n                <h6>Herbisitler<\/h6>\n                        <p>Herbisit, yabanc\u0131 otlar\u0131n b\u00fcy\u00fcmesi, kontrol\u00fc ve \u00f6ld\u00fcr\u00fclmesi i\u00e7in kullan\u0131lan, en uygun maliyetli y\u00f6ntemlerden biridir.<\/p>\n              <\/div>\n      <!-- end content --> \n    <\/li>\n                <li>\n      <figure> <img decoding=\"async\" src=\"https:\/\/royalfen.com\/wp-content\/uploads\/2020\/10\/icon08.png\" alt=\"Akarisitler\"><\/figure>\n      <div class=\"content\">\n                <h6>Akarisitler<\/h6>\n                        <p>Akarisitler, kene ve akarlar\u0131 i\u00e7eren araknid alt s\u0131n\u0131f\u0131 Acari \u00fcyelerini \u00f6ld\u00fcren pestisitlerdir.<\/p>\n              <\/div>\n      <!-- end content --> \n    <\/li>\n          <\/ul>\n<\/div>\n\n<\/div><\/div><\/div><\/div><\/div><\/div><\/div><\/div><\/div><\/section><section  class=\"content-section\" ><div class=\"container\"><div class=\"vc_row wpb_row vc_row-fluid\"><div class=\"wpb_column vc_column_container vc_col-sm-1\/5\"><div class=\"vc_column-inner\"><div class=\"wpb_wrapper\"><div class=\"counter-box \" >\n    <span class=\"odometer\" data-count=\"26\" data-status=\"yes\">0<\/span>\n      <h6> \u0130NSEKT\u0130S\u0130TLER <\/h6>\n    <figure> <img decoding=\"async\" src=\"https:\/\/royalfen.com\/wp-content\/uploads\/2020\/10\/counter-icon.png\" alt=\"\u0130NSEKT\u0130S\u0130TLER\"> <\/figure>\n<\/div>\n<\/div><\/div><\/div><div class=\"wpb_column vc_column_container vc_col-sm-1\/5\"><div class=\"vc_column-inner\"><div class=\"wpb_wrapper\"><div class=\"counter-box \" >\n    <span class=\"odometer\" data-count=\"20\" data-status=\"yes\">0<\/span>\n      <h6> FUNGUS\u0130TLER <\/h6>\n    <figure> <img decoding=\"async\" src=\"https:\/\/royalfen.com\/wp-content\/uploads\/2020\/10\/counter-icon.png\" alt=\"FUNGUS\u0130TLER\"> <\/figure>\n<\/div>\n<\/div><\/div><\/div><div class=\"wpb_column vc_column_container vc_col-sm-1\/5\"><div class=\"vc_column-inner\"><div class=\"wpb_wrapper\"><div class=\"counter-box \" >\n    <span class=\"odometer\" data-count=\"31\" data-status=\"yes\">0<\/span>\n      <h6> HERB\u0130S\u0130TLER <\/h6>\n    <figure> <img decoding=\"async\" src=\"https:\/\/royalfen.com\/wp-content\/uploads\/2020\/10\/counter-icon.png\" alt=\"HERB\u0130S\u0130TLER\"> <\/figure>\n<\/div>\n<\/div><\/div><\/div><div class=\"wpb_column vc_column_container vc_col-sm-1\/5\"><div class=\"vc_column-inner\"><div class=\"wpb_wrapper\"><div class=\"counter-box \" >\n    <span class=\"odometer\" data-count=\"8\" data-status=\"yes\">0<\/span>\n      <h6> AKAR\u0130S\u0130TLER <\/h6>\n    <figure> <img decoding=\"async\" src=\"https:\/\/royalfen.com\/wp-content\/uploads\/2020\/10\/counter-icon.png\" alt=\"AKAR\u0130S\u0130TLER\"> <\/figure>\n<\/div>\n<\/div><\/div><\/div><div class=\"wpb_column vc_column_container vc_col-sm-1\/5\"><div class=\"vc_column-inner\"><div class=\"wpb_wrapper\"><div class=\"counter-box \" >\n    <span class=\"odometer\" data-count=\"8\" data-status=\"yes\">0<\/span>\n      <h6> BGD ve D\u0130\u011eERLER\u0130 <\/h6>\n    <figure> <img decoding=\"async\" src=\"https:\/\/royalfen.com\/wp-content\/uploads\/2020\/10\/counter-icon.png\" alt=\"BGD ve D\u0130\u011eERLER\u0130\"> <\/figure>\n<\/div>\n<\/div><\/div><\/div><\/div><\/div><\/section><section  class=\"content-section\" style=\"background-color: #fbf7f4;\"><div class=\"vc_row wpb_row vc_row-fluid vc_custom_1603784410116\"><div class=\"wpb_column vc_column_container vc_col-sm-12\"><div class=\"vc_column-inner vc_custom_1603784416352\"><div class=\"wpb_wrapper\"><div class=\"container\"><div class=\"vc_row wpb_row vc_inner vc_row-fluid\"><div class=\"wpb_column vc_column_container vc_col-sm-12\"><div class=\"vc_column-inner\"><div class=\"wpb_wrapper\"><div class=\"woocommerce columns-4 \"><ul class=\"products columns-4\">\n<li class=\"product type-product post-2088 status-publish first instock product_cat-azerbaycan product_cat-azerbaycan-herbisit product_cat-turkmenistan product_cat-turkmenistan-herbisit has-post-thumbnail shipping-taxable product-type-simple\">\n\t<a href=\"https:\/\/royalfen.com\/tr\/urun\/zeta-of-120\/\" class=\"woocommerce-LoopProduct-link woocommerce-loop-product__link\"><img fetchpriority=\"high\" decoding=\"async\" width=\"300\" height=\"300\" src=\"https:\/\/royalfen.com\/wp-content\/uploads\/2024\/01\/zeta-of-120-1L--300x300.png\" class=\"attachment-woocommerce_thumbnail size-woocommerce_thumbnail\" alt=\"ZETA OF 120\" srcset=\"https:\/\/royalfen.com\/wp-content\/uploads\/2024\/01\/zeta-of-120-1L--300x300.png 300w, https:\/\/royalfen.com\/wp-content\/uploads\/2024\/01\/zeta-of-120-1L--150x150.png 150w, https:\/\/royalfen.com\/wp-content\/uploads\/2024\/01\/zeta-of-120-1L--768x768.png 768w, https:\/\/royalfen.com\/wp-content\/uploads\/2024\/01\/zeta-of-120-1L--12x12.png 12w, https:\/\/royalfen.com\/wp-content\/uploads\/2024\/01\/zeta-of-120-1L--600x600.png 600w, https:\/\/royalfen.com\/wp-content\/uploads\/2024\/01\/zeta-of-120-1L--100x100.png 100w, https:\/\/royalfen.com\/wp-content\/uploads\/2024\/01\/zeta-of-120-1L-.png 1000w\" sizes=\"(max-width: 300px) 100vw, 300px\" \/><h2 class=\"woocommerce-loop-product__title\">ZETA OF 120<\/h2>\n<\/a><a href=\"https:\/\/royalfen.com\/tr\/urun\/zeta-of-120\/\" aria-describedby=\"woocommerce_loop_add_to_cart_link_describedby_2088\" data-quantity=\"1\" class=\"button product_type_simple\" data-product_id=\"2088\" data-product_sku=\"\" aria-label=\"&ldquo;ZETA OF 120&rdquo; hakk\u0131nda daha fazla bilgi edinin\" rel=\"nofollow\" data-success_message=\"\">Devam\u0131n\u0131 oku<\/a>\t<span id=\"woocommerce_loop_add_to_cart_link_describedby_2088\" class=\"screen-reader-text\">\n\t\t\t<\/span>\n<\/li>\n<li class=\"product type-product post-523 status-publish instock product_cat-azerbaycan product_cat-azerbaycan-insektisit product_cat-insektisitler product_cat-turkiye product_cat-turkiye-insektisit product_cat-turkmenistan product_cat-turkmenistan-insektisit has-post-thumbnail shipping-taxable product-type-simple\">\n\t<a href=\"https:\/\/royalfen.com\/tr\/urun\/zepplin-100-ec\/\" class=\"woocommerce-LoopProduct-link woocommerce-loop-product__link\"><img decoding=\"async\" width=\"300\" height=\"300\" src=\"https:\/\/royalfen.com\/wp-content\/uploads\/2021\/10\/zepplin-1L--300x300.png\" class=\"attachment-woocommerce_thumbnail size-woocommerce_thumbnail\" alt=\"ZEPPL\u0130N 100 EC\" srcset=\"https:\/\/royalfen.com\/wp-content\/uploads\/2021\/10\/zepplin-1L--300x300.png 300w, https:\/\/royalfen.com\/wp-content\/uploads\/2021\/10\/zepplin-1L--150x150.png 150w, https:\/\/royalfen.com\/wp-content\/uploads\/2021\/10\/zepplin-1L--768x768.png 768w, https:\/\/royalfen.com\/wp-content\/uploads\/2021\/10\/zepplin-1L--12x12.png 12w, https:\/\/royalfen.com\/wp-content\/uploads\/2021\/10\/zepplin-1L--600x600.png 600w, https:\/\/royalfen.com\/wp-content\/uploads\/2021\/10\/zepplin-1L--100x100.png 100w, https:\/\/royalfen.com\/wp-content\/uploads\/2021\/10\/zepplin-1L-.png 1000w\" sizes=\"(max-width: 300px) 100vw, 300px\" \/><h2 class=\"woocommerce-loop-product__title\">ZEPPL\u0130N 100 EC<\/h2>\n<\/a><a href=\"https:\/\/royalfen.com\/tr\/urun\/zepplin-100-ec\/\" aria-describedby=\"woocommerce_loop_add_to_cart_link_describedby_523\" data-quantity=\"1\" class=\"button product_type_simple\" data-product_id=\"523\" data-product_sku=\"\" aria-label=\"&ldquo;ZEPPL\u0130N 100 EC&rdquo; hakk\u0131nda daha fazla bilgi edinin\" rel=\"nofollow\" data-success_message=\"\">Devam\u0131n\u0131 oku<\/a>\t<span id=\"woocommerce_loop_add_to_cart_link_describedby_523\" class=\"screen-reader-text\">\n\t\t\t<\/span>\n<\/li>\n<li class=\"product type-product post-1292 status-publish instock product_cat-akarisitlermollusitler product_cat-azerbaycan product_cat-azerbaycan-akarisit product_cat-azerbaycan-insektisit product_cat-insektisitler product_cat-turkmenistan product_cat-turkmenistan-akarisit product_cat-turkmenistan-insektisit has-post-thumbnail shipping-taxable product-type-simple\">\n\t<a href=\"https:\/\/royalfen.com\/tr\/urun\/venmectin-sc\/\" class=\"woocommerce-LoopProduct-link woocommerce-loop-product__link\"><img decoding=\"async\" width=\"300\" height=\"300\" src=\"https:\/\/royalfen.com\/wp-content\/uploads\/2024\/01\/venmectin-1L-300x300.png\" class=\"attachment-woocommerce_thumbnail size-woocommerce_thumbnail\" alt=\"VENMECT\u0130N SC\" srcset=\"https:\/\/royalfen.com\/wp-content\/uploads\/2024\/01\/venmectin-1L-300x300.png 300w, https:\/\/royalfen.com\/wp-content\/uploads\/2024\/01\/venmectin-1L-150x150.png 150w, https:\/\/royalfen.com\/wp-content\/uploads\/2024\/01\/venmectin-1L-768x768.png 768w, https:\/\/royalfen.com\/wp-content\/uploads\/2024\/01\/venmectin-1L-12x12.png 12w, https:\/\/royalfen.com\/wp-content\/uploads\/2024\/01\/venmectin-1L-600x600.png 600w, https:\/\/royalfen.com\/wp-content\/uploads\/2024\/01\/venmectin-1L-100x100.png 100w, https:\/\/royalfen.com\/wp-content\/uploads\/2024\/01\/venmectin-1L.png 1000w\" sizes=\"(max-width: 300px) 100vw, 300px\" \/><h2 class=\"woocommerce-loop-product__title\">VENMECT\u0130N SC<\/h2>\n<\/a><a href=\"https:\/\/royalfen.com\/tr\/urun\/venmectin-sc\/\" aria-describedby=\"woocommerce_loop_add_to_cart_link_describedby_1292\" data-quantity=\"1\" class=\"button product_type_simple\" data-product_id=\"1292\" data-product_sku=\"\" aria-label=\"&ldquo;VENMECT\u0130N SC&rdquo; hakk\u0131nda daha fazla bilgi edinin\" rel=\"nofollow\" data-success_message=\"\">Devam\u0131n\u0131 oku<\/a>\t<span id=\"woocommerce_loop_add_to_cart_link_describedby_1292\" class=\"screen-reader-text\">\n\t\t\t<\/span>\n<\/li>\n<li class=\"product type-product post-522 status-publish last instock product_cat-azerbaycan product_cat-azerbaycan-insektisit product_cat-insektisitler product_cat-kirgizistan product_cat-kirgizistan-insektisit product_cat-ozbekistan product_cat-ozbekistan-insektisit product_cat-turkmenistan product_cat-turkmenistan-insektisit has-post-thumbnail shipping-taxable product-type-simple\">\n\t<a href=\"https:\/\/royalfen.com\/tr\/urun\/tepplan-wg\/\" class=\"woocommerce-LoopProduct-link woocommerce-loop-product__link\"><img loading=\"lazy\" decoding=\"async\" width=\"300\" height=\"300\" src=\"https:\/\/royalfen.com\/wp-content\/uploads\/2021\/10\/tepplan-500-gr-300x300.png\" class=\"attachment-woocommerce_thumbnail size-woocommerce_thumbnail\" alt=\"TEPPLAN WG\" srcset=\"https:\/\/royalfen.com\/wp-content\/uploads\/2021\/10\/tepplan-500-gr-300x300.png 300w, https:\/\/royalfen.com\/wp-content\/uploads\/2021\/10\/tepplan-500-gr-150x150.png 150w, https:\/\/royalfen.com\/wp-content\/uploads\/2021\/10\/tepplan-500-gr-768x768.png 768w, https:\/\/royalfen.com\/wp-content\/uploads\/2021\/10\/tepplan-500-gr-12x12.png 12w, https:\/\/royalfen.com\/wp-content\/uploads\/2021\/10\/tepplan-500-gr-600x600.png 600w, https:\/\/royalfen.com\/wp-content\/uploads\/2021\/10\/tepplan-500-gr-100x100.png 100w, https:\/\/royalfen.com\/wp-content\/uploads\/2021\/10\/tepplan-500-gr.png 1000w\" sizes=\"(max-width: 300px) 100vw, 300px\" \/><h2 class=\"woocommerce-loop-product__title\">TEPPLAN WG<\/h2>\n<\/a><a href=\"https:\/\/royalfen.com\/tr\/urun\/tepplan-wg\/\" aria-describedby=\"woocommerce_loop_add_to_cart_link_describedby_522\" data-quantity=\"1\" class=\"button product_type_simple\" data-product_id=\"522\" data-product_sku=\"\" aria-label=\"&ldquo;TEPPLAN WG&rdquo; hakk\u0131nda daha fazla bilgi edinin\" rel=\"nofollow\" data-success_message=\"\">Devam\u0131n\u0131 oku<\/a>\t<span id=\"woocommerce_loop_add_to_cart_link_describedby_522\" class=\"screen-reader-text\">\n\t\t\t<\/span>\n<\/li>\n<\/ul>\n<\/div><div class=\"vc_btn3-container vc_btn3-center vc_do_btn\" ><a class=\"vc_general vc_btn3 vc_btn3-size-md vc_btn3-shape-rounded vc_btn3-style-3d vc_btn3-color-warning\" href=\"\/urunlerimiz\" title=\"\">T\u00dcM \u00dcR\u00dcNLER\u0130 \u0130NCELE<\/a><\/div><\/div><\/div><\/div><\/div><\/div><\/div><\/div><\/div><\/div><\/section>\n<\/div>","protected":false},"excerpt":{"rendered":"","protected":false},"author":1,"featured_media":0,"parent":0,"menu_order":0,"comment_status":"closed","ping_status":"closed","template":"page-builder.php","meta":{"footnotes":""},"class_list":["post-9","page","type-page","status-publish","hentry"],"_links":{"self":[{"href":"https:\/\/royalfen.com\/tr\/wp-json\/wp\/v2\/pages\/9","targetHints":{"allow":["GET"]}}],"collection":[{"href":"https:\/\/royalfen.com\/tr\/wp-json\/wp\/v2\/pages"}],"about":[{"href":"https:\/\/royalfen.com\/tr\/wp-json\/wp\/v2\/types\/page"}],"author":[{"embeddable":true,"href":"https:\/\/royalfen.com\/tr\/wp-json\/wp\/v2\/users\/1"}],"replies":[{"embeddable":true,"href":"https:\/\/royalfen.com\/tr\/wp-json\/wp\/v2\/comments?post=9"}],"version-history":[{"count":84,"href":"https:\/\/royalfen.com\/tr\/wp-json\/wp\/v2\/pages\/9\/revisions"}],"predecessor-version":[{"id":2310,"href":"https:\/\/royalfen.com\/tr\/wp-json\/wp\/v2\/pages\/9\/revisions\/2310"}],"wp:attachment":[{"href":"https:\/\/royalfen.com\/tr\/wp-json\/wp\/v2\/media?parent=9"}],"curies":[{"name":"wp","href":"https:\/\/api.w.org\/{rel}","templated":true}]}}