{"id":1062,"date":"2023-12-11T08:23:58","date_gmt":"2023-12-11T05:23:58","guid":{"rendered":"https:\/\/royalfen.com\/?post_type=product&#038;p=1062"},"modified":"2024-12-12T09:37:04","modified_gmt":"2024-12-12T06:37:04","slug":"melodim","status":"publish","type":"product","link":"https:\/\/royalfen.com\/tr\/urun\/melodim\/","title":{"rendered":"MELOD\u0130M"},"content":{"rendered":"<h4><span style=\"font-family: gotham;\">KULLANILACA\u011eI B\u0130TK\u0130 VE ZARARLI ORGAN\u0130ZMALAR:<\/span><\/h4>\n\n<table id=\"tablepress-75\" class=\"tablepress tablepress-id-75 tbody-has-connected-cells\">\n<thead>\n<tr class=\"row-1\">\n\t<th class=\"column-1\">Bitki Ad\u0131<\/th><th class=\"column-2\">Yabanc\u0131 Otlar<\/th><th class=\"column-3\">Kullanma Dozu<\/th><th class=\"column-4\">Son \u0130la\u00e7lama<br \/>\nile Hasat<br \/>\nAras\u0131ndaki S\u00fcre<\/th>\n<\/tr>\n<\/thead>\n<tbody class=\"row-striping row-hover\">\n<tr class=\"row-2\">\n\t<td rowspan=\"2\" class=\"column-1\">Pamuk<\/td><td class=\"column-2\"><strong>Tek Y\u0131ll\u0131k<\/strong><br \/>\nDar\u0131can <em>(Echinochloa crus galli)<\/em><br \/>\nBenekli Dar\u0131can <em>(Echinocloa Colonum)<\/em><br \/>\nYe\u015fil Kirpi Dar\u0131<em> (Seteria viridis)<\/em><br \/>\nYap\u0131\u015fkan ot <em>(S. verticillata)<\/em><\/td><td class=\"column-3\">75 ml \/ da<\/td><td class=\"column-4\">56 g\u00fcn<\/td>\n<\/tr>\n<tr class=\"row-3\">\n\t<td class=\"column-2\"><strong>\u00c7ok Y\u0131ll\u0131k<\/strong><br \/>\nKanya\u015f<em> (Sorghum halepense) (Rizomdan)<\/em><\/td><td class=\"column-3\">125 ml \/ da<\/td><td class=\"column-4\">56 g\u00fcn<\/td>\n<\/tr>\n<tr class=\"row-4\">\n\t<td rowspan=\"2\" class=\"column-1\">K\u0131rm\u0131z\u0131 Mercimek<\/td><td class=\"column-2\">K\u0131s\u0131r Yabani Yulaf<em> (Avena sterillis)<\/em><\/td><td class=\"column-3\">70 ml \/ da<\/td><td class=\"column-4\">56 g\u00fcn<\/td>\n<\/tr>\n<tr class=\"row-5\">\n\t<td class=\"column-2\">Kendi gelen bu\u011fday <em>(Triticum aestivum)<\/em><br \/>\nKendi gelen arpa<em> (Hordeum vulgare)<\/em><\/td><td class=\"column-3\">80 ml \/ da<\/td><td class=\"column-4\">56 g\u00fcn<\/td>\n<\/tr>\n<tr class=\"row-6\">\n\t<td rowspan=\"3\" class=\"column-1\">\u015eeker Pancar\u0131<\/td><td class=\"column-2\">Dar\u0131can<em> (Echinochloa crus galli)<\/em><\/td><td class=\"column-3\">60 ml\/ da<\/td><td rowspan=\"3\" class=\"column-4\">56 g\u00fcn<\/td>\n<\/tr>\n<tr class=\"row-7\">\n\t<td class=\"column-2\">K\u0131s\u0131r Yabani Yulaf <em>(Avena sterilis)*<\/em><\/td><td class=\"column-3\">70 ml\/ da<\/td>\n<\/tr>\n<tr class=\"row-8\">\n\t<td class=\"column-2\">Su Ayr\u0131\u011f\u0131 <em>(Paspalum paspaloides)<\/em><br \/>\nTohumdan gelen Kanya\u015f <em>(Sorghum halepense)<\/em><\/td><td class=\"column-3\">80 ml\/ da<\/td>\n<\/tr>\n<tr class=\"row-9\">\n\t<td rowspan=\"2\" class=\"column-1\">Domates<\/td><td class=\"column-2\">Dar\u0131can <em>(Echinochloa crus galli)<\/em><\/td><td class=\"column-3\">60 ml\/ da<\/td><td rowspan=\"2\" class=\"column-4\">28 g\u00fcn<\/td>\n<\/tr>\n<tr class=\"row-10\">\n\t<td class=\"column-2\">Kanya\u015f <em>(Sorghum halepense)<\/em><\/td><td class=\"column-3\">80 ml\/ da<\/td>\n<\/tr>\n<tr class=\"row-11\">\n\t<td class=\"column-1\">So\u011fan<\/td><td class=\"column-2\">Delice <em>(Lolium temulentum)<\/em><br \/>\nYumu\u015fak Ba\u015fakl\u0131 Ku\u015fyemi <em>(Phalaris paradoxa)<\/em><br \/>\nK\u0131sa Ba\u015fakl\u0131 Ku\u015fyemi <em>(Phalaris brachystachys)<\/em><br \/>\nK\u0131s\u0131r Yabani Yulaf <em>(Avena sterilis)*<\/em><\/td><td class=\"column-3\">60 ml\/ da<\/td><td class=\"column-4\">42 g\u00fcn<\/td>\n<\/tr>\n<tr class=\"row-12\">\n\t<td rowspan=\"2\" class=\"column-1\">Kanola<\/td><td class=\"column-2\">K\u0131s\u0131r yabani yulaf <em>(Avena sterilis)*<\/em><br \/>\nYumu\u015fak ba\u015fakl\u0131 ku\u015fyemi <em>(Phalaris paradoxa)<\/em><br \/>\nDelice <em>(Lolium temulentum)*<\/em><\/td><td class=\"column-3\">70 ml\/ da<\/td><td rowspan=\"2\" class=\"column-4\">120 g\u00fcn<\/td>\n<\/tr>\n<tr class=\"row-13\">\n\t<td class=\"column-2\">Kendi gelen bugday <em>(Triticum Aestivum)**<\/em><\/td><td class=\"column-3\">80 ml\/ da<\/td>\n<\/tr>\n<tr class=\"row-14\">\n\t<td class=\"column-1\"><\/td><td class=\"column-2\"><\/td><td class=\"column-3\"><\/td><td class=\"column-4\"><\/td>\n<\/tr>\n<\/tbody>\n<\/table>\n<!-- #tablepress-75 from cache -->\n","protected":false},"excerpt":{"rendered":"<p><strong>Form\u00fclasyonu:<\/strong><br \/>\nEC (Em\u00fclsiyon Konsantre)<\/p>\n<p><strong>Aktif Madde:<\/strong><br \/>\n116,2 g\/l Clethodim<\/p>\n<p><a class=\"custom-button2\" href=\"https:\/\/royalfen.com\/wp-content\/uploads\/2023\/12\/MELODIM-GBF.pdf\" target=\"_blank\" rel=\"noopener\"><strong>G\u00dcVENL\u0130K B\u0130LG\u0130 FORMU<\/strong><\/a><\/p>\n<p><a class=\"custom-button2\" href=\"https:\/\/royalfen.com\/wp-content\/uploads\/2023\/12\/MELODIM-ONAYLI-ETIKET-2024.pdf\" target=\"_blank\" rel=\"noopener\"><strong>ONAYLI ET\u0130KET<\/strong><\/a><\/p>\n","protected":false},"featured_media":1897,"comment_status":"closed","ping_status":"closed","template":"","meta":[],"product_brand":[],"product_cat":[24,31,58,33,64,35,43],"product_tag":[],"class_list":{"0":"post-1062","1":"product","2":"type-product","3":"status-publish","4":"has-post-thumbnail","6":"product_cat-herbisitler","7":"product_cat-ozbekistan","8":"product_cat-ozbekistan-herbisit","9":"product_cat-turkiye","10":"product_cat-turkiye-herbisit","11":"product_cat-turkmenistan","12":"product_cat-turkmenistan-herbisit","14":"first","15":"instock","16":"shipping-taxable","17":"product-type-simple"},"_links":{"self":[{"href":"https:\/\/royalfen.com\/tr\/wp-json\/wp\/v2\/product\/1062","targetHints":{"allow":["GET"]}}],"collection":[{"href":"https:\/\/royalfen.com\/tr\/wp-json\/wp\/v2\/product"}],"about":[{"href":"https:\/\/royalfen.com\/tr\/wp-json\/wp\/v2\/types\/product"}],"replies":[{"embeddable":true,"href":"https:\/\/royalfen.com\/tr\/wp-json\/wp\/v2\/comments?post=1062"}],"wp:featuredmedia":[{"embeddable":true,"href":"https:\/\/royalfen.com\/tr\/wp-json\/wp\/v2\/media\/1897"}],"wp:attachment":[{"href":"https:\/\/royalfen.com\/tr\/wp-json\/wp\/v2\/media?parent=1062"}],"wp:term":[{"taxonomy":"product_brand","embeddable":true,"href":"https:\/\/royalfen.com\/tr\/wp-json\/wp\/v2\/product_brand?post=1062"},{"taxonomy":"product_cat","embeddable":true,"href":"https:\/\/royalfen.com\/tr\/wp-json\/wp\/v2\/product_cat?post=1062"},{"taxonomy":"product_tag","embeddable":true,"href":"https:\/\/royalfen.com\/tr\/wp-json\/wp\/v2\/product_tag?post=1062"}],"curies":[{"name":"wp","href":"https:\/\/api.w.org\/{rel}","templated":true}]}}