{"id":1065,"date":"2023-12-11T08:28:33","date_gmt":"2023-12-11T05:28:33","guid":{"rendered":"https:\/\/royalfen.com\/?post_type=product&#038;p=1065"},"modified":"2024-12-12T09:18:14","modified_gmt":"2024-12-12T06:18:14","slug":"royboss-20-sc","status":"publish","type":"product","link":"https:\/\/royalfen.com\/tr\/urun\/royboss-20-sc\/","title":{"rendered":"ROYBOSS 20 SC"},"content":{"rendered":"<h4><span style=\"font-family: gotham;\">KULLANILACA\u011eI B\u0130TK\u0130 VE ZARARLI ORGAN\u0130ZMALAR:<\/span><\/h4>\n\n<table id=\"tablepress-74\" class=\"tablepress tablepress-id-74 tbody-has-connected-cells\">\n<thead>\n<tr class=\"row-1\">\n\t<th class=\"column-1\">Bitki Ad\u0131<\/th><th class=\"column-2\">Zararl\u0131 Organizma Ad\u0131<\/th><th class=\"column-3\">Uygulama Dozu<\/th><th class=\"column-4\">Son Uygulama ile Hasat<br \/>\nAras\u0131ndaki S\u00fcre<\/th>\n<\/tr>\n<\/thead>\n<tbody class=\"row-striping row-hover\">\n<tr class=\"row-2\">\n\t<td rowspan=\"3\" class=\"column-1\">Pamuk<\/td><td class=\"column-2\">Ye\u015filkurt <em>(Helicoverpa armigera)<\/em><\/td><td rowspan=\"2\" class=\"column-3\">17,5 ml\/da<\/td><td rowspan=\"3\" class=\"column-4\">21 g\u00fcn<\/td>\n<\/tr>\n<tr class=\"row-3\">\n\t<td class=\"column-2\">Pamuk yaprakkurdu <em>(Spodoptera littoralis)<\/em><\/td>\n<\/tr>\n<tr class=\"row-4\">\n\t<td class=\"column-2\">Dikenlikurt <em>(Earias insulana)<\/em><\/td><td class=\"column-3\">20 ml\/da<\/td>\n<\/tr>\n<tr class=\"row-5\">\n\t<td rowspan=\"2\" class=\"column-1\">ELMA ARMUT<\/td><td class=\"column-2\">Armut yaprak galerig\u00fcvesi <em>(Leucoptera scitella)<\/em><\/td><td class=\"column-3\">17,5 ml\/100 l su<\/td><td rowspan=\"2\" class=\"column-4\">14 g\u00fcn<\/td>\n<\/tr>\n<tr class=\"row-6\">\n\t<td class=\"column-2\">Elma i\u00e7kurdu <em>(Cydia pomonella)<\/em><\/td><td class=\"column-3\">12,5 ml\/100 l su (yumurta)<\/td>\n<\/tr>\n<tr class=\"row-7\">\n\t<td class=\"column-1\">AYVA<\/td><td class=\"column-2\">Elma i\u00e7kurdu <em>(Cydia pomonella)<\/em><\/td><td class=\"column-3\">12,5 ml\/100 l su (yumurta)<\/td><td class=\"column-4\">14 g\u00fcn<\/td>\n<\/tr>\n<tr class=\"row-8\">\n\t<td rowspan=\"2\" class=\"column-1\">\u015eEFTAL\u0130 KAYISI<\/td><td class=\"column-2\">\u015eeftali g\u00fcvesi<em> (Anarsia lineatella)<\/em><\/td><td class=\"column-3\">20 ml\/100 l su<\/td><td rowspan=\"2\" class=\"column-4\">14 g\u00fcn<\/td>\n<\/tr>\n<tr class=\"row-9\">\n\t<td class=\"column-2\">Do\u011fu meyveg\u00fcvesi <em>(Cydia molesta)<\/em><\/td><td class=\"column-3\">17,5 ml\/100 l su<\/td>\n<\/tr>\n<tr class=\"row-10\">\n\t<td class=\"column-1\">ER\u0130K<\/td><td class=\"column-2\">\u015eeftali g\u00fcvesi <em>(Anarsia lineatella)<\/em><\/td><td class=\"column-3\">20 ml\/100 l su<\/td><td class=\"column-4\">14 g\u00fcn<\/td>\n<\/tr>\n<tr class=\"row-11\">\n\t<td class=\"column-1\">PATATES<\/td><td class=\"column-2\">Patates b\u00f6ce\u011fi <em>(Leptinotarsa decemlineata)<\/em><\/td><td class=\"column-3\">6 ml\/da (larva)<\/td><td class=\"column-4\">14 g\u00fcn<\/td>\n<\/tr>\n<tr class=\"row-12\">\n\t<td rowspan=\"3\" class=\"column-1\">MISIR<\/td><td class=\"column-2\">M\u0131s\u0131r ko\u00e7ankurdu <em>(Sesamia spp.)<\/em><\/td><td rowspan=\"2\" class=\"column-3\">15 ml\/da (15 g\u00fcn ara ile 2-3 uygulama)<\/td><td rowspan=\"3\" class=\"column-4\">14 g\u00fcn<\/td>\n<\/tr>\n<tr class=\"row-13\">\n\t<td class=\"column-2\">M\u0131s\u0131r kurdu <em>(Ostrinia nubilalis)<\/em><\/td>\n<\/tr>\n<tr class=\"row-14\">\n\t<td class=\"column-2\">Bozkurt <em>(Agrotis ipsilon, Agrotis segetum)<\/em><\/td><td class=\"column-3\">15 ml\/da<\/td>\n<\/tr>\n<tr class=\"row-15\">\n\t<td class=\"column-1\">BA\u011e*<\/td><td class=\"column-2\">Salk\u0131m g\u00fcvesi <em>(Lobesia botrana)<\/em><\/td><td class=\"column-3\">15 ml\/100 l su (yumurta)<\/td><td class=\"column-4\">3 g\u00fcn(sofral\u0131k) 28 g\u00fcn (\u015farapl\u0131k)<\/td>\n<\/tr>\n<tr class=\"row-16\">\n\t<td class=\"column-1\"><\/td><td class=\"column-2\"><\/td><td class=\"column-3\"><\/td><td class=\"column-4\"><\/td>\n<\/tr>\n<tr class=\"row-17\">\n\t<td class=\"column-1\"><\/td><td class=\"column-2\"><\/td><td class=\"column-3\"><\/td><td class=\"column-4\"><\/td>\n<\/tr>\n<tr class=\"row-18\">\n\t<td class=\"column-1\"><\/td><td class=\"column-2\"><\/td><td class=\"column-3\"><\/td><td class=\"column-4\"><\/td>\n<\/tr>\n<tr class=\"row-19\">\n\t<td class=\"column-1\"><\/td><td class=\"column-2\"><\/td><td class=\"column-3\"><\/td><td class=\"column-4\"><\/td>\n<\/tr>\n<\/tbody>\n<\/table>\n<!-- #tablepress-74 from cache -->\n","protected":false},"excerpt":{"rendered":"<p><strong>Form\u00fclasyonu:<\/strong><br \/>\nSC (Ak\u0131c\u0131 Konsantre\/S\u00fcspansiyon Konsantre)<\/p>\n<p><strong>Aktif Madde:<\/strong><br \/>\n200 g\/l Chlorantraniliprole<\/p>\n<p><a class=\"custom-button2\" href=\"https:\/\/royalfen.com\/wp-content\/uploads\/2023\/12\/ROYBOSS-GBF.pdf\" target=\"_blank\" rel=\"noopener\"><strong>G\u00dcVENL\u0130K B\u0130LG\u0130 FORMU<\/strong><\/a><\/p>\n<p><a class=\"custom-button2\" href=\"https:\/\/royalfen.com\/wp-content\/uploads\/2023\/12\/ROYBOSS-SON-ONAYLI-ETIKET-2024.pdf\" target=\"_blank\" rel=\"noopener\"><strong>ONAYLI ET\u0130KET<\/strong><\/a><\/p>\n","protected":false},"featured_media":2201,"comment_status":"closed","ping_status":"closed","template":"","meta":[],"product_brand":[],"product_cat":[22,32,52,33,65,35,42],"product_tag":[],"class_list":{"0":"post-1065","1":"product","2":"type-product","3":"status-publish","4":"has-post-thumbnail","6":"product_cat-insektisitler","7":"product_cat-kirgizistan","8":"product_cat-kirgizistan-insektisit","9":"product_cat-turkiye","10":"product_cat-turkiye-insektisit","11":"product_cat-turkmenistan","12":"product_cat-turkmenistan-insektisit","14":"first","15":"instock","16":"shipping-taxable","17":"product-type-simple"},"_links":{"self":[{"href":"https:\/\/royalfen.com\/tr\/wp-json\/wp\/v2\/product\/1065","targetHints":{"allow":["GET"]}}],"collection":[{"href":"https:\/\/royalfen.com\/tr\/wp-json\/wp\/v2\/product"}],"about":[{"href":"https:\/\/royalfen.com\/tr\/wp-json\/wp\/v2\/types\/product"}],"replies":[{"embeddable":true,"href":"https:\/\/royalfen.com\/tr\/wp-json\/wp\/v2\/comments?post=1065"}],"wp:featuredmedia":[{"embeddable":true,"href":"https:\/\/royalfen.com\/tr\/wp-json\/wp\/v2\/media\/2201"}],"wp:attachment":[{"href":"https:\/\/royalfen.com\/tr\/wp-json\/wp\/v2\/media?parent=1065"}],"wp:term":[{"taxonomy":"product_brand","embeddable":true,"href":"https:\/\/royalfen.com\/tr\/wp-json\/wp\/v2\/product_brand?post=1065"},{"taxonomy":"product_cat","embeddable":true,"href":"https:\/\/royalfen.com\/tr\/wp-json\/wp\/v2\/product_cat?post=1065"},{"taxonomy":"product_tag","embeddable":true,"href":"https:\/\/royalfen.com\/tr\/wp-json\/wp\/v2\/product_tag?post=1065"}],"curies":[{"name":"wp","href":"https:\/\/api.w.org\/{rel}","templated":true}]}}