{"id":1071,"date":"2023-12-11T08:57:52","date_gmt":"2023-12-11T05:57:52","guid":{"rendered":"https:\/\/royalfen.com\/?post_type=product&#038;p=1071"},"modified":"2025-01-20T13:47:48","modified_gmt":"2025-01-20T10:47:48","slug":"royfoset-80-wp","status":"publish","type":"product","link":"https:\/\/royalfen.com\/tr\/urun\/royfoset-80-wp\/","title":{"rendered":"ROYAM\u0130L WP"},"content":{"rendered":"<h4><span style=\"font-family: gotham;\">KULLANILACA\u011eI B\u0130TK\u0130 VE ZARARLI ORGAN\u0130ZMALAR:<\/span><\/h4>\n\n<table id=\"tablepress-72\" class=\"tablepress tablepress-id-72 tbody-has-connected-cells\">\n<thead>\n<tr class=\"row-1\">\n\t<th class=\"column-1\">Bitki Ad\u0131<\/th><th class=\"column-2\">Zararl\u0131 Organizma Ad\u0131<\/th><th class=\"column-3\">Uygulama Dozu<\/th><th class=\"column-4\">Son Uygulama<br \/>\nile Hasat<br \/>\nAras\u0131ndaki S\u00fcre<\/th>\n<\/tr>\n<\/thead>\n<tbody class=\"row-striping row-hover\">\n<tr class=\"row-2\">\n\t<td rowspan=\"2\" class=\"column-1\">TURUN\u00c7G\u0130LLER<br \/>\n(Limon,<br \/>\nPortakal,<br \/>\nGreyfurt,<br \/>\nMandalina*)<\/td><td class=\"column-2\">Turun\u00e7gil meyvelerinde kahverengi<br \/>\n\u00e7\u00fcr\u00fckl\u00fck ve g\u00f6vde zamklanmas\u0131<br \/>\n<em>(Phytophthora citrophthora)<\/em><\/td><td class=\"column-3\">200 g\/100 L su<\/td><td rowspan=\"2\" class=\"column-4\">14 g\u00fcn<\/td>\n<\/tr>\n<tr class=\"row-3\">\n\t<td class=\"column-2\">Turun\u00e7gilde hasat sonras\u0131<br \/>\nkahverengi meyve \u00e7\u00fcr\u00fckl\u00fc\u011f\u00fc<br \/>\n<em>(Phytophthora citrophthora)<\/em><\/td><td class=\"column-3\">300 g\/100 L su<br \/>\nmeyveler ila\u00e7l\u0131<br \/>\nsuya 3 dakika s\u00fcre<br \/>\nile dald\u0131r\u0131l\u0131r<\/td>\n<\/tr>\n<tr class=\"row-4\">\n\t<td class=\"column-1\">ARMUT<\/td><td class=\"column-2\">Ate\u015f yan\u0131kl\u0131\u011f\u0131 <em>(Erwinia amylovora)<\/em><\/td><td class=\"column-3\">400 g\/100 L su<\/td><td class=\"column-4\">14 g\u00fcn<\/td>\n<\/tr>\n<tr class=\"row-5\">\n\t<td colspan=\"4\" rowspan=\"2\" class=\"column-1\"><strong>HER \u0130LA\u00c7LAMADAN \u00d6NCE A\u011eA\u00c7LARDA K\u0130 ENFEKTEL\u0130 KISIMLAR DEZENFEKTAN BATIRILMI\u015e B\u0130R ALET \u0130LE UZAKLA\u015eTIRILMALIDIR.<\/strong><\/td>\n<\/tr>\n<tr class=\"row-6\">\n\t\n<\/tr>\n<tr class=\"row-7\">\n\t<td class=\"column-1\">HIYAR,<br \/>\nKAVUN<\/td><td class=\"column-2\">Kabakgillerde mildiy\u00f6 <em>(Pseudoperonospora cubensis)<\/em><\/td><td class=\"column-3\">200 g\/100 L su<\/td><td class=\"column-4\">3 g\u00fcn<\/td>\n<\/tr>\n<tr class=\"row-8\">\n\t<td class=\"column-1\">SO\u011eAN<\/td><td class=\"column-2\">So\u011fan mildiy\u00f6s\u00fc <em>(Peronospora destructor)<\/em><\/td><td class=\"column-3\">150 g\/100 L su<\/td><td class=\"column-4\">14 g\u00fcn<\/td>\n<\/tr>\n<tr class=\"row-9\">\n\t<td class=\"column-1\">DOMATES<\/td><td class=\"column-2\">Domates mildiy\u00f6s\u00fc <em>(Phytophthora infestans)<\/em><\/td><td class=\"column-3\">250 g\/100 L su<\/td><td class=\"column-4\">7 g\u00fcn<\/td>\n<\/tr>\n<tr class=\"row-10\">\n\t<td class=\"column-1\">NAR<\/td><td class=\"column-2\">K\u00f6k ve k\u00f6k bo\u011faz\u0131 \u00e7\u00fcr\u00fckl\u00fc\u011f\u00fc <em>(Phytophthora spp.)<\/em><\/td><td class=\"column-3\">200 g\/100 L su<\/td><td class=\"column-4\">14 g\u00fcn<\/td>\n<\/tr>\n<\/tbody>\n<\/table>\n\n","protected":false},"excerpt":{"rendered":"<p><strong>Form\u00fclasyonu:<\/strong><br \/>\nIslanabilir Toz (WP)<\/p>\n<p><strong>Aktif Madde:<\/strong><br \/>\n%80 Fosetyl-Al<\/p>\n<p><a class=\"custom-button2\" href=\"https:\/\/royalfen.com\/wp-content\/uploads\/2023\/12\/ROYAMIL-GBF.pdf\" target=\"_blank\" rel=\"noopener\"><strong>G\u00dcVENL\u0130K B\u0130LG\u0130 FORMU<\/strong><\/a><\/p>\n<p><a class=\"custom-button2\" href=\"https:\/\/royalfen.com\/wp-content\/uploads\/2023\/12\/ROYAMIL-WP-SON-ONAYLI-ETIKET.pdf\" target=\"_blank\" rel=\"noopener\"><strong>ONAYLI ET\u0130KET<\/strong><\/a><\/p>\n","protected":false},"featured_media":1911,"comment_status":"closed","ping_status":"closed","template":"","meta":[],"product_brand":[],"product_cat":[23,33,63,35,44],"product_tag":[],"class_list":{"0":"post-1071","1":"product","2":"type-product","3":"status-publish","4":"has-post-thumbnail","6":"product_cat-fungusitler","7":"product_cat-turkiye","8":"product_cat-turkiye-fungisit","9":"product_cat-turkmenistan","10":"product_cat-turkmenistan-fungisit","12":"first","13":"instock","14":"shipping-taxable","15":"product-type-simple"},"_links":{"self":[{"href":"https:\/\/royalfen.com\/tr\/wp-json\/wp\/v2\/product\/1071","targetHints":{"allow":["GET"]}}],"collection":[{"href":"https:\/\/royalfen.com\/tr\/wp-json\/wp\/v2\/product"}],"about":[{"href":"https:\/\/royalfen.com\/tr\/wp-json\/wp\/v2\/types\/product"}],"replies":[{"embeddable":true,"href":"https:\/\/royalfen.com\/tr\/wp-json\/wp\/v2\/comments?post=1071"}],"wp:featuredmedia":[{"embeddable":true,"href":"https:\/\/royalfen.com\/tr\/wp-json\/wp\/v2\/media\/1911"}],"wp:attachment":[{"href":"https:\/\/royalfen.com\/tr\/wp-json\/wp\/v2\/media?parent=1071"}],"wp:term":[{"taxonomy":"product_brand","embeddable":true,"href":"https:\/\/royalfen.com\/tr\/wp-json\/wp\/v2\/product_brand?post=1071"},{"taxonomy":"product_cat","embeddable":true,"href":"https:\/\/royalfen.com\/tr\/wp-json\/wp\/v2\/product_cat?post=1071"},{"taxonomy":"product_tag","embeddable":true,"href":"https:\/\/royalfen.com\/tr\/wp-json\/wp\/v2\/product_tag?post=1071"}],"curies":[{"name":"wp","href":"https:\/\/api.w.org\/{rel}","templated":true}]}}