{"id":1073,"date":"2023-12-11T09:02:39","date_gmt":"2023-12-11T06:02:39","guid":{"rendered":"https:\/\/royalfen.com\/?post_type=product&#038;p=1073"},"modified":"2025-09-24T15:46:49","modified_gmt":"2025-09-24T12:46:49","slug":"royfuron-od","status":"publish","type":"product","link":"https:\/\/royalfen.com\/tr\/urun\/royfuron-od\/","title":{"rendered":"ROYFURON OD"},"content":{"rendered":"<h4><span style=\"font-family: gotham;\">KULLANILACA\u011eI B\u0130TK\u0130 VE ZARARLI ORGAN\u0130ZMALAR:<\/span><\/h4>\n\n<table id=\"tablepress-71\" class=\"tablepress tablepress-id-71\">\n<thead>\n<tr class=\"row-1\">\n\t<th class=\"column-1\">Bitki Ad\u0131<\/th><th class=\"column-2\">Yabanc\u0131 Otlar<\/th><th class=\"column-3\">Uygulama Dozu<br \/>\nve D\u00f6nemi<\/th><th class=\"column-4\">Son Uygulama ile<br \/>\nHasat Aras\u0131ndaki S\u00fcre<\/th>\n<\/tr>\n<\/thead>\n<tbody class=\"row-striping row-hover\">\n<tr class=\"row-2\">\n\t<td class=\"column-1\">M\u0131s\u0131r<\/td><td class=\"column-2\">Benekli dar\u0131can <em>(Echinochloa colonum)<\/em><br \/>\nDar\u0131can <em>(Echinochloa crus-galli)<\/em><br \/>\n\u0130mam pamu\u011fu <em>(Abutilon theophrastii)<\/em><br \/>\nKanya\u015f <em>(Sorghum halepense)<\/em><br \/>\nK\u0131rm\u0131z\u0131 k\u00f6kl\u00fc tilkikuyru\u011fu <em>(Amaranthus retroflexus)<\/em><br \/>\nSemizotu <em>(Portulaca oleracea)<\/em><br \/>\nTarla sarma\u015f\u0131\u011f\u0131 <em>(Convolvulus arvensis)<\/em><br \/>\nTopalak<em> (Cyperus rotundus)<\/em><br \/>\nYabani bamya <em>(Hibiscus trionum)<\/em><br \/>\nYap\u0131\u015fkan ot <em>(Setaria verticillata)<\/em><br \/>\nZincir p\u0131tra\u011f\u0131 <em>(Xanthium spinosum)<\/em><\/td><td class=\"column-3\">200 ml\/da<br \/>\n\u00c7\u0131k\u0131\u015f sonras\u0131<br \/>\nuygulan\u0131r<\/td><td class=\"column-4\">56 g\u00fcn<\/td>\n<\/tr>\n<tr class=\"row-3\">\n\t<td class=\"column-1\"><\/td><td class=\"column-2\"><\/td><td class=\"column-3\"><\/td><td class=\"column-4\"><\/td>\n<\/tr>\n<tr class=\"row-4\">\n\t<td class=\"column-1\"><\/td><td class=\"column-2\"><\/td><td class=\"column-3\"><\/td><td class=\"column-4\"><\/td>\n<\/tr>\n<\/tbody>\n<\/table>\n\n","protected":false},"excerpt":{"rendered":"<p><strong>Form\u00fclasyonu:<\/strong><br \/>\nOD (Ya\u011f Bazl\u0131 S\u00fcspansiyon Konsantre)<\/p>\n<p><strong>Aktif Madde:<\/strong><br \/>\n75 g\/l Mesotrione + 30 g\/l Nicosulfuron<\/p>\n<p><a class=\"custom-button2\" href=\"https:\/\/royalfen.com\/wp-content\/uploads\/2023\/12\/ROYFURON-GBF.pdf\" target=\"_blank\" rel=\"noopener\"><strong>G\u00dcVENL\u0130K B\u0130LG\u0130 FORMU<\/strong><\/a><\/p>\n<p><a class=\"custom-button2\" href=\"https:\/\/royalfen.com\/wp-content\/uploads\/2023\/12\/ROYFURON-OD-son-onayli-etiket.pdf\" target=\"_blank\" rel=\"noopener\"><strong>ONAYLI ET\u0130KET<\/strong><\/a><\/p>\n","protected":false},"featured_media":2256,"comment_status":"closed","ping_status":"closed","template":"","meta":[],"product_brand":[],"product_cat":[30,38,24,31,58,33,64,35,43],"product_tag":[],"class_list":{"0":"post-1073","1":"product","2":"type-product","3":"status-publish","4":"has-post-thumbnail","6":"product_cat-azerbaycan","7":"product_cat-azerbaycan-herbisit","8":"product_cat-herbisitler","9":"product_cat-ozbekistan","10":"product_cat-ozbekistan-herbisit","11":"product_cat-turkiye","12":"product_cat-turkiye-herbisit","13":"product_cat-turkmenistan","14":"product_cat-turkmenistan-herbisit","16":"first","17":"instock","18":"shipping-taxable","19":"product-type-simple"},"_links":{"self":[{"href":"https:\/\/royalfen.com\/tr\/wp-json\/wp\/v2\/product\/1073","targetHints":{"allow":["GET"]}}],"collection":[{"href":"https:\/\/royalfen.com\/tr\/wp-json\/wp\/v2\/product"}],"about":[{"href":"https:\/\/royalfen.com\/tr\/wp-json\/wp\/v2\/types\/product"}],"replies":[{"embeddable":true,"href":"https:\/\/royalfen.com\/tr\/wp-json\/wp\/v2\/comments?post=1073"}],"wp:featuredmedia":[{"embeddable":true,"href":"https:\/\/royalfen.com\/tr\/wp-json\/wp\/v2\/media\/2256"}],"wp:attachment":[{"href":"https:\/\/royalfen.com\/tr\/wp-json\/wp\/v2\/media?parent=1073"}],"wp:term":[{"taxonomy":"product_brand","embeddable":true,"href":"https:\/\/royalfen.com\/tr\/wp-json\/wp\/v2\/product_brand?post=1073"},{"taxonomy":"product_cat","embeddable":true,"href":"https:\/\/royalfen.com\/tr\/wp-json\/wp\/v2\/product_cat?post=1073"},{"taxonomy":"product_tag","embeddable":true,"href":"https:\/\/royalfen.com\/tr\/wp-json\/wp\/v2\/product_tag?post=1073"}],"curies":[{"name":"wp","href":"https:\/\/api.w.org\/{rel}","templated":true}]}}