{"id":1075,"date":"2023-12-11T09:07:59","date_gmt":"2023-12-11T06:07:59","guid":{"rendered":"https:\/\/royalfen.com\/?post_type=product&#038;p=1075"},"modified":"2025-08-15T14:58:49","modified_gmt":"2025-08-15T11:58:49","slug":"roykuat-200-sl","status":"publish","type":"product","link":"https:\/\/royalfen.com\/tr\/urun\/roykuat-200-sl\/","title":{"rendered":"ROYKUAT 200 SL"},"content":{"rendered":"<p><img fetchpriority=\"high\" decoding=\"async\" class=\"aligncenter wp-image-1094 size-full\" src=\"https:\/\/royalfen.com\/wp-content\/uploads\/2023\/12\/roykuat-tablo-scaled.jpg\" alt=\"\" width=\"2560\" height=\"1123\" \/><\/p>\n","protected":false},"excerpt":{"rendered":"<p><strong>Formulasyonu<\/strong><br \/>\nSL ( Suda \u00c7\u00f6z\u00fcnen Konsantre )<\/p>\n<p><strong>Aktif Madde<\/strong><br \/>\n200 g\/l Diquat dibromide<\/p>\n<p><strong>Zararl\u0131 Organizmalar<\/strong><br \/>\n<strong>(K\u00dcLT\u00dcR B\u0130TK\u0130S\u0130 YET\u0130\u015eT\u0130R\u0130LMEYEN ALANLAR \u0130\u00c7\u0130ND\u0130R)!<\/strong><br \/>\nK\u0131s\u0131r brom, Duvar arpas\u0131, Portakal nergisi, D\u00f6nbaba, \u00c7oban \u00e7antas\u0131, Yabani tere, Kara hindiba, Tek y\u0131ll\u0131k salk\u0131m otu, Ball\u0131baba, D\u00fc\u011f\u00fcn \u00e7i\u00e7e\u011fi, Turna gagas\u0131, \u00c7atal otu.<\/p>\n","protected":false},"featured_media":0,"comment_status":"closed","ping_status":"closed","template":"","meta":[],"product_brand":[],"product_cat":[20],"product_tag":[],"class_list":{"0":"post-1075","1":"product","2":"type-product","3":"status-publish","5":"product_cat-genel","7":"first","8":"instock","9":"shipping-taxable","10":"product-type-simple"},"_links":{"self":[{"href":"https:\/\/royalfen.com\/tr\/wp-json\/wp\/v2\/product\/1075","targetHints":{"allow":["GET"]}}],"collection":[{"href":"https:\/\/royalfen.com\/tr\/wp-json\/wp\/v2\/product"}],"about":[{"href":"https:\/\/royalfen.com\/tr\/wp-json\/wp\/v2\/types\/product"}],"replies":[{"embeddable":true,"href":"https:\/\/royalfen.com\/tr\/wp-json\/wp\/v2\/comments?post=1075"}],"wp:attachment":[{"href":"https:\/\/royalfen.com\/tr\/wp-json\/wp\/v2\/media?parent=1075"}],"wp:term":[{"taxonomy":"product_brand","embeddable":true,"href":"https:\/\/royalfen.com\/tr\/wp-json\/wp\/v2\/product_brand?post=1075"},{"taxonomy":"product_cat","embeddable":true,"href":"https:\/\/royalfen.com\/tr\/wp-json\/wp\/v2\/product_cat?post=1075"},{"taxonomy":"product_tag","embeddable":true,"href":"https:\/\/royalfen.com\/tr\/wp-json\/wp\/v2\/product_tag?post=1075"}],"curies":[{"name":"wp","href":"https:\/\/api.w.org\/{rel}","templated":true}]}}