{"id":1080,"date":"2023-12-11T09:20:53","date_gmt":"2023-12-11T06:20:53","guid":{"rendered":"https:\/\/royalfen.com\/?post_type=product&#038;p=1080"},"modified":"2024-12-11T09:45:10","modified_gmt":"2024-12-11T06:45:10","slug":"royvento","status":"publish","type":"product","link":"https:\/\/royalfen.com\/tr\/urun\/royvento\/","title":{"rendered":"ROYVENTO"},"content":{"rendered":"<h4><span style=\"font-family: gotham;\">KULLANILACA\u011eI B\u0130TK\u0130 VE ZARARLI ORGAN\u0130ZMALAR:<\/span><\/h4>\n\n<table id=\"tablepress-69\" class=\"tablepress tablepress-id-69 tbody-has-connected-cells\">\n<thead>\n<tr class=\"row-1\">\n\t<th class=\"column-1\">Bitki Ad\u0131<\/th><th class=\"column-2\">Zararl\u0131 Organizma Ad\u0131<\/th><th class=\"column-3\">Uygulama Dozu ve D\u00f6nemi<\/th><th class=\"column-4\">Son Uygulama ile Hasat<br \/>\nAras\u0131ndaki S\u00fcre<\/th>\n<\/tr>\n<\/thead>\n<tbody class=\"row-striping row-hover\">\n<tr class=\"row-2\">\n\t<td class=\"column-1\">Armut<\/td><td class=\"column-2\">Armut psillidi <em>(Cacopsylla pyri)<\/em><\/td><td class=\"column-3\">100 ml\/100 l su Nimf-Ergin<\/td><td class=\"column-4\">21 g\u00fcn<\/td>\n<\/tr>\n<tr class=\"row-3\">\n\t<td class=\"column-1\">Ba\u011f*<\/td><td class=\"column-2\">Unlubit<em> (Planococcus ficus, Planococcus citri)<\/em><\/td><td class=\"column-3\">100 ml\/100 l su Nimf-Ergin<\/td><td class=\"column-4\">14 g\u00fcn<\/td>\n<\/tr>\n<tr class=\"row-4\">\n\t<td class=\"column-1\">Biber (Sera)<\/td><td class=\"column-2\">T\u00fct\u00fcn beyazsine\u011fi <em>(Bemisia tabaci)<\/em><\/td><td class=\"column-3\">100 ml\/100 l su Larva-Pupa<\/td><td class=\"column-4\">3 g\u00fcn<\/td>\n<\/tr>\n<tr class=\"row-5\">\n\t<td class=\"column-1\">Domates (Tarla)<\/td><td class=\"column-2\">Patates yaprakbiti <em>(Macrosiphum euphorbiae)<\/em><\/td><td class=\"column-3\">75 ml\/da Nimf-Ergin<\/td><td class=\"column-4\">3 g\u00fcn<\/td>\n<\/tr>\n<tr class=\"row-6\">\n\t<td class=\"column-1\">Domates (Sera)<\/td><td class=\"column-2\">T\u00fct\u00fcn beyazsine\u011fi <em>(Bemisia tabaci)<\/em><\/td><td class=\"column-3\">100 ml\/100 l su Larva-Pupa<\/td><td class=\"column-4\">3 g\u00fcn<\/td>\n<\/tr>\n<tr class=\"row-7\">\n\t<td class=\"column-1\">Elma<\/td><td class=\"column-2\">Elma ye\u015fil yaprakbiti <em>(Aphis pomi)<\/em><\/td><td class=\"column-3\">50 ml\/100 l su Nimf-Ergin<\/td><td class=\"column-4\">21 g\u00fcn<\/td>\n<\/tr>\n<tr class=\"row-8\">\n\t<td rowspan=\"3\" class=\"column-1\">Marul<\/td><td class=\"column-2\">Marul yaprakbiti <em>(Nasonovia ribisnigri)<\/em><\/td><td rowspan=\"3\" class=\"column-3\">75 ml\/da<br \/>\nNimf-Ergin<\/td><td rowspan=\"3\" class=\"column-4\">7 g\u00fcn<\/td>\n<\/tr>\n<tr class=\"row-9\">\n\t<td class=\"column-2\">Pamuk - Kavun yaprakbiti<em> (Aphis gossypii)<\/em><\/td>\n<\/tr>\n<tr class=\"row-10\">\n\t<td class=\"column-2\">Ye\u015fil \u015eeftali yaprakbiti <em>(Myzus persicae)<\/em><\/td>\n<\/tr>\n<tr class=\"row-11\">\n\t<td class=\"column-1\">Pamuk<\/td><td class=\"column-2\">Pamuk - Kavun yaprakbiti <em>(Aphis gossypii)<\/em><\/td><td class=\"column-3\">100 ml\/da Nimf-Ergin<\/td><td class=\"column-4\">-<\/td>\n<\/tr>\n<tr class=\"row-12\">\n\t<td class=\"column-1\">Patl\u0131can (Sera)<\/td><td class=\"column-2\">T\u00fct\u00fcn beyazsine\u011fi<em> (Bemisia tabaci)<\/em><\/td><td class=\"column-3\">100 ml\/100 l su Larva-Pupa<\/td><td class=\"column-4\">3 g\u00fcn<\/td>\n<\/tr>\n<tr class=\"row-13\">\n\t<td rowspan=\"2\" class=\"column-1\">\u015eeftali<\/td><td class=\"column-2\">Dut kabuklubiti <em>(Pseudaulacaspis pentagona)<\/em><\/td><td class=\"column-3\">75 ml\/100 l su Nimf-Ergin<\/td><td rowspan=\"2\" class=\"column-4\">21 g\u00fcn<\/td>\n<\/tr>\n<tr class=\"row-14\">\n\t<td class=\"column-2\">\u015eeftali yaprakbiti <em>(Myzus persicae)<\/em><\/td><td class=\"column-3\">75 ml\/100 l su Larva<\/td>\n<\/tr>\n<tr class=\"row-15\">\n\t<td rowspan=\"5\" class=\"column-1\">Turun\u00e7giller**<\/td><td class=\"column-2\">Pamuk yaprakbiti <em>(Aphis gossypii)<\/em><\/td><td class=\"column-3\">75 ml\/100 l su Nimf-Ergin<\/td><td rowspan=\"5\" class=\"column-4\">14 g\u00fcn<\/td>\n<\/tr>\n<tr class=\"row-16\">\n\t<td class=\"column-2\">Turun\u00e7gil k\u0131rm\u0131z\u0131 kabuklubiti <em>(Aonidiella aurantii)<\/em><\/td><td class=\"column-3\">75 ml\/100 l su Nimf-Ergin<\/td>\n<\/tr>\n<tr class=\"row-17\">\n\t<td class=\"column-2\">Turun\u00e7gil sar\u0131 kabuklubiti<em> (Aonidiella citrina)<\/em><\/td><td class=\"column-3\">75 ml\/100 l su Nimf-Ergin<\/td>\n<\/tr>\n<tr class=\"row-18\">\n\t<td class=\"column-2\">Turun\u00e7gil ye\u015fil yaprakbiti <em>(Aphis citricola)<\/em><\/td><td class=\"column-3\">75 ml\/100 l su Nimf-Ergin<\/td>\n<\/tr>\n<tr class=\"row-19\">\n\t<td class=\"column-2\">Turun\u00e7gil unlubiti <em>(Planococcus citri)<\/em><\/td><td class=\"column-3\">100 ml\/100 l su Nimf-Ergin<\/td>\n<\/tr>\n<tr class=\"row-20\">\n\t<td class=\"column-1\"><\/td><td class=\"column-2\"><\/td><td class=\"column-3\"><\/td><td class=\"column-4\"><\/td>\n<\/tr>\n<\/tbody>\n<\/table>\n\n","protected":false},"excerpt":{"rendered":"<p><strong>Form\u00fclasyonu:<\/strong><br \/>\nSC (S\u00fcspansiyon Konsantre)<\/p>\n<p><strong>Aktif Madde:<\/strong><br \/>\n100 g\/l Spirotetramat<\/p>\n<p><a class=\"custom-button2\" href=\"https:\/\/royalfen.com\/wp-content\/uploads\/2023\/12\/ROYVENTO-GBF.pdf\" target=\"_blank\" rel=\"noopener\"><strong>G\u00dcVENL\u0130K B\u0130LG\u0130 FORMU<\/strong><\/a><\/p>\n<p><a class=\"custom-button2\" href=\"https:\/\/royalfen.com\/wp-content\/uploads\/2023\/12\/ROYVENTO-ETIKET.pdf\" target=\"_blank\" rel=\"noopener\"><strong>ONAYLI ET\u0130KET<\/strong><\/a><\/p>\n","protected":false},"featured_media":1949,"comment_status":"closed","ping_status":"closed","template":"","meta":[],"product_brand":[],"product_cat":[22,33,65,35,42],"product_tag":[],"class_list":{"0":"post-1080","1":"product","2":"type-product","3":"status-publish","4":"has-post-thumbnail","6":"product_cat-insektisitler","7":"product_cat-turkiye","8":"product_cat-turkiye-insektisit","9":"product_cat-turkmenistan","10":"product_cat-turkmenistan-insektisit","12":"first","13":"instock","14":"shipping-taxable","15":"product-type-simple"},"_links":{"self":[{"href":"https:\/\/royalfen.com\/tr\/wp-json\/wp\/v2\/product\/1080","targetHints":{"allow":["GET"]}}],"collection":[{"href":"https:\/\/royalfen.com\/tr\/wp-json\/wp\/v2\/product"}],"about":[{"href":"https:\/\/royalfen.com\/tr\/wp-json\/wp\/v2\/types\/product"}],"replies":[{"embeddable":true,"href":"https:\/\/royalfen.com\/tr\/wp-json\/wp\/v2\/comments?post=1080"}],"wp:featuredmedia":[{"embeddable":true,"href":"https:\/\/royalfen.com\/tr\/wp-json\/wp\/v2\/media\/1949"}],"wp:attachment":[{"href":"https:\/\/royalfen.com\/tr\/wp-json\/wp\/v2\/media?parent=1080"}],"wp:term":[{"taxonomy":"product_brand","embeddable":true,"href":"https:\/\/royalfen.com\/tr\/wp-json\/wp\/v2\/product_brand?post=1080"},{"taxonomy":"product_cat","embeddable":true,"href":"https:\/\/royalfen.com\/tr\/wp-json\/wp\/v2\/product_cat?post=1080"},{"taxonomy":"product_tag","embeddable":true,"href":"https:\/\/royalfen.com\/tr\/wp-json\/wp\/v2\/product_tag?post=1080"}],"curies":[{"name":"wp","href":"https:\/\/api.w.org\/{rel}","templated":true}]}}