{"id":1082,"date":"2023-12-11T09:26:33","date_gmt":"2023-12-11T06:26:33","guid":{"rendered":"https:\/\/royalfen.com\/?post_type=product&#038;p=1082"},"modified":"2024-12-11T09:27:50","modified_gmt":"2024-12-11T06:27:50","slug":"royzox-sc","status":"publish","type":"product","link":"https:\/\/royalfen.com\/tr\/urun\/royzox-sc\/","title":{"rendered":"ROYZOX SC"},"content":{"rendered":"<h4><span style=\"font-family: gotham;\">KULLANILACA\u011eI B\u0130TK\u0130 VE ZARARLI ORGAN\u0130ZMALAR:<\/span><\/h4>\n\n<table id=\"tablepress-68\" class=\"tablepress tablepress-id-68 tbody-has-connected-cells\">\n<thead>\n<tr class=\"row-1\">\n\t<th class=\"column-1\">Bitki Ad\u0131<\/th><th class=\"column-2\">Zararl\u0131 Organizma Ad\u0131<\/th><th class=\"column-3\">Uygulama Dozu<\/th><th class=\"column-4\">Son Uygulama<br \/>\nile Hasat<br \/>\nAras\u0131ndaki S\u00fcre<\/th>\n<\/tr>\n<\/thead>\n<tbody class=\"row-striping row-hover\">\n<tr class=\"row-2\">\n\t<td rowspan=\"3\" class=\"column-1\">BA\u011e*<\/td><td class=\"column-2\">Ba\u011f mildiy\u00f6s\u00fc <em>(Plasmopara viticola)<\/em><\/td><td class=\"column-3\">75 ml\/100 L su<\/td><td class=\"column-4\">21 g\u00fcn<\/td>\n<\/tr>\n<tr class=\"row-3\">\n\t<td class=\"column-2\">Ba\u011f k\u00fcllemesi <em>(Erysiphe necator)<\/em><\/td><td class=\"column-3\">75 ml\/100 L su<\/td><td class=\"column-4\">21 g\u00fcn<\/td>\n<\/tr>\n<tr class=\"row-4\">\n\t<td class=\"column-2\">Ba\u011fda \u00f6l\u00fckol <em>(Phomopsis viticola)<\/em><\/td><td class=\"column-3\">75 ml\/100 L su<br \/>\n(Yaz uygulamas\u0131)<\/td><td class=\"column-4\">21 g\u00fcn<\/td>\n<\/tr>\n<tr class=\"row-5\">\n\t<td rowspan=\"2\" class=\"column-1\">HIYAR<\/td><td class=\"column-2\">Kabakgillerde mildiy\u00f6 <em>(Pseudoperonospora cubensis)<\/em><\/td><td class=\"column-3\">60 ml\/100 L su<\/td><td class=\"column-4\">3 g\u00fcn<\/td>\n<\/tr>\n<tr class=\"row-6\">\n\t<td class=\"column-2\">Kabakgillerde k\u00fclleme<em> (Erysiphe cichoracearum, Sphaerotheca fuliginea)<\/em><\/td><td class=\"column-3\">75 ml\/100 L su<\/td><td class=\"column-4\">3 g\u00fcn<\/td>\n<\/tr>\n<tr class=\"row-7\">\n\t<td rowspan=\"2\" class=\"column-1\">KORN\u0130\u015eON<\/td><td class=\"column-2\">Kabakgillerde mildiy\u00f6 <em>(Pseudoperonospora cubensis)<\/em><\/td><td class=\"column-3\">60 ml\/100 L su<\/td><td class=\"column-4\">3 g\u00fcn<\/td>\n<\/tr>\n<tr class=\"row-8\">\n\t<td class=\"column-2\">Kabakgillerde k\u00fclleme <em>(Erysiphe cichoracearum, Sphaerotheca fuliginea)<\/em><\/td><td class=\"column-3\">75 ml\/100 L su<\/td><td class=\"column-4\">3 g\u00fcn<\/td>\n<\/tr>\n<tr class=\"row-9\">\n\t<td class=\"column-1\">KABAK<\/td><td class=\"column-2\">Kabakgillerde k\u00fclleme <em>(Erysiphe cichoracearum, Sphaerotheca fuliginea)<\/em><\/td><td class=\"column-3\">75 ml\/100 L su<\/td><td class=\"column-4\">3 g\u00fcn<\/td>\n<\/tr>\n<tr class=\"row-10\">\n\t<td rowspan=\"2\" class=\"column-1\">DOMATES (Tarla)<\/td><td class=\"column-2\">Mildiy\u00f6 <em>(Phytophthora infestans)<\/em><\/td><td class=\"column-3\">75 ml\/100 L su<\/td><td class=\"column-4\">3 g\u00fcn<\/td>\n<\/tr>\n<tr class=\"row-11\">\n\t<td class=\"column-2\">Erken yaprak yan\u0131kl\u0131\u011f\u0131 <em>(Alternaria solani)<\/em><\/td><td class=\"column-3\">75 ml\/100 L su<\/td><td class=\"column-4\">3 g\u00fcn<\/td>\n<\/tr>\n<tr class=\"row-12\">\n\t<td class=\"column-1\">KARPUZ<\/td><td class=\"column-2\">Alternaria yaprak yan\u0131kl\u0131\u011f\u0131 <em>(Alternaria cucumerina)<\/em><\/td><td class=\"column-3\">75 ml\/da<\/td><td class=\"column-4\">3 g\u00fcn<\/td>\n<\/tr>\n<tr class=\"row-13\">\n\t<td class=\"column-1\">B\u0130BER (Sera)<\/td><td class=\"column-2\">K\u00fclleme<em> (Leveilula taurica)<\/em><\/td><td class=\"column-3\">75 ml\/100 L su<\/td><td class=\"column-4\">3 g\u00fcn<\/td>\n<\/tr>\n<tr class=\"row-14\">\n\t<td class=\"column-1\">\u00c7ELT\u0130K<\/td><td class=\"column-2\">\u00c7eltik yan\u0131kl\u0131k hastal\u0131\u011f\u0131<em> (Pyricularia oryzae)<\/em><\/td><td class=\"column-3\">100 ml\/da<\/td><td class=\"column-4\">28 g\u00fcn<\/td>\n<\/tr>\n<tr class=\"row-15\">\n\t<td rowspan=\"4\" class=\"column-1\">BU\u011eDAY<\/td><td class=\"column-2\">Septorya yaprak lekesi <em>(Septoria tritici)<\/em><\/td><td class=\"column-3\">100 ml\/da<\/td><td class=\"column-4\">56 g\u00fcn<\/td>\n<\/tr>\n<tr class=\"row-16\">\n\t<td class=\"column-2\">Kahverengi pas <em>(Puccinia recondita tritici)<\/em><\/td><td class=\"column-3\">100 ml\/da<\/td><td class=\"column-4\">56 g\u00fcn<\/td>\n<\/tr>\n<tr class=\"row-17\">\n\t<td class=\"column-2\">Sar\u0131 pas <em>(Puccinia striiformis f.sp. tritici)<\/em><\/td><td class=\"column-3\">100 ml\/da<\/td><td class=\"column-4\">56 g\u00fcn<\/td>\n<\/tr>\n<tr class=\"row-18\">\n\t<td class=\"column-2\">Tah\u0131l k\u00fcllemesi <em>(Erysiphe graminis f.sp tritici)<\/em><\/td><td class=\"column-3\">100 ml\/da<\/td><td class=\"column-4\">56 g\u00fcn<\/td>\n<\/tr>\n<tr class=\"row-19\">\n\t<td class=\"column-1\">\u00c7\u0130LEK<\/td><td class=\"column-2\">\u00c7ilekte antraknoz <em>(Colletotrichum fragariae,<br \/>\nColletotrichum gloesporioides, Colletotrichum aculatum)<\/em><\/td><td class=\"column-3\">75 ml\/da<\/td><td class=\"column-4\">1 g\u00fcn<\/td>\n<\/tr>\n<tr class=\"row-20\">\n\t<td class=\"column-1\">BEZELYE<\/td><td class=\"column-2\">Bezelye mildiy\u00f6s\u00fc <em>(Peronospora viciae)<\/em><\/td><td class=\"column-3\">80 ml\/da<\/td><td class=\"column-4\">7 g\u00fcn<\/td>\n<\/tr>\n<tr class=\"row-21\">\n\t<td class=\"column-1\">ARMUT<\/td><td class=\"column-2\">Armut karalekesi <em>(Venturia pirina)<\/em><\/td><td class=\"column-3\">75 ml\/100 L su<\/td><td class=\"column-4\">7 g\u00fcn<\/td>\n<\/tr>\n<tr class=\"row-22\">\n\t<td class=\"column-1\">ELMA<\/td><td class=\"column-2\">Elma karalekesi <em>(Venturia inaequalis)<\/em><\/td><td class=\"column-3\">75 ml 100 l su<\/td><td class=\"column-4\">7 g\u00fcn<\/td>\n<\/tr>\n<tr class=\"row-23\">\n\t<td class=\"column-1\"><\/td><td class=\"column-2\"><\/td><td class=\"column-3\"><\/td><td class=\"column-4\"><\/td>\n<\/tr>\n<tr class=\"row-24\">\n\t<td class=\"column-1\"><\/td><td class=\"column-2\"><\/td><td class=\"column-3\"><\/td><td class=\"column-4\"><\/td>\n<\/tr>\n<\/tbody>\n<\/table>\n\n","protected":false},"excerpt":{"rendered":"<p><strong>Form\u00fclasyonu:<\/strong><br \/>\nSC (S\u00fcspansiyon Konsantre)<\/p>\n<p><strong>Aktif Madde:<\/strong><br \/>\n250 g\/L Azoxystrobin<\/p>\n<p><a class=\"custom-button2\" href=\"https:\/\/royalfen.com\/wp-content\/uploads\/2023\/12\/ROYZOX-GBF.pdf\" target=\"_blank\" rel=\"noopener\"><strong>G\u00dcVENL\u0130K B\u0130LG\u0130 FORMU<\/strong><\/a><\/p>\n<p><a class=\"custom-button2\" href=\"https:\/\/royalfen.com\/wp-content\/uploads\/2023\/12\/ROYZOX-SC-ETIKET.pdf\" target=\"_blank\" rel=\"noopener\"><strong>ONAYLI ET\u0130KET<\/strong><\/a><\/p>\n","protected":false},"featured_media":1952,"comment_status":"closed","ping_status":"closed","template":"","meta":[],"product_brand":[],"product_cat":[23,33,63,35,44],"product_tag":[],"class_list":{"0":"post-1082","1":"product","2":"type-product","3":"status-publish","4":"has-post-thumbnail","6":"product_cat-fungusitler","7":"product_cat-turkiye","8":"product_cat-turkiye-fungisit","9":"product_cat-turkmenistan","10":"product_cat-turkmenistan-fungisit","12":"first","13":"instock","14":"shipping-taxable","15":"product-type-simple"},"_links":{"self":[{"href":"https:\/\/royalfen.com\/tr\/wp-json\/wp\/v2\/product\/1082","targetHints":{"allow":["GET"]}}],"collection":[{"href":"https:\/\/royalfen.com\/tr\/wp-json\/wp\/v2\/product"}],"about":[{"href":"https:\/\/royalfen.com\/tr\/wp-json\/wp\/v2\/types\/product"}],"replies":[{"embeddable":true,"href":"https:\/\/royalfen.com\/tr\/wp-json\/wp\/v2\/comments?post=1082"}],"wp:featuredmedia":[{"embeddable":true,"href":"https:\/\/royalfen.com\/tr\/wp-json\/wp\/v2\/media\/1952"}],"wp:attachment":[{"href":"https:\/\/royalfen.com\/tr\/wp-json\/wp\/v2\/media?parent=1082"}],"wp:term":[{"taxonomy":"product_brand","embeddable":true,"href":"https:\/\/royalfen.com\/tr\/wp-json\/wp\/v2\/product_brand?post=1082"},{"taxonomy":"product_cat","embeddable":true,"href":"https:\/\/royalfen.com\/tr\/wp-json\/wp\/v2\/product_cat?post=1082"},{"taxonomy":"product_tag","embeddable":true,"href":"https:\/\/royalfen.com\/tr\/wp-json\/wp\/v2\/product_tag?post=1082"}],"curies":[{"name":"wp","href":"https:\/\/api.w.org\/{rel}","templated":true}]}}