{"id":1084,"date":"2023-12-11T09:31:13","date_gmt":"2023-12-11T06:31:13","guid":{"rendered":"https:\/\/royalfen.com\/?post_type=product&#038;p=1084"},"modified":"2025-08-15T14:50:26","modified_gmt":"2025-08-15T11:50:26","slug":"royzum-10-sc","status":"publish","type":"product","link":"https:\/\/royalfen.com\/tr\/urun\/royzum-10-sc\/","title":{"rendered":"ROYZUM 10 SC"},"content":{"rendered":"<h4><span style=\"font-family: gotham;\">KULLANILACA\u011eI B\u0130TK\u0130 VE ZARARLI ORGAN\u0130ZMALAR:<\/span><\/h4>\n\n<table id=\"tablepress-67\" class=\"tablepress tablepress-id-67 tbody-has-connected-cells\">\n<thead>\n<tr class=\"row-1\">\n\t<th class=\"column-1\">Bitki Ad\u0131<\/th><th class=\"column-2\">Zararl\u0131 Organizma Ad\u0131<\/th><th class=\"column-3\">Uygulama Dozu ve D\u00f6nemi<\/th><th class=\"column-4\">Son Uygulama<br \/>\nile Hasat<br \/>\nAras\u0131ndaki S\u00fcre<\/th>\n<\/tr>\n<\/thead>\n<tbody class=\"row-striping row-hover\">\n<tr class=\"row-2\">\n\t<td class=\"column-1\">Elma<\/td><td class=\"column-2\">Avrupa k\u0131rm\u0131z\u0131\u00f6r\u00fcmce\u011fi <em>(Panonychus ulmi)<\/em><\/td><td class=\"column-3\">25 ml \/ 100 l su (yumurta, larva, nimf)<\/td><td class=\"column-4\">14 g\u00fcn<\/td>\n<\/tr>\n<tr class=\"row-3\">\n\t<td class=\"column-1\">Biber<br \/>\n(Sera)<\/td><td class=\"column-2\">\u0130ki noktal\u0131 k\u0131rm\u0131z\u0131\u00f6r\u00fcmcek <em>(Tetranychus urticae)<\/em><\/td><td class=\"column-3\">35 ml \/ 100 l su (larva, nimf)<\/td><td class=\"column-4\">3 g\u00fcn<\/td>\n<\/tr>\n<tr class=\"row-4\">\n\t<td class=\"column-1\">Domates<\/td><td class=\"column-2\">\u0130ki noktal\u0131 k\u0131rm\u0131z\u0131\u00f6r\u00fcmcek <em>(Tetranychus urticae)<\/em><\/td><td class=\"column-3\">35 ml \/ 100 l su (larva, nimf)<\/td><td class=\"column-4\">3 g\u00fcn<\/td>\n<\/tr>\n<tr class=\"row-5\">\n\t<td rowspan=\"2\" class=\"column-1\">Pamuk<\/td><td class=\"column-2\">\u0130ki noktal\u0131 k\u0131rm\u0131z\u0131\u00f6r\u00fcmcek <em>(Tetranychus urticae)<\/em><\/td><td class=\"column-3\">25 ml\/da (yumurta, larva, nimf)<\/td><td rowspan=\"2\" class=\"column-4\">21 g\u00fcn<\/td>\n<\/tr>\n<tr class=\"row-6\">\n\t<td class=\"column-2\">K\u0131rm\u0131z\u0131\u00f6r\u00fcmcek <em>(Teranychus cinnabarinus)<\/em><\/td><td class=\"column-3\">50 ml\/da (yumurta, larva, nimf)<\/td>\n<\/tr>\n<tr class=\"row-7\">\n\t<td class=\"column-1\">Karpuz<\/td><td class=\"column-2\">\u0130ki noktal\u0131 k\u0131rm\u0131z\u0131\u00f6r\u00fcmcek <em>(Tetranychus urticae)<\/em><\/td><td class=\"column-3\">25 ml\/da (larva, nimf)<\/td><td class=\"column-4\">3 g\u00fcn<\/td>\n<\/tr>\n<tr class=\"row-8\">\n\t<td class=\"column-1\">Ba\u011f* (\u00dcz\u00fcm)<\/td><td class=\"column-2\">\u0130ki noktal\u0131 k\u0131rm\u0131z\u0131\u00f6r\u00fcmcek <em>(Tetranychus urticae)<\/em><\/td><td class=\"column-3\">25 ml \/ 100 l su (yumurta, larva, nimf)<\/td><td class=\"column-4\">7 g\u00fcn<\/td>\n<\/tr>\n<tr class=\"row-9\">\n\t<td class=\"column-1\">H\u0131yar (Tarla, Sera)<\/td><td class=\"column-2\">\u0130ki noktal\u0131 k\u0131rm\u0131z\u0131\u00f6r\u00fcmcek <em>(Tetranychus urticae)<\/em><\/td><td class=\"column-3\">35 ml\/ 100 l su (Yumurta, larva, nimf)<\/td><td class=\"column-4\">3 g\u00fcn<\/td>\n<\/tr>\n<tr class=\"row-10\">\n\t<td class=\"column-1\">M\u0131s\u0131r<\/td><td class=\"column-2\">\u0130ki noktal\u0131 k\u0131rm\u0131z\u0131\u00f6r\u00fcmcek <em>(Tetranychus urticae)<\/em><\/td><td class=\"column-3\">25 ml\/da (larva, nimf)<\/td><td class=\"column-4\">1 g\u00fcn<\/td>\n<\/tr>\n<tr class=\"row-11\">\n\t<td class=\"column-1\">\u00c7ilek(Tarla)<\/td><td class=\"column-2\">\u0130ki noktal\u0131 k\u0131rm\u0131z\u0131\u00f6r\u00fcmcek<em> (Tetranychus urticae)<\/em><\/td><td class=\"column-3\">35 ml \/ 100 l su (larva, nimf)<\/td><td class=\"column-4\">1 g\u00fcn<\/td>\n<\/tr>\n<tr class=\"row-12\">\n\t<td class=\"column-1\">Patl\u0131can (sera)<\/td><td class=\"column-2\">\u0130ki noktal\u0131 k\u0131rm\u0131z\u0131\u00f6r\u00fcmcek <em>(Tetranychus urticae)<\/em><\/td><td class=\"column-3\">35 ml \/ 100 l su (larva, nimf,ergin)<\/td><td class=\"column-4\">3 g\u00fcn<\/td>\n<\/tr>\n<tr class=\"row-13\">\n\t<td class=\"column-1\"><\/td><td class=\"column-2\"><\/td><td class=\"column-3\"><\/td><td class=\"column-4\"><\/td>\n<\/tr>\n<tr class=\"row-14\">\n\t<td class=\"column-1\"><\/td><td class=\"column-2\"><\/td><td class=\"column-3\"><\/td><td class=\"column-4\"><\/td>\n<\/tr>\n<\/tbody>\n<\/table>\n<!-- #tablepress-67 from cache -->\n","protected":false},"excerpt":{"rendered":"<p><strong>Form\u00fclasyonu:<\/strong><br \/>\nSC (Ak\u0131c\u0131 Konsantre\/S\u00fcspansiyon Konsantre)<\/p>\n<p><strong>Aktif Madde:<\/strong><br \/>\n110 g\/l Etoxazole<\/p>\n","protected":false},"featured_media":1953,"comment_status":"closed","ping_status":"closed","template":"","meta":[],"product_brand":[],"product_cat":[21,30,36,32,51,35,41],"product_tag":[],"class_list":{"0":"post-1084","1":"product","2":"type-product","3":"status-publish","4":"has-post-thumbnail","6":"product_cat-akarisitlermollusitler","7":"product_cat-azerbaycan","8":"product_cat-azerbaycan-akarisit","9":"product_cat-kirgizistan","10":"product_cat-kirgizistan-akarisit","11":"product_cat-turkmenistan","12":"product_cat-turkmenistan-akarisit","14":"first","15":"instock","16":"shipping-taxable","17":"product-type-simple"},"_links":{"self":[{"href":"https:\/\/royalfen.com\/tr\/wp-json\/wp\/v2\/product\/1084","targetHints":{"allow":["GET"]}}],"collection":[{"href":"https:\/\/royalfen.com\/tr\/wp-json\/wp\/v2\/product"}],"about":[{"href":"https:\/\/royalfen.com\/tr\/wp-json\/wp\/v2\/types\/product"}],"replies":[{"embeddable":true,"href":"https:\/\/royalfen.com\/tr\/wp-json\/wp\/v2\/comments?post=1084"}],"wp:featuredmedia":[{"embeddable":true,"href":"https:\/\/royalfen.com\/tr\/wp-json\/wp\/v2\/media\/1953"}],"wp:attachment":[{"href":"https:\/\/royalfen.com\/tr\/wp-json\/wp\/v2\/media?parent=1084"}],"wp:term":[{"taxonomy":"product_brand","embeddable":true,"href":"https:\/\/royalfen.com\/tr\/wp-json\/wp\/v2\/product_brand?post=1084"},{"taxonomy":"product_cat","embeddable":true,"href":"https:\/\/royalfen.com\/tr\/wp-json\/wp\/v2\/product_cat?post=1084"},{"taxonomy":"product_tag","embeddable":true,"href":"https:\/\/royalfen.com\/tr\/wp-json\/wp\/v2\/product_tag?post=1084"}],"curies":[{"name":"wp","href":"https:\/\/api.w.org\/{rel}","templated":true}]}}