{"id":1122,"date":"2023-12-11T13:18:10","date_gmt":"2023-12-11T10:18:10","guid":{"rendered":"https:\/\/royalfen.com\/?post_type=product&#038;p=1122"},"modified":"2025-03-07T10:47:42","modified_gmt":"2025-03-07T07:47:42","slug":"masgard","status":"publish","type":"product","link":"https:\/\/royalfen.com\/tr\/urun\/masgard\/","title":{"rendered":"MASGARD SE"},"content":{"rendered":"<h4><span style=\"font-family: gotham;\">KULLANILACA\u011eI B\u0130TK\u0130 VE ZARARLI ORGAN\u0130ZMALAR:<\/span><\/h4>\n\n<table id=\"tablepress-66\" class=\"tablepress tablepress-id-66 tbody-has-connected-cells\">\n<thead>\n<tr class=\"row-1\">\n\t<th class=\"column-1\">Bitki Ad\u0131<\/th><th class=\"column-2\">Zararl\u0131 Organizma Ad\u0131<\/th><th class=\"column-3\">Uygulama Dozu<br \/>\nVe D\u00f6nemi<\/th><th class=\"column-4\">Son Uygulama<br \/>\n\u0130le Hasat<br \/>\nAras\u0131ndaki S\u00fcre<\/th>\n<\/tr>\n<\/thead>\n<tbody class=\"row-striping row-hover\">\n<tr class=\"row-2\">\n\t<td rowspan=\"3\" class=\"column-1\">BU\u011eDAY,<br \/>\nARPA<\/td><td class=\"column-2\">Yat\u0131k boya k\u00f6k\u00fc <em>(Asperugo procumbens)<\/em><br \/>\nYabani tere <em>(Cardaria draba)<\/em><br \/>\nYabani hardal <em>(Sinapis arvensis)<\/em><br \/>\nYabani \u00e7ivit otu<em> (Isatis tinctoria)<\/em><br \/>\nUzun s\u00fcp\u00fcrge otu <em>(Descurania sophia)<\/em><br \/>\nS\u00fcp\u00fcrge otu = B\u00fclb\u00fcl otu <em>(Sisymbrium altissimum)<\/em><br \/>\nTrakya hardal\u0131 <em>(Neslia apiculata)<\/em><br \/>\nTa\u015fkesen otu <em>(Buglossoides arvensis)<\/em><br \/>\n\u0130talyan s\u0131\u011f\u0131r dili <em>(Anchusa azurea)<\/em><br \/>\nSark\u0131k meyveli yavru a\u011fz\u0131<em> (Hypecoum pendulum)<\/em><br \/>\nSar\u0131ot <em>(Boreava orientalis)<\/em><br \/>\nRum yalanc\u0131 keteni <em>(Camelina rumelice)<\/em><br \/>\nK\u0131ra\u00e7 \u0131t\u0131r\u0131 <em>(Geranium stepporum)<\/em><br \/>\nYaz kanavc\u0131otu <em>(Adonis aestivalis)<\/em><br \/>\nKaba fi\u011f = Koca fi\u011f <em>(Vicia narbonensis)<\/em><br \/>\nBoynuz otu <em>(Cerastium dicothomum)<\/em><br \/>\nAdi fi\u011f = Yabani fi\u011f <em>(Vicia sativa)<\/em><\/td><td class=\"column-3\">50 ml\/da<\/td><td class=\"column-4\">14 g\u00fcn<\/td>\n<\/tr>\n<tr class=\"row-3\">\n\t<td class=\"column-2\">\u00c7orak papatyas\u0131 <em>(Anthemis fumariifolia)<\/em><br \/>\nTarla hazeran\u0131<em> (Consolida regalis)<\/em><br \/>\nSaka dikeni <em>(Carduus pycnocephalus)<\/em><br \/>\nParmakl\u0131 yav\u015fan otu <em>(Veronica triphyllos)<\/em><br \/>\nMeryem dikeni<em> (Silybum marianum)<\/em><br \/>\nTarla d\u00fc\u011f\u00fcn \u00e7i\u00e7e\u011fi <em>(Ranunculus arvensis)<\/em><br \/>\n\u00c7oban de\u011fne\u011fi <em>(Polygonum bellardii)<\/em><br \/>\nBoynuzlu yo\u011furtotu<em> (Galium tricornutum)<\/em><\/td><td class=\"column-3\">60 ml\/da<\/td><td class=\"column-4\">14 g\u00fcn<\/td>\n<\/tr>\n<tr class=\"row-4\">\n\t<td class=\"column-2\">Kekre <em>(Acroptilon repens)<\/em><br \/>\nKokarot <em>(Bifora radians)<\/em><br \/>\nPeygamber \u00e7i\u00e7e\u011fi = G\u00f6kba\u015f <em>(Centaurea depressa)<\/em><br \/>\nK\u00f6yg\u00f6\u00e7\u00fcren<em> (Cirsium arvense)<\/em><br \/>\nDo\u011fu ball\u0131babas\u0131<em> (Wiedemannia orientalis)<\/em><\/td><td class=\"column-3\">70 ml\/da<\/td><td class=\"column-4\">14 g\u00fcn<\/td>\n<\/tr>\n<tr class=\"row-5\">\n\t<td rowspan=\"2\" class=\"column-1\">MISIR<\/td><td class=\"column-2\">Adi soda otu <em>(Salsola kali)<\/em><br \/>\nDil kanatan = Yap\u0131\u015fkan otu <em>(Galium aparine)<\/em><br \/>\nDomuz p\u0131tra\u011f\u0131 <em>(Xanthium strumarium)<\/em><br \/>\nGece sefas\u0131 <em>(Ipomea stolonifera)<\/em><br \/>\nPeygamber \u00e7i\u00e7e\u011fi = G\u00f6kba\u015f <em>(Centaurea depressa)<\/em><br \/>\n\u0130mam pamu\u011fu <em>(Abutilon theophrastii)<\/em><br \/>\nK\u0131rm\u0131z\u0131 k\u00f6kl\u00fc tilkikuyru\u011fu <em>(Amaranthus retroflexus)<\/em><br \/>\nK\u00f6pek \u00fcz\u00fcm\u00fc <em>(Solanum nigrum)<\/em><br \/>\nSirken <em>(Chenopodium album)<\/em><br \/>\nLo\u011fusa otu <em>(Aristolochia clematitis)<\/em><br \/>\nYat\u0131k sirken <em>(Chenopodium vulvaria)<\/em><\/td><td class=\"column-3\">70 ml\/da<\/td><td class=\"column-4\">14 g\u00fcn<\/td>\n<\/tr>\n<tr class=\"row-6\">\n\t<td class=\"column-2\">Tarla sarma\u015f\u0131\u011f\u0131 <em>(Convolvulus arvensis)<\/em><br \/>\nKekre <em>(Acroptilon repens)<\/em><\/td><td class=\"column-3\">80 ml\/da<\/td><td class=\"column-4\">14 g\u00fcn<\/td>\n<\/tr>\n<\/tbody>\n<\/table>\n\n","protected":false},"excerpt":{"rendered":"<p><strong>Formulasyonu:<\/strong><br \/>\nSE (S\u00fcspo Em\u00fclsiyon)<\/p>\n<p><strong>Aktif Madde:<\/strong><br \/>\n452,42 g\/l 2,4-D 2-Ethylhexyl Ester (EHE) + 6,25 g\/l Florasulam<\/p>\n<p><a class=\"custom-button2\" href=\"https:\/\/royalfen.com\/wp-content\/uploads\/2023\/12\/MASGARD-GBF.pdf\" target=\"_blank\" rel=\"noopener\"><strong>G\u00dcVENL\u0130K B\u0130LG\u0130 FORMU<\/strong><\/a><\/p>\n<p><a class=\"custom-button2\" href=\"https:\/\/royalfen.com\/wp-content\/uploads\/2023\/12\/masgard-son-onayli-etiket.pdf\" target=\"_blank\" rel=\"noopener\"><strong>ONAYLI ET\u0130KET<\/strong><\/a><\/p>\n","protected":false},"featured_media":1896,"comment_status":"closed","ping_status":"closed","template":"","meta":[],"product_brand":[],"product_cat":[30,38,24,33,64,35,43],"product_tag":[],"class_list":{"0":"post-1122","1":"product","2":"type-product","3":"status-publish","4":"has-post-thumbnail","6":"product_cat-azerbaycan","7":"product_cat-azerbaycan-herbisit","8":"product_cat-herbisitler","9":"product_cat-turkiye","10":"product_cat-turkiye-herbisit","11":"product_cat-turkmenistan","12":"product_cat-turkmenistan-herbisit","14":"first","15":"instock","16":"shipping-taxable","17":"product-type-simple"},"_links":{"self":[{"href":"https:\/\/royalfen.com\/tr\/wp-json\/wp\/v2\/product\/1122","targetHints":{"allow":["GET"]}}],"collection":[{"href":"https:\/\/royalfen.com\/tr\/wp-json\/wp\/v2\/product"}],"about":[{"href":"https:\/\/royalfen.com\/tr\/wp-json\/wp\/v2\/types\/product"}],"replies":[{"embeddable":true,"href":"https:\/\/royalfen.com\/tr\/wp-json\/wp\/v2\/comments?post=1122"}],"wp:featuredmedia":[{"embeddable":true,"href":"https:\/\/royalfen.com\/tr\/wp-json\/wp\/v2\/media\/1896"}],"wp:attachment":[{"href":"https:\/\/royalfen.com\/tr\/wp-json\/wp\/v2\/media?parent=1122"}],"wp:term":[{"taxonomy":"product_brand","embeddable":true,"href":"https:\/\/royalfen.com\/tr\/wp-json\/wp\/v2\/product_brand?post=1122"},{"taxonomy":"product_cat","embeddable":true,"href":"https:\/\/royalfen.com\/tr\/wp-json\/wp\/v2\/product_cat?post=1122"},{"taxonomy":"product_tag","embeddable":true,"href":"https:\/\/royalfen.com\/tr\/wp-json\/wp\/v2\/product_tag?post=1122"}],"curies":[{"name":"wp","href":"https:\/\/api.w.org\/{rel}","templated":true}]}}