{"id":1126,"date":"2023-12-11T13:21:28","date_gmt":"2023-12-11T10:21:28","guid":{"rendered":"https:\/\/royalfen.com\/?post_type=product&#038;p=1126"},"modified":"2024-12-11T08:48:42","modified_gmt":"2024-12-11T05:48:42","slug":"romax","status":"publish","type":"product","link":"https:\/\/royalfen.com\/tr\/urun\/romax\/","title":{"rendered":"ROYMAX FS"},"content":{"rendered":"<h4><span style=\"font-family: gotham;\">KULLANILACA\u011eI B\u0130TK\u0130 VE ZARARLI ORGAN\u0130ZMALAR:<\/span><\/h4>\n\n<table id=\"tablepress-65\" class=\"tablepress tablepress-id-65\">\n<thead>\n<tr class=\"row-1\">\n\t<th class=\"column-1\">Bitki Ad\u0131<\/th><th class=\"column-2\">Zararl\u0131 Organizma Ad\u0131<\/th><th class=\"column-3\">Uygulama Dozu<\/th><th class=\"column-4\">Son \u0130la\u00e7lama<br \/>\nile Hasat<br \/>\nAras\u0131ndaki S\u00fcre<\/th>\n<\/tr>\n<\/thead>\n<tbody class=\"row-striping row-hover\">\n<tr class=\"row-2\">\n\t<td class=\"column-1\">BU\u011eDAY<\/td><td class=\"column-2\">Fide Yan\u0131kl\u0131\u011f\u0131, K\u00f6k Ve K\u00f6k Bo\u011faz\u0131 \u00c7\u00fcr\u00fckl\u00fc\u011f\u00fc<em> (Fusarium spp., Pythium spp.)<\/em><br \/>\nRASTIK <em>(Ustilago tritici)<\/em><br \/>\nAD\u0130 S\u00dcRME <em>(Tilletia caries, Tilletia.foetida)<\/em><\/td><td class=\"column-3\">240 ml\/100 kg tohum<\/td><td class=\"column-4\">56 g\u00fcn<\/td>\n<\/tr>\n<tr class=\"row-3\">\n\t<td class=\"column-1\">ARPA<\/td><td class=\"column-2\">Fide Yan\u0131kl\u0131\u011f\u0131, K\u00f6k Ve K\u00f6k Bo\u011faz\u0131 \u00c7\u00fcr\u00fckl\u00fc\u011f\u00fc<em> (Fusarium spp., Pythium spp.)<\/em><br \/>\nYaprakBitleri<em> (Diuraphis noxius, Rhopalosiphum maidis, Sitobion avenae,<br \/>\nR. padi, Schizaphis graminum, Metopolophium dirhod, Myzus persicae)<\/em><br \/>\nTelkurtlar\u0131 <em>(Agriotes spp.)<\/em><\/td><td class=\"column-3\">240 ml\/100 kg tohum<\/td><td class=\"column-4\">56 g\u00fcn<\/td>\n<\/tr>\n<tr class=\"row-4\">\n\t<td class=\"column-1\"><\/td><td class=\"column-2\"><\/td><td class=\"column-3\"><\/td><td class=\"column-4\"><\/td>\n<\/tr>\n<tr class=\"row-5\">\n\t<td class=\"column-1\"><\/td><td class=\"column-2\"><\/td><td class=\"column-3\"><\/td><td class=\"column-4\"><\/td>\n<\/tr>\n<\/tbody>\n<\/table>\n\n","protected":false},"excerpt":{"rendered":"<p><strong>Form\u00fclasyonu:<\/strong><br \/>\nFS (Tohum \u0130la\u00e7lamas\u0131 \u0130\u00e7in Ak\u0131c\u0131 Konsantre)<\/p>\n<p><strong>Aktif Madde:<\/strong><br \/>\n262,5 g\/l Thiamethoxam + 25 g\/l Difenoconazole + 25 g\/l Fludioxonil<\/p>\n","protected":false},"featured_media":2177,"comment_status":"closed","ping_status":"closed","template":"","meta":[],"product_brand":[],"product_cat":[30,39,37,23,22,32,54,52,35,44,42],"product_tag":[],"class_list":{"0":"post-1126","1":"product","2":"type-product","3":"status-publish","4":"has-post-thumbnail","6":"product_cat-azerbaycan","7":"product_cat-azerbaycan-fungisit","8":"product_cat-azerbaycan-insektisit","9":"product_cat-fungusitler","10":"product_cat-insektisitler","11":"product_cat-kirgizistan","12":"product_cat-kirgizistan-fungisit","13":"product_cat-kirgizistan-insektisit","14":"product_cat-turkmenistan","15":"product_cat-turkmenistan-fungisit","16":"product_cat-turkmenistan-insektisit","18":"first","19":"instock","20":"shipping-taxable","21":"product-type-simple"},"_links":{"self":[{"href":"https:\/\/royalfen.com\/tr\/wp-json\/wp\/v2\/product\/1126","targetHints":{"allow":["GET"]}}],"collection":[{"href":"https:\/\/royalfen.com\/tr\/wp-json\/wp\/v2\/product"}],"about":[{"href":"https:\/\/royalfen.com\/tr\/wp-json\/wp\/v2\/types\/product"}],"replies":[{"embeddable":true,"href":"https:\/\/royalfen.com\/tr\/wp-json\/wp\/v2\/comments?post=1126"}],"wp:featuredmedia":[{"embeddable":true,"href":"https:\/\/royalfen.com\/tr\/wp-json\/wp\/v2\/media\/2177"}],"wp:attachment":[{"href":"https:\/\/royalfen.com\/tr\/wp-json\/wp\/v2\/media?parent=1126"}],"wp:term":[{"taxonomy":"product_brand","embeddable":true,"href":"https:\/\/royalfen.com\/tr\/wp-json\/wp\/v2\/product_brand?post=1126"},{"taxonomy":"product_cat","embeddable":true,"href":"https:\/\/royalfen.com\/tr\/wp-json\/wp\/v2\/product_cat?post=1126"},{"taxonomy":"product_tag","embeddable":true,"href":"https:\/\/royalfen.com\/tr\/wp-json\/wp\/v2\/product_tag?post=1126"}],"curies":[{"name":"wp","href":"https:\/\/api.w.org\/{rel}","templated":true}]}}