{"id":1128,"date":"2023-12-11T13:23:44","date_gmt":"2023-12-11T10:23:44","guid":{"rendered":"https:\/\/royalfen.com\/?post_type=product&#038;p=1128"},"modified":"2024-12-11T08:35:48","modified_gmt":"2024-12-11T05:35:48","slug":"rosier","status":"publish","type":"product","link":"https:\/\/royalfen.com\/tr\/urun\/rosier\/","title":{"rendered":"ROYSTAR 75 WG"},"content":{"rendered":"<h4><span style=\"font-family: gotham;\">KULLANILACA\u011eI B\u0130TK\u0130 VE ZARARLI ORGAN\u0130ZMALAR:<\/span><\/h4>\n\n<table id=\"tablepress-64\" class=\"tablepress tablepress-id-64 tbody-has-connected-cells\">\n<thead>\n<tr class=\"row-1\">\n\t<th class=\"column-1\">Bitki Ad\u0131<\/th><th class=\"column-2\">Zararl\u0131 Organizma Ad\u0131<\/th><th class=\"column-3\">Uygulama Dozu ve D\u00f6nemi<\/th>\n<\/tr>\n<\/thead>\n<tbody class=\"row-striping row-hover\">\n<tr class=\"row-2\">\n\t<td rowspan=\"2\" class=\"column-1\">Bu\u011fday,<br \/>\nArpa<\/td><td class=\"column-2\">Arap baklas\u0131 <em>(Vamlaria pyramidata)<\/em><br \/>\nBall\u0131baba <em>(Lamium spp.)<\/em><br \/>\nD\u00fc\u011f\u00fcn \u00e7i\u00e7e\u011fi<em> (Ranunculus arvensis)<\/em><br \/>\nGelincik <em>(Papaver rhoeas)<\/em><br \/>\nG\u00f6n\u00fcl hardal\u0131<em> (Myagum perfoliatum)<\/em><br \/>\nKokarot <em>(Bifora radians)<\/em><br \/>\nK\u00f6y g\u00f6\u00e7\u00fcren <em>(Cirsium arvense)<\/em><br \/>\nSar\u0131ot<em> (Boreava orientalis)<\/em><br \/>\nSedefotu <em>(Buglossoides arvensis)<\/em><br \/>\nSinek kapan <em>(Silenecopoidea)<\/em><br \/>\nYabani cam \u00e7i\u00e7e\u011fi <em>(Geranium tuberosum)<\/em><br \/>\nYabani \u00e7ivit otu <em>(Isatis tinctoria)<\/em><br \/>\nYabani fi\u011f <em>(Vicia spp.)<\/em><br \/>\nYabani turp <em>(Raphanus spp.)<\/em><br \/>\nYabani hardal <em>(Sinapis arvensis)<\/em><br \/>\nBoynuzlu yo\u011furt otu <em>(Galium tricornutum)<\/em><br \/>\nTarla yap\u0131\u015fkan otu <em>(Asperula arvensis)<\/em><br \/>\nToplu i\u011fne hardal\u0131 <em>(Neslia paniculat)<\/em><\/td><td class=\"column-3\">1 gr\/da<\/td>\n<\/tr>\n<tr class=\"row-3\">\n\t<td class=\"column-2\">Peygamber \u00e7i\u00e7e\u011fi <em>(Centaurea depressa)<\/em><\/td><td class=\"column-3\">1.5 gr\/da veya 1 g\/da +<br \/>\n% 0.1 yay\u0131c\u0131 yap\u0131\u015ft\u0131r\u0131c\u0131<\/td>\n<\/tr>\n<tr class=\"row-4\">\n\t<td rowspan=\"2\" class=\"column-1\">Ay\u00e7i\u00e7e\u011fi<\/td><td class=\"column-2\">Adi soda otu <em>(Salsola kati)<\/em><br \/>\nK\u0131rm\u0131z\u0131 k\u00f6kl\u00fc tilkikuyru\u011fu<em> (Amaranthus retroflexus)<\/em><br \/>\nBoz ot <em>(Heliotropium europaeum)<\/em><br \/>\nYabani hardal<em> (Sinapis arvensis)<\/em><\/td><td class=\"column-3\">1 g\/da + 25 ml\/da<br \/>\nyay\u0131c\u0131 yap\u0131\u015ft\u0131r\u0131c\u0131<\/td>\n<\/tr>\n<tr class=\"row-5\">\n\t<td class=\"column-2\">\u015eeytan elmas\u0131 <em>(Datura stramonium)<\/em><br \/>\nSirken <em>(Chenopodium alb\u00fcm)<\/em><\/td><td class=\"column-3\">3 g\/da + 25 ml\/da<br \/>\nyay\u0131c\u0131 yap\u0131\u015ft\u0131r\u0131c\u0131<\/td>\n<\/tr>\n<tr class=\"row-6\">\n\t<td class=\"column-1\"><\/td><td class=\"column-2\"><\/td><td class=\"column-3\"><\/td>\n<\/tr>\n<\/tbody>\n<\/table>\n<!-- #tablepress-64 from cache -->\n<p>&nbsp;<\/p>\n","protected":false},"excerpt":{"rendered":"<p><strong>Form\u00fclasyonu:<\/strong><br \/>\nWG (Suda da\u011f\u0131labilen gran\u00fcl)<\/p>\n<p><strong>Aktif Madde:<\/strong><br \/>\n% 75 Tribenuron-methyl<\/p>\n<p>&nbsp;<\/p>\n","protected":false},"featured_media":1940,"comment_status":"closed","ping_status":"closed","template":"","meta":[],"product_brand":[],"product_cat":[30,38,24,35,43],"product_tag":[],"class_list":{"0":"post-1128","1":"product","2":"type-product","3":"status-publish","4":"has-post-thumbnail","6":"product_cat-azerbaycan","7":"product_cat-azerbaycan-herbisit","8":"product_cat-herbisitler","9":"product_cat-turkmenistan","10":"product_cat-turkmenistan-herbisit","12":"first","13":"instock","14":"shipping-taxable","15":"product-type-simple"},"_links":{"self":[{"href":"https:\/\/royalfen.com\/tr\/wp-json\/wp\/v2\/product\/1128","targetHints":{"allow":["GET"]}}],"collection":[{"href":"https:\/\/royalfen.com\/tr\/wp-json\/wp\/v2\/product"}],"about":[{"href":"https:\/\/royalfen.com\/tr\/wp-json\/wp\/v2\/types\/product"}],"replies":[{"embeddable":true,"href":"https:\/\/royalfen.com\/tr\/wp-json\/wp\/v2\/comments?post=1128"}],"wp:featuredmedia":[{"embeddable":true,"href":"https:\/\/royalfen.com\/tr\/wp-json\/wp\/v2\/media\/1940"}],"wp:attachment":[{"href":"https:\/\/royalfen.com\/tr\/wp-json\/wp\/v2\/media?parent=1128"}],"wp:term":[{"taxonomy":"product_brand","embeddable":true,"href":"https:\/\/royalfen.com\/tr\/wp-json\/wp\/v2\/product_brand?post=1128"},{"taxonomy":"product_cat","embeddable":true,"href":"https:\/\/royalfen.com\/tr\/wp-json\/wp\/v2\/product_cat?post=1128"},{"taxonomy":"product_tag","embeddable":true,"href":"https:\/\/royalfen.com\/tr\/wp-json\/wp\/v2\/product_tag?post=1128"}],"curies":[{"name":"wp","href":"https:\/\/api.w.org\/{rel}","templated":true}]}}