{"id":1132,"date":"2023-12-11T13:28:06","date_gmt":"2023-12-11T10:28:06","guid":{"rendered":"https:\/\/royalfen.com\/?post_type=product&#038;p=1132"},"modified":"2024-12-10T11:13:09","modified_gmt":"2024-12-10T08:13:09","slug":"roy-x","status":"publish","type":"product","link":"https:\/\/royalfen.com\/tr\/urun\/roy-x\/","title":{"rendered":"ROY-X"},"content":{"rendered":"<h4>KULLANILACA\u011eI B\u0130TK\u0130 VE ZARARLI ORGAN\u0130ZMALAR:<\/h4>\n\n<table id=\"tablepress-63\" class=\"tablepress tablepress-id-63\">\n<thead>\n<tr class=\"row-1\">\n\t<th class=\"column-1\">Bitki Ad\u0131<\/th><th class=\"column-2\">Kontrol etti\u011fi yabanc\u0131 otlar<\/th><th class=\"column-3\">Uygulama Dozu<br \/>\nve D\u00f6nemi<\/th><th class=\"column-4\">Son Uygulama<br \/>\nile Hasat<br \/>\nAras\u0131ndaki S\u00fcre<\/th>\n<\/tr>\n<\/thead>\n<tbody class=\"row-striping row-hover\">\n<tr class=\"row-2\">\n\t<td class=\"column-1\">Yerf\u0131st\u0131\u011f\u0131<\/td><td class=\"column-2\">K\u0131rm\u0131z\u0131 k\u00f6kl\u00fc tilki kuyru\u011fu<em> (Amaranthus retroflexus)<\/em><br \/>\nHint keneviri <em>(Corchorus olitorius)<\/em><br \/>\n\u015eeytan elmas\u0131<em> (Datura stramonium)<\/em><br \/>\nYabani bamya <em>(Hibiscus trionum)<\/em><br \/>\nSemizotu <em>(Portulaca oleracea)<\/em><br \/>\nSar\u0131 t\u00fcyl\u00fc dar\u0131 <em>(Setaria glauca)<\/em><br \/>\nDomuz p\u0131tra\u011f\u0131 <em>(Xanthium strumarium)<\/em><\/td><td class=\"column-3\">150 ml\/da<br \/>\n\u00c7\u0131k\u0131\u015f sonras\u0131<\/td><td class=\"column-4\">\u2026<\/td>\n<\/tr>\n<tr class=\"row-3\">\n\t<td class=\"column-1\">Fasulye<\/td><td class=\"column-2\">Sirken<em> (Chenopodium album)<\/em><br \/>\nHakiki \u015fahtere<em> (Fumaria officinalis)<\/em><br \/>\nSemizotu <em>(Portulaca oleracea)<\/em><br \/>\nYap\u0131\u015fkan ot <em>(Setaria verticillata)<\/em><br \/>\nYabani hardal <em>(Sinapis arvensis)<\/em><br \/>\nK\u00f6pek \u00fcz\u00fcm\u00fc <em>(Solanum nigrum)<\/em><br \/>\nDomuz p\u0131tra\u011f\u0131 <em>(Xanthium strumarium)<\/em><\/td><td class=\"column-3\">150 ml\/da<br \/>\n\u00c7\u0131k\u0131\u015f sonras\u0131<\/td><td class=\"column-4\">49 g\u00fcn<\/td>\n<\/tr>\n<tr class=\"row-4\">\n\t<td class=\"column-1\">Soya<\/td><td class=\"column-2\">\u0130mampamu\u011fu <em>(Abutilon theophrastii)<\/em><br \/>\nK\u0131rm\u0131z\u0131 k\u00f6kl\u00fc tilki kuyru\u011fu <em>(Amaranthus retroflexus)<\/em><br \/>\nBoz ot<em> (Heliotropium europaeum)<\/em><br \/>\nYabani bamya <em>(Hibiscus trionum)<\/em><br \/>\nSemizotu<em> (Portulaca oleracea)<\/em><br \/>\nDomuz p\u0131tra\u011f\u0131 <em>(Xanthium strumarium)<\/em><\/td><td class=\"column-3\">150 ml\/da<br \/>\n\u00c7\u0131k\u0131\u015f sonras\u0131<\/td><td class=\"column-4\">90 g\u00fcn<\/td>\n<\/tr>\n<tr class=\"row-5\">\n\t<td class=\"column-1\">Yonca<\/td><td class=\"column-2\">\u00c7oban \u00e7antas\u0131<em> (Capsella bursa-pastoris)<\/em><br \/>\nHakiki papatya<em> (Matricaria chamomilla)<\/em><br \/>\n\u00c7obande\u011fne\u011fi <em>(Polygonum aviculare)<\/em><br \/>\nYabani hardal<em> (Sinapis arvensis)<\/em><br \/>\nIs\u0131rgan otu <em>(Urtica urens)<\/em><\/td><td class=\"column-3\">150 ml\/da<br \/>\n\u00c7\u0131k\u0131\u015f sonras\u0131<\/td><td class=\"column-4\">\u2026<\/td>\n<\/tr>\n<tr class=\"row-6\">\n\t<td class=\"column-1\"><\/td><td class=\"column-2\"><\/td><td class=\"column-3\"><\/td><td class=\"column-4\"><\/td>\n<\/tr>\n<tr class=\"row-7\">\n\t<td class=\"column-1\"><\/td><td class=\"column-2\"><\/td><td class=\"column-3\"><\/td><td class=\"column-4\"><\/td>\n<\/tr>\n<tr class=\"row-8\">\n\t<td class=\"column-1\"><\/td><td class=\"column-2\"><\/td><td class=\"column-3\"><\/td><td class=\"column-4\"><\/td>\n<\/tr>\n<\/tbody>\n<\/table>\n\n","protected":false},"excerpt":{"rendered":"<p><strong>Formulasyonu:<\/strong><br \/>\nSL (Suda \u00c7\u00f6z\u00fcnen Konsantre)<\/p>\n<p><strong>Aktif Madde:<\/strong><br \/>\n480 g\/l Bentazone+22.4 g\/l Imazamox<\/p>\n<p><a class=\"custom-button2\" href=\"https:\/\/royalfen.com\/wp-content\/uploads\/2023\/12\/ROYX-GBF.pdf\" target=\"_blank\" rel=\"noopener\"><strong>G\u00dcVENL\u0130K B\u0130LG\u0130 FORMU<\/strong><\/a><\/p>\n<p><a class=\"custom-button2\" href=\"https:\/\/royalfen.com\/wp-content\/uploads\/2023\/12\/ROY-X-SON-ONAYLI-ETIKET-2024.pdf\" target=\"_blank\" rel=\"noopener\"><strong>ONAYLI ET\u0130KET<\/strong><\/a><\/p>\n","protected":false},"featured_media":1907,"comment_status":"closed","ping_status":"closed","template":"","meta":[],"product_brand":[],"product_cat":[30,38,24,33,64,35,43],"product_tag":[],"class_list":{"0":"post-1132","1":"product","2":"type-product","3":"status-publish","4":"has-post-thumbnail","6":"product_cat-azerbaycan","7":"product_cat-azerbaycan-herbisit","8":"product_cat-herbisitler","9":"product_cat-turkiye","10":"product_cat-turkiye-herbisit","11":"product_cat-turkmenistan","12":"product_cat-turkmenistan-herbisit","14":"first","15":"instock","16":"shipping-taxable","17":"product-type-simple"},"_links":{"self":[{"href":"https:\/\/royalfen.com\/tr\/wp-json\/wp\/v2\/product\/1132","targetHints":{"allow":["GET"]}}],"collection":[{"href":"https:\/\/royalfen.com\/tr\/wp-json\/wp\/v2\/product"}],"about":[{"href":"https:\/\/royalfen.com\/tr\/wp-json\/wp\/v2\/types\/product"}],"replies":[{"embeddable":true,"href":"https:\/\/royalfen.com\/tr\/wp-json\/wp\/v2\/comments?post=1132"}],"wp:featuredmedia":[{"embeddable":true,"href":"https:\/\/royalfen.com\/tr\/wp-json\/wp\/v2\/media\/1907"}],"wp:attachment":[{"href":"https:\/\/royalfen.com\/tr\/wp-json\/wp\/v2\/media?parent=1132"}],"wp:term":[{"taxonomy":"product_brand","embeddable":true,"href":"https:\/\/royalfen.com\/tr\/wp-json\/wp\/v2\/product_brand?post=1132"},{"taxonomy":"product_cat","embeddable":true,"href":"https:\/\/royalfen.com\/tr\/wp-json\/wp\/v2\/product_cat?post=1132"},{"taxonomy":"product_tag","embeddable":true,"href":"https:\/\/royalfen.com\/tr\/wp-json\/wp\/v2\/product_tag?post=1132"}],"curies":[{"name":"wp","href":"https:\/\/api.w.org\/{rel}","templated":true}]}}