{"id":1134,"date":"2023-12-11T13:30:07","date_gmt":"2023-12-11T10:30:07","guid":{"rendered":"https:\/\/royalfen.com\/?post_type=product&#038;p=1134"},"modified":"2024-12-10T11:06:44","modified_gmt":"2024-12-10T08:06:44","slug":"royagma-of-120","status":"publish","type":"product","link":"https:\/\/royalfen.com\/tr\/urun\/royagma-of-120\/","title":{"rendered":"ROYAGMA OF 120"},"content":{"rendered":"<h4><span style=\"font-family: gotham;\">KULLANILACA\u011eI B\u0130TK\u0130 VE ZARARLI ORGAN\u0130ZMALAR:<\/span><\/h4>\n\n<table id=\"tablepress-62\" class=\"tablepress tablepress-id-62\">\n<thead>\n<tr class=\"row-1\">\n\t<th class=\"column-1\">Bitki Ad\u0131<\/th><th class=\"column-2\">Yabanc\u0131 Ot Ad\u0131<\/th><th class=\"column-3\">Dozu<\/th><th class=\"column-4\">Uygulama D\u00f6nemi<\/th>\n<\/tr>\n<\/thead>\n<tbody class=\"row-striping row-hover\">\n<tr class=\"row-2\">\n\t<td class=\"column-1\">Bu\u011fday<\/td><td class=\"column-2\">\u0130talyan \u00e7imi <em>(Lolium multiflorum)<\/em><br \/>\nK\u0131s\u0131r yabani Yulaf <em>(Avena sterilis=Avena ludoviciana)<\/em><br \/>\nKu\u015f otu<em> (Phalaris spp., P. minor, P. brachystachys)<\/em><br \/>\nTilkikuyru\u011fu <em>(Alopecurus myosuroides)<\/em><\/td><td class=\"column-3\">40 ml\/da +100 ml<br \/>\nYay\u0131c\u0131 Yap\u0131\u015ft\u0131r\u0131c\u0131<\/td><td class=\"column-4\">Bu\u011fday\u0131n ve<br \/>\nyabanc\u0131 otlar\u0131n<br \/>\nkarde\u015flenme<br \/>\nd\u00f6neminde<\/td>\n<\/tr>\n<\/tbody>\n<\/table>\n\n","protected":false},"excerpt":{"rendered":"<p><strong>Formulasyonu:<\/strong><br \/>\nOD (Ya\u011f Bazl\u0131 S\u00fcspansiyon Konsantre)<\/p>\n<p><strong>Aktif Madde:<\/strong><br \/>\n30 g\/l Mesosulfuron-methyl + 90 g\/l Mefenpyr-diethyl (safener)<\/p>\n<p><a class=\"custom-button2\" href=\"https:\/\/royalfen.com\/wp-content\/uploads\/2023\/12\/ROYAGMA-GBF.pdf\" target=\"_blank\" rel=\"noopener\"><strong>G\u00dcVENL\u0130K B\u0130LG\u0130 FORMU<\/strong><\/a><\/p>\n<p><a class=\"custom-button2\" href=\"https:\/\/royalfen.com\/wp-content\/uploads\/2023\/12\/ROYAGMA-OF-120-SON-ONAYLI-ETIKET.pdf\" target=\"_blank\" rel=\"noopener\"><strong>ONAYLI ET\u0130KET<\/strong><\/a><\/p>\n","protected":false},"featured_media":1908,"comment_status":"closed","ping_status":"closed","template":"","meta":[],"product_brand":[],"product_cat":[24,33,64,35,43],"product_tag":[],"class_list":{"0":"post-1134","1":"product","2":"type-product","3":"status-publish","4":"has-post-thumbnail","6":"product_cat-herbisitler","7":"product_cat-turkiye","8":"product_cat-turkiye-herbisit","9":"product_cat-turkmenistan","10":"product_cat-turkmenistan-herbisit","12":"first","13":"instock","14":"shipping-taxable","15":"product-type-simple"},"_links":{"self":[{"href":"https:\/\/royalfen.com\/tr\/wp-json\/wp\/v2\/product\/1134","targetHints":{"allow":["GET"]}}],"collection":[{"href":"https:\/\/royalfen.com\/tr\/wp-json\/wp\/v2\/product"}],"about":[{"href":"https:\/\/royalfen.com\/tr\/wp-json\/wp\/v2\/types\/product"}],"replies":[{"embeddable":true,"href":"https:\/\/royalfen.com\/tr\/wp-json\/wp\/v2\/comments?post=1134"}],"wp:featuredmedia":[{"embeddable":true,"href":"https:\/\/royalfen.com\/tr\/wp-json\/wp\/v2\/media\/1908"}],"wp:attachment":[{"href":"https:\/\/royalfen.com\/tr\/wp-json\/wp\/v2\/media?parent=1134"}],"wp:term":[{"taxonomy":"product_brand","embeddable":true,"href":"https:\/\/royalfen.com\/tr\/wp-json\/wp\/v2\/product_brand?post=1134"},{"taxonomy":"product_cat","embeddable":true,"href":"https:\/\/royalfen.com\/tr\/wp-json\/wp\/v2\/product_cat?post=1134"},{"taxonomy":"product_tag","embeddable":true,"href":"https:\/\/royalfen.com\/tr\/wp-json\/wp\/v2\/product_tag?post=1134"}],"curies":[{"name":"wp","href":"https:\/\/api.w.org\/{rel}","templated":true}]}}