{"id":1139,"date":"2023-12-11T13:36:12","date_gmt":"2023-12-11T10:36:12","guid":{"rendered":"https:\/\/royalfen.com\/?post_type=product&#038;p=1139"},"modified":"2024-12-09T17:05:07","modified_gmt":"2024-12-09T14:05:07","slug":"roycell-40-sl","status":"publish","type":"product","link":"https:\/\/royalfen.com\/tr\/urun\/roycell-40-sl\/","title":{"rendered":"ROYCEL 75 SL"},"content":{"rendered":"<h4>KULLANILACA\u011eI B\u0130TK\u0130LER:<\/h4>\n\n<table id=\"tablepress-61\" class=\"tablepress tablepress-id-61\">\n<thead>\n<tr class=\"row-1\">\n\t<th class=\"column-1\">B\u0130TK\u0130 ADI<\/th><th class=\"column-2\">UYGULAMA DOZU<\/th><th class=\"column-3\">UYGULAMA ZAMANI<\/th>\n<\/tr>\n<\/thead>\n<tbody class=\"row-striping row-hover\">\n<tr class=\"row-2\">\n\t<td class=\"column-1\">Bu\u011fday,<br \/>\nArpa<\/td><td class=\"column-2\">125 ml\/da<\/td><td class=\"column-3\">Bu\u011fday ve arpada bitki boyu 10-20 cm iken ve sapa kalkma d\u00f6neminde<br \/>\nuygulan\u0131r.<\/td>\n<\/tr>\n<tr class=\"row-3\">\n\t<td class=\"column-1\">Pamuk<\/td><td class=\"column-2\">50 ml\/da<\/td><td class=\"column-3\">Ekimden sonra 90 ila 110 g\u00fcnler aras\u0131nda uygulan\u0131r.<\/td>\n<\/tr>\n<tr class=\"row-4\">\n\t<td class=\"column-1\"><\/td><td class=\"column-2\"><\/td><td class=\"column-3\"><\/td>\n<\/tr>\n<tr class=\"row-5\">\n\t<td class=\"column-1\"><\/td><td class=\"column-2\"><\/td><td class=\"column-3\"><\/td>\n<\/tr>\n<\/tbody>\n<\/table>\n<!-- #tablepress-61 from cache -->\n","protected":false},"excerpt":{"rendered":"<p><strong>Form\u00fclasyonu:<\/strong><br \/>\nSL (Suda \u00c7\u00f6z\u00fcnen Konsantre)<\/p>\n<p><strong>Aktif Madde:<\/strong><br \/>\n460 g\/L Chlormequat chloride<\/p>\n","protected":false},"featured_media":1915,"comment_status":"closed","ping_status":"closed","template":"","meta":[],"product_brand":[],"product_cat":[30,40,28,35,45],"product_tag":[],"class_list":{"0":"post-1139","1":"product","2":"type-product","3":"status-publish","4":"has-post-thumbnail","6":"product_cat-azerbaycan","7":"product_cat-azerbaycan-bgd","8":"product_cat-bitki-gelisim-duzenleyici-bgd","9":"product_cat-turkmenistan","10":"product_cat-turkmenistan-bgd","12":"first","13":"instock","14":"shipping-taxable","15":"product-type-simple"},"_links":{"self":[{"href":"https:\/\/royalfen.com\/tr\/wp-json\/wp\/v2\/product\/1139","targetHints":{"allow":["GET"]}}],"collection":[{"href":"https:\/\/royalfen.com\/tr\/wp-json\/wp\/v2\/product"}],"about":[{"href":"https:\/\/royalfen.com\/tr\/wp-json\/wp\/v2\/types\/product"}],"replies":[{"embeddable":true,"href":"https:\/\/royalfen.com\/tr\/wp-json\/wp\/v2\/comments?post=1139"}],"wp:featuredmedia":[{"embeddable":true,"href":"https:\/\/royalfen.com\/tr\/wp-json\/wp\/v2\/media\/1915"}],"wp:attachment":[{"href":"https:\/\/royalfen.com\/tr\/wp-json\/wp\/v2\/media?parent=1139"}],"wp:term":[{"taxonomy":"product_brand","embeddable":true,"href":"https:\/\/royalfen.com\/tr\/wp-json\/wp\/v2\/product_brand?post=1139"},{"taxonomy":"product_cat","embeddable":true,"href":"https:\/\/royalfen.com\/tr\/wp-json\/wp\/v2\/product_cat?post=1139"},{"taxonomy":"product_tag","embeddable":true,"href":"https:\/\/royalfen.com\/tr\/wp-json\/wp\/v2\/product_tag?post=1139"}],"curies":[{"name":"wp","href":"https:\/\/api.w.org\/{rel}","templated":true}]}}