{"id":1143,"date":"2023-12-11T13:47:57","date_gmt":"2023-12-11T10:47:57","guid":{"rendered":"https:\/\/royalfen.com\/?post_type=product&#038;p=1143"},"modified":"2025-01-20T13:45:37","modified_gmt":"2025-01-20T10:45:37","slug":"roycur-wp-25","status":"publish","type":"product","link":"https:\/\/royalfen.com\/tr\/urun\/roycur-wp-25\/","title":{"rendered":"ROYCUR 25 WP"},"content":{"rendered":"<h4>KULLANILACA\u011eI B\u0130TK\u0130 VE ZARARLI ORGAN\u0130ZMALAR:<\/h4>\n\n<table id=\"tablepress-60\" class=\"tablepress tablepress-id-60\">\n<thead>\n<tr class=\"row-1\">\n\t<th class=\"column-1\">Bitki Ad\u0131<\/th><th class=\"column-2\">Zararl\u0131 Organizma Ad\u0131<\/th><th class=\"column-3\">Kullanma Dozu<br \/>\nve D\u00f6nemi<\/th><th class=\"column-4\">Son \u0130la\u00e7lama ile<br \/>\nHasat Aras\u0131ndaki S\u00fcre<\/th>\n<\/tr>\n<\/thead>\n<tbody class=\"row-striping row-hover\">\n<tr class=\"row-2\">\n\t<td class=\"column-1\">Armut<\/td><td class=\"column-2\">Armut karalekesi (Venturia pirina)<\/td><td class=\"column-3\">25 g \/100 l su<\/td><td class=\"column-4\">14 g\u00fcn<\/td>\n<\/tr>\n<tr class=\"row-3\">\n\t<td class=\"column-1\">Bu\u011fday<\/td><td class=\"column-2\">Bu\u011fdayda septorya yaprak lekesi (Septoria tritici)<br \/>\nSar\u0131 pas (Puccinia striiformis)<\/td><td class=\"column-3\">75 g \/ da<\/td><td class=\"column-4\">35 g\u00fcn<\/td>\n<\/tr>\n<tr class=\"row-4\">\n\t<td class=\"column-1\">Domates<\/td><td class=\"column-2\">Erken yaprak yan\u0131kl\u0131\u011f\u0131 (Alternaria solani)<\/td><td class=\"column-3\">50 g \/100 l su<\/td><td class=\"column-4\">7 g\u00fcn<\/td>\n<\/tr>\n<tr class=\"row-5\">\n\t<td class=\"column-1\">Elma<\/td><td class=\"column-2\">Elma karalekesi (Venturia inaequalis)<br \/>\nElma k\u00fcllemesi (Podosphaera leucotricha)<\/td><td class=\"column-3\">25 g \/100 l su<\/td><td class=\"column-4\">14 g\u00fcn<\/td>\n<\/tr>\n<tr class=\"row-6\">\n\t<td class=\"column-1\">Kay\u0131s\u0131<\/td><td class=\"column-2\">\u00c7i\u00e7ek monilyas\u0131 (Monilinia laxa = Sclerotinia laxa)<\/td><td class=\"column-3\">60 g \/100 l su<\/td><td class=\"column-4\">14 g\u00fcn<\/td>\n<\/tr>\n<tr class=\"row-7\">\n\t<td class=\"column-1\">Nar<\/td><td class=\"column-2\">Phytophthora K\u00f6k ve K\u00f6kbo\u011faz\u0131 \u00c7\u00fcr\u00fckl\u00fc\u011f\u00fc (Phytophthora spp)<\/td><td class=\"column-3\">60 g \/100 l su<\/td><td class=\"column-4\">14 g\u00fcn<\/td>\n<\/tr>\n<tr class=\"row-8\">\n\t<td class=\"column-1\">Yerf\u0131st\u0131\u011f\u0131<\/td><td class=\"column-2\">Yerf\u0131st\u0131\u011f\u0131nda serkospora yaprak lekesi<br \/>\n(Cercospora arachidicola=Mycosphaerella berkeleyi)<\/td><td class=\"column-3\">50 g \/da<\/td><td class=\"column-4\">14 g\u00fcn<\/td>\n<\/tr>\n<tr class=\"row-9\">\n\t<td class=\"column-1\"><\/td><td class=\"column-2\"><\/td><td class=\"column-3\"><\/td><td class=\"column-4\"><\/td>\n<\/tr>\n<tr class=\"row-10\">\n\t<td class=\"column-1\"><\/td><td class=\"column-2\"><\/td><td class=\"column-3\"><\/td><td class=\"column-4\"><\/td>\n<\/tr>\n<tr class=\"row-11\">\n\t<td class=\"column-1\"><\/td><td class=\"column-2\"><\/td><td class=\"column-3\"><\/td><td class=\"column-4\"><\/td>\n<\/tr>\n<\/tbody>\n<\/table>\n<!-- #tablepress-60 from cache -->\n","protected":false},"excerpt":{"rendered":"<p><strong>Form\u00fclasyonu:<\/strong><br \/>\nWP (Islanabilir Toz)<\/p>\n<p><strong>Aktif Madde:<\/strong><br \/>\n%25 Tebuconazole<\/p>\n<p><a class=\"custom-button2\" href=\"https:\/\/royalfen.com\/wp-content\/uploads\/2023\/12\/ROYCUR-GBF.pdf\" target=\"_blank\" rel=\"noopener\"><strong>G\u00dcVENL\u0130K B\u0130LG\u0130 FORMU<\/strong><\/a><\/p>\n<p><a class=\"custom-button2\" href=\"https:\/\/royalfen.com\/wp-content\/uploads\/2023\/12\/ROYCUR-25-WP-SON-ONAYLI-ETIKET.pdf\" target=\"_blank\" rel=\"noopener\"><strong>ONAYLI ET\u0130KET<\/strong><\/a><\/p>\n","protected":false},"featured_media":1920,"comment_status":"closed","ping_status":"closed","template":"","meta":[],"product_brand":[],"product_cat":[23,33,63,35,44],"product_tag":[],"class_list":{"0":"post-1143","1":"product","2":"type-product","3":"status-publish","4":"has-post-thumbnail","6":"product_cat-fungusitler","7":"product_cat-turkiye","8":"product_cat-turkiye-fungisit","9":"product_cat-turkmenistan","10":"product_cat-turkmenistan-fungisit","12":"first","13":"instock","14":"shipping-taxable","15":"product-type-simple"},"_links":{"self":[{"href":"https:\/\/royalfen.com\/tr\/wp-json\/wp\/v2\/product\/1143","targetHints":{"allow":["GET"]}}],"collection":[{"href":"https:\/\/royalfen.com\/tr\/wp-json\/wp\/v2\/product"}],"about":[{"href":"https:\/\/royalfen.com\/tr\/wp-json\/wp\/v2\/types\/product"}],"replies":[{"embeddable":true,"href":"https:\/\/royalfen.com\/tr\/wp-json\/wp\/v2\/comments?post=1143"}],"wp:featuredmedia":[{"embeddable":true,"href":"https:\/\/royalfen.com\/tr\/wp-json\/wp\/v2\/media\/1920"}],"wp:attachment":[{"href":"https:\/\/royalfen.com\/tr\/wp-json\/wp\/v2\/media?parent=1143"}],"wp:term":[{"taxonomy":"product_brand","embeddable":true,"href":"https:\/\/royalfen.com\/tr\/wp-json\/wp\/v2\/product_brand?post=1143"},{"taxonomy":"product_cat","embeddable":true,"href":"https:\/\/royalfen.com\/tr\/wp-json\/wp\/v2\/product_cat?post=1143"},{"taxonomy":"product_tag","embeddable":true,"href":"https:\/\/royalfen.com\/tr\/wp-json\/wp\/v2\/product_tag?post=1143"}],"curies":[{"name":"wp","href":"https:\/\/api.w.org\/{rel}","templated":true}]}}