{"id":1145,"date":"2023-12-11T13:50:11","date_gmt":"2023-12-11T10:50:11","guid":{"rendered":"https:\/\/royalfen.com\/?post_type=product&#038;p=1145"},"modified":"2025-03-17T12:45:41","modified_gmt":"2025-03-17T09:45:41","slug":"royfix-sl","status":"publish","type":"product","link":"https:\/\/royalfen.com\/tr\/urun\/royfix-sl\/","title":{"rendered":"ROYF\u0130X 50 SL"},"content":{"rendered":"<h4>KULLANILACA\u011eI B\u0130TK\u0130 VE ZARARLI ORGAN\u0130ZMALAR:<\/h4>\n\n<table id=\"tablepress-59\" class=\"tablepress tablepress-id-59\">\n<thead>\n<tr class=\"row-1\">\n\t<th class=\"column-1\">Bitki Ad\u0131<\/th><th class=\"column-2\">Etki<\/th><th class=\"column-3\">Dozu ve Uygulama D\u00f6nemi<\/th>\n<\/tr>\n<\/thead>\n<tbody class=\"row-striping row-hover\">\n<tr class=\"row-2\">\n\t<td class=\"column-1\">Pamuk<\/td><td class=\"column-2\">A\u015f\u0131r\u0131 b\u00fcy\u00fcmeyi \u00f6nler erkencilik sa\u011flar<\/td><td class=\"column-3\">100 ml\/da \u00c7i\u00e7ek doru\u011fu aras\u0131nda veya tarak ba\u015flang\u0131c\u0131ndan itibaren 25-50 ml\/da 10-15 g\u00fcn ara ile 3-4 tatbikat<\/td>\n<\/tr>\n<tr class=\"row-3\">\n\t<td class=\"column-1\">So\u011fan ve<br \/>\nSar\u0131msak<\/td><td class=\"column-2\">Verim art\u0131\u015f\u0131 sa\u011flar<\/td><td class=\"column-3\">100 ml\/da Tohumdan \u00fcretilen so\u011fanda ekimden 3-3.5 ay sonra, so\u011fan 4-5 yaprakl\u0131 iken arpac\u0131ktan \u00fcretilen so\u011fanda ekimden yakla\u015f\u0131k 2.5 ay sonra<\/td>\n<\/tr>\n<tr class=\"row-4\">\n\t<td class=\"column-1\">Yer F\u0131st\u0131\u011f\u0131<\/td><td class=\"column-2\">Verim art\u0131\u015f\u0131 sa\u011flar<\/td><td class=\"column-3\">150 ml\/da \u00c7i\u00e7ek ba\u015flang\u0131c\u0131 ile tam \u00e7i\u00e7eklenme d\u00f6neminde<\/td>\n<\/tr>\n<tr class=\"row-5\">\n\t<td class=\"column-1\"><\/td><td class=\"column-2\"><\/td><td class=\"column-3\"><\/td>\n<\/tr>\n<tr class=\"row-6\">\n\t<td class=\"column-1\"><\/td><td class=\"column-2\"><\/td><td class=\"column-3\"><\/td>\n<\/tr>\n<tr class=\"row-7\">\n\t<td class=\"column-1\"><\/td><td class=\"column-2\"><\/td><td class=\"column-3\"><\/td>\n<\/tr>\n<\/tbody>\n<\/table>\n<!-- #tablepress-59 from cache -->\n","protected":false},"excerpt":{"rendered":"<p><strong>Form\u00fclasyonu:<\/strong><br \/>\nSL (Suda \u00c7\u00f6z\u00fcnen Konsantre)<\/p>\n<p><strong>Aktif Madde:<\/strong><br \/>\n50 g\/l Mepiquat chloride<\/p>\n<p><a class=\"custom-button2\" href=\"https:\/\/royalfen.com\/wp-content\/uploads\/2023\/12\/ROYFIX-GBF.pdf\" target=\"_blank\" rel=\"noopener\"><strong>G\u00dcVENL\u0130K B\u0130LG\u0130 FORMU<\/strong><\/a><\/p>\n<p><a class=\"custom-button2\" href=\"https:\/\/royalfen.com\/wp-content\/uploads\/2023\/12\/royfix-son-onayli-etiket.pdf\" target=\"_blank\" rel=\"noopener\"><strong>ONAYLI ET\u0130KET<\/strong><\/a><\/p>\n","protected":false},"featured_media":2337,"comment_status":"closed","ping_status":"closed","template":"","meta":[],"product_brand":[],"product_cat":[30,40,28,33,66,35,45],"product_tag":[],"class_list":{"0":"post-1145","1":"product","2":"type-product","3":"status-publish","4":"has-post-thumbnail","6":"product_cat-azerbaycan","7":"product_cat-azerbaycan-bgd","8":"product_cat-bitki-gelisim-duzenleyici-bgd","9":"product_cat-turkiye","10":"product_cat-turkiye-bgd","11":"product_cat-turkmenistan","12":"product_cat-turkmenistan-bgd","14":"first","15":"instock","16":"shipping-taxable","17":"product-type-simple"},"_links":{"self":[{"href":"https:\/\/royalfen.com\/tr\/wp-json\/wp\/v2\/product\/1145","targetHints":{"allow":["GET"]}}],"collection":[{"href":"https:\/\/royalfen.com\/tr\/wp-json\/wp\/v2\/product"}],"about":[{"href":"https:\/\/royalfen.com\/tr\/wp-json\/wp\/v2\/types\/product"}],"replies":[{"embeddable":true,"href":"https:\/\/royalfen.com\/tr\/wp-json\/wp\/v2\/comments?post=1145"}],"wp:featuredmedia":[{"embeddable":true,"href":"https:\/\/royalfen.com\/tr\/wp-json\/wp\/v2\/media\/2337"}],"wp:attachment":[{"href":"https:\/\/royalfen.com\/tr\/wp-json\/wp\/v2\/media?parent=1145"}],"wp:term":[{"taxonomy":"product_brand","embeddable":true,"href":"https:\/\/royalfen.com\/tr\/wp-json\/wp\/v2\/product_brand?post=1145"},{"taxonomy":"product_cat","embeddable":true,"href":"https:\/\/royalfen.com\/tr\/wp-json\/wp\/v2\/product_cat?post=1145"},{"taxonomy":"product_tag","embeddable":true,"href":"https:\/\/royalfen.com\/tr\/wp-json\/wp\/v2\/product_tag?post=1145"}],"curies":[{"name":"wp","href":"https:\/\/api.w.org\/{rel}","templated":true}]}}