{"id":1149,"date":"2023-12-11T14:06:44","date_gmt":"2023-12-11T11:06:44","guid":{"rendered":"https:\/\/royalfen.com\/?post_type=product&#038;p=1149"},"modified":"2024-12-09T14:38:01","modified_gmt":"2024-12-09T11:38:01","slug":"roymech","status":"publish","type":"product","link":"https:\/\/royalfen.com\/tr\/urun\/roymech\/","title":{"rendered":"ROYMECH 50 EC"},"content":{"rendered":"<h4><span style=\"font-family: gotham;\">KULLANILACA\u011eI B\u0130TK\u0130 VE ZARARLI ORGAN\u0130ZMALAR:<\/span><\/h4>\n\n<table id=\"tablepress-57\" class=\"tablepress tablepress-id-57\">\n<thead>\n<tr class=\"row-1\">\n\t<th class=\"column-1\">Bitki Ad\u0131<\/th><th class=\"column-2\">Zararl\u0131 Organizma Ad\u0131<\/th><th class=\"column-3\">Uygulama Dozu<br \/>\nve D\u00f6nemi<\/th><th class=\"column-4\">Son Uygulama<br \/>\nve Hasat<br \/>\nAras\u0131ndaki S\u00fcre<\/th>\n<\/tr>\n<\/thead>\n<tbody class=\"row-striping row-hover\">\n<tr class=\"row-2\">\n\t<td class=\"column-1\">Pamuk<\/td><td class=\"column-2\">Pamuk yaprakkurdu <em>(Spodoptera littoralis)<\/em><\/td><td class=\"column-3\">30 ml\/da (larva)<\/td><td class=\"column-4\">28 g\u00fcn<\/td>\n<\/tr>\n<tr class=\"row-3\">\n\t<td class=\"column-1\">Biber<\/td><td class=\"column-2\">Pamuk yaprakkurdu <em>(Spodoptera littoralis)<\/em><\/td><td class=\"column-3\">30 ml\/da (larva)<\/td><td class=\"column-4\">7 g\u00fcn<\/td>\n<\/tr>\n<tr class=\"row-4\">\n\t<td class=\"column-1\">H\u0131yar (Sera)<\/td><td class=\"column-2\">Pamuk yaprakkurdu <em>(Spodoptera littoralis)<\/em><\/td><td class=\"column-3\">30 ml\/100 L su (larva)<\/td><td class=\"column-4\">7 g\u00fcn<\/td>\n<\/tr>\n<tr class=\"row-5\">\n\t<td class=\"column-1\">Korni\u015fon (Sera)<\/td><td class=\"column-2\">Pamuk yaprakkurdu<em> (Spodoptera littoralis)<\/em><\/td><td class=\"column-3\">30 ml\/100 L su (larva)<\/td><td class=\"column-4\">7 g\u00fcn<\/td>\n<\/tr>\n<tr class=\"row-6\">\n\t<td class=\"column-1\">M\u0131s\u0131r<\/td><td class=\"column-2\">\u00c7izgili yaprakkurdu <em>(Spodoptera exiqua)<\/em><\/td><td class=\"column-3\">20 ml\/da (larva)<\/td><td class=\"column-4\">35 g\u00fcn<\/td>\n<\/tr>\n<tr class=\"row-7\">\n\t<td class=\"column-1\"><\/td><td class=\"column-2\"><\/td><td class=\"column-3\"><\/td><td class=\"column-4\"><\/td>\n<\/tr>\n<tr class=\"row-8\">\n\t<td class=\"column-1\"><\/td><td class=\"column-2\"><\/td><td class=\"column-3\"><\/td><td class=\"column-4\"><\/td>\n<\/tr>\n<tr class=\"row-9\">\n\t<td class=\"column-1\"><\/td><td class=\"column-2\"><\/td><td class=\"column-3\"><\/td><td class=\"column-4\"><\/td>\n<\/tr>\n<\/tbody>\n<\/table>\n<!-- #tablepress-57 from cache -->\n","protected":false},"excerpt":{"rendered":"<p><strong>Form\u00fclasyonu:<\/strong><br \/>\nEC (Em\u00fclsiyon Konsantre)<\/p>\n<p><strong>Aktif Madde:<\/strong><br \/>\n50 g\/l Lufenuron<\/p>\n<p><a class=\"custom-button2\" href=\"https:\/\/royalfen.com\/wp-content\/uploads\/2023\/12\/ROYMECH-GBF.pdf\" target=\"_blank\" rel=\"noopener\"><strong>G\u00dcVENL\u0130K B\u0130LG\u0130 FORMU<\/strong><\/a><\/p>\n<p><a class=\"custom-button2\" href=\"https:\/\/royalfen.com\/wp-content\/uploads\/2023\/12\/ROYMECH-50-EC-ETIKET.pdf\" target=\"_blank\" rel=\"noopener\"><strong>ONAYLI ET\u0130KET<\/strong><\/a><\/p>\n","protected":false},"featured_media":1931,"comment_status":"closed","ping_status":"closed","template":"","meta":[],"product_brand":[],"product_cat":[22,33,65,35,42],"product_tag":[],"class_list":{"0":"post-1149","1":"product","2":"type-product","3":"status-publish","4":"has-post-thumbnail","6":"product_cat-insektisitler","7":"product_cat-turkiye","8":"product_cat-turkiye-insektisit","9":"product_cat-turkmenistan","10":"product_cat-turkmenistan-insektisit","12":"first","13":"instock","14":"shipping-taxable","15":"product-type-simple"},"_links":{"self":[{"href":"https:\/\/royalfen.com\/tr\/wp-json\/wp\/v2\/product\/1149","targetHints":{"allow":["GET"]}}],"collection":[{"href":"https:\/\/royalfen.com\/tr\/wp-json\/wp\/v2\/product"}],"about":[{"href":"https:\/\/royalfen.com\/tr\/wp-json\/wp\/v2\/types\/product"}],"replies":[{"embeddable":true,"href":"https:\/\/royalfen.com\/tr\/wp-json\/wp\/v2\/comments?post=1149"}],"wp:featuredmedia":[{"embeddable":true,"href":"https:\/\/royalfen.com\/tr\/wp-json\/wp\/v2\/media\/1931"}],"wp:attachment":[{"href":"https:\/\/royalfen.com\/tr\/wp-json\/wp\/v2\/media?parent=1149"}],"wp:term":[{"taxonomy":"product_brand","embeddable":true,"href":"https:\/\/royalfen.com\/tr\/wp-json\/wp\/v2\/product_brand?post=1149"},{"taxonomy":"product_cat","embeddable":true,"href":"https:\/\/royalfen.com\/tr\/wp-json\/wp\/v2\/product_cat?post=1149"},{"taxonomy":"product_tag","embeddable":true,"href":"https:\/\/royalfen.com\/tr\/wp-json\/wp\/v2\/product_tag?post=1149"}],"curies":[{"name":"wp","href":"https:\/\/api.w.org\/{rel}","templated":true}]}}