{"id":1155,"date":"2023-12-11T14:14:55","date_gmt":"2023-12-11T11:14:55","guid":{"rendered":"https:\/\/royalfen.com\/?post_type=product&#038;p=1155"},"modified":"2026-04-13T11:23:35","modified_gmt":"2026-04-13T08:23:35","slug":"roytaco-sc","status":"publish","type":"product","link":"https:\/\/royalfen.com\/tr\/urun\/roytaco-sc\/","title":{"rendered":"ROYTACO SC"},"content":{"rendered":"<h4>KULLANILACA\u011eI B\u0130TK\u0130 VE ZARARLI ORGAN\u0130ZMALAR:<\/h4>\n\n<table id=\"tablepress-56\" class=\"tablepress tablepress-id-56 tbody-has-connected-cells\">\n<thead>\n<tr class=\"row-1\">\n\t<th class=\"column-1\">Bitki Ad\u0131<\/th><th class=\"column-2\">Yabanc\u0131 Ot Ad\u0131<\/th><th class=\"column-3\">Doz \/ da<\/th><th class=\"column-4\">Uygulama Zaman\u0131<\/th>\n<\/tr>\n<\/thead>\n<tbody class=\"row-striping row-hover\">\n<tr class=\"row-2\">\n\t<td rowspan=\"3\" class=\"column-1\">M\u0131s\u0131r*<\/td><td class=\"column-2\">Semizotu <em>(Portulaca oleracea)<\/em><br \/>\nK\u0131rm\u0131z\u0131 k\u00f6kl\u00fc tilkikuyru\u011fu <em>(Amaranthus retroflexus)<\/em><br \/>\nSirken <em>(Chenopodium album)<\/em><br \/>\n\u015eeytan elmas\u0131 <em>(Datura stramonium)<\/em><\/td><td class=\"column-3\">300 ml\/da<\/td><td class=\"column-4\">\u00c7\u0131k\u0131\u015f \u00f6ncesi, m\u0131s\u0131r ekildikten sonra, yabanc\u0131 otlar<br \/>\n\u00e7\u0131kmadan \u00f6nce kullan\u0131l\u0131r.<\/td>\n<\/tr>\n<tr class=\"row-3\">\n\t<td class=\"column-2\">S\u00fcr\u00fcn\u00fcc\u00fc horoz ibi\u011fi<em> (Amaranthus blitoides)<\/em><br \/>\nSirken <em>(Chenopodium album)<\/em><br \/>\nSemizotu <em>(Portulaca oleracea)<\/em><br \/>\nK\u0131rm\u0131z\u0131 k\u00f6kl\u00fc tilkikuyru\u011fu <em>(Amaranthus retroflexus)<\/em><\/td><td class=\"column-3\">250 ml\/da<\/td><td class=\"column-4\">\u00c7\u0131k\u0131\u015f sonras\u0131, m\u0131s\u0131r\u0131n 3-5 yaprakl\u0131 d\u00f6neminde ve<br \/>\nyabanc\u0131 otlar\u0131n 0-4 yaprakl\u0131 erken d\u00f6neminde<br \/>\nkullan\u0131l\u0131r.<\/td>\n<\/tr>\n<tr class=\"row-4\">\n\t<td class=\"column-2\">\u015eeytan elmas\u0131 <em>(Datura stramonium)<\/em><\/td><td class=\"column-3\">300 ml\/da<\/td><td class=\"column-4\">\u00c7\u0131k\u0131\u015f sonras\u0131, m\u0131s\u0131r\u0131n 3-5 yaprakl\u0131 d\u00f6neminde ve<br \/>\nyabanc\u0131 otlar\u0131n 0-4 yaprakl\u0131 erken d\u00f6neminde<br \/>\nkullan\u0131l\u0131r.<\/td>\n<\/tr>\n<\/tbody>\n<\/table>\n\n","protected":false},"excerpt":{"rendered":"<p><strong>Form\u00fclasyonu:<\/strong><br \/>\nSE (S\u00fcspo-Em\u00fclsiyon)<\/p>\n<p><strong>Aktif Madde:<\/strong><br \/>\n270 g\/l Terbuthylazine + 64 g\/l Pendimethalin<\/p>\n<p><a class=\"custom-button2\" href=\"https:\/\/royalfen.com\/wp-content\/uploads\/2023\/12\/ROYTACO-SE-SON-ONAYLI-ETIKET.pdf\" target=\"_blank\" rel=\"noopener\"><strong>ONAYLI ET\u0130KET<\/strong><\/a><\/p>\n","protected":false},"featured_media":1942,"comment_status":"closed","ping_status":"closed","template":"","meta":[],"product_brand":[],"product_cat":[24,33,64,35,43],"product_tag":[],"class_list":{"0":"post-1155","1":"product","2":"type-product","3":"status-publish","4":"has-post-thumbnail","6":"product_cat-herbisitler","7":"product_cat-turkiye","8":"product_cat-turkiye-herbisit","9":"product_cat-turkmenistan","10":"product_cat-turkmenistan-herbisit","12":"first","13":"instock","14":"shipping-taxable","15":"product-type-simple"},"_links":{"self":[{"href":"https:\/\/royalfen.com\/tr\/wp-json\/wp\/v2\/product\/1155","targetHints":{"allow":["GET"]}}],"collection":[{"href":"https:\/\/royalfen.com\/tr\/wp-json\/wp\/v2\/product"}],"about":[{"href":"https:\/\/royalfen.com\/tr\/wp-json\/wp\/v2\/types\/product"}],"replies":[{"embeddable":true,"href":"https:\/\/royalfen.com\/tr\/wp-json\/wp\/v2\/comments?post=1155"}],"wp:featuredmedia":[{"embeddable":true,"href":"https:\/\/royalfen.com\/tr\/wp-json\/wp\/v2\/media\/1942"}],"wp:attachment":[{"href":"https:\/\/royalfen.com\/tr\/wp-json\/wp\/v2\/media?parent=1155"}],"wp:term":[{"taxonomy":"product_brand","embeddable":true,"href":"https:\/\/royalfen.com\/tr\/wp-json\/wp\/v2\/product_brand?post=1155"},{"taxonomy":"product_cat","embeddable":true,"href":"https:\/\/royalfen.com\/tr\/wp-json\/wp\/v2\/product_cat?post=1155"},{"taxonomy":"product_tag","embeddable":true,"href":"https:\/\/royalfen.com\/tr\/wp-json\/wp\/v2\/product_tag?post=1155"}],"curies":[{"name":"wp","href":"https:\/\/api.w.org\/{rel}","templated":true}]}}