{"id":1161,"date":"2023-12-11T14:21:34","date_gmt":"2023-12-11T11:21:34","guid":{"rendered":"https:\/\/royalfen.com\/?post_type=product&#038;p=1161"},"modified":"2024-12-09T13:36:22","modified_gmt":"2024-12-09T10:36:22","slug":"royulus-400-ew","status":"publish","type":"product","link":"https:\/\/royalfen.com\/tr\/urun\/royulus-400-ew\/","title":{"rendered":"ROYULUS 400 EW"},"content":{"rendered":"<h4>KULLANILACA\u011eI B\u0130TK\u0130 VE ZARARLI ORGAN\u0130ZMALAR:<\/h4>\n\n<table id=\"tablepress-54\" class=\"tablepress tablepress-id-54 tbody-has-connected-cells\">\n<thead>\n<tr class=\"row-1\">\n\t<th class=\"column-1\">Bitki Ad\u0131<\/th><th class=\"column-2\">Zararl\u0131 Organizma Ad\u0131<\/th><th class=\"column-3\">Uygulama Dozu<\/th><th class=\"column-4\">Son Uygulama<br \/>\nile Hasat<br \/>\nAras\u0131ndaki S\u00fcre<\/th>\n<\/tr>\n<\/thead>\n<tbody class=\"row-striping row-hover\">\n<tr class=\"row-2\">\n\t<td rowspan=\"4\" class=\"column-1\">Bu\u011fday<\/td><td class=\"column-2\">Tah\u0131l k\u00fcllemesi <em>(Erysiphe graminis)<\/em><\/td><td class=\"column-3\">150 ml\/da<\/td><td class=\"column-4\">56 g\u00fcn<\/td>\n<\/tr>\n<tr class=\"row-3\">\n\t<td class=\"column-2\">Kahverengi pas <em>(Puccinia recondita tritici)<\/em><\/td><td class=\"column-3\">150 ml\/da<\/td><td class=\"column-4\">56 g\u00fcn<\/td>\n<\/tr>\n<tr class=\"row-4\">\n\t<td class=\"column-2\">Bu\u011fdayda septorya yaprak lekesi <em>(Septoria tritici)<\/em><\/td><td class=\"column-3\">125 ml\/da<\/td><td class=\"column-4\">56 g\u00fcn<\/td>\n<\/tr>\n<tr class=\"row-5\">\n\t<td class=\"column-2\">TAHIL F\u0130DE YANIKLI\u011eI, K\u00d6K VE K\u00d6K BO\u011eAZI \u00c7\u00dcR\u00dcKL\u00dc\u011e\u00dc<br \/>\n(<em>(Fusarium culmorum, Rhizoctonia solani, Bipolaris sorokiniana)<\/em>)<\/td><td class=\"column-3\">150 ml\/da<\/td><td class=\"column-4\">56 g\u00fcn<\/td>\n<\/tr>\n<tr class=\"row-6\">\n\t<td class=\"column-1\">\u00c7eltik<\/td><td class=\"column-2\">\u00c7eltik yan\u0131kl\u0131\u011f\u0131 <em>(Pyricularia oryzae)<\/em><\/td><td class=\"column-3\">150 ml\/da<\/td><td class=\"column-4\">56 g\u00fcn<\/td>\n<\/tr>\n<tr class=\"row-7\">\n\t<td class=\"column-1\"><\/td><td class=\"column-2\"><\/td><td class=\"column-3\"><\/td><td class=\"column-4\"><\/td>\n<\/tr>\n<tr class=\"row-8\">\n\t<td class=\"column-1\"><\/td><td class=\"column-2\"><\/td><td class=\"column-3\"><\/td><td class=\"column-4\"><\/td>\n<\/tr>\n<\/tbody>\n<\/table>\n\n","protected":false},"excerpt":{"rendered":"<p><strong>Form\u00fclasyonu:<\/strong><br \/>\nEW (Em\u00fclsiyon, Suda Ya\u011f)<\/p>\n<p><strong>Aktif Madde:<\/strong><br \/>\n267 g\/l Prochloraz + 133 g\/l Tebuconazole<\/p>\n","protected":false},"featured_media":1948,"comment_status":"closed","ping_status":"closed","template":"","meta":[],"product_brand":[],"product_cat":[23,33,63,35,44],"product_tag":[],"class_list":{"0":"post-1161","1":"product","2":"type-product","3":"status-publish","4":"has-post-thumbnail","6":"product_cat-fungusitler","7":"product_cat-turkiye","8":"product_cat-turkiye-fungisit","9":"product_cat-turkmenistan","10":"product_cat-turkmenistan-fungisit","12":"first","13":"instock","14":"shipping-taxable","15":"product-type-simple"},"_links":{"self":[{"href":"https:\/\/royalfen.com\/tr\/wp-json\/wp\/v2\/product\/1161","targetHints":{"allow":["GET"]}}],"collection":[{"href":"https:\/\/royalfen.com\/tr\/wp-json\/wp\/v2\/product"}],"about":[{"href":"https:\/\/royalfen.com\/tr\/wp-json\/wp\/v2\/types\/product"}],"replies":[{"embeddable":true,"href":"https:\/\/royalfen.com\/tr\/wp-json\/wp\/v2\/comments?post=1161"}],"wp:featuredmedia":[{"embeddable":true,"href":"https:\/\/royalfen.com\/tr\/wp-json\/wp\/v2\/media\/1948"}],"wp:attachment":[{"href":"https:\/\/royalfen.com\/tr\/wp-json\/wp\/v2\/media?parent=1161"}],"wp:term":[{"taxonomy":"product_brand","embeddable":true,"href":"https:\/\/royalfen.com\/tr\/wp-json\/wp\/v2\/product_brand?post=1161"},{"taxonomy":"product_cat","embeddable":true,"href":"https:\/\/royalfen.com\/tr\/wp-json\/wp\/v2\/product_cat?post=1161"},{"taxonomy":"product_tag","embeddable":true,"href":"https:\/\/royalfen.com\/tr\/wp-json\/wp\/v2\/product_tag?post=1161"}],"curies":[{"name":"wp","href":"https:\/\/api.w.org\/{rel}","templated":true}]}}