{"id":1163,"date":"2023-12-11T14:23:35","date_gmt":"2023-12-11T11:23:35","guid":{"rendered":"https:\/\/royalfen.com\/?post_type=product&#038;p=1163"},"modified":"2024-12-09T13:31:09","modified_gmt":"2024-12-09T10:31:09","slug":"tacomen-od-66","status":"publish","type":"product","link":"https:\/\/royalfen.com\/tr\/urun\/tacomen-od-66\/","title":{"rendered":"TACOMEN OD 66"},"content":{"rendered":"<h4>KULLANILACA\u011eI B\u0130TK\u0130 VE ZARARLI ORGAN\u0130ZMALAR:<\/h4>\n\n<table id=\"tablepress-53\" class=\"tablepress tablepress-id-53\">\n<thead>\n<tr class=\"row-1\">\n\t<th class=\"column-1\">Bitki Ad\u0131<\/th><th class=\"column-2\">Yabanc\u0131 Ot Ad\u0131<\/th><th class=\"column-3\">Doz \/ da<\/th><th class=\"column-4\">Uygulama Zaman\u0131<\/th>\n<\/tr>\n<\/thead>\n<tbody class=\"row-striping row-hover\">\n<tr class=\"row-2\">\n\t<td class=\"column-1\">M\u0131s\u0131r*<\/td><td class=\"column-2\">K\u0131rm\u0131z\u0131 k\u00f6kl\u00fc tilkikuyru\u011fu <em>(Amaranthus retroflexus)<\/em><br \/>\nSirken <em>(Chenopodium album)<\/em><br \/>\n\u015eeytan elmas\u0131 <em>(Datura stramonium)<\/em><br \/>\nDar\u0131can <em>(Echinochloa crus-galli)<\/em><br \/>\nSemizotu <em>(Portulaca olereacea)<\/em><br \/>\nK\u00f6pek \u00fcz\u00fcm\u00fc <em>(Solanum nigrum)<\/em><br \/>\nDomuz p\u0131tra\u011f\u0131 <em>(Xanthium strumarium)<\/em><\/td><td class=\"column-3\">200 ml\/da \u00c7\u0131k\u0131\u015f sonras\u0131 M\u0131s\u0131r\u0131n 2-8<br \/>\nyaprakl\u0131 ve yabanc\u0131 otlar\u0131n<br \/>\ngeli\u015fiminin h\u0131zl\u0131 oldu\u011fu 2-6<br \/>\nyaprakl\u0131 d\u00f6nemde<\/td><td class=\"column-4\">90 g\u00fcn<\/td>\n<\/tr>\n<\/tbody>\n<\/table>\n<!-- #tablepress-53 from cache -->\n","protected":false},"excerpt":{"rendered":"<p><strong>Form\u00fclasyonu:<\/strong><br \/>\nOD (Ya\u011f Bazl\u0131 S\u00fcspansiyon Konsantre)<\/p>\n<p><strong>Aktif Madde:<\/strong><br \/>\n44 g\/l Tembotrione + 22 g\/l Isoxadifen-ethyl (safener)<\/p>\n<p><a class=\"custom-button2\" href=\"https:\/\/royalfen.com\/wp-content\/uploads\/2023\/12\/TACOMEN-GBF.pdf\" target=\"_blank\" rel=\"noopener\"><strong>G\u00dcVENL\u0130K B\u0130LG\u0130 FORMU<\/strong><\/a><\/p>\n<p><a class=\"custom-button2\" href=\"https:\/\/royalfen.com\/wp-content\/uploads\/2023\/12\/TACOMEN-66-OD-SON-ONAYLI-ETIKET.pdf\" target=\"_blank\" rel=\"noopener\"><strong>ONAYLI ET\u0130KET<\/strong><\/a><\/p>\n","protected":false},"featured_media":1955,"comment_status":"closed","ping_status":"closed","template":"","meta":[],"product_brand":[],"product_cat":[24,33,64,35,43],"product_tag":[],"class_list":{"0":"post-1163","1":"product","2":"type-product","3":"status-publish","4":"has-post-thumbnail","6":"product_cat-herbisitler","7":"product_cat-turkiye","8":"product_cat-turkiye-herbisit","9":"product_cat-turkmenistan","10":"product_cat-turkmenistan-herbisit","12":"first","13":"instock","14":"shipping-taxable","15":"product-type-simple"},"_links":{"self":[{"href":"https:\/\/royalfen.com\/tr\/wp-json\/wp\/v2\/product\/1163","targetHints":{"allow":["GET"]}}],"collection":[{"href":"https:\/\/royalfen.com\/tr\/wp-json\/wp\/v2\/product"}],"about":[{"href":"https:\/\/royalfen.com\/tr\/wp-json\/wp\/v2\/types\/product"}],"replies":[{"embeddable":true,"href":"https:\/\/royalfen.com\/tr\/wp-json\/wp\/v2\/comments?post=1163"}],"wp:featuredmedia":[{"embeddable":true,"href":"https:\/\/royalfen.com\/tr\/wp-json\/wp\/v2\/media\/1955"}],"wp:attachment":[{"href":"https:\/\/royalfen.com\/tr\/wp-json\/wp\/v2\/media?parent=1163"}],"wp:term":[{"taxonomy":"product_brand","embeddable":true,"href":"https:\/\/royalfen.com\/tr\/wp-json\/wp\/v2\/product_brand?post=1163"},{"taxonomy":"product_cat","embeddable":true,"href":"https:\/\/royalfen.com\/tr\/wp-json\/wp\/v2\/product_cat?post=1163"},{"taxonomy":"product_tag","embeddable":true,"href":"https:\/\/royalfen.com\/tr\/wp-json\/wp\/v2\/product_tag?post=1163"}],"curies":[{"name":"wp","href":"https:\/\/api.w.org\/{rel}","templated":true}]}}