{"id":1269,"date":"2024-01-03T10:55:52","date_gmt":"2024-01-03T07:55:52","guid":{"rendered":"https:\/\/royalfen.com\/?post_type=product&#038;p=1269"},"modified":"2024-12-09T13:27:15","modified_gmt":"2024-12-09T10:27:15","slug":"inbox-se","status":"publish","type":"product","link":"https:\/\/royalfen.com\/tr\/urun\/inbox-se\/","title":{"rendered":"INBOX SE"},"content":{"rendered":"<h4>KULLANILACA\u011eI B\u0130TK\u0130 VE ZARARLI ORGAN\u0130ZMALAR:<\/h4>\n\n<table id=\"tablepress-52\" class=\"tablepress tablepress-id-52\">\n<thead>\n<tr class=\"row-1\">\n\t<th class=\"column-1\">Bitki Ad\u0131<\/th><th class=\"column-2\">Zararl\u0131 Organizma Ad\u0131<\/th><th class=\"column-3\">Uygulama Dozu Ve<br \/>\nD\u00f6nemi<\/th><th class=\"column-4\">Son \u0130la\u00e7lama<br \/>\nile Hasat<br \/>\nAras\u0131ndaki S\u00fcre<\/th>\n<\/tr>\n<\/thead>\n<tbody class=\"row-striping row-hover\">\n<tr class=\"row-2\">\n\t<td class=\"column-1\">DOMATES<br \/>\n(Sera)<\/td><td class=\"column-2\">\u015eeftali yaprakbiti<em> (Myzus persicae)<\/em><\/td><td class=\"column-3\">50 ml \/ 100 L su<br \/>\n(Ergin-Nimf)<\/td><td class=\"column-4\">3 g\u00fcn<\/td>\n<\/tr>\n<\/tbody>\n<\/table>\n\n","protected":false},"excerpt":{"rendered":"<p><strong>Formulasyonu:<\/strong><\/p>\n<p>SE (Suspo-em\u00fclsiyon )<\/p>\n<p><strong>Aktif Madde:<\/strong><\/p>\n<p>75 g\/l Flonicamid + 75 g\/l Pyriproxyfen<\/p>\n","protected":false},"featured_media":1894,"comment_status":"closed","ping_status":"closed","template":"","meta":[],"product_brand":[],"product_cat":[30,37,22,35,42],"product_tag":[],"class_list":{"0":"post-1269","1":"product","2":"type-product","3":"status-publish","4":"has-post-thumbnail","6":"product_cat-azerbaycan","7":"product_cat-azerbaycan-insektisit","8":"product_cat-insektisitler","9":"product_cat-turkmenistan","10":"product_cat-turkmenistan-insektisit","12":"first","13":"instock","14":"shipping-taxable","15":"product-type-simple"},"_links":{"self":[{"href":"https:\/\/royalfen.com\/tr\/wp-json\/wp\/v2\/product\/1269","targetHints":{"allow":["GET"]}}],"collection":[{"href":"https:\/\/royalfen.com\/tr\/wp-json\/wp\/v2\/product"}],"about":[{"href":"https:\/\/royalfen.com\/tr\/wp-json\/wp\/v2\/types\/product"}],"replies":[{"embeddable":true,"href":"https:\/\/royalfen.com\/tr\/wp-json\/wp\/v2\/comments?post=1269"}],"wp:featuredmedia":[{"embeddable":true,"href":"https:\/\/royalfen.com\/tr\/wp-json\/wp\/v2\/media\/1894"}],"wp:attachment":[{"href":"https:\/\/royalfen.com\/tr\/wp-json\/wp\/v2\/media?parent=1269"}],"wp:term":[{"taxonomy":"product_brand","embeddable":true,"href":"https:\/\/royalfen.com\/tr\/wp-json\/wp\/v2\/product_brand?post=1269"},{"taxonomy":"product_cat","embeddable":true,"href":"https:\/\/royalfen.com\/tr\/wp-json\/wp\/v2\/product_cat?post=1269"},{"taxonomy":"product_tag","embeddable":true,"href":"https:\/\/royalfen.com\/tr\/wp-json\/wp\/v2\/product_tag?post=1269"}],"curies":[{"name":"wp","href":"https:\/\/api.w.org\/{rel}","templated":true}]}}