{"id":1274,"date":"2024-01-03T11:07:48","date_gmt":"2024-01-03T08:07:48","guid":{"rendered":"https:\/\/royalfen.com\/?post_type=product&#038;p=1274"},"modified":"2024-12-09T13:22:56","modified_gmt":"2024-12-09T10:22:56","slug":"remcor-wg","status":"publish","type":"product","link":"https:\/\/royalfen.com\/tr\/urun\/remcor-wg\/","title":{"rendered":"REMCOR WDG"},"content":{"rendered":"<h4>KULLANILACA\u011eI B\u0130TK\u0130 VE ZARARLI ORGAN\u0130ZMALAR:<\/h4>\n\n<table id=\"tablepress-51\" class=\"tablepress tablepress-id-51\">\n<thead>\n<tr class=\"row-1\">\n\t<th class=\"column-1\">Bitki Ad\u0131<\/th><th class=\"column-2\">Zararl\u0131 Organizma Ad\u0131<\/th><th class=\"column-3\">Uygulama Dozu<br \/>\nve D\u00f6nemi<\/th><th class=\"column-4\">Son \u0130la\u00e7lama<br \/>\nile Hasat<br \/>\nAras\u0131ndaki S\u00fcre<\/th>\n<\/tr>\n<\/thead>\n<tbody class=\"row-striping row-hover\">\n<tr class=\"row-2\">\n\t<td class=\"column-1\">Pamuk<\/td><td class=\"column-2\">Ye\u015filkurt  <em>(Helicoverpa armigera) <\/em><\/td><td class=\"column-3\">25 ml\/da larva<\/td><td class=\"column-4\">21 g\u00fcn<\/td>\n<\/tr>\n<\/tbody>\n<\/table>\n<!-- #tablepress-51 from cache -->\n","protected":false},"excerpt":{"rendered":"<p><strong>Formulasyonu:<\/strong><\/p>\n<p>WG (Suda Da\u011f\u0131labilen Gran\u00fcl)<\/p>\n<p><strong>Aktif Madde:<\/strong><\/p>\n<p>%7 Chlorantraniliprole + % 3 Emamectin Benzoate<\/p>\n","protected":false},"featured_media":1905,"comment_status":"closed","ping_status":"closed","template":"","meta":[],"product_brand":[],"product_cat":[30,37,22,31,57,35,42],"product_tag":[],"class_list":{"0":"post-1274","1":"product","2":"type-product","3":"status-publish","4":"has-post-thumbnail","6":"product_cat-azerbaycan","7":"product_cat-azerbaycan-insektisit","8":"product_cat-insektisitler","9":"product_cat-ozbekistan","10":"product_cat-ozbekistan-insektisit","11":"product_cat-turkmenistan","12":"product_cat-turkmenistan-insektisit","14":"first","15":"instock","16":"shipping-taxable","17":"product-type-simple"},"_links":{"self":[{"href":"https:\/\/royalfen.com\/tr\/wp-json\/wp\/v2\/product\/1274","targetHints":{"allow":["GET"]}}],"collection":[{"href":"https:\/\/royalfen.com\/tr\/wp-json\/wp\/v2\/product"}],"about":[{"href":"https:\/\/royalfen.com\/tr\/wp-json\/wp\/v2\/types\/product"}],"replies":[{"embeddable":true,"href":"https:\/\/royalfen.com\/tr\/wp-json\/wp\/v2\/comments?post=1274"}],"wp:featuredmedia":[{"embeddable":true,"href":"https:\/\/royalfen.com\/tr\/wp-json\/wp\/v2\/media\/1905"}],"wp:attachment":[{"href":"https:\/\/royalfen.com\/tr\/wp-json\/wp\/v2\/media?parent=1274"}],"wp:term":[{"taxonomy":"product_brand","embeddable":true,"href":"https:\/\/royalfen.com\/tr\/wp-json\/wp\/v2\/product_brand?post=1274"},{"taxonomy":"product_cat","embeddable":true,"href":"https:\/\/royalfen.com\/tr\/wp-json\/wp\/v2\/product_cat?post=1274"},{"taxonomy":"product_tag","embeddable":true,"href":"https:\/\/royalfen.com\/tr\/wp-json\/wp\/v2\/product_tag?post=1274"}],"curies":[{"name":"wp","href":"https:\/\/api.w.org\/{rel}","templated":true}]}}