{"id":1280,"date":"2024-01-03T11:19:47","date_gmt":"2024-01-03T08:19:47","guid":{"rendered":"https:\/\/royalfen.com\/?post_type=product&#038;p=1280"},"modified":"2024-12-23T10:47:41","modified_gmt":"2024-12-23T07:47:41","slug":"roylantis-od","status":"publish","type":"product","link":"https:\/\/royalfen.com\/tr\/urun\/roylantis-od\/","title":{"rendered":"ROYLANT\u0130S OD"},"content":{"rendered":"","protected":false},"excerpt":{"rendered":"<p><strong>Formulasyonu<\/strong><\/p>\n<p>OD (Ya\u011f Bazl\u0131 S\u00fcspansiyon Konsantre)<\/p>\n<p><strong>Aktif Madde<\/strong><\/p>\n<p>240 g\/l Spirodiclofen<\/p>\n","protected":false},"featured_media":2243,"comment_status":"closed","ping_status":"closed","template":"","meta":[],"product_brand":[],"product_cat":[24,31,58],"product_tag":[],"class_list":{"0":"post-1280","1":"product","2":"type-product","3":"status-publish","4":"has-post-thumbnail","6":"product_cat-herbisitler","7":"product_cat-ozbekistan","8":"product_cat-ozbekistan-herbisit","10":"first","11":"instock","12":"shipping-taxable","13":"product-type-simple"},"_links":{"self":[{"href":"https:\/\/royalfen.com\/tr\/wp-json\/wp\/v2\/product\/1280","targetHints":{"allow":["GET"]}}],"collection":[{"href":"https:\/\/royalfen.com\/tr\/wp-json\/wp\/v2\/product"}],"about":[{"href":"https:\/\/royalfen.com\/tr\/wp-json\/wp\/v2\/types\/product"}],"replies":[{"embeddable":true,"href":"https:\/\/royalfen.com\/tr\/wp-json\/wp\/v2\/comments?post=1280"}],"wp:featuredmedia":[{"embeddable":true,"href":"https:\/\/royalfen.com\/tr\/wp-json\/wp\/v2\/media\/2243"}],"wp:attachment":[{"href":"https:\/\/royalfen.com\/tr\/wp-json\/wp\/v2\/media?parent=1280"}],"wp:term":[{"taxonomy":"product_brand","embeddable":true,"href":"https:\/\/royalfen.com\/tr\/wp-json\/wp\/v2\/product_brand?post=1280"},{"taxonomy":"product_cat","embeddable":true,"href":"https:\/\/royalfen.com\/tr\/wp-json\/wp\/v2\/product_cat?post=1280"},{"taxonomy":"product_tag","embeddable":true,"href":"https:\/\/royalfen.com\/tr\/wp-json\/wp\/v2\/product_tag?post=1280"}],"curies":[{"name":"wp","href":"https:\/\/api.w.org\/{rel}","templated":true}]}}