{"id":1288,"date":"2024-01-03T11:40:18","date_gmt":"2024-01-03T08:40:18","guid":{"rendered":"https:\/\/royalfen.com\/?post_type=product&#038;p=1288"},"modified":"2024-12-09T11:33:25","modified_gmt":"2024-12-09T08:33:25","slug":"royzole-sc","status":"publish","type":"product","link":"https:\/\/royalfen.com\/tr\/urun\/royzole-sc\/","title":{"rendered":"ROYZOLE SC"},"content":{"rendered":"<h4>KULLANILACA\u011eI B\u0130TK\u0130 VE ZARARLI ORGAN\u0130ZMALAR:<\/h4>\n\n<table id=\"tablepress-49\" class=\"tablepress tablepress-id-49\">\n<thead>\n<tr class=\"row-1\">\n\t<th class=\"column-1\">Bitki Ad\u0131<\/th><th class=\"column-2\">Zararl\u0131 Organizma Ad\u0131<\/th><th class=\"column-3\">Uygulama Dozu ve D\u00f6nemi<\/th><th class=\"column-4\">Son Uygulama ile<br \/>\nHasat Aras\u0131ndaki S\u00fcre<\/th>\n<\/tr>\n<\/thead>\n<tbody class=\"row-striping row-hover\">\n<tr class=\"row-2\">\n\t<td class=\"column-1\">Elma<\/td><td class=\"column-2\">\u0130ki noktal\u0131 k\u0131rm\u0131z\u0131\u00f6r\u00fcmcek <em>(Tetranychus urticae)<\/em><\/td><td class=\"column-3\">25 ml\/100 L su<br \/>\n(yumurta,larva, nimf, ergin)<\/td><td class=\"column-4\">14 g\u00fcn<\/td>\n<\/tr>\n<\/tbody>\n<\/table>\n\n","protected":false},"excerpt":{"rendered":"<p><strong>Form\u00fclasyonu:<\/strong><\/p>\n<p>SC (S\u00fcspansiyon Konsantre)<\/p>\n<p><strong>Aktif Madde:<\/strong><\/p>\n<p>104 g\/l Etoxazole + 52 g\/l Abamectin<\/p>\n","protected":false},"featured_media":1951,"comment_status":"closed","ping_status":"closed","template":"","meta":[],"product_brand":[],"product_cat":[21,30,36,32,51,31,56,35,41],"product_tag":[],"class_list":{"0":"post-1288","1":"product","2":"type-product","3":"status-publish","4":"has-post-thumbnail","6":"product_cat-akarisitlermollusitler","7":"product_cat-azerbaycan","8":"product_cat-azerbaycan-akarisit","9":"product_cat-kirgizistan","10":"product_cat-kirgizistan-akarisit","11":"product_cat-ozbekistan","12":"product_cat-ozbekistan-akarisit","13":"product_cat-turkmenistan","14":"product_cat-turkmenistan-akarisit","16":"first","17":"instock","18":"shipping-taxable","19":"product-type-simple"},"_links":{"self":[{"href":"https:\/\/royalfen.com\/tr\/wp-json\/wp\/v2\/product\/1288","targetHints":{"allow":["GET"]}}],"collection":[{"href":"https:\/\/royalfen.com\/tr\/wp-json\/wp\/v2\/product"}],"about":[{"href":"https:\/\/royalfen.com\/tr\/wp-json\/wp\/v2\/types\/product"}],"replies":[{"embeddable":true,"href":"https:\/\/royalfen.com\/tr\/wp-json\/wp\/v2\/comments?post=1288"}],"wp:featuredmedia":[{"embeddable":true,"href":"https:\/\/royalfen.com\/tr\/wp-json\/wp\/v2\/media\/1951"}],"wp:attachment":[{"href":"https:\/\/royalfen.com\/tr\/wp-json\/wp\/v2\/media?parent=1288"}],"wp:term":[{"taxonomy":"product_brand","embeddable":true,"href":"https:\/\/royalfen.com\/tr\/wp-json\/wp\/v2\/product_brand?post=1288"},{"taxonomy":"product_cat","embeddable":true,"href":"https:\/\/royalfen.com\/tr\/wp-json\/wp\/v2\/product_cat?post=1288"},{"taxonomy":"product_tag","embeddable":true,"href":"https:\/\/royalfen.com\/tr\/wp-json\/wp\/v2\/product_tag?post=1288"}],"curies":[{"name":"wp","href":"https:\/\/api.w.org\/{rel}","templated":true}]}}