{"id":1296,"date":"2024-01-03T12:02:08","date_gmt":"2024-01-03T09:02:08","guid":{"rendered":"https:\/\/royalfen.com\/?post_type=product&#038;p=1296"},"modified":"2024-12-09T11:26:03","modified_gmt":"2024-12-09T08:26:03","slug":"casoria-69-wp","status":"publish","type":"product","link":"https:\/\/royalfen.com\/tr\/urun\/casoria-69-wp\/","title":{"rendered":"CASOR\u0130A 69 WP"},"content":{"rendered":"<h4><span style=\"font-family: gotham;\">KULLANILACA\u011eI B\u0130TK\u0130 VE ZARARLI ORGAN\u0130ZMALAR:<\/span><\/h4>\n\n<table id=\"tablepress-47\" class=\"tablepress tablepress-id-47 tbody-has-connected-cells\">\n<thead>\n<tr class=\"row-1\">\n\t<th class=\"column-1\">Bitki Ad\u0131<\/th><th class=\"column-2\">Zararl\u0131 Organizma Ad\u0131<\/th><th class=\"column-3\">Uygulama<br \/>\nDozu<\/th><th class=\"column-4\">Son Uygulama<br \/>\nile Hasat<br \/>\nAras\u0131ndaki S\u00fcre<\/th>\n<\/tr>\n<\/thead>\n<tbody class=\"row-striping row-hover\">\n<tr class=\"row-2\">\n\t<td class=\"column-1\">H\u0131yar<\/td><td class=\"column-2\">Kabakgillerde mildiy\u00f6 <em>(Pseudoperonospora cubensis)<\/em><\/td><td class=\"column-3\">200 g\/100 L su<\/td><td class=\"column-4\">7 g\u00fcn<\/td>\n<\/tr>\n<tr class=\"row-3\">\n\t<td class=\"column-1\">Ba\u011f*<\/td><td class=\"column-2\">Mildiy\u00f6 <em>(Plasmopara viticola)<\/em><\/td><td class=\"column-3\">200 g\/100 L su<\/td><td class=\"column-4\">28 g\u00fcn<\/td>\n<\/tr>\n<tr class=\"row-4\">\n\t<td class=\"column-1\">So\u011fan<\/td><td class=\"column-2\">So\u011fan mildiy\u00f6s\u00fc <em>(Perenospora destructor)<\/em><\/td><td class=\"column-3\">200 g\/100 L su<\/td><td rowspan=\"3\" class=\"column-4\">7 g\u00fcn<\/td>\n<\/tr>\n<tr class=\"row-5\">\n\t<td class=\"column-1\">Patates<\/td><td class=\"column-2\">Mildiy\u00f6 <em>(Phytophthora infestans)<\/em><\/td><td class=\"column-3\">250 g\/da<\/td>\n<\/tr>\n<tr class=\"row-6\">\n\t<td class=\"column-1\">Domates<\/td><td class=\"column-2\">Mildiy\u00f6s\u00fc <em>(Phytophthora infestans)<\/em><\/td><td class=\"column-3\">250 g\/100 L su<\/td>\n<\/tr>\n<\/tbody>\n<\/table>\n<!-- #tablepress-47 from cache -->\n","protected":false},"excerpt":{"rendered":"<p><strong>Formulasyonu:<\/strong><\/p>\n<p>WP (Islanabilir Toz)<\/p>\n<p><strong>Aktif Madde:<\/strong><\/p>\n<p>% 60 Mancozeb + % 9 Dimethomorph<\/p>\n","protected":false},"featured_media":1888,"comment_status":"closed","ping_status":"closed","template":"","meta":[],"product_brand":[],"product_cat":[30,39,23,35,44],"product_tag":[],"class_list":{"0":"post-1296","1":"product","2":"type-product","3":"status-publish","4":"has-post-thumbnail","6":"product_cat-azerbaycan","7":"product_cat-azerbaycan-fungisit","8":"product_cat-fungusitler","9":"product_cat-turkmenistan","10":"product_cat-turkmenistan-fungisit","12":"first","13":"instock","14":"shipping-taxable","15":"product-type-simple"},"_links":{"self":[{"href":"https:\/\/royalfen.com\/tr\/wp-json\/wp\/v2\/product\/1296","targetHints":{"allow":["GET"]}}],"collection":[{"href":"https:\/\/royalfen.com\/tr\/wp-json\/wp\/v2\/product"}],"about":[{"href":"https:\/\/royalfen.com\/tr\/wp-json\/wp\/v2\/types\/product"}],"replies":[{"embeddable":true,"href":"https:\/\/royalfen.com\/tr\/wp-json\/wp\/v2\/comments?post=1296"}],"wp:featuredmedia":[{"embeddable":true,"href":"https:\/\/royalfen.com\/tr\/wp-json\/wp\/v2\/media\/1888"}],"wp:attachment":[{"href":"https:\/\/royalfen.com\/tr\/wp-json\/wp\/v2\/media?parent=1296"}],"wp:term":[{"taxonomy":"product_brand","embeddable":true,"href":"https:\/\/royalfen.com\/tr\/wp-json\/wp\/v2\/product_brand?post=1296"},{"taxonomy":"product_cat","embeddable":true,"href":"https:\/\/royalfen.com\/tr\/wp-json\/wp\/v2\/product_cat?post=1296"},{"taxonomy":"product_tag","embeddable":true,"href":"https:\/\/royalfen.com\/tr\/wp-json\/wp\/v2\/product_tag?post=1296"}],"curies":[{"name":"wp","href":"https:\/\/api.w.org\/{rel}","templated":true}]}}