{"id":1299,"date":"2024-01-03T13:08:56","date_gmt":"2024-01-03T10:08:56","guid":{"rendered":"https:\/\/royalfen.com\/?post_type=product&#038;p=1299"},"modified":"2024-12-09T11:01:25","modified_gmt":"2024-12-09T08:01:25","slug":"girdap-48-sl","status":"publish","type":"product","link":"https:\/\/royalfen.com\/tr\/urun\/girdap-48-sl\/","title":{"rendered":"G\u0130RDAP 48 SL"},"content":{"rendered":"<h4>KULLANILACA\u011eI B\u0130TK\u0130 VE ZARARLI ORGAN\u0130ZMALAR:<\/h4>\n\n<table id=\"tablepress-45\" class=\"tablepress tablepress-id-45 tbody-has-connected-cells\">\n<thead>\n<tr class=\"row-1\">\n\t<th class=\"column-1\">Bitki Ad\u0131<\/th><th class=\"column-2\">Zararl\u0131 Organizma Ad\u0131<\/th><th class=\"column-3\">Uygulama Dozu Ve D\u00f6nemi<\/th>\n<\/tr>\n<\/thead>\n<tbody class=\"row-striping row-hover\">\n<tr class=\"row-2\">\n\t<td rowspan=\"3\" class=\"column-1\">Turun\u00e7giller,<br \/>\nBa\u011f, F\u0131nd\u0131k,<br \/>\nMeyve<br \/>\nbah\u00e7eleri ve<br \/>\nekili olmayan<br \/>\nalanlar<\/td><td class=\"column-2\">Tek y\u0131ll\u0131k dar ve geni\u015f yaprakl\u0131 yabanc\u0131 otlar<br \/>\nYabani yulaf<em> (Avena sterilis)<\/em><br \/>\nYabani havu\u00e7 <em>(Dacus carota)<\/em><br \/>\nK\u0131s\u0131r Brom<em> (Bromus sterilis)<\/em><br \/>\nKu\u015f Yemi <em>(Phalaris spp.)<\/em><br \/>\n\u00c7imensi m\u00fcrd\u00fcm\u00fck <em>(Lathyrus nissolia)<\/em><br \/>\nBall\u0131baba <em>(Lamium sp.)<\/em><br \/>\nKanarya Otu <em>(Senecio vernalis)<\/em><br \/>\nTilki Kuyru\u011fu <em>(Alopecurus myosurodies)<\/em><br \/>\nYer Fesle\u011feni<em> (Mercurialis annua)<\/em><br \/>\n\u00c7ukurova Hardal\u0131 <em>(Ochthodium aegyptiacum)<\/em><br \/>\nD\u00fc\u011f\u00fcn \u00e7i\u00e7e\u011fi<em> (Ranunculus arvensis)<\/em><br \/>\nTurna gagas\u0131 <em>(Geranium dissectum)<\/em><br \/>\nYabani fi\u011f<em> (Vicia sativa)<\/em><br \/>\nKu\u015f otu <em>(Stellaria media)<\/em><br \/>\nYabani hardal <em>(Sinapis arvensis)<\/em><br \/>\nEbeg\u00fcmeci <em>(Malva parviflora)<\/em><br \/>\nYabani yonca <em>(Medicago sativa)<\/em><br \/>\nSemiz otu <em>(Portulaca oleracea)<\/em><br \/>\nS\u00fctle\u011fen <em>(Euphorbia sp.)<\/em><br \/>\nSirken (Kazaya\u011f\u0131)<em> (Chenopodium album)<\/em><br \/>\nBambul otu <em>(Chrozophora tinctoria)<\/em><br \/>\nDomuz p\u0131tra\u011f\u0131 <em>(Xantium strumarium)<\/em><br \/>\nZincir p\u0131tra\u011f\u0131<em> (Xanthium spinosum)<\/em><br \/>\nK\u0131rm\u0131z\u0131 k\u00f6kl\u00fc tilki kuyru\u011fu <em>(Amaranthus retroflexus)<\/em><br \/>\nYe\u015fil kirpidar\u0131 <em>(Setaria viridis)<\/em><br \/>\nDar\u0131can <em>(Echinochloa crus-galli)<\/em><\/td><td rowspan=\"2\" class=\"column-3\">300 ml \/ da Yabanc\u0131 otlar\u0131n<br \/>\ngen\u00e7 ve aktif olarak<br \/>\nb\u00fcy\u00fcd\u00fc\u011f\u00fc devrede. (Pamuk<br \/>\nekimi i\u00e7in haz\u0131rlanm\u0131\u015f<br \/>\ntarlalarda ekim \u00f6ncesi,<br \/>\nekim esnas\u0131nda ya da ekim<br \/>\nsonras\u0131nda kullan\u0131labilir.<br \/>\nAncak uygulama mutlak<br \/>\nsurette \u00e7\u0131k\u0131\u015f \u00f6ncesi<br \/>\nyap\u0131lm\u0131\u015f olmal\u0131d\u0131r.)<\/td>\n<\/tr>\n<tr class=\"row-3\">\n\t<td class=\"column-2\">Benekli dar\u0131can (Echinocloa colonum)<br \/>\nHoroz ibi\u011fi (Amaranthus albus)<br \/>\nYe\u015fil horoz ibi\u011fi (Amaranthus viridis)<\/td>\n<\/tr>\n<tr class=\"row-4\">\n\t<td class=\"column-2\">\u00c7ok y\u0131ll\u0131k yabanc\u0131 otlar<br \/>\n(Hububat ekili alanlarda hasattan sonra yeniden<br \/>\ns\u00fcrm\u00fc\u015f kam\u0131\u015f vb. \u00e7ok y\u0131ll\u0131k yabanc\u0131 otlara)<br \/>\nTopalak <em>(Cyperus rotundus)<\/em><br \/>\nK\u00f6pek di\u015fi ayr\u0131\u011f\u0131 <em>(Cynodon dactylon)<\/em><br \/>\nTarla sarma\u015f\u0131\u011f\u0131<em> (Convolvulus arvensis)<\/em><br \/>\nIs\u0131rgan otu<em> (Urtica dioica)<\/em><br \/>\nPelin otu <em>(Arthemesia vulgaris)<\/em><br \/>\nKanya\u015f <em>(Sorghum halepense)<\/em><\/td><td class=\"column-3\">600 ml\/da Yabanc\u0131 otlar\u0131n<br \/>\naktif olarak b\u00fcy\u00fcd\u00fc\u011f\u00fc<br \/>\n\u00e7i\u00e7eklenme \u00f6ncesi devrede.<br \/>\n(Pamuk ekimi i\u00e7in<br \/>\nhaz\u0131rlanm\u0131\u015f tarlalarda ekim<br \/>\n\u00f6ncesi, ekim esnas\u0131nda ya<br \/>\nda ekim sonras\u0131nda<br \/>\nkullan\u0131labilir. Ancak<br \/>\nuygulama mutlak surette<br \/>\n\u00e7\u0131k\u0131\u015f \u00f6ncesi yap\u0131lm\u0131\u015f<br \/>\nolmal\u0131d\u0131r.)<\/td>\n<\/tr>\n<tr class=\"row-5\">\n\t<td class=\"column-1\">Kara, Demiryolu<br \/>\nkenarlar\u0131, Hava<br \/>\nalanlar\u0131, fabrika<br \/>\nbah\u00e7eleri, tarihi<br \/>\nalanlar, tarla<br \/>\nkenarlar\u0131 .<\/td><td class=\"column-2\">\u00c7al\u0131ms\u0131 ve odunsu bitkilere kar\u015f\u0131<\/td><td class=\"column-3\">1000 ml \/ da<br \/>\nYabanc\u0131 otlar\u0131n Aktif<br \/>\nb\u00fcy\u00fcme devresinde<\/td>\n<\/tr>\n<tr class=\"row-6\">\n\t<td class=\"column-1\">Banketler,su ve<br \/>\ndrenaj kanallar\u0131<\/td><td class=\"column-2\">Banket ve su \u00fcst\u00fc yabanc\u0131 otlar<\/td><td class=\"column-3\">1000-1500 ml\/da Yabanc\u0131<br \/>\notlar\u0131n aktif b\u00fcy\u00fcme<br \/>\ndevresinde<\/td>\n<\/tr>\n<\/tbody>\n<\/table>\n\n","protected":false},"excerpt":{"rendered":"<p><strong>Formulasyonu:<\/strong><\/p>\n<p>SL (Suda \u00e7\u00f6z\u00fcnen konsantre)<\/p>\n<p><strong>Aktif Madde:<\/strong><\/p>\n<p>480 g\/l Glyphosate IPA Tuzu<\/p>\n","protected":false},"featured_media":1892,"comment_status":"closed","ping_status":"closed","template":"","meta":[],"product_brand":[],"product_cat":[30,38,24,35,43],"product_tag":[],"class_list":{"0":"post-1299","1":"product","2":"type-product","3":"status-publish","4":"has-post-thumbnail","6":"product_cat-azerbaycan","7":"product_cat-azerbaycan-herbisit","8":"product_cat-herbisitler","9":"product_cat-turkmenistan","10":"product_cat-turkmenistan-herbisit","12":"first","13":"instock","14":"shipping-taxable","15":"product-type-simple"},"_links":{"self":[{"href":"https:\/\/royalfen.com\/tr\/wp-json\/wp\/v2\/product\/1299","targetHints":{"allow":["GET"]}}],"collection":[{"href":"https:\/\/royalfen.com\/tr\/wp-json\/wp\/v2\/product"}],"about":[{"href":"https:\/\/royalfen.com\/tr\/wp-json\/wp\/v2\/types\/product"}],"replies":[{"embeddable":true,"href":"https:\/\/royalfen.com\/tr\/wp-json\/wp\/v2\/comments?post=1299"}],"wp:featuredmedia":[{"embeddable":true,"href":"https:\/\/royalfen.com\/tr\/wp-json\/wp\/v2\/media\/1892"}],"wp:attachment":[{"href":"https:\/\/royalfen.com\/tr\/wp-json\/wp\/v2\/media?parent=1299"}],"wp:term":[{"taxonomy":"product_brand","embeddable":true,"href":"https:\/\/royalfen.com\/tr\/wp-json\/wp\/v2\/product_brand?post=1299"},{"taxonomy":"product_cat","embeddable":true,"href":"https:\/\/royalfen.com\/tr\/wp-json\/wp\/v2\/product_cat?post=1299"},{"taxonomy":"product_tag","embeddable":true,"href":"https:\/\/royalfen.com\/tr\/wp-json\/wp\/v2\/product_tag?post=1299"}],"curies":[{"name":"wp","href":"https:\/\/api.w.org\/{rel}","templated":true}]}}