{"id":1307,"date":"2024-01-03T13:17:18","date_gmt":"2024-01-03T10:17:18","guid":{"rendered":"https:\/\/royalfen.com\/?post_type=product&#038;p=1307"},"modified":"2024-12-09T10:49:15","modified_gmt":"2024-12-09T07:49:15","slug":"royal-super-69-ew","status":"publish","type":"product","link":"https:\/\/royalfen.com\/tr\/urun\/royal-super-69-ew\/","title":{"rendered":"ROYAL S\u00dcPER 69 EW"},"content":{"rendered":"<h4><span style=\"font-family: gotham;\">KULLANILACA\u011eI B\u0130TK\u0130 VE ZARARLI ORGAN\u0130ZMALAR:<\/span><\/h4>\n\n<table id=\"tablepress-44\" class=\"tablepress tablepress-id-44 tbody-has-connected-cells\">\n<thead>\n<tr class=\"row-1\">\n\t<th class=\"column-1\">Bitki Ad\u0131<\/th><th class=\"column-2\">Zararl\u0131 Organizma Ad\u0131<\/th><th class=\"column-3\">Uygulama dozu ve d\u00f6nemi<\/th>\n<\/tr>\n<\/thead>\n<tbody class=\"row-striping row-hover\">\n<tr class=\"row-2\">\n\t<td rowspan=\"2\" class=\"column-1\">Bu\u011fday<\/td><td class=\"column-2\">Tilkikuyru\u011fu <em>(Alopecurus myosuroides)<\/em><br \/>\nK\u0131s\u0131r yabani yulaf <em>(Avena sterilis)<\/em><\/td><td class=\"column-3\">80 ml\/da Karde\u015flenme d\u00f6nemi<\/td>\n<\/tr>\n<tr class=\"row-3\">\n\t<td class=\"column-2\">K\u0131sa ba\u015fakl\u0131 ku\u015fyemi<em> (Phalaris brachystachys)<\/em><br \/>\nK\u00fc\u00e7\u00fck ba\u015fakl\u0131 ku\u015fyemi <em>(Phalaris minor)<\/em><\/td><td class=\"column-3\">100 ml\/da Karde\u015flenme ba\u015flang\u0131c\u0131<\/td>\n<\/tr>\n<tr class=\"row-4\">\n\t<td rowspan=\"2\" class=\"column-1\">Arpa<\/td><td class=\"column-2\">Tilkikuyru\u011fu<em> (Alopecurus myosuroides)<\/em><br \/>\nK\u0131s\u0131r yabani yulaf<em> (Avena sterilis)<\/em><\/td><td class=\"column-3\">80 ml\/da Karde\u015flenme d\u00f6nemi<\/td>\n<\/tr>\n<tr class=\"row-5\">\n\t<td class=\"column-2\">K\u0131sa ba\u015fakl\u0131 ku\u015fyemi <em>(Phalaris brachystachys)<\/em><\/td><td class=\"column-3\">100 ml\/da Karde\u015flenme ba\u015flang\u0131c\u0131<\/td>\n<\/tr>\n<\/tbody>\n<\/table>\n<!-- #tablepress-44 from cache -->\n","protected":false},"excerpt":{"rendered":"<p><strong>Form\u00fclasyonu:<\/strong><\/p>\n<p>EW (Suda Ya\u011f Em\u00fclsiyonu)<\/p>\n<p><strong>Aktif Madde:<\/strong><\/p>\n<p>69 g\/l Fenoxaprop-p-ethyl + 34,5 g\/l Cloquintocet-mexyl (Safener)<\/p>\n","protected":false},"featured_media":1909,"comment_status":"closed","ping_status":"closed","template":"","meta":[],"product_brand":[],"product_cat":[30,38,24,35,43],"product_tag":[],"class_list":{"0":"post-1307","1":"product","2":"type-product","3":"status-publish","4":"has-post-thumbnail","6":"product_cat-azerbaycan","7":"product_cat-azerbaycan-herbisit","8":"product_cat-herbisitler","9":"product_cat-turkmenistan","10":"product_cat-turkmenistan-herbisit","12":"first","13":"instock","14":"shipping-taxable","15":"product-type-simple"},"_links":{"self":[{"href":"https:\/\/royalfen.com\/tr\/wp-json\/wp\/v2\/product\/1307","targetHints":{"allow":["GET"]}}],"collection":[{"href":"https:\/\/royalfen.com\/tr\/wp-json\/wp\/v2\/product"}],"about":[{"href":"https:\/\/royalfen.com\/tr\/wp-json\/wp\/v2\/types\/product"}],"replies":[{"embeddable":true,"href":"https:\/\/royalfen.com\/tr\/wp-json\/wp\/v2\/comments?post=1307"}],"wp:featuredmedia":[{"embeddable":true,"href":"https:\/\/royalfen.com\/tr\/wp-json\/wp\/v2\/media\/1909"}],"wp:attachment":[{"href":"https:\/\/royalfen.com\/tr\/wp-json\/wp\/v2\/media?parent=1307"}],"wp:term":[{"taxonomy":"product_brand","embeddable":true,"href":"https:\/\/royalfen.com\/tr\/wp-json\/wp\/v2\/product_brand?post=1307"},{"taxonomy":"product_cat","embeddable":true,"href":"https:\/\/royalfen.com\/tr\/wp-json\/wp\/v2\/product_cat?post=1307"},{"taxonomy":"product_tag","embeddable":true,"href":"https:\/\/royalfen.com\/tr\/wp-json\/wp\/v2\/product_tag?post=1307"}],"curies":[{"name":"wp","href":"https:\/\/api.w.org\/{rel}","templated":true}]}}