{"id":1313,"date":"2024-01-03T13:32:06","date_gmt":"2024-01-03T10:32:06","guid":{"rendered":"https:\/\/royalfen.com\/?post_type=product&#038;p=1313"},"modified":"2024-12-06T14:22:57","modified_gmt":"2024-12-06T11:22:57","slug":"roybordo","status":"publish","type":"product","link":"https:\/\/royalfen.com\/tr\/urun\/roybordo\/","title":{"rendered":"ROYBORDO"},"content":{"rendered":"<h4>KULLANILACA\u011eI B\u0130TK\u0130 VE ZARARLI ORGAN\u0130ZMALAR:<\/h4>\n\n<table id=\"tablepress-42\" class=\"tablepress tablepress-id-42 tbody-has-connected-cells\">\n<thead>\n<tr class=\"row-1\">\n\t<th class=\"column-1\">Bitki Ad\u0131<\/th><th class=\"column-2\">Zararl\u0131 Organizma Ad\u0131<\/th><th class=\"column-3\">Uygulama Dozu<\/th><th class=\"column-4\">Son \u0130la\u00e7lama<br \/>\nile Hasat<br \/>\nAras\u0131ndaki S\u00fcre<\/th>\n<\/tr>\n<\/thead>\n<tbody class=\"row-striping row-hover\">\n<tr class=\"row-2\">\n\t<td class=\"column-1\">\u015eEFTAL\u0130<\/td><td class=\"column-2\">Yaprak k\u0131v\u0131rc\u0131kl\u0131\u011f\u0131 <em>(Taphrina deformans)<\/em><\/td><td class=\"column-3\">1500 g\/100 L su<\/td><td class=\"column-4\">14 g\u00fcn<\/td>\n<\/tr>\n<tr class=\"row-3\">\n\t<td class=\"column-1\">KAYISI<\/td><td class=\"column-2\">Sert \u00e7ekirdekli meyvelerde yaprakdelen<br \/>\n<em>(Wilsonomyces carpophilus)<\/em><\/td><td class=\"column-3\">1250 g\/100 L su (Dormant d\u00f6nem)<br \/>\n625 g\/100 L su (Normal d\u00f6nem)<\/td><td class=\"column-4\">14 g\u00fcn<\/td>\n<\/tr>\n<tr class=\"row-4\">\n\t<td rowspan=\"2\" class=\"column-1\">BA\u011e*<\/td><td class=\"column-2\">Mildiy\u00f6 <em>(Plasmopara viticola)<\/em><\/td><td class=\"column-3\">500 g\/100 L su<\/td><td rowspan=\"2\" class=\"column-4\">14 g\u00fcn<\/td>\n<\/tr>\n<tr class=\"row-5\">\n\t<td class=\"column-2\">\u00d6l\u00fc kol <em>(Phomopsis viticola)<\/em><\/td><td class=\"column-3\">3500 g\/100 L su (k\u0131\u015f uygulamas\u0131) 500 g \/100 L su (yaz uygulamas\u0131)<\/td>\n<\/tr>\n<tr class=\"row-6\">\n\t<td class=\"column-1\">ELMA<\/td><td class=\"column-2\">Mildiy\u00f6<em> (Plasmopara viticola)<\/em><\/td><td class=\"column-3\">500 g\/100 L su<\/td><td class=\"column-4\">14 g\u00fcn<\/td>\n<\/tr>\n<tr class=\"row-7\">\n\t<td class=\"column-1\">DOMATES<\/td><td class=\"column-2\">Mildiy\u00f6<em> (Phytophtora infestans)<\/em><\/td><td class=\"column-3\">400 g \/ da<\/td><td class=\"column-4\">14 g\u00fcn<\/td>\n<\/tr>\n<tr class=\"row-8\">\n\t<td class=\"column-1\">ZEYT\u0130N<\/td><td class=\"column-2\">Halkal\u0131 leke <em>(Spilocaea oleagina)<\/em><\/td><td class=\"column-3\">1.uygulama 1500 g\/100 L su<br \/>\n2.uygulama 1000 g\/100 L su<\/td><td class=\"column-4\">14 g\u00fcn<\/td>\n<\/tr>\n<tr class=\"row-9\">\n\t<td class=\"column-1\"><\/td><td class=\"column-2\"><\/td><td class=\"column-3\"><\/td><td class=\"column-4\"><\/td>\n<\/tr>\n<tr class=\"row-10\">\n\t<td class=\"column-1\"><\/td><td class=\"column-2\"><\/td><td class=\"column-3\"><\/td><td class=\"column-4\"><\/td>\n<\/tr>\n<tr class=\"row-11\">\n\t<td class=\"column-1\"><\/td><td class=\"column-2\"><\/td><td class=\"column-3\"><\/td><td class=\"column-4\"><\/td>\n<\/tr>\n<\/tbody>\n<\/table>\n<!-- #tablepress-42 from cache -->\n","protected":false},"excerpt":{"rendered":"<p><strong>Form\u00fclasyonu:<\/strong><\/p>\n<p>WP (Islanabilir Toz)<\/p>\n<p><strong>Aktif Madde:<\/strong><\/p>\n<p>% 20 Metalik bak\u0131ra e\u015fde\u011fer bordo bulamac\u0131<\/p>\n","protected":false},"featured_media":1912,"comment_status":"closed","ping_status":"closed","template":"","meta":[],"product_brand":[],"product_cat":[30,39,23,35,44],"product_tag":[],"class_list":{"0":"post-1313","1":"product","2":"type-product","3":"status-publish","4":"has-post-thumbnail","6":"product_cat-azerbaycan","7":"product_cat-azerbaycan-fungisit","8":"product_cat-fungusitler","9":"product_cat-turkmenistan","10":"product_cat-turkmenistan-fungisit","12":"first","13":"instock","14":"shipping-taxable","15":"product-type-simple"},"_links":{"self":[{"href":"https:\/\/royalfen.com\/tr\/wp-json\/wp\/v2\/product\/1313","targetHints":{"allow":["GET"]}}],"collection":[{"href":"https:\/\/royalfen.com\/tr\/wp-json\/wp\/v2\/product"}],"about":[{"href":"https:\/\/royalfen.com\/tr\/wp-json\/wp\/v2\/types\/product"}],"replies":[{"embeddable":true,"href":"https:\/\/royalfen.com\/tr\/wp-json\/wp\/v2\/comments?post=1313"}],"wp:featuredmedia":[{"embeddable":true,"href":"https:\/\/royalfen.com\/tr\/wp-json\/wp\/v2\/media\/1912"}],"wp:attachment":[{"href":"https:\/\/royalfen.com\/tr\/wp-json\/wp\/v2\/media?parent=1313"}],"wp:term":[{"taxonomy":"product_brand","embeddable":true,"href":"https:\/\/royalfen.com\/tr\/wp-json\/wp\/v2\/product_brand?post=1313"},{"taxonomy":"product_cat","embeddable":true,"href":"https:\/\/royalfen.com\/tr\/wp-json\/wp\/v2\/product_cat?post=1313"},{"taxonomy":"product_tag","embeddable":true,"href":"https:\/\/royalfen.com\/tr\/wp-json\/wp\/v2\/product_tag?post=1313"}],"curies":[{"name":"wp","href":"https:\/\/api.w.org\/{rel}","templated":true}]}}