{"id":1316,"date":"2024-01-03T13:40:17","date_gmt":"2024-01-03T10:40:17","guid":{"rendered":"https:\/\/royalfen.com\/?post_type=product&#038;p=1316"},"modified":"2024-12-06T11:38:33","modified_gmt":"2024-12-06T08:38:33","slug":"roycaptan-50-wp","status":"publish","type":"product","link":"https:\/\/royalfen.com\/tr\/urun\/roycaptan-50-wp\/","title":{"rendered":"ROYCAPTAN 50 WP"},"content":{"rendered":"<h4><span style=\"font-family: gotham;\">KULLANILACA\u011eI B\u0130TK\u0130 VE ZARARLI ORGAN\u0130ZMALAR:<\/span><\/h4>\n\n<table id=\"tablepress-41\" class=\"tablepress tablepress-id-41 tbody-has-connected-cells\">\n<thead>\n<tr class=\"row-1\">\n\t<th class=\"column-1\">Bitki Ad\u0131<\/th><th class=\"column-2\">Zararl\u0131 Organizma Ad\u0131<\/th><th class=\"column-3\">Uygulama Dozu<\/th><th class=\"column-4\">Son \u0130la\u00e7lama<br \/>\nile Hasat<br \/>\nAras\u0131ndaki S\u00fcre<\/th><td class=\"column-5\"><\/td>\n<\/tr>\n<\/thead>\n<tbody class=\"row-striping row-hover\">\n<tr class=\"row-2\">\n\t<td class=\"column-1\">Armut<\/td><td class=\"column-2\">Armut karalekesi <em>( Venturia pirina )<\/em><\/td><td class=\"column-3\">150 g\/100 L su<\/td><td class=\"column-4\">3 g\u00fcn<\/td><td class=\"column-5\"><\/td>\n<\/tr>\n<tr class=\"row-3\">\n\t<td class=\"column-1\">Elma<\/td><td class=\"column-2\">Elma karaleke <em>(Venturia inaequalis)<\/em><\/td><td class=\"column-3\">150 g\/100 L su<\/td><td class=\"column-4\">3 g\u00fcn<\/td><td class=\"column-5\"><\/td>\n<\/tr>\n<tr class=\"row-4\">\n\t<td class=\"column-1\">Erik<\/td><td class=\"column-2\">Eriklerde cep hastal\u0131\u011f\u0131 <em>(Taphrina pruni)<\/em><\/td><td class=\"column-3\">300 g\/100 L su<\/td><td class=\"column-4\">3 g\u00fcn<\/td><td class=\"column-5\"><\/td>\n<\/tr>\n<tr class=\"row-5\">\n\t<td class=\"column-1\">\u015feftali<\/td><td class=\"column-2\">Sert \u015fekirdek\u00eei meyvelerde \u00e7i\u00e7ek monilyas\u0131 <em>(Monilinia laxa)<\/em><\/td><td class=\"column-3\">300 g\/100 L su<\/td><td class=\"column-4\">3 g\u00fcn<\/td><td class=\"column-5\"><\/td>\n<\/tr>\n<tr class=\"row-6\">\n\t<td class=\"column-1\">\u015eeftali,<br \/>\nKay\u0131s\u0131<\/td><td class=\"column-2\">Sert \u00e7ekirdek\u0130i meyvelerde<br \/>\nyaprak delen <em>(Wilsonomyces carpophylus)<\/em><\/td><td class=\"column-3\">300 g\/100 L su<\/td><td class=\"column-4\">3 g\u00fcn<\/td><td class=\"column-5\"><\/td>\n<\/tr>\n<tr class=\"row-7\">\n\t<td class=\"column-1\">Turun\u00e7giller<\/td><td class=\"column-2\">Turun\u00e7gil meyvelerinde<br \/>\nkahverengi \u00e7\u00fcr\u00fckl\u00fck ve g\u00f6vde zamklanmas\u0131<br \/>\n<em>(Phytophthora citrophthora)<\/em><\/td><td class=\"column-3\">300 g \/100 L su<br \/>\n(Fruit Infections)<\/td><td class=\"column-4\">7 g\u00fcn<\/td><td class=\"column-5\"><\/td>\n<\/tr>\n<tr class=\"row-8\">\n\t<td class=\"column-1\"><\/td><td class=\"column-2\"><\/td><td class=\"column-3\"><\/td><td class=\"column-4\"><\/td><td class=\"column-5\"><\/td>\n<\/tr>\n<tr class=\"row-9\">\n\t<td class=\"column-1\">Yeni d\u00fcnya<\/td><td class=\"column-2\">Kara leke <em>(Venturia inaequalis var.eribotryae)<\/em><\/td><td class=\"column-3\">300 g\/100 L su<\/td><td class=\"column-4\">3 g\u00fcn<\/td><td class=\"column-5\"><\/td>\n<\/tr>\n<tr class=\"row-10\">\n\t<td rowspan=\"2\" class=\"column-1\">Ba\u011f **<\/td><td class=\"column-2\">Ba\u011f mildiy\u00f6s\u00fc<em> (Plasmopara viticola)<\/em><\/td><td class=\"column-3\">300 g\/100 L su<\/td><td class=\"column-4\">3 g\u00fcn<\/td><td class=\"column-5\"><\/td>\n<\/tr>\n<tr class=\"row-11\">\n\t<td class=\"column-2\">Ba\u011fda \u00f6l\u00fckol <em>(Phomopsis viticola)*<\/em><\/td><td class=\"column-3\">250 g\/100 L su<br \/>\n(Yaz uygulamas\u0131)<\/td><td class=\"column-4\">3 g\u00fcn<\/td><td class=\"column-5\"><\/td>\n<\/tr>\n<tr class=\"row-12\">\n\t<td class=\"column-1\">Sebze<br \/>\nfideleri ***<\/td><td class=\"column-2\">K\u00f6k \u00e7\u00fcr\u00fckl\u00fc\u011f\u00fc <em>(Pythium spp., Fusarium spp.,<br \/>\nRhizoctonia spp., Alternaria spp.,<br \/>\nSclerotinia spp., Phytophthora spp.)<\/em><\/td><td class=\"column-3\">200-250g\/100 L su<\/td><td class=\"column-4\">-<\/td><td class=\"column-5\"><\/td>\n<\/tr>\n<tr class=\"row-13\">\n\t<td rowspan=\"3\" class=\"column-1\">Domates<\/td><td class=\"column-2\">Mildiy\u00f6 <em>(Phytopthora infestans)<\/em><\/td><td class=\"column-3\">300 g\/100 L su<\/td><td class=\"column-4\">7 g\u00fcn<\/td><td class=\"column-5\"><\/td>\n<\/tr>\n<tr class=\"row-14\">\n\t<td class=\"column-2\">Yaprak k\u00fcf\u00fc <em>(Cladosporium fulvum)<\/em><\/td><td class=\"column-3\">250 g\/100 L su<\/td><td class=\"column-4\">7 g\u00fcn<\/td><td class=\"column-5\"><\/td>\n<\/tr>\n<tr class=\"row-15\">\n\t<td class=\"column-2\">Kur\u015funi k\u00fcf <em>(Botrytis cinerea)<\/em><\/td><td class=\"column-3\">250 g\/100 L su<\/td><td class=\"column-4\">7 g\u00fcn<\/td><td class=\"column-5\"><\/td>\n<\/tr>\n<tr class=\"row-16\">\n\t<td class=\"column-1\">Marul<\/td><td class=\"column-2\">Marul mildiy\u00f6s\u00fc<em> (Bremia lactucae)<\/em><\/td><td class=\"column-3\">300 g\/100 L su<\/td><td class=\"column-4\">7 g\u00fcn<\/td><td class=\"column-5\"><\/td>\n<\/tr>\n<tr class=\"row-17\">\n\t<td class=\"column-1\">So\u011fan<\/td><td class=\"column-2\">Mildiy\u00f6 <em>(Peronospora destructor)<\/em><\/td><td class=\"column-3\">300 g\/100 L su<\/td><td class=\"column-4\">7 g\u00fcn<\/td><td class=\"column-5\"><\/td>\n<\/tr>\n<tr class=\"row-18\">\n\t<td class=\"column-1\">Patates<\/td><td class=\"column-2\">Mildiy\u00f6 <em>(Phytopthora infestans)<\/em><\/td><td class=\"column-3\">350 g\/100 L su<\/td><td class=\"column-4\">7 g\u00fcn<\/td><td class=\"column-5\"><\/td>\n<\/tr>\n<tr class=\"row-19\">\n\t<td class=\"column-1\">Karanfil<br \/>\n(S\u00fcs bilkisi)<\/td><td class=\"column-2\">Karanfil pas\u0131 <em>(Uromyces caryophyllus)<\/em><\/td><td class=\"column-3\">250 g\/100 L su<\/td><td class=\"column-4\">7 g\u00fcn<\/td><td class=\"column-5\"><\/td>\n<\/tr>\n<tr class=\"row-20\">\n\t<td class=\"column-1\"><\/td><td class=\"column-2\"><\/td><td class=\"column-3\"><\/td><td class=\"column-4\"><\/td><td class=\"column-5\"><\/td>\n<\/tr>\n<tr class=\"row-21\">\n\t<td class=\"column-1\"><\/td><td class=\"column-2\"><\/td><td class=\"column-3\"><\/td><td class=\"column-4\"><\/td><td class=\"column-5\"><\/td>\n<\/tr>\n<\/tbody>\n<\/table>\n<!-- #tablepress-41 from cache -->\n","protected":false},"excerpt":{"rendered":"<p><strong>Form\u00fclasyonu:<\/strong><\/p>\n<p>WP (Islanabilir Toz)<\/p>\n<p><strong>Aktif Madde:<\/strong><\/p>\n<p>% 50 Captan<\/p>\n","protected":false},"featured_media":1914,"comment_status":"closed","ping_status":"closed","template":"","meta":[],"product_brand":[],"product_cat":[30,39,23,35,44],"product_tag":[],"class_list":{"0":"post-1316","1":"product","2":"type-product","3":"status-publish","4":"has-post-thumbnail","6":"product_cat-azerbaycan","7":"product_cat-azerbaycan-fungisit","8":"product_cat-fungusitler","9":"product_cat-turkmenistan","10":"product_cat-turkmenistan-fungisit","12":"first","13":"instock","14":"shipping-taxable","15":"product-type-simple"},"_links":{"self":[{"href":"https:\/\/royalfen.com\/tr\/wp-json\/wp\/v2\/product\/1316","targetHints":{"allow":["GET"]}}],"collection":[{"href":"https:\/\/royalfen.com\/tr\/wp-json\/wp\/v2\/product"}],"about":[{"href":"https:\/\/royalfen.com\/tr\/wp-json\/wp\/v2\/types\/product"}],"replies":[{"embeddable":true,"href":"https:\/\/royalfen.com\/tr\/wp-json\/wp\/v2\/comments?post=1316"}],"wp:featuredmedia":[{"embeddable":true,"href":"https:\/\/royalfen.com\/tr\/wp-json\/wp\/v2\/media\/1914"}],"wp:attachment":[{"href":"https:\/\/royalfen.com\/tr\/wp-json\/wp\/v2\/media?parent=1316"}],"wp:term":[{"taxonomy":"product_brand","embeddable":true,"href":"https:\/\/royalfen.com\/tr\/wp-json\/wp\/v2\/product_brand?post=1316"},{"taxonomy":"product_cat","embeddable":true,"href":"https:\/\/royalfen.com\/tr\/wp-json\/wp\/v2\/product_cat?post=1316"},{"taxonomy":"product_tag","embeddable":true,"href":"https:\/\/royalfen.com\/tr\/wp-json\/wp\/v2\/product_tag?post=1316"}],"curies":[{"name":"wp","href":"https:\/\/api.w.org\/{rel}","templated":true}]}}