{"id":1322,"date":"2024-01-03T14:04:42","date_gmt":"2024-01-03T11:04:42","guid":{"rendered":"https:\/\/royalfen.com\/?post_type=product&#038;p=1322"},"modified":"2024-12-06T10:56:36","modified_gmt":"2024-12-06T07:56:36","slug":"roycoss-250-wg","status":"publish","type":"product","link":"https:\/\/royalfen.com\/tr\/urun\/roycoss-250-wg\/","title":{"rendered":"ROYCOSS 250 WG"},"content":{"rendered":"<h4>KULLANILACA\u011eI B\u0130TK\u0130 VE ZARARLI ORGAN\u0130ZMALAR:<\/h4>\n\n<table id=\"tablepress-39\" class=\"tablepress tablepress-id-39\">\n<thead>\n<tr class=\"row-1\">\n\t<th class=\"column-1\">Bitki Ad\u0131<\/th><th class=\"column-2\">Zararl\u0131 Organizma Ad\u0131<\/th><th class=\"column-3\">Uygulama<br \/>\nDozu<\/th><th class=\"column-4\">Son \u0130la\u00e7lama<br \/>\nile Hasat<br \/>\nAras\u0131ndaki S\u00fcre<\/th>\n<\/tr>\n<\/thead>\n<tbody class=\"row-striping row-hover\">\n<tr class=\"row-2\">\n\t<td class=\"column-1\">Ba\u011f*<\/td><td class=\"column-2\">Yap\u0131\u015fkan kazaya\u011f\u0131 <em>(Chenepodium botrys)<\/em><br \/>\nSirken <em>(Chenopodium album)<\/em><br \/>\nBozot <em>(Heliotropium europaeum<\/em><br \/>\nDuvar arpas\u0131 <em>(Hourdeum murinum)<\/em><br \/>\nYabani marul<em> (Lactuca serriola)<\/em><br \/>\nGelincik <em>(Papaver rhoeas)<\/em><br \/>\nSemizotu <em>(Portulaca oleracea)<\/em><br \/>\nKanarya otu<em> (Senecio vulgaris)<\/em><br \/>\nYabani hardal <em>(Sinapis arvensis)<\/em><br \/>\nDemirdikeni <em>(Tribulus terrestris)<\/em><br \/>\nIs\u0131rgan otu <em>(Urtica urens)<\/em><br \/>\nDomuz p\u0131tra\u011f\u0131<em> (Xanthium strumarium)<\/em><\/td><td class=\"column-3\">20 g\/da<br \/>\n\u00c7\u0131k\u0131\u015f<br \/>\n\u00f6ncesi<\/td><td class=\"column-4\">--<\/td>\n<\/tr>\n<tr class=\"row-3\">\n\t<td class=\"column-1\">Narenciye<\/td><td class=\"column-2\">Tilki kuyru\u011fu<em> (Alopecurus myosuroides)<\/em><br \/>\nDev horozibi\u011fi <em>(Amaranthus palmeri)<\/em><br \/>\nK.K. tilkikuyru\u011fu <em>(Amaranthus retroflexus)<\/em><br \/>\nHorozibi\u011fi <em>(Amaranthus albus)<\/em><br \/>\nSirken<em> (Chenopodium album)<\/em><br \/>\n\u00c7oban \u00e7antas\u0131 <em>(Capsella bursa-pastoris)<\/em><br \/>\n\u015eeytan elmas\u0131<em> (Datura stramonium)<\/em><br \/>\nDar\u0131can<em> (Echinochloa crus-galli)<\/em><br \/>\nBozot <em>(Heliotropium europaeum)<\/em><br \/>\nDuvar arpas\u0131 <em>(Hourdeum murinum)<\/em><br \/>\nBall\u0131baba<em> (Lamium amplexicaule)<\/em><br \/>\nSemizotu<em> (Portulaca oleracea)<\/em><br \/>\nYabani hardal <em>(Sinapis arvensis)<\/em><br \/>\nDomuz p\u0131tra\u011f\u0131 <em>(Xanthium strumarium)<\/em><\/td><td class=\"column-3\">20 g\/da<br \/>\n\u00c7\u0131k\u0131\u015f<br \/>\n\u00f6ncesi<\/td><td class=\"column-4\">--<\/td>\n<\/tr>\n<tr class=\"row-4\">\n\t<td class=\"column-1\">Ceviz<\/td><td class=\"column-2\">K.K. tilkikuyru\u011fu <em>(Amaranthus retroflexus)<\/em><br \/>\nSirken <em>(Chenopodium album)<\/em><br \/>\n\u015eeytan elmas\u0131<em> (Datura stramonium)<\/em><br \/>\nDar\u0131can<em> (Echinochloa crus-galli)<\/em><br \/>\nSemizotu <em>(Portulaca oleracea)<\/em><br \/>\nDemirdikeni <em>(Tribulus terrestris)<\/em><br \/>\nDomuz p\u0131tra\u011f\u0131 <em>(Xanthium strumarium)<\/em><\/td><td class=\"column-3\">20 g\/da<br \/>\n\u00c7\u0131k\u0131\u015f<br \/>\n\u00f6ncesi<\/td><td class=\"column-4\">120 g\u00fcn<\/td>\n<\/tr>\n<tr class=\"row-5\">\n\t<td class=\"column-1\">K\u00fclt\u00fcr Bitkisi<br \/>\nyeti\u015ftirilmeyen<br \/>\nAlanlar<\/td><td class=\"column-2\">Sirken <em>(Chenopodium album)<\/em><br \/>\nYabani hardal <em>(Sinapis arvensis)<\/em><br \/>\nSemizotu <em>(Portulaca oleracea)<\/em><br \/>\nDar\u0131can<em> (Echinochloa crus-galli)<\/em><br \/>\nDomuz p\u0131tra\u011f\u0131<em> (Xanthium strumarium)<\/em><br \/>\nKu\u015f otu <em>(Stellaria media)<\/em><br \/>\nTilki kuyru\u011fu <em>(Alopecurus myosuroides)<\/em><br \/>\nPire otu <em>(Conyza canadensis)<\/em><\/td><td class=\"column-3\">20g\/da \u00c7\u0131k\u0131\u015f<br \/>\nsonras\u0131 Yabanc\u0131<br \/>\notlar\u0131n 2-4 yaprakl\u0131<br \/>\nd\u00f6nemi<\/td><td class=\"column-4\">--<\/td>\n<\/tr>\n<\/tbody>\n<\/table>\n\n","protected":false},"excerpt":{"rendered":"<p><strong>Form\u00fclasyonu:<\/strong><\/p>\n<p>WG (Suda Da\u011f\u0131labilen Gran\u00fcl )<\/p>\n<p><strong>Aktif Madde:<\/strong><\/p>\n<p>%25 Flazasulfuron<\/p>\n","protected":false},"featured_media":1918,"comment_status":"closed","ping_status":"closed","template":"","meta":[],"product_brand":[],"product_cat":[30,38,24,35,43],"product_tag":[],"class_list":{"0":"post-1322","1":"product","2":"type-product","3":"status-publish","4":"has-post-thumbnail","6":"product_cat-azerbaycan","7":"product_cat-azerbaycan-herbisit","8":"product_cat-herbisitler","9":"product_cat-turkmenistan","10":"product_cat-turkmenistan-herbisit","12":"first","13":"instock","14":"shipping-taxable","15":"product-type-simple"},"_links":{"self":[{"href":"https:\/\/royalfen.com\/tr\/wp-json\/wp\/v2\/product\/1322","targetHints":{"allow":["GET"]}}],"collection":[{"href":"https:\/\/royalfen.com\/tr\/wp-json\/wp\/v2\/product"}],"about":[{"href":"https:\/\/royalfen.com\/tr\/wp-json\/wp\/v2\/types\/product"}],"replies":[{"embeddable":true,"href":"https:\/\/royalfen.com\/tr\/wp-json\/wp\/v2\/comments?post=1322"}],"wp:featuredmedia":[{"embeddable":true,"href":"https:\/\/royalfen.com\/tr\/wp-json\/wp\/v2\/media\/1918"}],"wp:attachment":[{"href":"https:\/\/royalfen.com\/tr\/wp-json\/wp\/v2\/media?parent=1322"}],"wp:term":[{"taxonomy":"product_brand","embeddable":true,"href":"https:\/\/royalfen.com\/tr\/wp-json\/wp\/v2\/product_brand?post=1322"},{"taxonomy":"product_cat","embeddable":true,"href":"https:\/\/royalfen.com\/tr\/wp-json\/wp\/v2\/product_cat?post=1322"},{"taxonomy":"product_tag","embeddable":true,"href":"https:\/\/royalfen.com\/tr\/wp-json\/wp\/v2\/product_tag?post=1322"}],"curies":[{"name":"wp","href":"https:\/\/api.w.org\/{rel}","templated":true}]}}