{"id":1327,"date":"2024-01-03T14:13:58","date_gmt":"2024-01-03T11:13:58","guid":{"rendered":"https:\/\/royalfen.com\/?post_type=product&#038;p=1327"},"modified":"2024-12-06T10:36:47","modified_gmt":"2024-12-06T07:36:47","slug":"roydere-300-ec","status":"publish","type":"product","link":"https:\/\/royalfen.com\/tr\/urun\/roydere-300-ec\/","title":{"rendered":"ROYDERE 300 EC"},"content":{"rendered":"<h4>KULLANILACA\u011eI B\u0130TK\u0130 VE ZARARLI ORGAN\u0130ZMALAR:<\/h4>\n\n<table id=\"tablepress-38\" class=\"tablepress tablepress-id-38\">\n<thead>\n<tr class=\"row-1\">\n\t<th class=\"column-1\">Bitki Ad\u0131<\/th><th class=\"column-2\">Kontrol Etti\u011fi Yabanc\u0131 Otlar<\/th><th class=\"column-3\">Uygulama dozu<br \/>\nve d\u00f6nemi<\/th>\n<\/tr>\n<\/thead>\n<tbody class=\"row-striping row-hover\">\n<tr class=\"row-2\">\n\t<td class=\"column-1\">\u015eEKERPANCARI<\/td><td class=\"column-2\">Sirken <em>(Chenopodium album.)<\/em><br \/>\nHorozibi\u011fi <em>(Amaranthus spp.)<\/em><br \/>\nHardal <em>(Sinapis arvensis)<\/em><br \/>\nK\u00f6pek \u00fcz\u00fcm\u00fc <em>(Solanum nigrum)<\/em><\/td><td class=\"column-3\">150 mm\/da<br \/>\n\u00c7\u0131k\u0131\u015f sonras\u0131<br \/>\n(Kotiledon ve 2-4<br \/>\nyaprakl\u0131 d\u00f6nemde)<\/td>\n<\/tr>\n<\/tbody>\n<\/table>\n<!-- #tablepress-38 from cache -->\n","protected":false},"excerpt":{"rendered":"<p><strong>Form\u00fclasyonu:<\/strong><\/p>\n<p>EC (Em\u00fclsiye Olabilen Konsantre)<\/p>\n<p><strong>Aktif Madde:<\/strong><\/p>\n<p>200 g\/l Ethofumesate + 100 g\/l Phenmedipham<\/p>\n","protected":false},"featured_media":1921,"comment_status":"closed","ping_status":"closed","template":"","meta":[],"product_brand":[],"product_cat":[30,38,24,35,43],"product_tag":[],"class_list":{"0":"post-1327","1":"product","2":"type-product","3":"status-publish","4":"has-post-thumbnail","6":"product_cat-azerbaycan","7":"product_cat-azerbaycan-herbisit","8":"product_cat-herbisitler","9":"product_cat-turkmenistan","10":"product_cat-turkmenistan-herbisit","12":"first","13":"instock","14":"shipping-taxable","15":"product-type-simple"},"_links":{"self":[{"href":"https:\/\/royalfen.com\/tr\/wp-json\/wp\/v2\/product\/1327","targetHints":{"allow":["GET"]}}],"collection":[{"href":"https:\/\/royalfen.com\/tr\/wp-json\/wp\/v2\/product"}],"about":[{"href":"https:\/\/royalfen.com\/tr\/wp-json\/wp\/v2\/types\/product"}],"replies":[{"embeddable":true,"href":"https:\/\/royalfen.com\/tr\/wp-json\/wp\/v2\/comments?post=1327"}],"wp:featuredmedia":[{"embeddable":true,"href":"https:\/\/royalfen.com\/tr\/wp-json\/wp\/v2\/media\/1921"}],"wp:attachment":[{"href":"https:\/\/royalfen.com\/tr\/wp-json\/wp\/v2\/media?parent=1327"}],"wp:term":[{"taxonomy":"product_brand","embeddable":true,"href":"https:\/\/royalfen.com\/tr\/wp-json\/wp\/v2\/product_brand?post=1327"},{"taxonomy":"product_cat","embeddable":true,"href":"https:\/\/royalfen.com\/tr\/wp-json\/wp\/v2\/product_cat?post=1327"},{"taxonomy":"product_tag","embeddable":true,"href":"https:\/\/royalfen.com\/tr\/wp-json\/wp\/v2\/product_tag?post=1327"}],"curies":[{"name":"wp","href":"https:\/\/api.w.org\/{rel}","templated":true}]}}