{"id":1333,"date":"2024-01-03T14:56:14","date_gmt":"2024-01-03T11:56:14","guid":{"rendered":"https:\/\/royalfen.com\/?post_type=product&#038;p=1333"},"modified":"2024-12-05T17:31:08","modified_gmt":"2024-12-05T14:31:08","slug":"royligo-150-zc","status":"publish","type":"product","link":"https:\/\/royalfen.com\/tr\/urun\/royligo-150-zc\/","title":{"rendered":"ROYL\u0130GO 150 ZC"},"content":{"rendered":"<h4>KULLANILACA\u011eI B\u0130TK\u0130 VE ZARARLI ORGAN\u0130ZMALAR:<\/h4>\n\n<table id=\"tablepress-36\" class=\"tablepress tablepress-id-36 tbody-has-connected-cells\">\n<thead>\n<tr class=\"row-1\">\n\t<th class=\"column-1\">Bitki Ad\u0131<\/th><th class=\"column-2\">Zararl\u0131 Organizma Ad\u0131<\/th><th class=\"column-3\">Uygulama Dozu Ve<br \/>\nD\u00f6nemi<\/th><th class=\"column-4\">Son Uygulama<br \/>\nile Hasat<br \/>\nAras\u0131ndaki S\u00fcre<\/th>\n<\/tr>\n<\/thead>\n<tbody class=\"row-striping row-hover\">\n<tr class=\"row-2\">\n\t<td class=\"column-1\">Pamuk<\/td><td class=\"column-2\">Ye\u015filkurt <em>(Helicoverpa armigera)<\/em><\/td><td class=\"column-3\">30 ml \/ da (Larva)<\/td><td class=\"column-4\">14 g\u00fcn<\/td>\n<\/tr>\n<tr class=\"row-3\">\n\t<td class=\"column-1\">Yerf\u0131st\u0131\u011f\u0131<\/td><td class=\"column-2\">Ye\u015filkurt <em>(Helicoverpa armigera)<\/em><\/td><td class=\"column-3\">30 ml \/ da (Larva)<\/td><td class=\"column-4\">14 g\u00fcn<\/td>\n<\/tr>\n<tr class=\"row-4\">\n\t<td rowspan=\"2\" class=\"column-1\">Patates<\/td><td class=\"column-2\">Patates B\u00f6ce\u011fi <em>(Leptinotarsa decemlineata)<\/em><\/td><td class=\"column-3\">10 ml \/ da (Larva)<\/td><td rowspan=\"2\" class=\"column-4\">14 g\u00fcn<\/td>\n<\/tr>\n<tr class=\"row-5\">\n\t<td class=\"column-2\">Patates g\u00fcvesi <em>(Phthorimea operculella)<\/em><\/td><td class=\"column-3\">30 ml \/da (larva)<\/td>\n<\/tr>\n<tr class=\"row-6\">\n\t<td class=\"column-1\">M\u0131s\u0131r<\/td><td class=\"column-2\">M\u0131s\u0131rkurdu<em> (Ostrinia nubilalis)<\/em><br \/>\nM\u0131s\u0131r Ko\u00e7ankurdu<em> (Sesamia spp.)<\/em><\/td><td class=\"column-3\">25 ml\/da (larva) \u0130lk yumurta<br \/>\ntespit edildi\u011finde<br \/>\nila\u00e7lamaya ba\u015flan\u0131r.15 g\u00fcn<br \/>\nara ile 2 uygulama<\/td><td class=\"column-4\">7 g\u00fcn<\/td>\n<\/tr>\n<tr class=\"row-7\">\n\t<td class=\"column-1\">Mercimek<\/td><td class=\"column-2\">Mercimek hortumlu b\u00f6ce\u011fi<em> (Sitona crinitus)<\/em><\/td><td class=\"column-3\">50 ml \/da (larva-ergin)<\/td><td class=\"column-4\">21 g\u00fcn<\/td>\n<\/tr>\n<tr class=\"row-8\">\n\t<td class=\"column-1\">Kiraz<\/td><td class=\"column-2\">Kiraz dipkurdu<em> (Capnodis tenebrionis)<\/em><\/td><td class=\"column-3\">50 ml\/100 L su (Ergin)<\/td><td class=\"column-4\">14 g\u00fcn<\/td>\n<\/tr>\n<tr class=\"row-9\">\n\t<td rowspan=\"3\" class=\"column-1\">Antepf\u0131st\u0131\u011f\u0131<\/td><td class=\"column-2\">Antepf\u0131st\u0131\u011f\u0131 dipkurdu <em>(Capnodis cariosa)<\/em><\/td><td class=\"column-3\">50 ml\/100 L su (Ergin)<\/td><td rowspan=\"3\" class=\"column-4\">7 g\u00fcn<\/td>\n<\/tr>\n<tr class=\"row-10\">\n\t<td class=\"column-2\">Antepf\u0131st\u0131\u011f\u0131 dalg\u00fcvesi <em>(Kermania pistaciella)<\/em><\/td><td class=\"column-3\">30 ml\/100 L su (larva)<\/td>\n<\/tr>\n<tr class=\"row-11\">\n\t<td class=\"column-2\">Antepf\u0131st\u0131\u011f\u0131 g\u00f6zkurdu<em> (Thaumetopoea solitaria)<\/em><\/td><td class=\"column-3\">30 ml\/100 L su (larva)<\/td>\n<\/tr>\n<tr class=\"row-12\">\n\t<td rowspan=\"3\" class=\"column-1\">F\u0131nd\u0131k<\/td><td class=\"column-2\">F\u0131nd\u0131k kurdu<em> (Curculio nucum)<\/em><\/td><td class=\"column-3\">45 ml\/100 L su (Ergin)<\/td><td rowspan=\"3\" class=\"column-4\">7 g\u00fcn<\/td>\n<\/tr>\n<tr class=\"row-13\">\n\t<td class=\"column-2\">F\u0131nd\u0131k dalk\u0131ran <em>(Xyleborus dispar)<\/em><br \/>\nDaldelen <em>(Lymantor coryli)<\/em><\/td><td class=\"column-3\">40 ml\/100 L su (Ergin)<\/td>\n<\/tr>\n<tr class=\"row-14\">\n\t<td class=\"column-2\">Kahverengi kokarca <em>(Halyomorpha halys)<\/em><\/td><td class=\"column-3\">60 ml\/100 L su (Nimf-Ergin)<\/td>\n<\/tr>\n<tr class=\"row-15\">\n\t<td class=\"column-1\">Domates (Tarla)<\/td><td class=\"column-2\">Ye\u015filkurt <em>(Helicoverpa armigera)<\/em><\/td><td class=\"column-3\">40 ml \/ da (Larva)<\/td><td class=\"column-4\">3 g\u00fcn<\/td>\n<\/tr>\n<tr class=\"row-16\">\n\t<td class=\"column-1\">\u015eekerpancar\u0131<\/td><td class=\"column-2\">\u00c7izgili yaprakkurdu<em> (Spodoptera exigua)<\/em><\/td><td class=\"column-3\">30 ml \/ da (Larva)<\/td><td class=\"column-4\">21 g\u00fcn<\/td>\n<\/tr>\n<tr class=\"row-17\">\n\t<td class=\"column-1\"><\/td><td class=\"column-2\"><\/td><td class=\"column-3\"><\/td><td class=\"column-4\"><\/td>\n<\/tr>\n<tr class=\"row-18\">\n\t<td class=\"column-1\"><\/td><td class=\"column-2\"><\/td><td class=\"column-3\"><\/td><td class=\"column-4\"><\/td>\n<\/tr>\n<\/tbody>\n<\/table>\n\n","protected":false},"excerpt":{"rendered":"<p><strong>Form\u00fclasyonu:<\/strong><\/p>\n<p>ZC (Mikrokaps\u00fcl S\u00fcspansiyon Konsantre)<\/p>\n<p><strong>Aktif Madde:<\/strong><\/p>\n<p>100 g\/l Chlorantraniliprole + 50 g \/ l Lambda-cyhalothrin<\/p>\n","protected":false},"featured_media":1929,"comment_status":"closed","ping_status":"closed","template":"","meta":[],"product_brand":[],"product_cat":[30,37,22,32,52,35,42],"product_tag":[],"class_list":{"0":"post-1333","1":"product","2":"type-product","3":"status-publish","4":"has-post-thumbnail","6":"product_cat-azerbaycan","7":"product_cat-azerbaycan-insektisit","8":"product_cat-insektisitler","9":"product_cat-kirgizistan","10":"product_cat-kirgizistan-insektisit","11":"product_cat-turkmenistan","12":"product_cat-turkmenistan-insektisit","14":"first","15":"instock","16":"shipping-taxable","17":"product-type-simple"},"_links":{"self":[{"href":"https:\/\/royalfen.com\/tr\/wp-json\/wp\/v2\/product\/1333","targetHints":{"allow":["GET"]}}],"collection":[{"href":"https:\/\/royalfen.com\/tr\/wp-json\/wp\/v2\/product"}],"about":[{"href":"https:\/\/royalfen.com\/tr\/wp-json\/wp\/v2\/types\/product"}],"replies":[{"embeddable":true,"href":"https:\/\/royalfen.com\/tr\/wp-json\/wp\/v2\/comments?post=1333"}],"wp:featuredmedia":[{"embeddable":true,"href":"https:\/\/royalfen.com\/tr\/wp-json\/wp\/v2\/media\/1929"}],"wp:attachment":[{"href":"https:\/\/royalfen.com\/tr\/wp-json\/wp\/v2\/media?parent=1333"}],"wp:term":[{"taxonomy":"product_brand","embeddable":true,"href":"https:\/\/royalfen.com\/tr\/wp-json\/wp\/v2\/product_brand?post=1333"},{"taxonomy":"product_cat","embeddable":true,"href":"https:\/\/royalfen.com\/tr\/wp-json\/wp\/v2\/product_cat?post=1333"},{"taxonomy":"product_tag","embeddable":true,"href":"https:\/\/royalfen.com\/tr\/wp-json\/wp\/v2\/product_tag?post=1333"}],"curies":[{"name":"wp","href":"https:\/\/api.w.org\/{rel}","templated":true}]}}