{"id":1336,"date":"2024-01-03T15:01:22","date_gmt":"2024-01-03T12:01:22","guid":{"rendered":"https:\/\/royalfen.com\/?post_type=product&#038;p=1336"},"modified":"2024-12-05T15:34:03","modified_gmt":"2024-12-05T12:34:03","slug":"roymulus-df","status":"publish","type":"product","link":"https:\/\/royalfen.com\/tr\/urun\/roymulus-df\/","title":{"rendered":"ROYMULUS DF"},"content":{"rendered":"<h4>KULLANILACA\u011eI B\u0130TK\u0130 VE ZARARLI ORGAN\u0130ZMALAR:<\/h4>\n\n<table id=\"tablepress-35\" class=\"tablepress tablepress-id-35 tbody-has-connected-cells\">\n<thead>\n<tr class=\"row-1\">\n\t<th class=\"column-1\">Bitki ad\u0131<\/th><th class=\"column-2\">Zararl\u0131 Organizma Ad\u0131<\/th><th class=\"column-3\">Uygulama dozu<\/th>\n<\/tr>\n<\/thead>\n<tbody class=\"row-striping row-hover\">\n<tr class=\"row-2\">\n\t<td rowspan=\"2\" class=\"column-1\">BA\u011e<\/td><td class=\"column-2\">Ba\u011f K\u00fcllemesi<em> (Erysiphe necator)<\/em><\/td><td class=\"column-3\">400 g\/100 L su<\/td>\n<\/tr>\n<tr class=\"row-3\">\n\t<td class=\"column-2\">Ba\u011f yaprak uyuzu <em>(Eriophyes vitis)<\/em><\/td><td class=\"column-3\">490 g\/100 L su<\/td>\n<\/tr>\n<tr class=\"row-4\">\n\t<td class=\"column-1\">ELMA<\/td><td class=\"column-2\">K\u00fclleme<em> (Podosphaera leucotricha)<\/em><\/td><td class=\"column-3\">400 g\/100 L su<\/td>\n<\/tr>\n<tr class=\"row-5\">\n\t<td class=\"column-1\">\u015eEFTAL\u0130<\/td><td class=\"column-2\">K\u00fclleme <em>(Sphaerotheca pannosa var.pesicae)<\/em><\/td><td class=\"column-3\">400 g\/100 L su<\/td>\n<\/tr>\n<tr class=\"row-6\">\n\t<td class=\"column-1\">G\u00dcL<\/td><td class=\"column-2\">K\u00fclleme <em>(Sphaerotheca pannosa var. rosae)<\/em><\/td><td class=\"column-3\">400 g\/100 L su<\/td>\n<\/tr>\n<tr class=\"row-7\">\n\t<td class=\"column-1\">BEGONYA<\/td><td class=\"column-2\">K\u00fclleme<em> (Microsphaera begoniae)<\/em><\/td><td class=\"column-3\">300-350 g\/ 100 L su<\/td>\n<\/tr>\n<tr class=\"row-8\">\n\t<td class=\"column-1\">NOHUT<\/td><td class=\"column-2\">Antraknoz <em>(Ascochyta rabiei)<\/em><\/td><td class=\"column-3\">300 g\/100 L su<\/td>\n<\/tr>\n<tr class=\"row-9\">\n\t<td class=\"column-1\">SO\u011eAN<\/td><td class=\"column-2\">So\u011fan mildiy\u00f6s\u00fc<em> (Peronospora destructor)<\/em><\/td><td class=\"column-3\">300 g\/100 L su<\/td>\n<\/tr>\n<tr class=\"row-10\">\n\t<td class=\"column-1\">FASULYE<\/td><td class=\"column-2\">Fasulye pas\u0131 <em>(Uromyces phaseoli)<\/em><\/td><td class=\"column-3\">300 g\/100 L su<\/td>\n<\/tr>\n<tr class=\"row-11\">\n\t<td class=\"column-1\">HIYAR<\/td><td class=\"column-2\">Kabakgillerde k\u00fclleme <em>(Erysiphecichoracearum)<\/em><\/td><td class=\"column-3\">400 g\/100 L su<\/td>\n<\/tr>\n<tr class=\"row-12\">\n\t<td rowspan=\"2\" class=\"column-1\">TURUN\u00c7G\u0130LLER<\/td><td class=\"column-2\">*Turun\u00e7gil k\u0131rm\u0131z\u0131\u00f6r\u00fcmce\u011fi <em>(Panonychus citri)<\/em><\/td><td rowspan=\"2\" class=\"column-3\">600 g\/100 L su<\/td>\n<\/tr>\n<tr class=\"row-13\">\n\t<td class=\"column-2\">*Turun\u00e7gil tomurcukakar\u0131 <em>(Aceria sheldoni)<\/em><\/td>\n<\/tr>\n<\/tbody>\n<\/table>\n\n","protected":false},"excerpt":{"rendered":"<p><strong>Form\u00fclasyonu:<\/strong><\/p>\n<p>WG (Suda da\u011f\u0131labilen gran\u00fcl)<\/p>\n<p><strong>Aktif Madde:<\/strong><\/p>\n<p>% 80 K\u00fck\u00fcrt<\/p>\n","protected":false},"featured_media":1933,"comment_status":"closed","ping_status":"closed","template":"","meta":[],"product_brand":[],"product_cat":[21,30,36,39,23,35,41,44],"product_tag":[],"class_list":{"0":"post-1336","1":"product","2":"type-product","3":"status-publish","4":"has-post-thumbnail","6":"product_cat-akarisitlermollusitler","7":"product_cat-azerbaycan","8":"product_cat-azerbaycan-akarisit","9":"product_cat-azerbaycan-fungisit","10":"product_cat-fungusitler","11":"product_cat-turkmenistan","12":"product_cat-turkmenistan-akarisit","13":"product_cat-turkmenistan-fungisit","15":"first","16":"instock","17":"shipping-taxable","18":"product-type-simple"},"_links":{"self":[{"href":"https:\/\/royalfen.com\/tr\/wp-json\/wp\/v2\/product\/1336","targetHints":{"allow":["GET"]}}],"collection":[{"href":"https:\/\/royalfen.com\/tr\/wp-json\/wp\/v2\/product"}],"about":[{"href":"https:\/\/royalfen.com\/tr\/wp-json\/wp\/v2\/types\/product"}],"replies":[{"embeddable":true,"href":"https:\/\/royalfen.com\/tr\/wp-json\/wp\/v2\/comments?post=1336"}],"wp:featuredmedia":[{"embeddable":true,"href":"https:\/\/royalfen.com\/tr\/wp-json\/wp\/v2\/media\/1933"}],"wp:attachment":[{"href":"https:\/\/royalfen.com\/tr\/wp-json\/wp\/v2\/media?parent=1336"}],"wp:term":[{"taxonomy":"product_brand","embeddable":true,"href":"https:\/\/royalfen.com\/tr\/wp-json\/wp\/v2\/product_brand?post=1336"},{"taxonomy":"product_cat","embeddable":true,"href":"https:\/\/royalfen.com\/tr\/wp-json\/wp\/v2\/product_cat?post=1336"},{"taxonomy":"product_tag","embeddable":true,"href":"https:\/\/royalfen.com\/tr\/wp-json\/wp\/v2\/product_tag?post=1336"}],"curies":[{"name":"wp","href":"https:\/\/api.w.org\/{rel}","templated":true}]}}