{"id":1339,"date":"2024-01-03T15:08:04","date_gmt":"2024-01-03T12:08:04","guid":{"rendered":"https:\/\/royalfen.com\/?post_type=product&#038;p=1339"},"modified":"2025-03-07T11:30:12","modified_gmt":"2025-03-07T08:30:12","slug":"royphon-72-sl","status":"publish","type":"product","link":"https:\/\/royalfen.com\/tr\/urun\/royphon-72-sl\/","title":{"rendered":"ROYPHON 72 SL"},"content":{"rendered":"<h4>KULLANILACA\u011eI B\u0130TK\u0130LER:<\/h4>\n\n<table id=\"tablepress-34\" class=\"tablepress tablepress-id-34\">\n<thead>\n<tr class=\"row-1\">\n\t<th class=\"column-1\">Bitki Ad\u0131<\/th><th class=\"column-2\">Uygulama Amac\u0131<\/th><th class=\"column-3\">Uygulama dozu ve d\u00f6nemi<\/th>\n<\/tr>\n<\/thead>\n<tbody class=\"row-striping row-hover\">\n<tr class=\"row-2\">\n\t<td class=\"column-1\">Pamuk<\/td><td class=\"column-2\">Koza a\u00e7t\u0131r\u0131c\u0131 ve yaprak d\u00f6kt\u00fcr\u00fcc\u00fc<\/td><td class=\"column-3\">200 ml \/da<\/td>\n<\/tr>\n<\/tbody>\n<\/table>\n<!-- #tablepress-34 from cache -->\n","protected":false},"excerpt":{"rendered":"<p><strong>Form\u00fclasyonu:<\/strong><\/p>\n<p>SC (Em\u00fclsiyon Konsantre)<\/p>\n<p><strong>Aktif Madde:<\/strong><\/p>\n<p>720 g\/l Ethephon<\/p>\n","protected":false},"featured_media":2329,"comment_status":"closed","ping_status":"closed","template":"","meta":[],"product_brand":[],"product_cat":[30,40,28,35,45],"product_tag":[],"class_list":{"0":"post-1339","1":"product","2":"type-product","3":"status-publish","4":"has-post-thumbnail","6":"product_cat-azerbaycan","7":"product_cat-azerbaycan-bgd","8":"product_cat-bitki-gelisim-duzenleyici-bgd","9":"product_cat-turkmenistan","10":"product_cat-turkmenistan-bgd","12":"first","13":"instock","14":"shipping-taxable","15":"product-type-simple"},"_links":{"self":[{"href":"https:\/\/royalfen.com\/tr\/wp-json\/wp\/v2\/product\/1339","targetHints":{"allow":["GET"]}}],"collection":[{"href":"https:\/\/royalfen.com\/tr\/wp-json\/wp\/v2\/product"}],"about":[{"href":"https:\/\/royalfen.com\/tr\/wp-json\/wp\/v2\/types\/product"}],"replies":[{"embeddable":true,"href":"https:\/\/royalfen.com\/tr\/wp-json\/wp\/v2\/comments?post=1339"}],"wp:featuredmedia":[{"embeddable":true,"href":"https:\/\/royalfen.com\/tr\/wp-json\/wp\/v2\/media\/2329"}],"wp:attachment":[{"href":"https:\/\/royalfen.com\/tr\/wp-json\/wp\/v2\/media?parent=1339"}],"wp:term":[{"taxonomy":"product_brand","embeddable":true,"href":"https:\/\/royalfen.com\/tr\/wp-json\/wp\/v2\/product_brand?post=1339"},{"taxonomy":"product_cat","embeddable":true,"href":"https:\/\/royalfen.com\/tr\/wp-json\/wp\/v2\/product_cat?post=1339"},{"taxonomy":"product_tag","embeddable":true,"href":"https:\/\/royalfen.com\/tr\/wp-json\/wp\/v2\/product_tag?post=1339"}],"curies":[{"name":"wp","href":"https:\/\/api.w.org\/{rel}","templated":true}]}}