{"id":1342,"date":"2024-01-03T15:12:18","date_gmt":"2024-01-03T12:12:18","guid":{"rendered":"https:\/\/royalfen.com\/?post_type=product&#038;p=1342"},"modified":"2024-12-05T14:26:52","modified_gmt":"2024-12-05T11:26:52","slug":"roypiton-100-sl","status":"publish","type":"product","link":"https:\/\/royalfen.com\/tr\/urun\/roypiton-100-sl\/","title":{"rendered":"ROYP\u0130TON 100 SL"},"content":{"rendered":"<h4>KULLANILACA\u011eI B\u0130TK\u0130 VE ZARARLI ORGAN\u0130ZMALAR:<\/h4>\n\n<table id=\"tablepress-32\" class=\"tablepress tablepress-id-32\">\n<thead>\n<tr class=\"row-1\">\n\t<th class=\"column-1\">Bitki Ad\u0131<\/th><th class=\"column-2\">Zararl\u0131 Organizma Ad\u0131<\/th><th class=\"column-3\">Uygulama dozu ve d\u00f6nemi<\/th>\n<\/tr>\n<\/thead>\n<tbody class=\"row-striping row-hover\">\n<tr class=\"row-2\">\n\t<td class=\"column-1\">Bu\u011fday<\/td><td class=\"column-2\">Kokar ot<em> (Bifora radians)<\/em><\/td><td class=\"column-3\">100 ml\/da Bu\u011fday\u0131n karde\u015flenme<br \/>\nd\u00f6neminde, kokar otun 2-4 yaprakl\u0131<br \/>\ndevresinde kullan\u0131l\u0131r.<\/td>\n<\/tr>\n<tr class=\"row-3\">\n\t<td class=\"column-1\">\u015eekerpancar\u0131<\/td><td class=\"column-2\">Kokar ot<em> (Bifora radians)<\/em><br \/>\nE\u011fik ba\u015fl\u0131 kangal <em>(Carduus nutans)<\/em><br \/>\nPeygamber \u00e7i\u00e7e\u011fi <em>(Centaurea cyanus)<\/em><br \/>\nK\u00f6yg\u00f6\u00e7\u00fcren <em>(Cirsium arvense)<\/em><br \/>\nDikenli yabani marul<em> (Lactuca serriola)<\/em><br \/>\nPapatya <em>(Matricaria spp.)<\/em><br \/>\nKanarya otu<em> (Senecio vernalis)<\/em><br \/>\nAdi e\u015fek marulu <em>(Sonchus oleraceus)<\/em><\/td><td class=\"column-3\">100 ml\/da \u015eekerpancar\u0131 ve yabanc\u0131<br \/>\notlar \u00e7\u0131kt\u0131ktan sonra, yabanc\u0131 otlar\u0131n<br \/>\n2-4 yaprakl\u0131 devresinde kullan\u0131l\u0131r.<\/td>\n<\/tr>\n<tr class=\"row-4\">\n\t<td class=\"column-1\">Kanola<\/td><td class=\"column-2\">Tarla k\u00f6pek papatyas\u0131 <em>(Anthemis arvensis)<\/em><br \/>\n\u00c7oban\u00e7antas\u0131<em> (Capsella bursa-pastoris)<\/em><br \/>\nK\u00f6yg\u00f6\u00e7\u00fcren<em> (Cirsium arvense)<\/em><br \/>\nYabani krizantem <em>(Chrysanthemum segetum)<\/em><br \/>\nBall\u0131baba <em>(Lamium amplexicaule)<\/em><br \/>\nHakiki papatya <em>(Matricaria chamomilla)<\/em><br \/>\nGelincik<em> (Papaver rhoeas)<\/em><br \/>\nSarma\u015f\u0131k \u00e7obande\u011fne\u011fi<em> (Polygonum convolvulus)<\/em><br \/>\n\u0130mam kavu\u011fu<em> (Senecio vulgaris)<\/em><br \/>\nKu\u015f otu <em>(Stellaria media)<\/em><br \/>\nKarahindiba <em>(Taraxacum officinale)<\/em><br \/>\nDevetaban\u0131 <em>(Tussilago farfara)<\/em><br \/>\nAdi yav\u015fan otu <em>(Veronica hederifolia)<\/em><br \/>\nYabani fi\u011f <em>(Vicia spp.)<\/em><\/td><td class=\"column-3\">100 ml\/da \u00c7\u0131k\u0131\u015f sonras\u0131, yabanc\u0131<br \/>\notlar\u0131n erken geli\u015fme d\u00f6neminde<br \/>\nkullan\u0131l\u0131r. (2-6 yaprak)<\/td>\n<\/tr>\n<tr class=\"row-5\">\n\t<td class=\"column-1\">So\u011fan<\/td><td class=\"column-2\">K\u00f6yg\u00f6\u00e7\u00fcren<em> (Cirsium arvense)<\/em><\/td><td class=\"column-3\">50 ml\/da So\u011fan ve k\u00f6yg\u00f6\u00e7\u00fcren \u00e7\u0131kt\u0131ktan sonra,<br \/>\nk\u00f6yg\u00f6\u00e7\u00fcrenin 2-4 yaprakl\u0131 devresinde<\/td>\n<\/tr>\n<\/tbody>\n<\/table>\n<!-- #tablepress-32 from cache -->\n","protected":false},"excerpt":{"rendered":"<p><strong>Form\u00fclasyonu:<\/strong><\/p>\n<p>SL (Suda \u00c7\u00f6z\u00fcnen Konsantre)<\/p>\n<p><strong>Aktif Madde:<\/strong><\/p>\n<p>100 g\/l Clopyralid<\/p>\n","protected":false},"featured_media":1938,"comment_status":"closed","ping_status":"closed","template":"","meta":[],"product_brand":[],"product_cat":[30,38,24,35,43],"product_tag":[],"class_list":{"0":"post-1342","1":"product","2":"type-product","3":"status-publish","4":"has-post-thumbnail","6":"product_cat-azerbaycan","7":"product_cat-azerbaycan-herbisit","8":"product_cat-herbisitler","9":"product_cat-turkmenistan","10":"product_cat-turkmenistan-herbisit","12":"first","13":"instock","14":"shipping-taxable","15":"product-type-simple"},"_links":{"self":[{"href":"https:\/\/royalfen.com\/tr\/wp-json\/wp\/v2\/product\/1342","targetHints":{"allow":["GET"]}}],"collection":[{"href":"https:\/\/royalfen.com\/tr\/wp-json\/wp\/v2\/product"}],"about":[{"href":"https:\/\/royalfen.com\/tr\/wp-json\/wp\/v2\/types\/product"}],"replies":[{"embeddable":true,"href":"https:\/\/royalfen.com\/tr\/wp-json\/wp\/v2\/comments?post=1342"}],"wp:featuredmedia":[{"embeddable":true,"href":"https:\/\/royalfen.com\/tr\/wp-json\/wp\/v2\/media\/1938"}],"wp:attachment":[{"href":"https:\/\/royalfen.com\/tr\/wp-json\/wp\/v2\/media?parent=1342"}],"wp:term":[{"taxonomy":"product_brand","embeddable":true,"href":"https:\/\/royalfen.com\/tr\/wp-json\/wp\/v2\/product_brand?post=1342"},{"taxonomy":"product_cat","embeddable":true,"href":"https:\/\/royalfen.com\/tr\/wp-json\/wp\/v2\/product_cat?post=1342"},{"taxonomy":"product_tag","embeddable":true,"href":"https:\/\/royalfen.com\/tr\/wp-json\/wp\/v2\/product_tag?post=1342"}],"curies":[{"name":"wp","href":"https:\/\/api.w.org\/{rel}","templated":true}]}}