{"id":1345,"date":"2024-01-03T15:18:34","date_gmt":"2024-01-03T12:18:34","guid":{"rendered":"https:\/\/royalfen.com\/?post_type=product&#038;p=1345"},"modified":"2024-12-05T14:53:07","modified_gmt":"2024-12-05T11:53:07","slug":"roystomp-450-cs","status":"publish","type":"product","link":"https:\/\/royalfen.com\/tr\/urun\/roystomp-450-cs\/","title":{"rendered":"ROYSTOMP 450 CS"},"content":{"rendered":"<h4>KULLANILACA\u011eI B\u0130TK\u0130 VE ZARARLI ORGAN\u0130ZMALAR:<\/h4>\n\n<table id=\"tablepress-33\" class=\"tablepress tablepress-id-33\">\n<thead>\n<tr class=\"row-1\">\n\t<th class=\"column-1\">Bitki Ad\u0131<\/th><th class=\"column-2\">Zararl\u0131 Organizma Ad\u0131<\/th><th class=\"column-3\">Uygulama Dozu Ve<br \/>\nD\u00f6nemi<\/th><th class=\"column-4\">Son \u0130la\u00e7lama ile<br \/>\nHasat Aras\u0131ndaki S\u00fcre<\/th>\n<\/tr>\n<\/thead>\n<tbody class=\"row-striping row-hover\">\n<tr class=\"row-2\">\n\t<td class=\"column-1\">SO\u011eAN<\/td><td class=\"column-2\">Horoz ibi\u011fi<em> (Amaranthus spp.)<\/em><br \/>\nSirken -\u0131\u015ft\u0131r<em>(Chenopodium album)<\/em><br \/>\n\u00c7oban de\u011fne\u011fi <em>(Polygonum aviculare)<\/em><br \/>\nY.\u015eahtere <em>(Fumaria officinalis)<\/em><br \/>\n\u015eeytan elmas\u0131<em> (Datura stramonium)<\/em><br \/>\nAdana pancar\u0131 <em>(Beta adanensis)<\/em><br \/>\n\u00c7atal otu <em>(Digitaria sanguinalis)<\/em><br \/>\nDar\u0131can <em>(Echinochloa crus-galli)<\/em><br \/>\nFare kula\u011f\u0131<em> (Anagallis arvensis)<\/em><br \/>\n\u00c7oban \u00e7antas\u0131 <em>(Capsella bursapastoris)<\/em><br \/>\nYabani semizotu <em>(Portulaca oleracea)<\/em><br \/>\nYav\u015fan otu <em>(Veronica hederifolia)<\/em><br \/>\nYap\u0131\u015fkan otu <em>(Setaria verticilliata)<\/em><br \/>\nYabani yulaf<em> (Avena sterilis)<\/em><br \/>\nTilki kuyru\u011fu <em>(Alopecurus myosuroides)<\/em><\/td><td class=\"column-3\">Ekimden<br \/>\nhemen<br \/>\nsonra \u00e7\u0131k\u0131\u015f<br \/>\n\u00d6ncesi<br \/>\n300 ml\/da<\/td><td class=\"column-4\">21 g\u00fcn<\/td>\n<\/tr>\n<tr class=\"row-3\">\n\t<td class=\"column-1\">AY\u00c7\u0130\u00c7E\u011e\u0130<\/td><td class=\"column-2\">Sirken <em>(Chenopodium album)<\/em><br \/>\nHoroz ibi\u011fi<em> (Amaranthus retroflexus)<\/em><br \/>\nDar\u0131can<em> (Echinochloa crus-galli)<\/em><br \/>\nSemizotu<em> (Portulaca oleracea)<\/em><br \/>\n\u00c7atal otu <em>(Digitaria sanguinalis)<\/em><br \/>\nYap\u0131\u015fkan ot <em>(Setaria verticillata)<\/em><br \/>\nK\u00f6pek \u00fcz\u00fcm\u00fc <em>(Solanum nigum)<\/em><br \/>\n\u015eeytan elmas\u0131 <em>(Datura stramonium)<\/em><br \/>\nYe\u015fil horoz ibi\u011fi <em>(Amaranthus viridis)<\/em><\/td><td class=\"column-3\">Ekimden<br \/>\nhemen<br \/>\nsonra \u00e7\u0131k\u0131\u015f<br \/>\n\u00d6ncesi<br \/>\n300 ml\/da<\/td><td class=\"column-4\">--<\/td>\n<\/tr>\n<tr class=\"row-4\">\n\t<td class=\"column-1\">PAMUK<\/td><td class=\"column-2\">S\u00fctle\u011fen<em> (Euphorbia prostrata)<\/em><br \/>\nYe\u015fil horoz ibi\u011fi <em>(Amaranthus viridis)<\/em><br \/>\nYabani j\u00fct <em>(Corchorus olitorius)<\/em><br \/>\n\u00c7atal otu <em>(Digitaria sanguinalis)<\/em><br \/>\nY.Semiz otu <em>(Portulaca oleracea)<\/em><br \/>\nKirpidar\u0131 <em>(Setaria verticillata)<\/em><br \/>\nHoroz ibi\u011fi<em> (Amaranthus retroflexus)<\/em><br \/>\nSirken\u0131\u015ft\u0131r <em>(Chenopodium album)<\/em><br \/>\nDatura<em> (Datura stramonium)<\/em><br \/>\nDar\u0131can <em>(Echinochloa crus-galli)<\/em><br \/>\nK\u00f6pek \u00fcz\u00fcm\u00fc <em>(Solanum nigum)<\/em><br \/>\nBenekli dar\u0131can <em>(Echinochloa colonum)<\/em><\/td><td class=\"column-3\">Ekim \u00d6ncesi<br \/>\n300 ml\/da<\/td><td class=\"column-4\">--<\/td>\n<\/tr>\n<tr class=\"row-5\">\n\t<td class=\"column-1\">MISIR<\/td><td class=\"column-2\">K\u0131rm\u0131z\u0131 k\u00f6kl\u00fc tilki kuyru\u011fu<em> (Amaranthus retroflexus)<\/em><br \/>\nDar\u0131can <em>(Echinochloa crus-galli)<\/em><br \/>\nSemiz otu <em>(Portulaca oleracea)<\/em><\/td><td class=\"column-3\">Ekimden hemen<br \/>\nsonra \u00e7\u0131k\u0131\u015f \u00d6ncesi<br \/>\n300 ml\/da<\/td><td class=\"column-4\">90 g\u00fcn<\/td>\n<\/tr>\n<tr class=\"row-6\">\n\t<td class=\"column-1\">FASULYE<\/td><td class=\"column-2\">K\u0131rm\u0131z\u0131 k\u00f6kl\u00fc tilki kuyru\u011fu <em>(Amaranthus retroflexus)<\/em><br \/>\nSirken <em>(Chenopodium album)<\/em><br \/>\nSemizotu <em>(Portulaca oleracea)<\/em><br \/>\nK\u00f6pek \u00fcz\u00fcm\u00fc <em>(Solanum nigrum)<\/em><br \/>\n\u00c7atal otu <em>(Digitaria sanguinalis)<\/em><br \/>\nYe\u015fil horoz ibi\u011fi <em>(Amaranthus viridis)<\/em><br \/>\nYap\u0131\u015fkan ot <em>(Setaria verticillata)<\/em><\/td><td class=\"column-3\">Ekimden hemen<br \/>\nsonra \u00e7\u0131k\u0131\u015f \u00d6ncesi<br \/>\n300 ml\/da<\/td><td class=\"column-4\">--<\/td>\n<\/tr>\n<tr class=\"row-7\">\n\t<td class=\"column-1\">HAVU\u00c7<\/td><td class=\"column-2\">Horoz ibi\u011fi <em>(Amaranthus spp.)<\/em><br \/>\nSirken <em>(Chenopodium album)<\/em><br \/>\n\u00c7oban de\u011fne\u011fi<em> (Polygonum aviculare)<\/em><br \/>\nK\u0131rm\u0131z\u0131 k\u00f6kl\u00fc tilki kuyru\u011fu<br \/>\n<em>(Amaranthus retroflexus)<\/em><br \/>\nSemizotu <em>(Portulaca oleracea)<\/em><br \/>\n\u00c7atal otu <em>(Digitaria sanguinalis)<\/em><br \/>\nK\u00f6pek \u00fcz\u00fcm\u00fc<em> (Solanum nigrum)<\/em><br \/>\nDar\u0131can <em>(Echinochloa crus-galli)<\/em><\/td><td class=\"column-3\">Ekimden hemen<br \/>\nsonra \u00e7\u0131k\u0131\u015f \u00d6ncesi<br \/>\n300 ml\/da<\/td><td class=\"column-4\">--<\/td>\n<\/tr>\n<tr class=\"row-8\">\n\t<td class=\"column-1\">ANASON<\/td><td class=\"column-2\">Sirken <em>(Chenopodium album)<\/em><br \/>\nS\u00fcp\u00fcrge otu<em> (Descurainia sophia)<\/em><br \/>\n\u00c7oban de\u011fne\u011fi <em>(Polygonum aviculare)<\/em><br \/>\nArap baklas\u0131 <em>(Vamlaria pyramidata)<\/em><br \/>\nDuvar kazaya\u011f\u0131 <em>(Chenopodium murale)<\/em><\/td><td class=\"column-3\">Ekimden hemen<br \/>\nsonra \u00e7\u0131k\u0131\u015f \u00d6ncesi<br \/>\n300 ml\/da<\/td><td class=\"column-4\">--<\/td>\n<\/tr>\n<tr class=\"row-9\">\n\t<td class=\"column-1\">SOYA<\/td><td class=\"column-2\">Dar\u0131can <em>(Echinochloa crus-galli)<\/em><br \/>\nYap\u0131\u015fkan ot<em> (Setaria verticillata)<\/em><br \/>\nGri renkli amaranthus <em>(Amaranthus lividis)<\/em><br \/>\nSirken<em> (Chenopodium album)<\/em><br \/>\nTopalak <em>(Cyperus roduntus)<\/em><br \/>\n\u015eeytan Elmas\u0131<em> (Datura stramonium)<\/em><\/td><td class=\"column-3\">Ekimden hemen<br \/>\nsonra \u00e7\u0131k\u0131\u015f \u00d6ncesi<br \/>\n300 ml\/da<\/td><td class=\"column-4\">--<\/td>\n<\/tr>\n<tr class=\"row-10\">\n\t<td class=\"column-1\">T\u00dcT\u00dcN<\/td><td class=\"column-2\">K\u0131rm\u0131z\u0131 k\u00f6kl\u00fc tilki kuyru\u011fu<em> (Amaranthus retroflexus)<\/em><br \/>\nDikenli e\u015fek marulu<em> (Sonchus asper)<\/em><br \/>\nSemizotu <em>(Portulaca oleracea)<\/em><br \/>\nK\u00f6pek \u00fcz\u00fcm\u00fc <em>(Solanum nigrum)<\/em><br \/>\n\u00c7atal otu<em> (Digitaria sanguinalis)<\/em><br \/>\nDar\u0131can<em> (Echinochloa crus-galli)<\/em><br \/>\nSirken <em>(Chenopodium album)<\/em><\/td><td class=\"column-3\">300 ml\/daT\u00fct\u00fcn<br \/>\ndikiminden hemen<br \/>\n\u00f6nce, dikim \u00f6ncesi<\/td><td class=\"column-4\">--<\/td>\n<\/tr>\n<tr class=\"row-11\">\n\t<td class=\"column-1\">YONCA<\/td><td class=\"column-2\">K\u00fcsk\u00fct <em>(Cuscuta campestris)<\/em><\/td><td class=\"column-3\">300 ml\/da<br \/>\nYonca bi\u00e7ildikten<br \/>\nsonra,s\u00fcrg\u00fcn g\u00f6zler<br \/>\npatlamadan \u00f6nce<\/td><td class=\"column-4\">--<\/td>\n<\/tr>\n<tr class=\"row-12\">\n\t<td class=\"column-1\">NOHUT<\/td><td class=\"column-2\">Uzun S\u00fcp\u00fcrgeotu <em>(Descurania sophia)<\/em><br \/>\nBozot <em>(Heliotropium europaeum)<\/em><br \/>\nYe\u015fil Horozibi\u011fi <em>(Amaranthus viridis)<\/em><br \/>\nBoynuzlu yo\u011furt otu <em>(Galium tricornutum)<\/em><br \/>\nYat\u0131k sirken <em>(Chenopodium vulvaria)<\/em><br \/>\nK\u00f6pek \u00fcz\u00fcm\u00fc <em>(Solanum nigrum)<\/em><br \/>\nK\u0131rm\u0131z\u0131 k\u00f6kl\u00fc tilki kuyru\u011fu <em>(Amaranthus retroflexus)<\/em><br \/>\n\u00c7oban de\u011fne\u011fi <em>(Polygonum aviculare)<\/em><br \/>\nSirken <em>(Chenopodium album)<\/em><\/td><td class=\"column-3\">Ekimden hemen<br \/>\nsonra 300 ml\/da<\/td><td class=\"column-4\">--<\/td>\n<\/tr>\n<\/tbody>\n<\/table>\n<!-- #tablepress-33 from cache -->\n","protected":false},"excerpt":{"rendered":"<p><strong>Form\u00fclasyonu:<\/strong><\/p>\n<p>CS (Kaps\u00fcl S\u00fcspansiyon)<\/p>\n<p><strong>Aktif Madde:<\/strong><\/p>\n<p>450 g\/l Pendimethalin<\/p>\n","protected":false},"featured_media":1941,"comment_status":"closed","ping_status":"closed","template":"","meta":[],"product_brand":[],"product_cat":[30,38,24,35,43],"product_tag":[],"class_list":{"0":"post-1345","1":"product","2":"type-product","3":"status-publish","4":"has-post-thumbnail","6":"product_cat-azerbaycan","7":"product_cat-azerbaycan-herbisit","8":"product_cat-herbisitler","9":"product_cat-turkmenistan","10":"product_cat-turkmenistan-herbisit","12":"first","13":"instock","14":"shipping-taxable","15":"product-type-simple"},"_links":{"self":[{"href":"https:\/\/royalfen.com\/tr\/wp-json\/wp\/v2\/product\/1345","targetHints":{"allow":["GET"]}}],"collection":[{"href":"https:\/\/royalfen.com\/tr\/wp-json\/wp\/v2\/product"}],"about":[{"href":"https:\/\/royalfen.com\/tr\/wp-json\/wp\/v2\/types\/product"}],"replies":[{"embeddable":true,"href":"https:\/\/royalfen.com\/tr\/wp-json\/wp\/v2\/comments?post=1345"}],"wp:featuredmedia":[{"embeddable":true,"href":"https:\/\/royalfen.com\/tr\/wp-json\/wp\/v2\/media\/1941"}],"wp:attachment":[{"href":"https:\/\/royalfen.com\/tr\/wp-json\/wp\/v2\/media?parent=1345"}],"wp:term":[{"taxonomy":"product_brand","embeddable":true,"href":"https:\/\/royalfen.com\/tr\/wp-json\/wp\/v2\/product_brand?post=1345"},{"taxonomy":"product_cat","embeddable":true,"href":"https:\/\/royalfen.com\/tr\/wp-json\/wp\/v2\/product_cat?post=1345"},{"taxonomy":"product_tag","embeddable":true,"href":"https:\/\/royalfen.com\/tr\/wp-json\/wp\/v2\/product_tag?post=1345"}],"curies":[{"name":"wp","href":"https:\/\/api.w.org\/{rel}","templated":true}]}}