{"id":1348,"date":"2024-01-03T16:23:08","date_gmt":"2024-01-03T13:23:08","guid":{"rendered":"https:\/\/royalfen.com\/?post_type=product&#038;p=1348"},"modified":"2024-12-05T11:55:22","modified_gmt":"2024-12-05T08:55:22","slug":"roytix-75-wg","status":"publish","type":"product","link":"https:\/\/royalfen.com\/tr\/urun\/roytix-75-wg\/","title":{"rendered":"ROYT\u0130X 75 WG"},"content":{"rendered":"<h4>KULLANILACA\u011eI B\u0130TK\u0130 VE ZARARLI ORGAN\u0130ZMALAR:<\/h4>\n\n<table id=\"tablepress-30\" class=\"tablepress tablepress-id-30 tbody-has-connected-cells\">\n<thead>\n<tr class=\"row-1\">\n\t<th class=\"column-1\">Bitki Ad\u0131<\/th><th class=\"column-2\">Zararl\u0131 Organizma Ad\u0131<br \/>\n<\/th><th class=\"column-3\">Uygulama<br \/>\nDozu<\/th><th class=\"column-4\">Son \u0130la\u00e7lama<br \/>\nile Hasat<br \/>\nAras\u0131ndaki S\u00fcre<\/th>\n<\/tr>\n<\/thead>\n<tbody class=\"row-striping row-hover\">\n<tr class=\"row-2\">\n\t<td rowspan=\"2\" class=\"column-1\">\u015eekerpancar\u0131<\/td><td class=\"column-2\">Kazaya\u011f\u0131 Sirken<em> (Chenopodium spp.)<\/em><br \/>\nHorozibi\u011fi <em>(Amaranthus spp.) <\/em><br \/>\nBall\u0131baba<em> (Lamium spp.) <\/em><br \/>\nPapatya <em>(Matricaria spp.)<\/em><br \/>\nYabani Semizotu <em>(Portulaca spp.) <\/em><br \/>\nYav\u015fanotu<em> (Veronica spp.) <\/em><br \/>\nTav\u015fan b\u0131y\u0131\u011f\u0131 <em>(Poa annua) <\/em><br \/>\nYabani hardal <em>(Sinapis arvensis) <\/em><br \/>\nYabani turp <em>(Raphanus spp.)<\/em><br \/>\nKazaya\u011f\u0131Sirken<em> (Chenopodium spp.)<\/em><\/td><td class=\"column-3\">500-700<br \/>\ng\/da<br \/>\n\u00c7\u0131k\u0131\u015f \u00f6ncesi<\/td><td class=\"column-4\">14 g\u00fcn<\/td>\n<\/tr>\n<tr class=\"row-3\">\n\t<td class=\"column-2\">Yabani hardal <em>(Sinapis arvensis) <\/em><br \/>\nHorozibi\u011fi <em>(Amaranthus spp.) <\/em><br \/>\nFare kula\u011f\u0131<em> (Anagallis arvensis)<\/em><br \/>\nYabani turp<em> (Raphanus spp.) <\/em><br \/>\nKarapaz\u0131 <em>(Atriplex patula) <\/em><br \/>\nYav\u015fan otu <em>(Veronica hederifolia)<\/em><\/td><td class=\"column-3\">600g\/da<br \/>\n\u00c7\u0131k\u0131\u015f sonras\u0131<br \/>\n(Kotiledon ve<br \/>\n2-4 yaprakl\u0131<br \/>\nd\u00f6nemde)<\/td><td class=\"column-4\">14 g\u00fcn<\/td>\n<\/tr>\n<\/tbody>\n<\/table>\n<!-- #tablepress-30 from cache -->\n","protected":false},"excerpt":{"rendered":"<p><strong>Form\u00fclasyonu:<\/strong><\/p>\n<p>WG (Suda Da\u011f\u0131labilen Gran\u00fcl)<\/p>\n<p><strong>Aktif Madde:<\/strong><\/p>\n<p>%70 METAM\u0130TRON<\/p>\n","protected":false},"featured_media":1947,"comment_status":"closed","ping_status":"closed","template":"","meta":[],"product_brand":[],"product_cat":[30,38,24,35,43],"product_tag":[],"class_list":{"0":"post-1348","1":"product","2":"type-product","3":"status-publish","4":"has-post-thumbnail","6":"product_cat-azerbaycan","7":"product_cat-azerbaycan-herbisit","8":"product_cat-herbisitler","9":"product_cat-turkmenistan","10":"product_cat-turkmenistan-herbisit","12":"first","13":"instock","14":"shipping-taxable","15":"product-type-simple"},"_links":{"self":[{"href":"https:\/\/royalfen.com\/tr\/wp-json\/wp\/v2\/product\/1348","targetHints":{"allow":["GET"]}}],"collection":[{"href":"https:\/\/royalfen.com\/tr\/wp-json\/wp\/v2\/product"}],"about":[{"href":"https:\/\/royalfen.com\/tr\/wp-json\/wp\/v2\/types\/product"}],"replies":[{"embeddable":true,"href":"https:\/\/royalfen.com\/tr\/wp-json\/wp\/v2\/comments?post=1348"}],"wp:featuredmedia":[{"embeddable":true,"href":"https:\/\/royalfen.com\/tr\/wp-json\/wp\/v2\/media\/1947"}],"wp:attachment":[{"href":"https:\/\/royalfen.com\/tr\/wp-json\/wp\/v2\/media?parent=1348"}],"wp:term":[{"taxonomy":"product_brand","embeddable":true,"href":"https:\/\/royalfen.com\/tr\/wp-json\/wp\/v2\/product_brand?post=1348"},{"taxonomy":"product_cat","embeddable":true,"href":"https:\/\/royalfen.com\/tr\/wp-json\/wp\/v2\/product_cat?post=1348"},{"taxonomy":"product_tag","embeddable":true,"href":"https:\/\/royalfen.com\/tr\/wp-json\/wp\/v2\/product_tag?post=1348"}],"curies":[{"name":"wp","href":"https:\/\/api.w.org\/{rel}","templated":true}]}}