{"id":1533,"date":"2024-01-30T11:36:23","date_gmt":"2024-01-30T08:36:23","guid":{"rendered":"https:\/\/royalfen.com\/?post_type=product&#038;p=1533"},"modified":"2024-12-05T11:34:22","modified_gmt":"2024-12-05T08:34:22","slug":"roypic-320-ec","status":"publish","type":"product","link":"https:\/\/royalfen.com\/tr\/urun\/roypic-320-ec\/","title":{"rendered":"ROYP\u0130C 320 EC"},"content":{"rendered":"<h4>KULLANILACA\u011eI B\u0130TK\u0130 VE ZARARLI ORGAN\u0130ZMALAR:<\/h4>\n\n<table id=\"tablepress-28\" class=\"tablepress tablepress-id-28\">\n<thead>\n<tr class=\"row-1\">\n\t<th class=\"column-1\">Bitki Ad\u0131<\/th><th class=\"column-2\">Zararl\u0131 Organizma Ad\u0131<\/th><th class=\"column-3\">Uygulama Dozu<\/th>\n<\/tr>\n<\/thead>\n<tbody class=\"row-striping row-hover\">\n<tr class=\"row-2\">\n\t<td class=\"column-1\">BU\u011eDAY<\/td><td class=\"column-2\">K\u00fc\u00e7\u00fck ba\u015fakl\u0131 ku\u015fyemi <em>(Phalaris minor)<\/em><br \/>\nTilkikuyru\u011fu <em>(Alopecurus myosuroides)<\/em><br \/>\nK\u0131s\u0131r yabani yulaf , Yabani yulaf <em>(Avena sterilis, Avena Fatua)<\/em><br \/>\nDelice<em> (Lolium temulentum)<\/em><br \/>\nYumu\u015fak ba\u015fakl\u0131 ku\u015fyemi <em>(Phalaris brachystachys)<\/em><\/td><td class=\"column-3\">20 ml\/da Bu\u011fday\u0131n erken<br \/>\nkarde\u015flenme devresinde;<br \/>\nen ge\u00e7 karde\u015flenme sonuna<br \/>\nkadar kullan\u0131l\u0131r.<\/td>\n<\/tr>\n<\/tbody>\n<\/table>\n\n","protected":false},"excerpt":{"rendered":"<p><strong>Form\u00fclasyonu:<\/strong><\/p>\n<p>EC (Em\u00fclsiyon Konsantre)<\/p>\n<p><strong>Aktif Madde:<\/strong><\/p>\n<p>240 g\/l Clodinafop-propargyl + 60 g\/l Cloquintocet-mexyl (safener)<\/p>\n","protected":false},"featured_media":1936,"comment_status":"closed","ping_status":"closed","template":"","meta":[],"product_brand":[],"product_cat":[30,38,24],"product_tag":[],"class_list":{"0":"post-1533","1":"product","2":"type-product","3":"status-publish","4":"has-post-thumbnail","6":"product_cat-azerbaycan","7":"product_cat-azerbaycan-herbisit","8":"product_cat-herbisitler","10":"first","11":"instock","12":"shipping-taxable","13":"product-type-simple"},"_links":{"self":[{"href":"https:\/\/royalfen.com\/tr\/wp-json\/wp\/v2\/product\/1533","targetHints":{"allow":["GET"]}}],"collection":[{"href":"https:\/\/royalfen.com\/tr\/wp-json\/wp\/v2\/product"}],"about":[{"href":"https:\/\/royalfen.com\/tr\/wp-json\/wp\/v2\/types\/product"}],"replies":[{"embeddable":true,"href":"https:\/\/royalfen.com\/tr\/wp-json\/wp\/v2\/comments?post=1533"}],"wp:featuredmedia":[{"embeddable":true,"href":"https:\/\/royalfen.com\/tr\/wp-json\/wp\/v2\/media\/1936"}],"wp:attachment":[{"href":"https:\/\/royalfen.com\/tr\/wp-json\/wp\/v2\/media?parent=1533"}],"wp:term":[{"taxonomy":"product_brand","embeddable":true,"href":"https:\/\/royalfen.com\/tr\/wp-json\/wp\/v2\/product_brand?post=1533"},{"taxonomy":"product_cat","embeddable":true,"href":"https:\/\/royalfen.com\/tr\/wp-json\/wp\/v2\/product_cat?post=1533"},{"taxonomy":"product_tag","embeddable":true,"href":"https:\/\/royalfen.com\/tr\/wp-json\/wp\/v2\/product_tag?post=1533"}],"curies":[{"name":"wp","href":"https:\/\/api.w.org\/{rel}","templated":true}]}}