{"id":1767,"date":"2024-07-02T16:33:47","date_gmt":"2024-07-02T13:33:47","guid":{"rendered":"https:\/\/royalfen.com\/?post_type=product&#038;p=1767"},"modified":"2025-01-22T12:47:40","modified_gmt":"2025-01-22T09:47:40","slug":"mojave-1-8-ec","status":"publish","type":"product","link":"https:\/\/royalfen.com\/tr\/urun\/mojave-1-8-ec\/","title":{"rendered":"MOJAVE 1.8 EC"},"content":{"rendered":"<h4>KULLANILACA\u011eI B\u0130TK\u0130 VE ZARARLI ORGAN\u0130ZMALAR:<\/h4>\n<p><span style=\"font-size: 12pt;\">\n<table id=\"tablepress-27\" class=\"tablepress tablepress-id-27\">\n<thead>\n<tr class=\"row-1\">\n\t<th class=\"column-1\">Bitki Ad\u0131<\/th><th class=\"column-2\">Zararl\u0131 Organizma Ad\u0131<\/th><th class=\"column-3\">Uygulama Dozu<\/th><th class=\"column-4\">Son Uygulama<br \/>\nile Hasat Aras\u0131ndaki S\u00fcre<\/th>\n<\/tr>\n<\/thead>\n<tbody class=\"row-striping row-hover\">\n<tr class=\"row-2\">\n\t<td class=\"column-1\">S\u00fcs Bitkileri<\/td><td class=\"column-2\">Yaprak galerisine\u011fi <em>(Liriomyza trifolii)<\/em><\/td><td class=\"column-3\">25 ml\/100 L su<\/td><td class=\"column-4\">-<\/td>\n<\/tr>\n<tr class=\"row-3\">\n\t<td class=\"column-1\">Domates<\/td><td class=\"column-2\">\u0130ki noktal\u0131 k\u0131rm\u0131z\u0131\u00f6r\u00fcmcek <em>(Tetranychus urticae)<\/em><\/td><td class=\"column-3\">25 ml\/da<\/td><td class=\"column-4\">10 g\u00fcn<\/td>\n<\/tr>\n<tr class=\"row-4\">\n\t<td class=\"column-1\">Pamuk<\/td><td class=\"column-2\">\u0130ki noktal\u0131 k\u0131rm\u0131z\u0131\u00f6r\u00fcmcek<em> (Tetranychus urticae)<\/em><\/td><td class=\"column-3\">50 ml\/da<\/td><td class=\"column-4\">21 g\u00fcn<\/td>\n<\/tr>\n<tr class=\"row-5\">\n\t<td class=\"column-1\">Biber (Sera)<\/td><td class=\"column-2\">\u0130ki noktal\u0131 k\u0131rm\u0131z\u0131\u00f6r\u00fcmcek<em> (Tetranychus urticae)<\/em><\/td><td class=\"column-3\">25 ml\/100 L su<\/td><td class=\"column-4\">10 g\u00fcn<\/td>\n<\/tr>\n<tr class=\"row-6\">\n\t<td class=\"column-1\">H\u0131yar (Sera)<\/td><td class=\"column-2\">\u0130ki noktal\u0131 k\u0131rm\u0131z\u0131\u00f6r\u00fcmcek <em>(Tetranychus urticae)<\/em><\/td><td class=\"column-3\">25 ml\/100 L su<\/td><td class=\"column-4\">10 g\u00fcn<\/td>\n<\/tr>\n<tr class=\"row-7\">\n\t<td class=\"column-1\">Korni\u015fon (Sera)<\/td><td class=\"column-2\">\u0130ki noktal\u0131 k\u0131rm\u0131z\u0131\u00f6r\u00fcmcek<em> (Tetranychus urticae)<\/em><\/td><td class=\"column-3\">25 ml\/100 L su<\/td><td class=\"column-4\">10 g\u00fcn<\/td>\n<\/tr>\n<tr class=\"row-8\">\n\t<td class=\"column-1\">Patl\u0131can (sera)<\/td><td class=\"column-2\">\u0130ki noktal\u0131 k\u0131rm\u0131z\u0131\u00f6r\u00fcmcek <em>(Tetranychus urticae)<\/em><\/td><td class=\"column-3\">25 ml\/100 L su<\/td><td class=\"column-4\">10 g\u00fcn<\/td>\n<\/tr>\n<tr class=\"row-9\">\n\t<td class=\"column-1\">\u00c7ilek<\/td><td class=\"column-2\">\u0130ki noktal\u0131 k\u0131rm\u0131z\u0131\u00f6r\u00fcmcek <em>(Tetranychus urticae)<\/em><\/td><td class=\"column-3\">25 ml\/100 L su<\/td><td class=\"column-4\">10 g\u00fcn<\/td>\n<\/tr>\n<tr class=\"row-10\">\n\t<td class=\"column-1\"><\/td><td class=\"column-2\"><\/td><td class=\"column-3\"><\/td><td class=\"column-4\"><\/td>\n<\/tr>\n<tr class=\"row-11\">\n\t<td class=\"column-1\"><\/td><td class=\"column-2\"><\/td><td class=\"column-3\"><\/td><td class=\"column-4\"><\/td>\n<\/tr>\n<\/tbody>\n<\/table>\n<!-- #tablepress-27 from cache --><\/span><\/p>\n<div id=\"wpcontent\">\n<div id=\"wpbody\" role=\"main\">\n<div id=\"wpbody-content\">\n<div class=\"clear\"><\/div>\n<\/div>\n<div class=\"clear\"><\/div>\n<\/div>\n<div class=\"clear\"><\/div>\n<\/div>\n<div id=\"wpfooter\" role=\"contentinfo\"><\/div>\n","protected":false},"excerpt":{"rendered":"<p><strong>Fotm\u00fclasyonu:<\/strong><\/p>\n<p>EC (Em\u00fclsiyon Konsantre)<\/p>\n<p><strong>Aktif Madde:<\/strong><\/p>\n<p>18 g\/l Abamectin<\/p>\n<p><a class=\"custom-button2\" href=\"https:\/\/royalfen.com\/wp-content\/uploads\/2024\/07\/MOJAVE-ETIKET.pdf\" target=\"_blank\" rel=\"noopener\"><strong>ONAYLI ET\u0130KET<\/strong><\/a><\/p>\n","protected":false},"featured_media":1898,"comment_status":"closed","ping_status":"closed","template":"","meta":[],"product_brand":[],"product_cat":[21,22,33,62,65],"product_tag":[],"class_list":{"0":"post-1767","1":"product","2":"type-product","3":"status-publish","4":"has-post-thumbnail","6":"product_cat-akarisitlermollusitler","7":"product_cat-insektisitler","8":"product_cat-turkiye","9":"product_cat-turkiye-akarisit","10":"product_cat-turkiye-insektisit","12":"first","13":"instock","14":"shipping-taxable","15":"product-type-simple"},"_links":{"self":[{"href":"https:\/\/royalfen.com\/tr\/wp-json\/wp\/v2\/product\/1767","targetHints":{"allow":["GET"]}}],"collection":[{"href":"https:\/\/royalfen.com\/tr\/wp-json\/wp\/v2\/product"}],"about":[{"href":"https:\/\/royalfen.com\/tr\/wp-json\/wp\/v2\/types\/product"}],"replies":[{"embeddable":true,"href":"https:\/\/royalfen.com\/tr\/wp-json\/wp\/v2\/comments?post=1767"}],"wp:featuredmedia":[{"embeddable":true,"href":"https:\/\/royalfen.com\/tr\/wp-json\/wp\/v2\/media\/1898"}],"wp:attachment":[{"href":"https:\/\/royalfen.com\/tr\/wp-json\/wp\/v2\/media?parent=1767"}],"wp:term":[{"taxonomy":"product_brand","embeddable":true,"href":"https:\/\/royalfen.com\/tr\/wp-json\/wp\/v2\/product_brand?post=1767"},{"taxonomy":"product_cat","embeddable":true,"href":"https:\/\/royalfen.com\/tr\/wp-json\/wp\/v2\/product_cat?post=1767"},{"taxonomy":"product_tag","embeddable":true,"href":"https:\/\/royalfen.com\/tr\/wp-json\/wp\/v2\/product_tag?post=1767"}],"curies":[{"name":"wp","href":"https:\/\/api.w.org\/{rel}","templated":true}]}}