{"id":1769,"date":"2024-07-02T17:10:03","date_gmt":"2024-07-02T14:10:03","guid":{"rendered":"https:\/\/royalfen.com\/?post_type=product&#038;p=1769"},"modified":"2024-12-05T11:09:34","modified_gmt":"2024-12-05T08:09:34","slug":"roysalm","status":"publish","type":"product","link":"https:\/\/royalfen.com\/tr\/urun\/roysalm\/","title":{"rendered":"ROYSALM OD"},"content":{"rendered":"<h4>KULLANILACA\u011eI B\u0130TK\u0130 VE ZARARLI ORGAN\u0130ZMALAR:<\/h4>\n\n<table id=\"tablepress-26\" class=\"tablepress tablepress-id-26 tbody-has-connected-cells\">\n<thead>\n<tr class=\"row-1\">\n\t<th class=\"column-1\">Bitki Ad\u0131<\/th><th class=\"column-2\">Zararl\u0131 Organizma Ad\u0131<\/th><th class=\"column-3\">Uygulama Dozu D\u00f6nemi<\/th>\n<\/tr>\n<\/thead>\n<tbody class=\"row-striping row-hover\">\n<tr class=\"row-2\">\n\t<td rowspan=\"2\" class=\"column-1\">Bu\u011fday<\/td><td class=\"column-2\">G\u00f6n\u00fcl hardal\u0131<em> (Myagrum perfoliatum)<\/em><br \/>\nDil kanatan = Yap\u0131\u015fkan otu <em>(Galium aparine)<\/em><br \/>\n\u015eahtere = Hakiki \u015fahtere <em>(Fumaria officinalis)<\/em><br \/>\nTarla k\u00f6pek papatyas\u0131<em> (Anthemis arvensis)<\/em><br \/>\n\u0130talyan \u00e7imi <em>(Loium multiflorum)<\/em><br \/>\nAdi fi\u011f = Yabani fi\u011f<em> (Vicia sativa)<\/em><\/td><td class=\"column-3\">25 g\/da +100 ml ROY-YAY (bu\u011fday\u0131n<br \/>\nkarde\u015flenme d\u00f6neminde ve yabanc\u0131<br \/>\notlar\u0131n aktif b\u00fcy\u00fcmelerinin h\u0131zl\u0131 oldu\u011fu<br \/>\nd\u00f6nemlerinde (2-6 ger\u00e7ek yaprak)<\/td>\n<\/tr>\n<tr class=\"row-3\">\n\t<td class=\"column-2\">K\u0131s\u0131r yabani yulaf<em> (Avena sterilis=Avena ludoviciana)<\/em><br \/>\nK\u0131sa ba\u015fakl\u0131 ku\u015fyemi <em>(Phalaris brachystachys)<\/em><br \/>\nKu\u015f yemi = Yumu\u015fak ba\u015fakl\u0131 ku\u015fyemi <em>(Phalaris paradoxa)<\/em><\/td><td class=\"column-3\">30 g\/da + 100 ml ROY-YAY (bu\u011fday\u0131n<br \/>\nkarde\u015flenme d\u00f6neminde ve yabanc\u0131<br \/>\notlar\u0131n aktif b\u00fcy\u00fcmelerinin h\u0131zl\u0131 oldu\u011fu<br \/>\nd\u00f6nemlerinde (2-6 ger\u00e7ek yaprak)<\/td>\n<\/tr>\n<\/tbody>\n<\/table>\n<!-- #tablepress-26 from cache -->\n","protected":false},"excerpt":{"rendered":"<p><strong>Form\u00fclasyonu:<\/strong><\/p>\n<p>OD (Ya\u011f Bazl\u0131 S\u00fcspansiyon Konsantre)<\/p>\n<p><strong>Aktif Madde:<\/strong><\/p>\n<p>30 g\/l Mesosulfuron methyl + 6 g\/l Iodosulfuron-mehtyl-sodium + 90 g\/l Mefenpyr diethyl (safener)<\/p>\n<p><a class=\"custom-button2\" href=\"https:\/\/royalfen.com\/wp-content\/uploads\/2024\/07\/ROYSALM-GBF.pdf\"><strong>G\u00dcVENL\u0130K B\u0130LG\u0130 FORMU<\/strong><\/a><\/p>\n<p><a class=\"custom-button2\" href=\"https:\/\/royalfen.com\/wp-content\/uploads\/2024\/07\/ROYSALM-OD-SON-ONAYLI-ETIKET.pdf\"><strong>ONAYLI ET\u0130KET<\/strong><\/a><\/p>\n","protected":false},"featured_media":1939,"comment_status":"closed","ping_status":"closed","template":"","meta":[],"product_brand":[],"product_cat":[24,33,64],"product_tag":[],"class_list":{"0":"post-1769","1":"product","2":"type-product","3":"status-publish","4":"has-post-thumbnail","6":"product_cat-herbisitler","7":"product_cat-turkiye","8":"product_cat-turkiye-herbisit","10":"first","11":"instock","12":"shipping-taxable","13":"product-type-simple"},"_links":{"self":[{"href":"https:\/\/royalfen.com\/tr\/wp-json\/wp\/v2\/product\/1769","targetHints":{"allow":["GET"]}}],"collection":[{"href":"https:\/\/royalfen.com\/tr\/wp-json\/wp\/v2\/product"}],"about":[{"href":"https:\/\/royalfen.com\/tr\/wp-json\/wp\/v2\/types\/product"}],"replies":[{"embeddable":true,"href":"https:\/\/royalfen.com\/tr\/wp-json\/wp\/v2\/comments?post=1769"}],"wp:featuredmedia":[{"embeddable":true,"href":"https:\/\/royalfen.com\/tr\/wp-json\/wp\/v2\/media\/1939"}],"wp:attachment":[{"href":"https:\/\/royalfen.com\/tr\/wp-json\/wp\/v2\/media?parent=1769"}],"wp:term":[{"taxonomy":"product_brand","embeddable":true,"href":"https:\/\/royalfen.com\/tr\/wp-json\/wp\/v2\/product_brand?post=1769"},{"taxonomy":"product_cat","embeddable":true,"href":"https:\/\/royalfen.com\/tr\/wp-json\/wp\/v2\/product_cat?post=1769"},{"taxonomy":"product_tag","embeddable":true,"href":"https:\/\/royalfen.com\/tr\/wp-json\/wp\/v2\/product_tag?post=1769"}],"curies":[{"name":"wp","href":"https:\/\/api.w.org\/{rel}","templated":true}]}}