{"id":1785,"date":"2024-07-03T09:42:10","date_gmt":"2024-07-03T06:42:10","guid":{"rendered":"https:\/\/royalfen.com\/?post_type=product&#038;p=1785"},"modified":"2024-12-11T09:33:57","modified_gmt":"2024-12-11T06:33:57","slug":"royhan-ec","status":"publish","type":"product","link":"https:\/\/royalfen.com\/tr\/urun\/royhan-ec\/","title":{"rendered":"ROYHAN EC"},"content":{"rendered":"<h4 style=\"text-align: left;\">KULLANILACA\u011eI B\u0130TK\u0130 VE ZARARLI ORGAN\u0130ZMALAR:<\/h4>\n\n<table id=\"tablepress-24\" class=\"tablepress tablepress-id-24\">\n<thead>\n<tr class=\"row-1\">\n\t<th class=\"column-1\">Bitki Ad\u0131<\/th><th class=\"column-2\">Zararl\u0131 Organizma Ad\u0131<\/th><th class=\"column-3\">Uygulama Dozu<\/th>\n<\/tr>\n<\/thead>\n<tbody class=\"row-striping row-hover\">\n<tr class=\"row-2\">\n\t<td class=\"column-1\">Ay\u00e7i\u00e7e\u011fi<\/td><td class=\"column-2\">\u00c7obande\u011fne\u011fi<em> (Polygonum aviculare)<\/em><br \/>\nFarekula\u011f\u0131 <em>(Anagallis arvensis = Anagallis caerulea)<\/em><br \/>\nK\u0131rm\u0131z\u0131 \u00e7i\u00e7ekli ball\u0131baba<em> (Lamium purpureum)<\/em><br \/>\nK\u0131rm\u0131z\u0131 k\u00f6kl\u00fc tilkikuyru\u011fu <em>(Amaranthus retroflexus)<\/em><br \/>\nK\u00f6pek \u00fcz\u00fcm\u00fc <em>(Solanum nigrum)<\/em><br \/>\nKu\u015fotu = Ser\u00e7e dili <em>(Stellaria media)<\/em><br \/>\nSirken<em> (Chenopodium album)<\/em><br \/>\nYabani fi\u011f <em>(Vicia spp.)<\/em><br \/>\nYabani hardal <em>(Sinapis arvensis)<\/em><br \/>\nYabani turp<em> (Raphanus raphanistrum)<\/em><\/td><td class=\"column-3\">300 ml\/da<br \/>\n(\u00c7\u0131k\u0131\u015f \u00f6ncesi kullan\u0131l\u0131r)<\/td>\n<\/tr>\n<tr class=\"row-3\">\n\t<td class=\"column-1\">Havu\u00e7<\/td><td class=\"column-2\">\u00c7obande\u011fne\u011fi<em> (Polygonum aviculare)<\/em><br \/>\nHoroz ibi\u011fi<em> (Amaranthus spp.)<\/em><br \/>\nK\u0131rm\u0131z\u0131 k\u00f6kl\u00fc tilkikuyru\u011fu <em>(Amaranthus retroflexus)<\/em><br \/>\nK\u00f6pek \u00fcz\u00fcm\u00fc<em> (Solanum nigrum)<\/em><br \/>\nSemizotu <em>(Portulaca oleracea)<\/em><br \/>\nSirken<em> (Chenopodium album)<\/em><br \/>\nYabani hardal <em>(Sinapis arvensis)<\/em><br \/>\nYabani turp<em> (Raphanus raphanistrum)<\/em><\/td><td class=\"column-3\">250 ml\/da (Ekimden<br \/>\nhemen sonra- havu\u00e7<br \/>\ntoprak y\u00fcz\u00fcne \u00e7\u0131kmadan<br \/>\n\u00f6nce)<\/td>\n<\/tr>\n<tr class=\"row-4\">\n\t<td class=\"column-1\">Patates<\/td><td class=\"column-2\">\u00c7oban\u00e7antas\u0131 <em>(Capsella bursa-pastoris)<\/em><br \/>\nGelincik<em> (Papaver rhoeas)<\/em><br \/>\nK\u0131rm\u0131z\u0131 k\u00f6kl\u00fc tilkikuyru\u011fu <em>(Amaranthus retroflexus)<\/em><br \/>\nK\u00f6pek \u00fcz\u00fcm\u00fc <em>(Solanum nigrum)<\/em><br \/>\nSemizotu (Portulaca oleracea)<br \/>\nSirken<em> (Chenopodium album)<\/em><br \/>\n\u015eahtere = Hakiki \u015fahtere <em>(Fumaria officinalis)<\/em><br \/>\nYabani hardal<em> (Sinapis arvensis)<\/em><br \/>\nYe\u015fil horozibi\u011fi <em>(Amaranthus viridis)<\/em><\/td><td class=\"column-3\">200-250 ml\/da (\u00c7\u0131k\u0131\u015f \u00f6ncesi<br \/>\nhafif topraklarda y\u00fcksek doz<br \/>\nkullan\u0131l\u0131r. Dikimden sonra en<br \/>\nge\u00e7 5 g\u00fcn i\u00e7inde)<\/td>\n<\/tr>\n<tr class=\"row-5\">\n\t<td class=\"column-1\">Nohut<\/td><td class=\"column-2\">Sirken <em>(Chenopodium album)<\/em><br \/>\nYat\u0131k sirken <em>(Chenopodium vulvaria)<\/em><br \/>\nDikenli yabani marul <em>(Lactua serriola)<\/em><br \/>\nYabani hardal<em> (Sinapis arvensis)<\/em><\/td><td class=\"column-3\">250 ml\/da (Ekimden<br \/>\nhemen sonra \u00e7\u0131k\u0131\u015f \u00f6ncesi)<\/td>\n<\/tr>\n<\/tbody>\n<\/table>\n<!-- #tablepress-24 from cache -->\n","protected":false},"excerpt":{"rendered":"<p><strong>Form\u00fclasyonu:<\/strong><\/p>\n<p>EC (Em\u00fclsiyon Konsantre)<\/p>\n<p><strong>Aktif madde:<\/strong><\/p>\n<p>200 g\/l Flurochloridone<\/p>\n<p><a class=\"custom-button2\" href=\"https:\/\/royalfen.com\/wp-content\/uploads\/2024\/07\/royhan-GBF.pdf\" target=\"_blank\" rel=\"noopener\"><strong>G\u00dcVENL\u0130K B\u0130LG\u0130 FORMU<\/strong><\/a><\/p>\n<p><a class=\"custom-button2\" href=\"https:\/\/royalfen.com\/wp-content\/uploads\/2024\/07\/ROYHAN-EC-SON-ONAYLI-ETIKET.pdf\" target=\"_blank\" rel=\"noopener\"><strong>ONAYLI ET\u0130KET<\/strong><\/a><\/p>\n","protected":false},"featured_media":1928,"comment_status":"closed","ping_status":"closed","template":"","meta":[],"product_brand":[],"product_cat":[24,33,64],"product_tag":[],"class_list":{"0":"post-1785","1":"product","2":"type-product","3":"status-publish","4":"has-post-thumbnail","6":"product_cat-herbisitler","7":"product_cat-turkiye","8":"product_cat-turkiye-herbisit","10":"first","11":"instock","12":"shipping-taxable","13":"product-type-simple"},"_links":{"self":[{"href":"https:\/\/royalfen.com\/tr\/wp-json\/wp\/v2\/product\/1785","targetHints":{"allow":["GET"]}}],"collection":[{"href":"https:\/\/royalfen.com\/tr\/wp-json\/wp\/v2\/product"}],"about":[{"href":"https:\/\/royalfen.com\/tr\/wp-json\/wp\/v2\/types\/product"}],"replies":[{"embeddable":true,"href":"https:\/\/royalfen.com\/tr\/wp-json\/wp\/v2\/comments?post=1785"}],"wp:featuredmedia":[{"embeddable":true,"href":"https:\/\/royalfen.com\/tr\/wp-json\/wp\/v2\/media\/1928"}],"wp:attachment":[{"href":"https:\/\/royalfen.com\/tr\/wp-json\/wp\/v2\/media?parent=1785"}],"wp:term":[{"taxonomy":"product_brand","embeddable":true,"href":"https:\/\/royalfen.com\/tr\/wp-json\/wp\/v2\/product_brand?post=1785"},{"taxonomy":"product_cat","embeddable":true,"href":"https:\/\/royalfen.com\/tr\/wp-json\/wp\/v2\/product_cat?post=1785"},{"taxonomy":"product_tag","embeddable":true,"href":"https:\/\/royalfen.com\/tr\/wp-json\/wp\/v2\/product_tag?post=1785"}],"curies":[{"name":"wp","href":"https:\/\/api.w.org\/{rel}","templated":true}]}}