{"id":1789,"date":"2024-07-03T11:40:04","date_gmt":"2024-07-03T08:40:04","guid":{"rendered":"https:\/\/royalfen.com\/?post_type=product&#038;p=1789"},"modified":"2024-12-26T11:34:29","modified_gmt":"2024-12-26T08:34:29","slug":"roythion-ec","status":"publish","type":"product","link":"https:\/\/royalfen.com\/tr\/urun\/roythion-ec\/","title":{"rendered":"ROYTH\u0130ON EC"},"content":{"rendered":"<h4>KULLANILACA\u011eI B\u0130TK\u0130 VE ZARARLI ORGAN\u0130ZMALAR:<\/h4>\n\n<table id=\"tablepress-23\" class=\"tablepress tablepress-id-23 tbody-has-connected-cells\">\n<thead>\n<tr class=\"row-1\">\n\t<th class=\"column-1\">Bitki Ad\u0131<\/th><th class=\"column-2\">Zararl\u0131 Organizma Ad\u0131<\/th><th class=\"column-3\">Uygulama Dozu<\/th><th class=\"column-4\">Son Uygulama ile Hasat<br \/>\nAras\u0131ndaki S\u00fcre<\/th>\n<\/tr>\n<\/thead>\n<tbody class=\"row-striping row-hover\">\n<tr class=\"row-2\">\n\t<td class=\"column-1\">Ba\u011f*<\/td><td class=\"column-2\">Turun\u00e7gil unlubiti <em>(Planococcus citri)<\/em><\/td><td class=\"column-3\">150 ml \/100 l su T\u00fcm D\u00f6nemlerde<\/td><td class=\"column-4\">7 g\u00fcn<\/td>\n<\/tr>\n<tr class=\"row-3\">\n\t<td class=\"column-1\">Fasulye<\/td><td class=\"column-2\">Fasulye kaps\u00fcl kurdu<em> (Etiella zinckenella)<\/em><\/td><td class=\"column-3\">200 ml\/da larva<\/td><td class=\"column-4\">7 g\u00fcn<\/td>\n<\/tr>\n<tr class=\"row-4\">\n\t<td class=\"column-1\">Domates<\/td><td class=\"column-2\">Ye\u015filkurt <em>(Helicoverpa armigera)<\/em><\/td><td class=\"column-3\">200 ml\/da larva<\/td><td class=\"column-4\">7 g\u00fcn<\/td>\n<\/tr>\n<tr class=\"row-5\">\n\t<td class=\"column-1\">Ha\u015fha\u015f<\/td><td class=\"column-2\">Ha\u015fha\u015f k\u00f6kkurdu<em> (Ceuthorrhynchus denticulatus)<\/em><\/td><td class=\"column-3\"> 200 ml \/100 lt. su -ergin<\/td><td class=\"column-4\">7 g\u00fcn<\/td>\n<\/tr>\n<tr class=\"row-6\">\n\t<td class=\"column-1\">Hububat<\/td><td class=\"column-2\">Ambarlanm\u0131\u015f hububat ve mamulleri<br \/>\nzararl\u0131lar\u0131na kar\u015f\u0131<\/td><td class=\"column-3\">200 ml \/100 m2 alana<\/td><td class=\"column-4\">\u00dcr\u00fcn depoya konmadan<br \/>\n20-25 g\u00fcn evvel<\/td>\n<\/tr>\n<tr class=\"row-7\">\n\t<td class=\"column-1\">Kay\u0131s\u0131<\/td><td class=\"column-2\">\u015eeftali g\u00fcvesi <em>(Anarsia lineatella)<\/em><\/td><td class=\"column-3\">150 ml\/100 l su larva<\/td><td class=\"column-4\">7 g\u00fcn<\/td>\n<\/tr>\n<tr class=\"row-8\">\n\t<td class=\"column-1\">Kiraz<\/td><td class=\"column-2\">Kiraz sine\u011fi<em> (Rhagoletis cerasi)<\/em><\/td><td class=\"column-3\">100 ml\/100 l su ergin<\/td><td class=\"column-4\">7 g\u00fcn<\/td>\n<\/tr>\n<tr class=\"row-9\">\n\t<td rowspan=\"2\" class=\"column-1\">M\u0131s\u0131r<\/td><td class=\"column-2\">\u00c7izgili yaprakkurdu <em>(Spodoptera exiqua)<\/em><\/td><td class=\"column-3\">200 ml\/da Larva<\/td><td class=\"column-4\">7 g\u00fcn<\/td>\n<\/tr>\n<tr class=\"row-10\">\n\t<td class=\"column-2\">M\u0131s\u0131r ambar zararl\u0131lar\u0131<\/td><td class=\"column-3\">200 ml\/100 m2 alana<\/td><td class=\"column-4\">\u00dcr\u00fcn depoya konmadan<br \/>\n20-25 g\u00fcn evvel<\/td>\n<\/tr>\n<tr class=\"row-11\">\n\t<td rowspan=\"3\" class=\"column-1\">Pamuk<\/td><td class=\"column-2\">Yaprakbiti<em> (Aphis gossypii)<\/em><\/td><td class=\"column-3\">100 ml\/da ergin nimf<\/td><td rowspan=\"3\" class=\"column-4\">7 g\u00fcn<\/td>\n<\/tr>\n<tr class=\"row-12\">\n\t<td class=\"column-2\">Yaprakpireleri<em> (Asymmetrasca decedens,<br \/>\nEmpoasca decipiens)<\/em><\/td><td class=\"column-3\">170 ml\/da ergin nimf<\/td>\n<\/tr>\n<tr class=\"row-13\">\n\t<td class=\"column-2\">\u00c7izgili yaprakkurdu <em>(Spodoptera exiqua)<\/em><\/td><td class=\"column-3\">250 ml\/da larva<\/td>\n<\/tr>\n<tr class=\"row-14\">\n\t<td rowspan=\"2\" class=\"column-1\">Soya<\/td><td class=\"column-2\">Piskokulu ye\u015filb\u00f6cek <em>(Nezara viridula)<\/em><\/td><td class=\"column-3\">170 ml \/ da<\/td><td rowspan=\"2\" class=\"column-4\">7 g\u00fcn<\/td>\n<\/tr>\n<tr class=\"row-15\">\n\t<td class=\"column-2\">\u00c7izgili yaprakkurdu <em>(Spodoptera exiqua)<\/em><\/td><td class=\"column-3\">250 ml \/ da<\/td>\n<\/tr>\n<tr class=\"row-16\">\n\t<td class=\"column-1\">Susam<\/td><td class=\"column-2\">Susam g\u00fcvesi<em> (Antigastra catalaunalis)<\/em><\/td><td class=\"column-3\">100 ml \/ da larva<\/td><td class=\"column-4\">7 g\u00fcn<\/td>\n<\/tr>\n<tr class=\"row-17\">\n\t<td class=\"column-1\">S\u00fcs Bitkileri<\/td><td class=\"column-2\">G\u00fcl yaprakbiti <em>(Macrosiphum rosae)<\/em><\/td><td class=\"column-3\">85 ml \/100 l su ergin, nimf<\/td><td class=\"column-4\">-<\/td>\n<\/tr>\n<tr class=\"row-18\">\n\t<td class=\"column-1\">G\u00fcl<\/td><td class=\"column-2\">G\u00fcl yaprakbiti <em>(Macrosiphum rosae)<\/em><\/td><td class=\"column-3\">85 ml \/100 l su ergin, nimf<\/td><td class=\"column-4\">7 g\u00fcn<\/td>\n<\/tr>\n<tr class=\"row-19\">\n\t<td rowspan=\"2\" class=\"column-1\">\u015eeftali<\/td><td class=\"column-2\">\u015eeftali virg\u00fcl kabuklubiti <em>(Nilotaspis halli)<\/em><\/td><td class=\"column-3\">100 ml\/100 l su<\/td><td rowspan=\"2\" class=\"column-4\">7 g\u00fcn<\/td>\n<\/tr>\n<tr class=\"row-20\">\n\t<td class=\"column-2\">\u015eeftali g\u00fcvesi <em>(Anarsia lineatella)<\/em><\/td><td class=\"column-3\">150 ml\/100 L su larva<\/td>\n<\/tr>\n<tr class=\"row-21\">\n\t<td class=\"column-1\">Zeytin<\/td><td class=\"column-2\">Zeytin kabuklubiti <em>(Parlatoria oleae)<\/em><\/td><td class=\"column-3\">150 ml\/100 L su larva<\/td><td class=\"column-4\">7 g\u00fcn<\/td>\n<\/tr>\n<tr class=\"row-22\">\n\t<td class=\"column-1\">Lahana<\/td><td class=\"column-2\">Lahana kelebe\u011fi<em> (Pieris brassicae)<\/em><\/td><td class=\"column-3\">170 ml\/da larva<\/td><td class=\"column-4\">7 g\u00fcn<\/td>\n<\/tr>\n<\/tbody>\n<\/table>\n\n","protected":false},"excerpt":{"rendered":"<p><strong>Form\u00fclasyonu:<\/strong><\/p>\n<p>EC (Em\u00fclsiyon Konsantre<\/p>\n<p><strong>Aktif Madde:<\/strong><\/p>\n<p>650 g\/l Malathion<\/p>\n<p><a class=\"custom-button2\" href=\"https:\/\/royalfen.com\/wp-content\/uploads\/2024\/07\/roythion-GBF.pdf\"><strong>G\u00dcVENL\u0130K B\u0130LG\u0130 FORMU<\/strong><\/a><\/p>\n<p><a class=\"custom-button2\" href=\"https:\/\/royalfen.com\/wp-content\/uploads\/2024\/07\/roythion-ec-onayli-etiket.pdf\"><strong>ONAYLI ET\u0130KET<\/strong><\/a><\/p>\n","protected":false},"featured_media":1945,"comment_status":"closed","ping_status":"closed","template":"","meta":[],"product_brand":[],"product_cat":[22,33,65],"product_tag":[],"class_list":{"0":"post-1789","1":"product","2":"type-product","3":"status-publish","4":"has-post-thumbnail","6":"product_cat-insektisitler","7":"product_cat-turkiye","8":"product_cat-turkiye-insektisit","10":"first","11":"instock","12":"shipping-taxable","13":"product-type-simple"},"_links":{"self":[{"href":"https:\/\/royalfen.com\/tr\/wp-json\/wp\/v2\/product\/1789","targetHints":{"allow":["GET"]}}],"collection":[{"href":"https:\/\/royalfen.com\/tr\/wp-json\/wp\/v2\/product"}],"about":[{"href":"https:\/\/royalfen.com\/tr\/wp-json\/wp\/v2\/types\/product"}],"replies":[{"embeddable":true,"href":"https:\/\/royalfen.com\/tr\/wp-json\/wp\/v2\/comments?post=1789"}],"wp:featuredmedia":[{"embeddable":true,"href":"https:\/\/royalfen.com\/tr\/wp-json\/wp\/v2\/media\/1945"}],"wp:attachment":[{"href":"https:\/\/royalfen.com\/tr\/wp-json\/wp\/v2\/media?parent=1789"}],"wp:term":[{"taxonomy":"product_brand","embeddable":true,"href":"https:\/\/royalfen.com\/tr\/wp-json\/wp\/v2\/product_brand?post=1789"},{"taxonomy":"product_cat","embeddable":true,"href":"https:\/\/royalfen.com\/tr\/wp-json\/wp\/v2\/product_cat?post=1789"},{"taxonomy":"product_tag","embeddable":true,"href":"https:\/\/royalfen.com\/tr\/wp-json\/wp\/v2\/product_tag?post=1789"}],"curies":[{"name":"wp","href":"https:\/\/api.w.org\/{rel}","templated":true}]}}