{"id":2002,"date":"2024-12-04T13:40:31","date_gmt":"2024-12-04T10:40:31","guid":{"rendered":"https:\/\/royalfen.com\/?post_type=product&#038;p=2002"},"modified":"2024-12-26T17:34:23","modified_gmt":"2024-12-26T14:34:23","slug":"roytuva-ec","status":"publish","type":"product","link":"https:\/\/royalfen.com\/tr\/urun\/roytuva-ec\/","title":{"rendered":"ROYTUVA EC"},"content":{"rendered":"<h4>KULLANILACA\u011eI B\u0130TK\u0130 VE ZARARLI ORGAN\u0130ZMALAR:<\/h4>\n\n<table id=\"tablepress-22\" class=\"tablepress tablepress-id-22 tbody-has-connected-cells\">\n<thead>\n<tr class=\"row-1\">\n\t<th class=\"column-1\">Bitki Ad\u0131<\/th><th class=\"column-2\">Zararl\u0131 Organizma<\/th><th class=\"column-3\">Uygulama Dozu<\/th><th class=\"column-4\">Son \u0130la\u00e7lama ile Hasat<br \/>\nAras\u0131ndaki S\u00fcre<\/th>\n<\/tr>\n<\/thead>\n<tbody class=\"row-striping row-hover\">\n<tr class=\"row-2\">\n\t<td rowspan=\"2\" class=\"column-1\">Ba\u011f*<\/td><td class=\"column-2\">Kanya\u015f<em> (Sorghum halepense)<\/em><\/td><td class=\"column-3\">100 ml\/da Kanya\u015flar 6-10 yaprakl\u0131 veya 15-30<br \/>\ncm boyda iken<\/td><td class=\"column-4\">28 g\u00fcn<\/td>\n<\/tr>\n<tr class=\"row-3\">\n\t<td class=\"column-2\">K\u00f6pekdi\u015fi ayr\u0131\u011f\u0131<em> (Cynodon dactylon)<\/em><\/td><td class=\"column-3\">150 ml\/da K\u00f6pek di\u015fi ayr\u0131\u011f\u0131 \u00e7i\u00e7eklenme \u00f6ncesi<br \/>\ndevrede iken<\/td><td class=\"column-4\">28 g\u00fcn<\/td>\n<\/tr>\n<tr class=\"row-4\">\n\t<td class=\"column-1\">Domates<\/td><td class=\"column-2\">K\u00f6pekdi\u015fi ayr\u0131\u011f\u0131 <em>(Cynodon dactylon)<\/em><\/td><td class=\"column-3\">75 ml\/da Dar\u0131canlar 10-12 cm boyda iken<\/td><td class=\"column-4\">28 g\u00fcn<\/td>\n<\/tr>\n<tr class=\"row-5\">\n\t<td rowspan=\"2\" class=\"column-1\">Kanola<\/td><td class=\"column-2\">\u0130talyan \u00c7imi <em>(Loium multiflorum)<\/em><\/td><td class=\"column-3\">100 ml\/da \u0130talyan \u00e7imi 2-4 yaprakl\u0131, 3-5 cm boyda<\/td><td rowspan=\"2\" class=\"column-4\">28 g\u00fcn<\/td>\n<\/tr>\n<tr class=\"row-6\">\n\t<td class=\"column-2\">Kendi gelen bu\u011fday<em> (Triticum spp.)<\/em><\/td><td class=\"column-3\">50ml\/da Bu\u011fday 2-4 yaprakl\u0131, 3-5 cm boyda<\/td>\n<\/tr>\n<tr class=\"row-7\">\n\t<td rowspan=\"3\" class=\"column-1\">Mercimek<\/td><td class=\"column-2\">Yabani yulaf<em> (Avena fatua)<\/em><\/td><td class=\"column-3\">50 ml\/da Bitkiler 2-6 yaprakl\u0131, \u00e7i\u00e7eklenme \u00f6ncesi;<br \/>\nyabanc\u0131 otlar ise 3-5 yaprakl\u0131 iken<\/td><td rowspan=\"3\" class=\"column-4\">56 g\u00fcn<\/td>\n<\/tr>\n<tr class=\"row-8\">\n\t<td class=\"column-2\">K\u0131s\u0131r yabani yulaf<br \/>\n<em>(Avena sterilis=Avena ludoviciana)<\/em><\/td><td class=\"column-3\"><\/td>\n<\/tr>\n<tr class=\"row-9\">\n\t<td class=\"column-2\">Kendi gelen bu\u011fday <em>(Triticum spp.)<\/em><\/td><td class=\"column-3\"><\/td>\n<\/tr>\n<tr class=\"row-10\">\n\t<td rowspan=\"2\" class=\"column-1\">Patates<\/td><td class=\"column-2\">Kanya\u015f <em>(Sorghum halepense)<\/em><\/td><td class=\"column-3\">100 ml\/da Kanya\u015flar 15-20 cm boyda iken<\/td><td rowspan=\"2\" class=\"column-4\">28 g\u00fcn<\/td>\n<\/tr>\n<tr class=\"row-11\">\n\t<td class=\"column-2\">Dar\u0131can <em>(Echinochloa crus-galli)<\/em><\/td><td class=\"column-3\">100 ml\/da Dar\u0131canlar 8-10 cm boyda iken<\/td>\n<\/tr>\n<tr class=\"row-12\">\n\t<td class=\"column-1\">Pamuk<\/td><td class=\"column-2\">Kanya\u015f <em>(Sorghum halepense)<\/em><\/td><td class=\"column-3\">100 ml\/da Kanya\u015flar 15-25 cm boyda iken, bir ay sonra<br \/>\nyeniden \u00e7\u0131k\u0131\u015flar olursa ikinci bir uygulama yap\u0131labilir.<\/td><td class=\"column-4\">56 g\u00fcn<\/td>\n<\/tr>\n<tr class=\"row-13\">\n\t<td rowspan=\"2\" class=\"column-1\">So\u011fan<\/td><td class=\"column-2\">Dar\u0131can <em>(Echinochloa crus-galli)<\/em><br \/>\nKanya\u015f <em>(Sorghum halepense)<\/em><\/td><td class=\"column-3\">100 ml\/da So\u011fan\u0131n 2 yaprakl\u0131 devresinde<\/td><td rowspan=\"2\" class=\"column-4\">28 g\u00fcn<\/td>\n<\/tr>\n<tr class=\"row-14\">\n\t<td class=\"column-2\">K\u0131s\u0131r yabani yulaf<br \/>\n<em>(Avena sterilis=Avena ludoviciana)<\/em><\/td><td class=\"column-3\">50 ml\/da Yabani yulaf\u0131n karde\u015flenme d\u00f6neminde<\/td>\n<\/tr>\n<tr class=\"row-15\">\n\t<td rowspan=\"2\" class=\"column-1\">\u015eekerpancar\u0131<\/td><td class=\"column-2\">K\u0131s\u0131r yabani yulaf<br \/>\n<em>(Avena sterilis=Avena ludoviciana)<\/em><\/td><td class=\"column-3\">50 ml\/da Yabani yulaf\u0131n karde\u015flenme d\u00f6neminde<\/td><td rowspan=\"2\" class=\"column-4\">56 g\u00fcn<\/td>\n<\/tr>\n<tr class=\"row-16\">\n\t<td class=\"column-2\">Kanya\u015f <em>(Sorghum halepense)<\/em><\/td><td class=\"column-3\">100 ml\/da Kanya\u015f 15-30 cm boyda iken<\/td>\n<\/tr>\n<\/tbody>\n<\/table>\n<!-- #tablepress-22 from cache -->\n","protected":false},"excerpt":{"rendered":"<p><strong><span data-mce-type=\"bookmark\" style=\"display: inline-block; width: 0px; overflow: hidden; line-height: 0;\" class=\"mce_SELRES_start\">\ufeff<\/span>Form\u00fclasyonu<\/strong>:<\/p>\n<p>EC (Em\u00fclsiyon Konsantre)<\/p>\n<p><strong>Aktif madde:<\/strong><\/p>\n<p>150 g\/l Fluazifop-p-butyl<\/p>\n<p><a class=\"custom-button2\" href=\"https:\/\/royalfen.com\/wp-content\/uploads\/2024\/12\/ROYTUVA-GBF.pdf\"><strong>G\u00dcVENL\u0130K B\u0130LG\u0130 FORMU<\/strong><\/a><\/p>\n<p><a class=\"custom-button2\" href=\"https:\/\/royalfen.com\/wp-content\/uploads\/2024\/12\/ROYTUVA-EC-SON-ONAYLI-ETIKET.pdf\"><strong>ONAYLI ET\u0130KET<\/strong><\/a><\/p>\n","protected":false},"featured_media":2003,"comment_status":"closed","ping_status":"closed","template":"","meta":[],"product_brand":[],"product_cat":[24,33,64],"product_tag":[],"class_list":{"0":"post-2002","1":"product","2":"type-product","3":"status-publish","4":"has-post-thumbnail","6":"product_cat-herbisitler","7":"product_cat-turkiye","8":"product_cat-turkiye-herbisit","10":"first","11":"instock","12":"shipping-taxable","13":"product-type-simple"},"_links":{"self":[{"href":"https:\/\/royalfen.com\/tr\/wp-json\/wp\/v2\/product\/2002","targetHints":{"allow":["GET"]}}],"collection":[{"href":"https:\/\/royalfen.com\/tr\/wp-json\/wp\/v2\/product"}],"about":[{"href":"https:\/\/royalfen.com\/tr\/wp-json\/wp\/v2\/types\/product"}],"replies":[{"embeddable":true,"href":"https:\/\/royalfen.com\/tr\/wp-json\/wp\/v2\/comments?post=2002"}],"wp:featuredmedia":[{"embeddable":true,"href":"https:\/\/royalfen.com\/tr\/wp-json\/wp\/v2\/media\/2003"}],"wp:attachment":[{"href":"https:\/\/royalfen.com\/tr\/wp-json\/wp\/v2\/media?parent=2002"}],"wp:term":[{"taxonomy":"product_brand","embeddable":true,"href":"https:\/\/royalfen.com\/tr\/wp-json\/wp\/v2\/product_brand?post=2002"},{"taxonomy":"product_cat","embeddable":true,"href":"https:\/\/royalfen.com\/tr\/wp-json\/wp\/v2\/product_cat?post=2002"},{"taxonomy":"product_tag","embeddable":true,"href":"https:\/\/royalfen.com\/tr\/wp-json\/wp\/v2\/product_tag?post=2002"}],"curies":[{"name":"wp","href":"https:\/\/api.w.org\/{rel}","templated":true}]}}