{"id":2005,"date":"2024-12-04T13:44:02","date_gmt":"2024-12-04T10:44:02","guid":{"rendered":"https:\/\/royalfen.com\/?post_type=product&#038;p=2005"},"modified":"2025-02-05T10:48:48","modified_gmt":"2025-02-05T07:48:48","slug":"roytagran-48-sl","status":"publish","type":"product","link":"https:\/\/royalfen.com\/tr\/urun\/roytagran-48-sl\/","title":{"rendered":"ROYTAGRAN 48 SL"},"content":{"rendered":"<h4><strong>KULLANILACA\u011eI B\u0130TK\u0130 VE ZARARLI ORGAN\u0130ZMALAR:<\/strong><\/h4>\n\n<table id=\"tablepress-21\" class=\"tablepress tablepress-id-21\">\n<thead>\n<tr class=\"row-1\">\n\t<th class=\"column-1\">Bitki Ad\u0131<\/th><th class=\"column-2\">Yabanc\u0131 Otlar<\/th><th class=\"column-3\">Dozu Ve Uygulama Zaman\u0131<\/th><th class=\"column-4\">Son \u0130la\u00e7lama ile Hasat<br \/>\nAras\u0131ndaki S\u00fcre<\/th>\n<\/tr>\n<\/thead>\n<tbody class=\"row-striping row-hover\">\n<tr class=\"row-2\">\n\t<td class=\"column-1\">Soya<\/td><td class=\"column-2\">Domuz p\u0131tra\u011f\u0131<em> (Xanthium strumarium)<\/em><br \/>\nHan\u0131m d\u00f6\u015fe\u011fi<em> (Euphorbia prostrata)<\/em><br \/>\nK\u0131rm\u0131z\u0131 k\u00f6kl\u00fc tilkikuyru\u011fu <em>(Amaranthus retroflexus)<\/em><br \/>\nSemizotu<em> (Portulaca oleracea)<\/em><br \/>\nSirken<em> (Chenopodium album)<\/em><br \/>\nTopalak <em>(Cyperus rotundus)<\/em><\/td><td class=\"column-3\">150 ml \/ da<br \/>\nSoya 1-3 yaprakl\u0131,<br \/>\nYabanc\u0131 otlar<br \/>\n2-3 yaprakl\u0131 d\u00f6nemde<\/td><td class=\"column-4\">30 g\u00fcn<\/td>\n<\/tr>\n<tr class=\"row-3\">\n\t<td class=\"column-1\">Bezelye<\/td><td class=\"column-2\">Yabani Hardal <em>(Sinapis arvensis)<\/em><br \/>\n\u00c7oban\u00e7antas\u0131<em> (Capsella bursa-pastoris)<\/em><br \/>\nBall\u0131baba <em>(Lamium amplexicaule)<\/em><br \/>\nKu\u015fotu = Ser\u00e7e dili <em>(Stellaria media)<\/em><\/td><td class=\"column-3\">200 ml \/ da<br \/>\nYabanc\u0131 otlar 2-3<br \/>\nyaprakl\u0131 d\u00f6nemde<\/td><td class=\"column-4\">30 g\u00fcn<\/td>\n<\/tr>\n<tr class=\"row-4\">\n\t<td class=\"column-1\">So\u011fan<\/td><td class=\"column-2\">Adi e\u015fek marulu <em>(Sonchus oleraceus)<\/em><br \/>\nBoynuzlu yo\u011furtotu <em>(Galium tricornutum)<\/em><br \/>\n\u00c7oban\u00e7antas\u0131<em> (Capsella bursa-pastoris)<\/em><br \/>\nK\u0131rm\u0131z\u0131 k\u00f6kl\u00fc tilkikuyru\u011fu<em> (Amaranthus retroflexus)<\/em><br \/>\nKu\u015fotu = Ser\u00e7e dili <em>(Stellaria media)<\/em><br \/>\nMeryem dikeni<em> (Silybum marianum)<\/em><br \/>\nSirken <em>(Chenopodium album)<\/em><br \/>\n\u015eeytan elmas\u0131 <em>(Datura stramonium)<\/em><br \/>\nYabani hardal<em> (Sinapis arvensis)<\/em><\/td><td class=\"column-3\">200 ml \/ da<br \/>\nSo\u011fan 2-3 yaprakl\u0131<br \/>\nd\u00f6nemde<\/td><td class=\"column-4\">30 g\u00fcn<\/td>\n<\/tr>\n<tr class=\"row-5\">\n\t<td class=\"column-1\">Fasulye<\/td><td class=\"column-2\">K\u0131rm\u0131z\u0131 k\u00f6kl\u00fc tilkikuyru\u011fu <em>(Amaranthus retroflexus)<\/em><br \/>\nYabani hardal <em>(Sinapis arvensis)<\/em><br \/>\nDomuz p\u0131tra\u011f\u0131 <em>(Xanthium strumarium)<\/em><\/td><td class=\"column-3\">200 ml \/da<br \/>\n200 ml \/da<br \/>\n250 ml \/da<br \/>\nYabanc\u0131 otlar 2-3 yaprakl\u0131 d\u00f6neminde<\/td><td class=\"column-4\">30 g\u00fcn<\/td>\n<\/tr>\n<\/tbody>\n<\/table>\n<!-- #tablepress-21 from cache -->\n","protected":false},"excerpt":{"rendered":"<p><strong>Form\u00fclasyonu:<\/strong><\/p>\n<p>(SL) Suda \u00c7\u00f6z\u00fcnen Konsantre<\/p>\n<p><strong>Aktif Madde:<\/strong><\/p>\n<p>480 g\/l Bentazone<\/p>\n<p><a class=\"custom-button2\" href=\"https:\/\/royalfen.com\/wp-content\/uploads\/2024\/12\/ROYTAGRAN-GBF.pdf\" target=\"_blank\" rel=\"noopener\"><strong>G\u00dcVENL\u0130K B\u0130LG\u0130 FORMU<\/strong><\/a><\/p>\n<p><a class=\"custom-button2\" href=\"https:\/\/royalfen.com\/wp-content\/uploads\/2024\/12\/ROYTAGRAN-48-SL-SON-ONAYLI-ETIKET.pdf\" target=\"_blank\" rel=\"noopener\"><strong>ONAYLI ET\u0130KET<\/strong><\/a><\/p>\n","protected":false},"featured_media":2007,"comment_status":"closed","ping_status":"closed","template":"","meta":[],"product_brand":[],"product_cat":[20,24,33,64],"product_tag":[],"class_list":{"0":"post-2005","1":"product","2":"type-product","3":"status-publish","4":"has-post-thumbnail","6":"product_cat-genel","7":"product_cat-herbisitler","8":"product_cat-turkiye","9":"product_cat-turkiye-herbisit","11":"first","12":"instock","13":"shipping-taxable","14":"product-type-simple"},"_links":{"self":[{"href":"https:\/\/royalfen.com\/tr\/wp-json\/wp\/v2\/product\/2005","targetHints":{"allow":["GET"]}}],"collection":[{"href":"https:\/\/royalfen.com\/tr\/wp-json\/wp\/v2\/product"}],"about":[{"href":"https:\/\/royalfen.com\/tr\/wp-json\/wp\/v2\/types\/product"}],"replies":[{"embeddable":true,"href":"https:\/\/royalfen.com\/tr\/wp-json\/wp\/v2\/comments?post=2005"}],"wp:featuredmedia":[{"embeddable":true,"href":"https:\/\/royalfen.com\/tr\/wp-json\/wp\/v2\/media\/2007"}],"wp:attachment":[{"href":"https:\/\/royalfen.com\/tr\/wp-json\/wp\/v2\/media?parent=2005"}],"wp:term":[{"taxonomy":"product_brand","embeddable":true,"href":"https:\/\/royalfen.com\/tr\/wp-json\/wp\/v2\/product_brand?post=2005"},{"taxonomy":"product_cat","embeddable":true,"href":"https:\/\/royalfen.com\/tr\/wp-json\/wp\/v2\/product_cat?post=2005"},{"taxonomy":"product_tag","embeddable":true,"href":"https:\/\/royalfen.com\/tr\/wp-json\/wp\/v2\/product_tag?post=2005"}],"curies":[{"name":"wp","href":"https:\/\/api.w.org\/{rel}","templated":true}]}}